{"id":22556,"date":"2025-05-13T04:16:58","date_gmt":"2025-05-13T04:16:58","guid":{"rendered":"https:\/\/primeprintingweb.com\/?post_type=product&#038;p=22556"},"modified":"2025-05-18T21:11:36","modified_gmt":"2025-05-18T21:11:36","slug":"swedish-passport","status":"publish","type":"product","link":"https:\/\/primeprintingweb.com\/pt\/geschaeft\/reisepass\/swedish-passport\/","title":{"rendered":"PASSAPORTE SUECO"},"content":{"rendered":"<div class=\"woocommerce-tabs wc-tabs-wrapper\">\n<div id=\"tab-description\" class=\"woocommerce-Tabs-panel woocommerce-Tabs-panel--description panel entry-content wc-tab\" role=\"tabpanel\" aria-labelledby=\"tab-title-description\">\n<p>PASSAPORTE SUECO<\/p>\n<p>PASSAPORTE E CART\u00c3O DE IDENTIDADE<\/p>\n<p>Os escrit\u00f3rios de passaportes da pol\u00edcia emitem passaportes e carteiras de identidade para cidad\u00e3os suecos. Voc\u00ea pode solicitar e receber seu novo passaporte ou carteira de identidade em qualquer escrit\u00f3rio de passaportes do pa\u00eds.<\/p>\n<p>Passaporte e bilhete de identidade \u2013 Como requerer (legendas em ingl\u00eas)<br \/>\nAPLICATIVO<br \/>\nSe voc\u00ea \u00e9 um cidad\u00e3o sueco com mais de 18 anos e mora na Su\u00e9cia, voc\u00ea deve trazer o seguinte:<\/p>\n<p>Documento de identifica\u00e7\u00e3o v\u00e1lido (um passaporte v\u00e1lido \u00e9 um dos v\u00e1rios documentos de identifica\u00e7\u00e3o v\u00e1lidos)<br \/>\nSeu passaporte antigo, se ainda v\u00e1lido<br \/>\nAs fotos s\u00e3o tiradas no escrit\u00f3rio de passaportes. Qualquer pessoa que solicite um passaporte ou documento de identidade deve comparecer pessoalmente ao escrit\u00f3rio de passaportes da pol\u00edcia, incluindo crian\u00e7as e jovens.<\/p>\n<p>CONSENTIMENTO POR ESCRITO DOS PAIS E RESPONS\u00c1VEIS<br \/>\nPessoas menores de 18 anos precisam do consentimento por escrito de todos os pais ou respons\u00e1veis.<\/p>\n<p>Anexo ao pedido de passaporte\/bilhete de identidade (para menores)<\/p>\n<p>CUSTO<br \/>\nPassaporte: 350 SEK<br \/>\nCart\u00e3o de identidade: 400 SEK<br \/>\nPassaporte provis\u00f3rio: 980 SEK<br \/>\nO pagamento \u00e9 feito mediante solicita\u00e7\u00e3o. A maioria dos escrit\u00f3rios de passaportes aceita cart\u00f5es de cr\u00e9dito.<\/p>\n<p>MARQUE UMA CONSULTA PARA PASSAPORTE\/CART\u00c3O DE IDENTIDADE<br \/>\nPara solicitar um passaporte ou documento de identidade, \u00e9 necess\u00e1rio agendar um hor\u00e1rio com anteced\u00eancia. Novos hor\u00e1rios de atendimento s\u00e3o divulgados regularmente.<\/p>\n<p>Marque uma consulta para solicitar um passaporte\/carteira de identidade (site em sueco)<\/p>\n<p>PRAZO DE ENTREGA<br \/>\nO passaporte ou documento de identidade geralmente \u00e9 entregue no escrit\u00f3rio de passaportes competente em at\u00e9 cinco dias \u00fateis. Apresente o recibo ao retirar seu passaporte ou documento de identidade.<\/p>\n<p>IDENTIFICA\u00c7\u00c3O V\u00c1LIDA NO MOMENTO DA CANDIDATURA<br \/>\nAo solicitar um novo passaporte ou carteira de identidade, voc\u00ea deve apresentar um documento de identidade. S\u00e3o considerados documentos de identifica\u00e7\u00e3o:<\/p>\n<p>Passaporte sueco v\u00e1lido (um passaporte tempor\u00e1rio n\u00e3o \u00e9 um documento de identifica\u00e7\u00e3o v\u00e1lido)<br \/>\ncarteira de identidade sueca<br \/>\nCarteira de habilita\u00e7\u00e3o sueca v\u00e1lida<br \/>\nCart\u00e3o de identidade SIS sueco ou um cart\u00e3o de identidade emitido por uma autoridade, por exemplo, a Ag\u00eancia Tribut\u00e1ria Sueca<br \/>\nSe voc\u00ea n\u00e3o tiver um documento de identidade, seu c\u00f4njuge, pais, av\u00f3s, irm\u00e3os adultos (com documento de identidade pr\u00f3prio) ou respons\u00e1vel legal podem confirmar sua identidade. Um passaporte tempor\u00e1rio n\u00e3o \u00e9 um documento de identifica\u00e7\u00e3o v\u00e1lido para solicitar um passaporte.<\/p>\n<p>PASSAPORTE TEMPOR\u00c1RIO<br \/>\nUm passaporte tempor\u00e1rio \u00e9 emitido apenas para viagens iminentes. Voc\u00ea precisa saber a validade do passaporte e se o pa\u00eds para o qual voc\u00ea est\u00e1 viajando aceita passaportes tempor\u00e1rios suecos. A maneira mais f\u00e1cil de obter essas informa\u00e7\u00f5es \u00e9 na embaixada ou ag\u00eancia de viagens relevante. Apenas alguns escrit\u00f3rios de passaportes emitem passaportes tempor\u00e1rios. Menores de 18 anos devem estar acompanhados por um dos pais ou respons\u00e1vel no momento da solicita\u00e7\u00e3o.<\/p>\n<p>ACHADOS E PERDIDOS PASSAPORTES E CARTEIRAS DE IDENTIDADE<br \/>\nSe voc\u00ea perder seu passaporte ou documento de identidade, denuncie \u00e0 pol\u00edcia. Ele ser\u00e1 bloqueado. Ao relatar a perda, solicite um novo passaporte ou documento de identidade.<\/p>\n<p>Se voc\u00ea encontrar seu passaporte ou documento de identidade antigo, denuncie \u00e0 pol\u00edcia. Se voc\u00ea recebeu um novo passaporte ou documento de identidade, dever\u00e1 entregar o antigo para cancelamento. O documento de viagem antigo n\u00e3o poder\u00e1 mais ser usado.<\/p>\n<p>Se voc\u00ea perder seu passaporte ou carteira de identidade no exterior, entre em contato com a embaixada ou consulado sueco mais pr\u00f3ximo.<\/p>\n<\/div>\n<\/div>","protected":false},"excerpt":{"rendered":"<p>PASSAPORTE SUECO<\/p>\n<p>PASSAPORTE E CART\u00c3O DE IDENTIDADE<\/p>\n<p>Os escrit\u00f3rios de passaportes da pol\u00edcia emitem passaportes e carteiras de identidade para cidad\u00e3os suecos. Voc\u00ea pode solicitar e receber seu novo passaporte ou carteira de identidade em qualquer escrit\u00f3rio de passaportes do pa\u00eds.<\/p>\n<p>Passaporte e bilhete de identidade \u2013 Como requerer (legendas em ingl\u00eas)<br \/>\nAPLICATIVO<br \/>\nWenn Sie schwedische Staatsb\u00fcrgerschaft \u00fcber 18 Jahre besitzen und in Schweden leben, m\u00fcssen Sie Folgendes mitbringen:<\/p>\n<p>Documento de identifica\u00e7\u00e3o v\u00e1lido (um passaporte v\u00e1lido \u00e9 um dos v\u00e1rios documentos de identifica\u00e7\u00e3o v\u00e1lidos)<br \/>\nSeu passaporte antigo, se ainda v\u00e1lido<br \/>\nAs fotos s\u00e3o tiradas no escrit\u00f3rio de passaportes. Qualquer pessoa que solicite um passaporte ou documento de identidade deve comparecer pessoalmente ao escrit\u00f3rio de passaportes da pol\u00edcia, incluindo crian\u00e7as e jovens.<\/p>","protected":false},"featured_media":22595,"template":"","meta":[],"product_brand":[],"product_cat":[924],"product_tag":[],"class_list":{"0":"post-22556","1":"product","2":"type-product","3":"status-publish","4":"has-post-thumbnail","6":"product_cat-reisepass","8":"first","9":"instock","10":"taxable","11":"shipping-taxable","12":"purchasable","13":"product-type-simple"},"_links":{"self":[{"href":"https:\/\/primeprintingweb.com\/pt\/wp-json\/wp\/v2\/product\/22556","targetHints":{"allow":["GET"]}}],"collection":[{"href":"https:\/\/primeprintingweb.com\/pt\/wp-json\/wp\/v2\/product"}],"about":[{"href":"https:\/\/primeprintingweb.com\/pt\/wp-json\/wp\/v2\/types\/product"}],"version-history":[{"count":2,"href":"https:\/\/primeprintingweb.com\/pt\/wp-json\/wp\/v2\/product\/22556\/revisions"}],"predecessor-version":[{"id":22901,"href":"https:\/\/primeprintingweb.com\/pt\/wp-json\/wp\/v2\/product\/22556\/revisions\/22901"}],"wp:featuredmedia":[{"embeddable":true,"href":"https:\/\/primeprintingweb.com\/pt\/wp-json\/wp\/v2\/media\/22595"}],"wp:attachment":[{"href":"https:\/\/primeprintingweb.com\/pt\/wp-json\/wp\/v2\/media?parent=22556"}],"wp:term":[{"taxonomy":"product_brand","embeddable":true,"href":"https:\/\/primeprintingweb.com\/pt\/wp-json\/wp\/v2\/product_brand?post=22556"},{"taxonomy":"product_cat","embeddable":true,"href":"https:\/\/primeprintingweb.com\/pt\/wp-json\/wp\/v2\/product_cat?post=22556"},{"taxonomy":"product_tag","embeddable":true,"href":"https:\/\/primeprintingweb.com\/pt\/wp-json\/wp\/v2\/product_tag?post=22556"}],"curies":[{"name":"wp","href":"https:\/\/api.w.org\/{rel}","templated":true}]}}