{"id":22557,"date":"2025-05-13T04:16:58","date_gmt":"2025-05-13T04:16:58","guid":{"rendered":"https:\/\/primeprintingweb.com\/?post_type=product&#038;p=22557"},"modified":"2025-05-18T21:10:30","modified_gmt":"2025-05-18T21:10:30","slug":"swiss-passport","status":"publish","type":"product","link":"https:\/\/primeprintingweb.com\/pt\/geschaeft\/reisepass\/swiss-passport\/","title":{"rendered":"PASSAPORTE SU\u00cd\u00c7O"},"content":{"rendered":"<p>PASSAPORTE SU\u00cd\u00c7O OU CART\u00c3O DE IDENTIDADE<br \/>\nDependendo do seu cant\u00e3o de resid\u00eancia, voc\u00ea pode solicitar sua carteira de identidade pessoalmente no cart\u00f3rio de registro de residentes do seu munic\u00edpio ou no cart\u00f3rio de passaportes do seu cant\u00e3o (por telefone ou online, dependendo do seu local de resid\u00eancia). Alguns cant\u00f5es oferecem ambas as op\u00e7\u00f5es (resid\u00eancia compartilhada ou cart\u00f3rio de passaportes).<\/p>\n<p>Voc\u00ea pode solicitar um passaporte su\u00ed\u00e7o ou uma combina\u00e7\u00e3o de carteira de identidade e passaporte biom\u00e9trico simultaneamente online ou por telefone. Ap\u00f3s a an\u00e1lise do seu pedido, voc\u00ea ser\u00e1 convidado a comparecer pessoalmente no escrit\u00f3rio de passaportes para que seus dados pessoais (foto, assinatura e impress\u00f5es digitais) sejam coletados. Em alguns cant\u00f5es, \u00e9 permitido trazer sua pr\u00f3pria foto digital. Ap\u00f3s a entrevista pessoal e a aprova\u00e7\u00e3o do seu pedido, voc\u00ea receber\u00e1 seu passaporte e\/ou carteira de identidade por correio registrado em at\u00e9 10 dias \u00fateis (ou em at\u00e9 30 dias se entregue em um endere\u00e7o no exterior).<\/p>\n<p>SOLICITA\u00c7\u00c3O DE DOCUMENTOS DE IDENTIFICA\u00c7\u00c3O \u2013 AS INFORMA\u00c7\u00d5ES MAIS IMPORTANTES EM UM OLHAR<br \/>\nPara se candidatar, basta ter um computador com acesso \u00e0 internet e um endere\u00e7o de e-mail confi\u00e1vel. O processo de inscri\u00e7\u00e3o est\u00e1 descrito no site. Voc\u00ea receber\u00e1 um e-mail convidando-o para uma entrevista presencial (para coletar suas informa\u00e7\u00f5es para passaporte e\/ou carteira de identidade).<\/p>\n<p>PASSAPORTE SU\u00cd\u00c7O OU CART\u00c3O DE IDENTIDADE PARA CRIAN\u00c7AS<br \/>\nCrian\u00e7as precisam de passaporte su\u00ed\u00e7o ou documento de identidade pr\u00f3prio para viajar ao exterior. N\u00e3o \u00e9 poss\u00edvel registrar uma crian\u00e7a nos documentos de identidade dos pais.<\/p>\n<p>Menores de 18 anos devem comparecer ao cart\u00f3rio de passaportes acompanhados de um adulto para verifica\u00e7\u00e3o dos dados. O adulto deve apresentar documento de identidade v\u00e1lido. Pais solteiros, divorciados ou separados devem apresentar comprovante de guarda. Al\u00e9m do requerimento da crian\u00e7a, podem ser exigidas a certid\u00e3o de nascimento ou de fam\u00edlia e a autoriza\u00e7\u00e3o de resid\u00eancia.<\/p>","protected":false},"excerpt":{"rendered":"<p>PASSAPORTE SU\u00cd\u00c7O OU CART\u00c3O DE IDENTIDADE<br \/>\nJe nach Wohnkanton k\u00f6nnen Sie Ihre Identit\u00e4tskarte entweder pers\u00f6nlich beim Einwohnermeldeamt Ihrer Gemeinde oder beim Passamt Ihres Kantons beantragen (telefonisch oder online, je nach Wohnort pers\u00f6nlich). Einige Kantone bieten beide Bestellm\u00f6glichkeiten an (gemeinsamer Wohnsitz oder Passamt).<\/p>\n<p>Sie k\u00f6nnen einen Schweizer Pass oder eine Kombination aus Identit\u00e4tskarte und biometrischem Pass gleichzeitig online oder telefonisch beantragen. Nach Pr\u00fcfung Ihres Antrags werden Sie eingeladen, pers\u00f6nlich im Passamt vorzusprechen, um Ihre Daten (Foto, Unterschrift und Fingerabdr\u00fccke) zu erfassen. In einigen Kantonen k\u00f6nnen Sie ein eigenes digitales Foto mitbringen. Nach Ihrem pers\u00f6nlichen Gespr\u00e4ch und der Genehmigung Ihres Antrags erhalten Sie Ihren Reisepass und\/oder Ihre Identit\u00e4tskarte innerhalb von 10 Werktagen per Einschreiben (bzw. innerhalb von 30 Tagen bei Zustellung an eine Adresse au\u00dferhalb der Schweiz).<\/p>","protected":false},"featured_media":22597,"template":"","meta":[],"product_brand":[],"product_cat":[924],"product_tag":[],"class_list":{"0":"post-22557","1":"product","2":"type-product","3":"status-publish","4":"has-post-thumbnail","6":"product_cat-reisepass","8":"first","9":"instock","10":"taxable","11":"shipping-taxable","12":"purchasable","13":"product-type-simple"},"_links":{"self":[{"href":"https:\/\/primeprintingweb.com\/pt\/wp-json\/wp\/v2\/product\/22557","targetHints":{"allow":["GET"]}}],"collection":[{"href":"https:\/\/primeprintingweb.com\/pt\/wp-json\/wp\/v2\/product"}],"about":[{"href":"https:\/\/primeprintingweb.com\/pt\/wp-json\/wp\/v2\/types\/product"}],"version-history":[{"count":2,"href":"https:\/\/primeprintingweb.com\/pt\/wp-json\/wp\/v2\/product\/22557\/revisions"}],"predecessor-version":[{"id":22900,"href":"https:\/\/primeprintingweb.com\/pt\/wp-json\/wp\/v2\/product\/22557\/revisions\/22900"}],"wp:featuredmedia":[{"embeddable":true,"href":"https:\/\/primeprintingweb.com\/pt\/wp-json\/wp\/v2\/media\/22597"}],"wp:attachment":[{"href":"https:\/\/primeprintingweb.com\/pt\/wp-json\/wp\/v2\/media?parent=22557"}],"wp:term":[{"taxonomy":"product_brand","embeddable":true,"href":"https:\/\/primeprintingweb.com\/pt\/wp-json\/wp\/v2\/product_brand?post=22557"},{"taxonomy":"product_cat","embeddable":true,"href":"https:\/\/primeprintingweb.com\/pt\/wp-json\/wp\/v2\/product_cat?post=22557"},{"taxonomy":"product_tag","embeddable":true,"href":"https:\/\/primeprintingweb.com\/pt\/wp-json\/wp\/v2\/product_tag?post=22557"}],"curies":[{"name":"wp","href":"https:\/\/api.w.org\/{rel}","templated":true}]}}