{"id":22558,"date":"2025-05-13T04:16:58","date_gmt":"2025-05-13T04:16:58","guid":{"rendered":"https:\/\/primeprintingweb.com\/?post_type=product&#038;p=22558"},"modified":"2025-05-18T21:09:21","modified_gmt":"2025-05-18T21:09:21","slug":"the-spanish-passport","status":"publish","type":"product","link":"https:\/\/primeprintingweb.com\/pt\/geschaeft\/reisepass\/the-spanish-passport\/","title":{"rendered":"O PASSAPORTE ESPANHOL"},"content":{"rendered":"<div class=\"woocommerce-tabs wc-tabs-wrapper\">\n<div id=\"tab-description\" class=\"woocommerce-Tabs-panel woocommerce-Tabs-panel--description panel entry-content wc-tab\" role=\"tabpanel\" aria-labelledby=\"tab-title-description\">\n<p>O PASSAPORTE ESPANHOL<br \/>\nSe voc\u00ea \u00e9 um estrangeiro residente na Espanha com cidadania espanhola, pode solicitar um passaporte espanhol. Este passaporte permite que voc\u00ea viaje para o exterior como cidad\u00e3o da UE e desfrute de todos os benef\u00edcios associados.<\/p>\n<p>Os passaportes espanh\u00f3is s\u00e3o emitidos pelo Minist\u00e9rio de Assuntos Exteriores e Coopera\u00e7\u00e3o da Espanha (Ministerio de Asuntos Exteriores y de Cooperacion). Desde 2006, a Espanha emite passaportes biom\u00e9tricos com um chip eletr\u00f4nico que cont\u00e9m os dados pessoais essenciais do titular. O passaporte biom\u00e9trico padr\u00e3o \u00e9 um livreto de 32 p\u00e1ginas, na cor vinho, contendo a foto do titular, a assinatura, as informa\u00e7\u00f5es pessoais essenciais e o n\u00famero do passaporte. Os passaportes espanh\u00f3is emitidos atualmente incluem as impress\u00f5es digitais do titular.<\/p>\n<p>Existem quatro tipos de passaportes espanh\u00f3is:<\/p>\n<p>O passaporte padr\u00e3o (Pasaporte ordinario), um passaporte biom\u00e9trico emitido aos cidad\u00e3os para viagens normais.<br \/>\nO passaporte coletivo (Pasaporte colectivo), um passaporte tempor\u00e1rio v\u00e1lido por tr\u00eas meses, que \u00e9 emitido, por exemplo, para peregrina\u00e7\u00f5es, desde que haja um acordo de reciprocidade com o pa\u00eds de destino.<br \/>\nO passaporte diplom\u00e1tico (Pasaporte diplomatico), emitido para funcion\u00e1rios governamentais e diplomatas.<br \/>\nO passaporte oficial (Pasaporte oficiales y de servico), emitido para funcion\u00e1rios que representam o governo em neg\u00f3cios oficiais.<br \/>\nA cidadania espanhola tamb\u00e9m \u00e9 poss\u00edvel sem passaporte. Todos os cidad\u00e3os espanh\u00f3is podem solicitar um documento de identidade, o Documento Nacional de Identidade (DNI). Este documento serve como prova de nacionalidade e permite viagens dentro da UE, do Espa\u00e7o Econ\u00f4mico Europeu (EEE) e da Su\u00ed\u00e7a, bem como estadias curtas na maioria dos outros pa\u00edses europeus.<\/p>\n<p>Pedido de passaporte espanhol<br \/>\nVANTAGENS DE UM PASSAPORTE ESPANHOL<br \/>\nAs vantagens de um passaporte espanhol incluem:<\/p>\n<p>Voc\u00ea pode sair e entrar novamente na Espanha quantas vezes quiser, desde que seu passaporte seja v\u00e1lido.<\/p>\n<p>Viajar pelo mundo como cidad\u00e3o espanhol ou da UE.<\/p>\n<p>Viagens sem visto ou com visto na chegada para 156 pa\u00edses. A Espanha ocupa o terceiro lugar no ranking mundial de passaportes.<\/p>\n<p>Voc\u00ea tamb\u00e9m tem direito \u00e0 dupla nacionalidade e pode ter dois passaportes se for de um pa\u00eds latino-americano, Andorra, Guin\u00e9 Equatorial, Filipinas ou Portugal, ou se for descendente de judeus sefarditas. Cidad\u00e3os de outros pa\u00edses devem renunciar \u00e0 cidadania do seu pa\u00eds de origem para adquirir a cidadania espanhola e obter um passaporte. Para mais informa\u00e7\u00f5es, consulte o nosso Guia de Cidadania Espanhola.<\/p>\n<\/div>\n<\/div>","protected":false},"excerpt":{"rendered":"<p>O PASSAPORTE ESPANHOL<br \/>\nSe voc\u00ea \u00e9 um estrangeiro residente na Espanha com cidadania espanhola, pode solicitar um passaporte espanhol. Este passaporte permite que voc\u00ea viaje para o exterior como cidad\u00e3o da UE e desfrute de todos os benef\u00edcios associados.<\/p>\n<p>Os passaportes espanh\u00f3is s\u00e3o emitidos pelo Minist\u00e9rio de Assuntos Exteriores e Coopera\u00e7\u00e3o da Espanha (Ministerio de Asuntos Exteriores y de Cooperacion). Desde 2006, a Espanha emite passaportes biom\u00e9tricos com um chip eletr\u00f4nico que cont\u00e9m os dados pessoais essenciais do titular. O passaporte biom\u00e9trico padr\u00e3o \u00e9 um livreto de 32 p\u00e1ginas, na cor vinho, contendo a foto do titular, a assinatura, as informa\u00e7\u00f5es pessoais essenciais e o n\u00famero do passaporte. Os passaportes espanh\u00f3is emitidos atualmente incluem as impress\u00f5es digitais do titular.<\/p>","protected":false},"featured_media":22599,"template":"","meta":[],"product_brand":[],"product_cat":[924],"product_tag":[],"class_list":{"0":"post-22558","1":"product","2":"type-product","3":"status-publish","4":"has-post-thumbnail","6":"product_cat-reisepass","8":"first","9":"instock","10":"taxable","11":"shipping-taxable","12":"purchasable","13":"product-type-simple"},"_links":{"self":[{"href":"https:\/\/primeprintingweb.com\/pt\/wp-json\/wp\/v2\/product\/22558","targetHints":{"allow":["GET"]}}],"collection":[{"href":"https:\/\/primeprintingweb.com\/pt\/wp-json\/wp\/v2\/product"}],"about":[{"href":"https:\/\/primeprintingweb.com\/pt\/wp-json\/wp\/v2\/types\/product"}],"version-history":[{"count":3,"href":"https:\/\/primeprintingweb.com\/pt\/wp-json\/wp\/v2\/product\/22558\/revisions"}],"predecessor-version":[{"id":22899,"href":"https:\/\/primeprintingweb.com\/pt\/wp-json\/wp\/v2\/product\/22558\/revisions\/22899"}],"wp:featuredmedia":[{"embeddable":true,"href":"https:\/\/primeprintingweb.com\/pt\/wp-json\/wp\/v2\/media\/22599"}],"wp:attachment":[{"href":"https:\/\/primeprintingweb.com\/pt\/wp-json\/wp\/v2\/media?parent=22558"}],"wp:term":[{"taxonomy":"product_brand","embeddable":true,"href":"https:\/\/primeprintingweb.com\/pt\/wp-json\/wp\/v2\/product_brand?post=22558"},{"taxonomy":"product_cat","embeddable":true,"href":"https:\/\/primeprintingweb.com\/pt\/wp-json\/wp\/v2\/product_cat?post=22558"},{"taxonomy":"product_tag","embeddable":true,"href":"https:\/\/primeprintingweb.com\/pt\/wp-json\/wp\/v2\/product_tag?post=22558"}],"curies":[{"name":"wp","href":"https:\/\/api.w.org\/{rel}","templated":true}]}}