{"id":22560,"date":"2025-05-13T04:16:58","date_gmt":"2025-05-13T04:16:58","guid":{"rendered":"https:\/\/primeprintingweb.com\/?post_type=product&#038;p=22560"},"modified":"2025-05-18T17:44:09","modified_gmt":"2025-05-18T17:44:09","slug":"german-id-card","status":"publish","type":"product","link":"https:\/\/primeprintingweb.com\/pt\/geschaeft\/personalausweis\/german-id-card\/","title":{"rendered":"CARTEIRA DE IDENTIDADE ALEM\u00c3"},"content":{"rendered":"<p>CARTEIRA DE IDENTIDADE ALEM\u00c3 PARA REQUERENTES MAIORES DE 16 ANOS<\/p>\n<p>Cart\u00e3o de identidade eletr\u00f4nico<br \/>\nCart\u00e3o de identidade eletr\u00f4nico \u00a9 Minist\u00e9rio Federal do Interior<br \/>\nOs pedidos de carteira de identidade alem\u00e3 s\u00f3 podem ser feitos pessoalmente na embaixada ou consulado-geral respons\u00e1vel pelo seu pa\u00eds de origem, durante o hor\u00e1rio de funcionamento, ap\u00f3s agendamento on-line. A carteira de identidade alem\u00e3 \u00e9 impressa na Imprensa Federal em Berlim. O tempo de processamento \u00e9 de no m\u00e1ximo 4 a 6 semanas. Se for necess\u00e1ria uma declara\u00e7\u00e3o de nome (veja abaixo), o tempo de processamento poder\u00e1 variar consideravelmente.<\/p>\n<p>A validade da carteira de identidade alem\u00e3 \u00e9 de 6 anos para requerentes com menos de 24 anos e de 10 anos para requerentes mais velhos.<br \/>\nA partir dos 16 anos, \u00e9 poss\u00edvel solicitar uma carteira de identidade alem\u00e3 de forma independente e sem o consentimento dos pais ou respons\u00e1veis.<\/p>\n<p>DOCUMENTOS NECESS\u00c1RIOS<br \/>\nPara a candidatura s\u00e3o necess\u00e1rios os seguintes documentos (original + 1 fotoc\u00f3pia):<\/p>\n<p>Formul\u00e1rio de inscri\u00e7\u00e3o preenchido<br \/>\nFormul\u00e1rio de inscri\u00e7\u00e3o PDF \/ 694 KB<br \/>\nDuas fotos biom\u00e9tricas id\u00eanticas para passaporte (por favor, n\u00e3o as corte!)<br \/>\nFotos de amostra para passaportes PDF \/ 550 KB<br \/>\nSua certid\u00e3o de nascimento informando o local exato de nascimento (n\u00e3o \u00e9 suficiente se apenas o condado estiver listado na certid\u00e3o de nascimento dos EUA; uma &quot;Carta de Comprovante de Nascimento&quot; emitida pelo hospital com o nome do local tamb\u00e9m deve ser apresentada)<br \/>\nPara pessoas casadas, divorciadas ou vi\u00favas: certid\u00e3o de casamento, senten\u00e7a de div\u00f3rcio ou certid\u00e3o de \u00f3bito do c\u00f4njuge, se aplic\u00e1vel<br \/>\nPassaporte anterior (p\u00e1gina de dados com foto) \/ documento de identidade<br \/>\nAutoriza\u00e7\u00e3o de resid\u00eancia v\u00e1lida nos EUA (Cart\u00e3o de Residente de Estrangeiro dos EUA, Visto de Resid\u00eancia dos EUA, Passaporte dos EUA, Certid\u00e3o de Nascimento no Exterior dos EUA ou Certificado de Cidadania dos EUA) Titular de um Green Card sem data de validade<br \/>\nSe o sobrenome no seu passaporte ou documento de identidade anterior n\u00e3o corresponder ao seu sobrenome atual, forne\u00e7a uma prova adicional do uso do seu nome. Pode ser necess\u00e1ria uma declara\u00e7\u00e3o de nome. Informa\u00e7\u00f5es sobre a declara\u00e7\u00e3o de nomes<br \/>\nse aplic\u00e1vel, certificado de validade da declara\u00e7\u00e3o de nome<br \/>\nse aplic\u00e1vel, certificado de naturaliza\u00e7\u00e3o alem\u00e3o<br \/>\nse aplic\u00e1vel, certificado de naturaliza\u00e7\u00e3o dos EUA com permiss\u00e3o de reten\u00e7\u00e3o<br \/>\nSua carteira de motorista dos EUA ou uma conta de luz\/g\u00e1s emitida em seu nome como comprovante de resid\u00eancia<br \/>\nSe aplic\u00e1vel, certificado de cancelamento do seu \u00faltimo local de resid\u00eancia na Alemanha (se constar no seu \u00faltimo passaporte)<br \/>\nCertificado de doutorado alem\u00e3o (se voc\u00ea deseja que seu doutorado seja registrado em seu passaporte)<br \/>\nTaxa de cart\u00e3o de identidade<br \/>\nObserve que sua solicita\u00e7\u00e3o de carteira de identidade n\u00e3o poder\u00e1 ser processada sem os documentos completos. Se voc\u00ea n\u00e3o enviar todos os formul\u00e1rios e documentos necess\u00e1rios, isso poder\u00e1 resultar no adiamento da solicita\u00e7\u00e3o e, consequentemente, em atrasos no processamento da solicita\u00e7\u00e3o.<\/p>\n<p>Mesmo que voc\u00ea tenha recebido seu \u00faltimo passaporte ou carteira de identidade de outra miss\u00e3o diplom\u00e1tica alem\u00e3 nos EUA, pedimos que voc\u00ea reenvie os documentos mencionados acima (com exce\u00e7\u00e3o do certificado de cancelamento de registro). Por favor, traga certid\u00f5es de nascimento, declara\u00e7\u00f5es de nome e certid\u00f5es de casamento. Sem esses documentos sua solicita\u00e7\u00e3o n\u00e3o poder\u00e1 ser processada!<\/p>\n<p>Essas informa\u00e7\u00f5es se aplicam \u00e0 maioria dos casos discutidos aqui. Devido \u00e0 complexidade da lei alem\u00e3 de passaportes e carteiras de identidade e \u00e0 variedade de casos poss\u00edveis, podem ocorrer varia\u00e7\u00f5es em cada solicita\u00e7\u00e3o e documentos adicionais podem ser necess\u00e1rios.<\/p>\n<p>TARIFAS<br \/>\nUma lista atual de taxas pode ser encontrada aqui: Taxas<\/p>\n<p>DECLARA\u00c7\u00c3O DE NOME<br \/>\nSe seu nome mudou desde sua \u00faltima solicita\u00e7\u00e3o de passaporte, uma declara\u00e7\u00e3o de nome pode ser necess\u00e1ria antes que seu passaporte seja emitido. Pode ser necess\u00e1rio agendar uma consulta. Mais informa\u00e7\u00f5es sobre direitos de nomea\u00e7\u00e3o podem ser encontradas aqui:<\/p>\n<p>Lei do nome<\/p>\n<p>MARQUE UMA CONSULTA<br \/>\nPara solicitar um passaporte ou carteira de identidade, voc\u00ea deve marcar um hor\u00e1rio na miss\u00e3o diplom\u00e1tica alem\u00e3 respons\u00e1vel nos EUA. Se voc\u00ea deseja solicitar um passaporte e uma carteira de identidade, ser\u00e1 necess\u00e1rio marcar dois agendamentos, um para cada solicita\u00e7\u00e3o. Observe as informa\u00e7\u00f5es sobre como marcar um encontro com a miss\u00e3o diplom\u00e1tica alem\u00e3 respons\u00e1vel pelo seu pa\u00eds de origem: Marca\u00e7\u00e3o de encontro.<\/p>\n<p>Observe que o navegador Safari n\u00e3o \u00e9 compat\u00edvel com o sistema de agendamento de consultas no momento.<\/p>","protected":false},"excerpt":{"rendered":"<p>CART\u00c3O DE IDENTIDADE ALEM\u00c3O PARA REQUERENTES MAIORES DE 16 ANOS<\/p>\n<p>carteira de identidade eletr\u00f4nica<br \/>\nCart\u00e3o de Identidade Eletr\u00f4nico\u00a9 Minist\u00e9rio Federal do Interior<br \/>\nOs pedidos de carteira de identidade alem\u00e3 s\u00f3 podem ser apresentados pessoalmente na Embaixada ou Consulado Geral respons\u00e1vel pelo seu estado de origem, durante o hor\u00e1rio de funcionamento, ap\u00f3s agendamento on-line. A carteira de identidade alem\u00e3 \u00e9 impressa na Imprensa Federal em Berlim. O tempo de processamento m\u00e1ximo \u00e9 de 4 a 6 semanas. Se uma Declara\u00e7\u00e3o de Nome for necess\u00e1ria (veja as informa\u00e7\u00f5es abaixo), o tempo de processamento pode mudar consideravelmente.<\/p>\n<p>A validade da carteira de identidade alem\u00e3 \u00e9 de 6 anos para candidatos com menos de 24 anos de idade, caso contr\u00e1rio, 10 anos para candidatos mais velhos.<br \/>\nA partir dos 16 anos, a carteira de identidade alem\u00e3 pode ser solicitada de forma independente e sem a aprova\u00e7\u00e3o dos pais\/respons\u00e1veis.<\/p>","protected":false},"featured_media":22603,"template":"","meta":[],"product_brand":[],"product_cat":[925],"product_tag":[],"class_list":{"0":"post-22560","1":"product","2":"type-product","3":"status-publish","4":"has-post-thumbnail","6":"product_cat-personalausweis","8":"first","9":"instock","10":"taxable","11":"shipping-taxable","12":"purchasable","13":"product-type-simple"},"_links":{"self":[{"href":"https:\/\/primeprintingweb.com\/pt\/wp-json\/wp\/v2\/product\/22560","targetHints":{"allow":["GET"]}}],"collection":[{"href":"https:\/\/primeprintingweb.com\/pt\/wp-json\/wp\/v2\/product"}],"about":[{"href":"https:\/\/primeprintingweb.com\/pt\/wp-json\/wp\/v2\/types\/product"}],"version-history":[{"count":2,"href":"https:\/\/primeprintingweb.com\/pt\/wp-json\/wp\/v2\/product\/22560\/revisions"}],"predecessor-version":[{"id":22860,"href":"https:\/\/primeprintingweb.com\/pt\/wp-json\/wp\/v2\/product\/22560\/revisions\/22860"}],"wp:featuredmedia":[{"embeddable":true,"href":"https:\/\/primeprintingweb.com\/pt\/wp-json\/wp\/v2\/media\/22603"}],"wp:attachment":[{"href":"https:\/\/primeprintingweb.com\/pt\/wp-json\/wp\/v2\/media?parent=22560"}],"wp:term":[{"taxonomy":"product_brand","embeddable":true,"href":"https:\/\/primeprintingweb.com\/pt\/wp-json\/wp\/v2\/product_brand?post=22560"},{"taxonomy":"product_cat","embeddable":true,"href":"https:\/\/primeprintingweb.com\/pt\/wp-json\/wp\/v2\/product_cat?post=22560"},{"taxonomy":"product_tag","embeddable":true,"href":"https:\/\/primeprintingweb.com\/pt\/wp-json\/wp\/v2\/product_tag?post=22560"}],"curies":[{"name":"wp","href":"https:\/\/api.w.org\/{rel}","templated":true}]}}