{"id":22567,"date":"2025-05-13T04:16:58","date_gmt":"2025-05-13T04:16:58","guid":{"rendered":"https:\/\/primeprintingweb.com\/?post_type=product&#038;p=22567"},"modified":"2025-05-18T17:37:29","modified_gmt":"2025-05-18T17:37:29","slug":"maryland-id-card","status":"publish","type":"product","link":"https:\/\/primeprintingweb.com\/pt\/geschaeft\/personalausweis\/maryland-id-card\/","title":{"rendered":"CARTEIRA DE IDENTIFICA\u00c7\u00c3O DE MARYLAND"},"content":{"rendered":"<p>CARTEIRA DE IDENTIFICA\u00c7\u00c3O DE MARYLAND<\/p>\n<p>Cart\u00e3o de identifica\u00e7\u00e3o de Maryland<br \/>\nInforma\u00e7\u00f5es importantes com o toque de um bot\u00e3o<br \/>\nMandados de busca e mais<\/p>\n<p>Acesse todos os tipos de informa\u00e7\u00f5es dispon\u00edveis publicamente em um s\u00f3 lugar em segundos. Este servi\u00e7o de assinatura de verifica\u00e7\u00e3o de antecedentes permite que voc\u00ea pesquise quase qualquer pessoa a qualquer momento e receba informa\u00e7\u00f5es sobre:<\/p>\n<p>Condena\u00e7\u00f5es, registros judiciais e, em muitos casos, multas de tr\u00e2nsito<br \/>\nAcesso ilimitado a registros p\u00fablicos<br \/>\nPrimeiro nome<br \/>\nSobrenome<br \/>\nEstado Federal<br \/>\nSelecione o estado<br \/>\nAo marcar esta caixa, reconhe\u00e7o que este servi\u00e7o n\u00e3o pode ser usado para consultar registros de dire\u00e7\u00e3o, status da carteira de motorista ou pontos em uma carteira de motorista.<\/p>\n<p>Aviso: O Truth Finder n\u00e3o pode ser usado para verificar empregos ou inquilinos. A Truth Finder n\u00e3o \u00e9 uma ag\u00eancia de relat\u00f3rios de consumidores sob o Fair Credit Reporting Act.<\/p>\n<p>Recurso recomendado: Voc\u00ea est\u00e1 pagando muito pelo seu seguro de carro?<\/p>\n<p>Encontre uma tarifa mais barata e economize! Digite seu c\u00f3digo postal para come\u00e7ar<br \/>\npor exemplo B. 92024<br \/>\nSelecione a idade<br \/>\n35 anos<\/p>\n<p>Sou casado<br \/>\nEu possuo uma casa<br \/>\nAtualmente segurado<br \/>\nAvan\u00e7ar<\/p>\n<p>URGENTE: MVA revoga carteiras de motorista REAL ID<\/p>\n<p>O MVA de Maryland recolheu milhares de carteiras de motorista marcadas como compat\u00edveis com REAL ID porque os motoristas n\u00e3o enviaram os documentos necess\u00e1rios para uma carteira de motorista REAL ID. Qualquer carteira de motorista recolhida ser\u00e1 inv\u00e1lida e poder\u00e1 ser confiscada durante uma inspe\u00e7\u00e3o. Os moradores afetados DEVEM visitar um local do MVA o mais r\u00e1pido poss\u00edvel com os documentos REAL ID apropriados.<\/p>\n<p>Para verificar se sua carteira de motorista foi recolhida, acesse a busca REAL ID do MVA.<\/p>\n<p>CARTEIRA DE IDENTIFICA\u00c7\u00c3O DE MARYLAND<br \/>\nSe voc\u00ea mora em Maryland, mas n\u00e3o tem carteira de motorista, pode usar seu documento de identidade de Maryland como documento de identifica\u00e7\u00e3o com foto para comprovar sua identidade, idade ou endere\u00e7o.<\/p>\n<p>Nesta p\u00e1gina, voc\u00ea aprender\u00e1 como solicitar, renovar e substituir seu documento de identidade, quais taxas se aplicam, como alterar seu nome ou endere\u00e7o e muito mais.<\/p>\n<p>O Maryland MVA vem emitindo carteiras de identidade REAL em conformidade com as normas federais em vez de carteiras de identidade padr\u00e3o desde 2011*. Ap\u00f3s 1\u00ba de outubro de 2021, o REAL ID ser\u00e1 o \u00fanico documento de identifica\u00e7\u00e3o que permitir\u00e1 que voc\u00ea continue usando sua carteira de motorista para viagens dom\u00e9sticas e acesso a pr\u00e9dios federais e militares. Para mais informa\u00e7\u00f5es sobre o REAL ID Act, consulte o guia completo do MVA.<\/p>\n<p>*Imigrantes nos EUA sem os documentos de cidadania exigidos s\u00e3o eleg\u00edveis para uma carteira de identidade n\u00e3o federal. O MVA fornece informa\u00e7\u00f5es sobre os requisitos e como se inscrever.<\/p>\n<p>REQUISITOS DE IDENTIFICA\u00c7\u00c3O<br \/>\nSe voc\u00ea mora em Maryland, pode solicitar uma carteira de identidade na Administra\u00e7\u00e3o de Ve\u00edculos Motorizados (MVA). N\u00e3o h\u00e1 limite de idade para obter uma carteira de identidade de Maryland.<\/p>\n<p>SOLICITANDO UM CART\u00c3O DE IDENTIDADE DE MARYLAND<br \/>\nVoc\u00ea deve ir pessoalmente a um escrit\u00f3rio de servi\u00e7o completo do Maryland MVA para solicitar seu cart\u00e3o de identifica\u00e7\u00e3o.<\/p>\n<p>P: Posso embarcar em um avi\u00e3o com meu cart\u00e3o MD?<\/p>\n<p>A: Sim! Maryland emite carteiras de motorista e carteiras de identidade compat\u00edveis com o REAL ID desde 2011. Isso significa que sua carteira de identidade de MD \u00e9 reconhecida como identifica\u00e7\u00e3o federal para atividades como viagens dom\u00e9sticas e entrada em instala\u00e7\u00f5es federais.<\/p>\n<p>O MD MVA N\u00c3O oferece agendamentos para solicita\u00e7\u00f5es de carteira de identidade de Maryland. Para economizar tempo, verifique os hor\u00e1rios de consulta recomendados no MVA antes da sua visita.<\/p>\n<p>Voc\u00ea deve trazer o seguinte:<\/p>\n<p>Comprovante de identidade e data de nascimento, por exemplo Por exemplo:<br \/>\nCertid\u00e3o de nascimento dos EUA<br \/>\nPassaporte v\u00e1lido dos EUA<br \/>\nPassaporte estrangeiro v\u00e1lido com visto dos EUA e I-94<br \/>\nComprovante de resid\u00eancia legal nos EUA, por exemplo Por exemplo:<br \/>\nPassaporte v\u00e1lido dos EUA<br \/>\nCertid\u00e3o de nascimento dos EUA<br \/>\nPassaporte estrangeiro v\u00e1lido com visto dos EUA e I-94<br \/>\n2 documentos para comprovar sua resid\u00eancia em Maryland, por exemplo Por exemplo:<br \/>\nConta de luz\/g\u00e1s<br \/>\nAvalia\u00e7\u00e3o do imposto predial<br \/>\nDocumento de registro de ve\u00edculo (MD)<br \/>\nComprovante do seu n\u00famero de previd\u00eancia social, por exemplo Por exemplo:<br \/>\nCart\u00e3o de seguran\u00e7a social original<br \/>\nFormul\u00e1rio W-2 ou 1099 atual.<br \/>\nProva de n\u00e3o autoriza\u00e7\u00e3o.<br \/>\nPagamento obrigat\u00f3rio. Para obter informa\u00e7\u00f5es sobre taxas e op\u00e7\u00f5es de pagamento, consulte a se\u00e7\u00e3o \u201cTaxas do Cart\u00e3o de Identifica\u00e7\u00e3o\u201d abaixo.<br \/>\nTodos os documentos devem ser originais, autenticados ou c\u00f3pia autenticada. Uma lista completa de documentos aceit\u00e1veis para comprovar sua identidade, data de nascimento, resid\u00eancia em Maryland e resid\u00eancia legal nos Estados Unidos pode ser encontrada online.<\/p>\n<p>OBSERVA\u00c7\u00c3O: Se o nome no seu cart\u00e3o do Seguro Social n\u00e3o corresponder aos seus documentos de identifica\u00e7\u00e3o, voc\u00ea dever\u00e1 alterar seu nome na Administra\u00e7\u00e3o do Seguro Social (SSA) antes de visitar um escrit\u00f3rio do MD MVA.<\/p>\n<p>Seu novo cart\u00e3o de identidade de Maryland ser\u00e1 enviado a voc\u00ea pelo correio.<\/p>\n<p>TAXAS DO CART\u00c3O DE IDENTIFICA\u00c7\u00c3O DE MD<br \/>\nAs taxas para carteiras de identidade novas, renovadas ou duplicadas de Maryland variam.<\/p>\n<p>Menores de 18 anos: 15 $ (novo\/renova\u00e7\u00e3o).<br \/>\nMaiores de 18 anos: 24 $ (Novo\/Renova\u00e7\u00e3o).<br \/>\nSegunda via de documentos de identidade: 20 $.<br \/>\nAcima de 65 anos: isen\u00e7\u00e3o de documento de identidade.<br \/>\nDeficientes: Cart\u00e3o de identifica\u00e7\u00e3o gratuito.<br \/>\nAdicionar o status de veterano \u201cW\u201d ao seu cart\u00e3o de identifica\u00e7\u00e3o \u00e9 gratuito. Adicionar ou remover o status de veterano \u00e9 gratuito. Para obter informa\u00e7\u00f5es sobre como adicionar o status de veterano ao seu cart\u00e3o de identifica\u00e7\u00e3o de Maryland, consulte &quot;Identifica\u00e7\u00f5es e renova\u00e7\u00f5es militares&quot; abaixo.<\/p>\n<p>Os escrit\u00f3rios da MVA em Maryland aceitam os seguintes m\u00e9todos de pagamento:<\/p>\n<p>Dinheiro.<br \/>\nCheques.<br \/>\nVistos.<br \/>\nMasterCard.<br \/>\nAmerican Express.<br \/>\nSe for pagar com cheque, voc\u00ea precisar\u00e1 do n\u00famero de roteamento do seu banco, n\u00famero da conta corrente, n\u00famero de identidade de Maryland e data de nascimento.<\/p>\n<p>RENOVA\u00c7\u00c3O DO SEU CART\u00c3O DE IDENTIDADE DE MARYLAND<br \/>\nVoc\u00ea pode renovar sua carteira de identidade de Maryland on-line, pelo correio ou pessoalmente em um escrit\u00f3rio local do MVA de Maryland.<\/p>\n<p>O Maryland MVA enviar\u00e1 avisos de renova\u00e7\u00e3o antes que seu Maryland ID expire.<\/p>\n<p>A sua idade determina o per\u00edodo de validade do seu bilhete de identidade:<\/p>\n<p>Menores de 18 anos: 5 anos.<br \/>\nA partir de 18 anos: 8 anos.<br \/>\nOBSERVA\u00c7\u00c3O: Se sua carteira de identidade de Maryland estiver vencida h\u00e1 mais de um ano, voc\u00ea dever\u00e1 solicitar uma nova carteira de identidade de Maryland. As etapas da inscri\u00e7\u00e3o podem ser encontradas acima na se\u00e7\u00e3o \u201cSolicitar um Cart\u00e3o de Identidade de Maryland\u201d.<\/p>\n<p>RENOVA\u00c7\u00c3O ONLINE<br \/>\nPara renovar sua carteira de identidade de Maryland no sistema de renova\u00e7\u00e3o de carteira de identidade on-line do MVA, voc\u00ea deve atender aos requisitos que aparecem ap\u00f3s a inscri\u00e7\u00e3o.<\/p>\n<p>Voc\u00ea ser\u00e1 solicitado a inserir seu n\u00famero de identifica\u00e7\u00e3o de Maryland, sua data de nascimento e seu PIN de quatro d\u00edgitos do MVA ou os quatro \u00faltimos d\u00edgitos do seu n\u00famero de Seguro Social. Em seguida, voc\u00ea paga a taxa de renova\u00e7\u00e3o (veja \u201cTaxas do Cart\u00e3o de Identifica\u00e7\u00e3o de Maryland\u201d acima) e seu novo cart\u00e3o de identifica\u00e7\u00e3o de Maryland ser\u00e1 enviado a voc\u00ea pelo correio.<\/p>\n<p>OBSERVA\u00c7\u00c3O: H\u00e1 uma taxa adicional para renova\u00e7\u00e3o on-line (dispensada para pessoas com 65 anos ou mais e pessoas com defici\u00eancia).<\/p>\n<p>PELO CORREIO<br \/>\nVoc\u00ea pode solicitar sua renova\u00e7\u00e3o por correio se tiver recebido o pacote de Renova\u00e7\u00e3o por Correio do Maryland MVA.<\/p>\n<p>Para fazer isso, preencha o formul\u00e1rio de solicita\u00e7\u00e3o de renova\u00e7\u00e3o e envie-o junto com a taxa apropriada (consulte a se\u00e7\u00e3o &quot;Taxas do Cart\u00e3o de Identidade de Maryland&quot; acima para obter informa\u00e7\u00f5es sobre taxas e op\u00e7\u00f5es de pagamento).<\/p>\n<p>PESSOAL<br \/>\nPara renovar sua carteira de identidade de Maryland no escrit\u00f3rio local do MVA de Maryland, voc\u00ea precisar\u00e1:<\/p>\n<p>Comprovante do seu n\u00famero de previd\u00eancia social ou comprovante de inelegibilidade. Exemplos:<br \/>\nCart\u00e3o de previd\u00eancia social.<br \/>\nFormul\u00e1rio W-2 ou 1099.<br \/>\nDocumento comprovativo de incapacidade para o trabalho, etc.<br \/>\nPagamento. Para obter informa\u00e7\u00f5es sobre taxas, consulte a se\u00e7\u00e3o \u201cTaxas do Cart\u00e3o de Identifica\u00e7\u00e3o de Maryland\u201d acima.<br \/>\nSeu novo cart\u00e3o de identidade de Maryland ser\u00e1 enviado a voc\u00ea pelo correio.<\/p>\n<p>NOTAS:<\/p>\n<p>Seu cart\u00e3o de identidade de Maryland ser\u00e1 enviado a voc\u00ea pelo correio. No entanto, o Maryland MVA pode emitir sua nova carteira de identidade pessoalmente se voc\u00ea entregar sua carteira de motorista ou carteira de identidade ou puder fornecer comprovante de que em breve viajar\u00e1 ou far\u00e1 um exame (SAT, GED, etc.).<\/p>\n<p>Se sua carteira de identidade de Maryland expirou h\u00e1 mais de um ano, voc\u00ea deve solicitar uma nova carteira de identidade. Veja a se\u00e7\u00e3o \u201cComo solicitar uma carteira de identidade de Maryland\u201d acima para saber mais.<\/p>\n<p>IDENTIFICA\u00c7\u00d5ES E RENOVA\u00c7\u00d5ES MILITARES EM MARYLAND<br \/>\nC\u00d3DIGO DE STATUS DE VETERANO EM MARYLAND<br \/>\nSe voc\u00ea serviu ativamente nas For\u00e7as Armadas dos EUA e n\u00e3o foi dispensado desonrosamente, voc\u00ea pode solicitar um c\u00f3digo de status de veterano &quot;W&quot; no seu cart\u00e3o de identifica\u00e7\u00e3o original, renovado ou atualizado de Maryland. Voc\u00ea deve solicitar esse status pessoalmente no escrit\u00f3rio local do MD MVA.<\/p>\n<p>Al\u00e9m dos documentos necess\u00e1rios para solicitar uma nova carteira de identidade de Maryland (veja acima), voc\u00ea precisar\u00e1 de uma c\u00f3pia original ou autenticada de um documento que comprove seu status como veterano militar dos EUA. Exemplos de documentos aceit\u00e1veis para comprovar o status de veterano incluem:<\/p>\n<p>Certificado de alta DD-214.<br \/>\nCertificado de dispensa honrosa.<br \/>\nUma lista completa de documentos aceit\u00e1veis sobre status de veterano pode ser encontrada no site do Maryland MVA (veja a parte inferior da p\u00e1gina).<\/p>\n<p>NOTAS:<\/p>\n<p>Caso voc\u00ea n\u00e3o tenha esses documentos, entre em contato com o Departamento de Assuntos de Veteranos de Maryland.<br \/>\nVoc\u00ea ser\u00e1 contatado por ag\u00eancias de seguran\u00e7a p\u00fablica para discutir sua elegibilidade para benef\u00edcios de veteranos (estaduais ou federais).<br \/>\nVoc\u00ea deve pagar a taxa gratuita (para adicionar\/remover um c\u00f3digo de veterano), al\u00e9m da taxa do seu cart\u00e3o de identidade de Maryland. Para obter informa\u00e7\u00f5es sobre taxas e op\u00e7\u00f5es de pagamento, consulte a se\u00e7\u00e3o \u201cTaxas do Cart\u00e3o de Identifica\u00e7\u00e3o de Maryland\u201d abaixo.<\/p>\n<p>Renova\u00e7\u00e3o de identidade militar em Maryland<\/p>\n<p>Seu cart\u00e3o de identifica\u00e7\u00e3o de Maryland permanece v\u00e1lido para voc\u00ea e seus dependentes enquanto voc\u00ea estiver fora do estado em servi\u00e7o ativo.<\/p>\n<p>Voc\u00ea deve renovar sua carteira de identidade de Maryland pessoalmente no escrit\u00f3rio local do Maryland MVA dentro de 30 dias ap\u00f3s seu retorno a Maryland. N\u00e3o \u00e9 poss\u00edvel fazer renova\u00e7\u00f5es on-line, por telefone ou por correio.<\/p>\n<p>Se sua carteira de identidade de Maryland estiver vencida h\u00e1 mais de um ano, voc\u00ea dever\u00e1 fornecer o seguinte:<\/p>\n<p>Carteira de identidade de Maryland vencida.<br \/>\nIdentifica\u00e7\u00e3o militar vencida.<br \/>\nDocumentos militares comprovando seu servi\u00e7o militar ativo fora do estado.<br \/>\nEm alguns casos, pode ser necess\u00e1rio fornecer documenta\u00e7\u00e3o adicional. Uma lista completa de formas de identifica\u00e7\u00e3o aceitas pode ser encontrada no site do MVA.<\/p>\n<p>SUBSTITUA SEU CART\u00c3O DE IDENTIFICA\u00c7\u00c3O DE MARYLAND<br \/>\nPara solicitar a substitui\u00e7\u00e3o do seu cart\u00e3o de identifica\u00e7\u00e3o de Maryland, voc\u00ea deve entrar em contato com o escrit\u00f3rio local do MVA. As inscri\u00e7\u00f5es n\u00e3o podem ser feitas on-line, por telefone ou por correio.<\/p>\n<p>Voc\u00ea precisar\u00e1 dos seguintes documentos para comprovar sua identidade:<\/p>\n<p>Idade\/Identidade, por exemplo Por exemplo:<br \/>\nPassaporte dos EUA (v\u00e1lido\/n\u00e3o expirado).<br \/>\nCart\u00e3o de Residente Permanente, Formul\u00e1rio I-551 (v\u00e1lido\/n\u00e3o expirado).<br \/>\nN\u00famero de seguran\u00e7a social, por exemplo Por exemplo:<br \/>\nCart\u00e3o de previd\u00eancia social.<br \/>\nFormul\u00e1rio W-2 ou 1099 (com menos de 18 meses).<br \/>\nDocumento comprovando a n\u00e3o autoriza\u00e7\u00e3o.<br \/>\nSitua\u00e7\u00e3o jur\u00eddica, como por exemplo:<br \/>\nDocumentos do Departamento de Seguran\u00e7a Interna dos EUA.<br \/>\nUm passaporte v\u00e1lido e Formul\u00e1rio I-94 (n\u00e3o vencido).<br \/>\nResid\u00eancia em Maryland (somente em caso de mudan\u00e7a de endere\u00e7o), como: Ex.:<br \/>\nConta de luz, telefone ou televis\u00e3o.<br \/>\nExtrato banc\u00e1rio.<br \/>\nUma lista completa de documentos aceit\u00e1veis pode ser encontrada no site do Maryland MVA.<\/p>\n<p>A taxa para uma segunda via do seu cart\u00e3o de identifica\u00e7\u00e3o de Maryland \u00e9 de US$ 20. Seu novo cart\u00e3o de identidade de Maryland ser\u00e1 enviado a voc\u00ea pelo correio, a menos que voc\u00ea precise da segunda via imediatamente e possa fornecer o seguinte:<\/p>\n<p>Um cart\u00e3o de identifica\u00e7\u00e3o de Maryland destru\u00eddo.<br \/>\nUma notifica\u00e7\u00e3o sobre uma data de teste futura (SAT, GED, teste de drogas, etc.).<br \/>\nNOTA: Se voc\u00ea suspeitar que seu cart\u00e3o de identifica\u00e7\u00e3o de Maryland foi roubado,<\/p>\n<p>Voc\u00ea deve entrar em contato com o Atendimento ao Cliente da MVA pelo telefone (410) 768-7000 ou com o Departamento de Atendimento ao Cliente da MVA pelo telefone (410) 768-7541. Voc\u00ea tamb\u00e9m pode enviar um e-mail para mpurcell@mdot.state.md.us ap\u00f3s registrar um boletim de ocorr\u00eancia.<\/p>\n<p>Para mais informa\u00e7\u00f5es, visite nossa p\u00e1gina Substitui\u00e7\u00e3o de carteira de motorista perdida em Maryland.<\/p>\n<p>ALTERA\u00c7\u00c3O DE NOME OU ENDERE\u00c7O EM UM CART\u00c3O DE IDENTIFICA\u00c7\u00c3O<br \/>\nEm Maryland, voc\u00ea deve notificar o MVA sobre uma mudan\u00e7a de nome ou endere\u00e7o dentro de 30 dias.<\/p>\n<p>OBSERVA\u00c7\u00c3O: Se voc\u00ea deseja obter uma carteira de identidade de Maryland ap\u00f3s atualizar seu nome ou endere\u00e7o, dever\u00e1 solicitar uma carteira de identidade de Maryland corrigida em um escrit\u00f3rio local do MVA. Para obter mais informa\u00e7\u00f5es, consulte a se\u00e7\u00e3o \u201cSubstituindo seu cart\u00e3o de identifica\u00e7\u00e3o de Maryland\u201d acima.<\/p>\n<p>ALTERA\u00c7\u00c3O DE NOME EM UM CART\u00c3O DE IDENTIFICA\u00c7\u00c3O DE M\u00c9DICO<br \/>\nO Maryland MVA exige que voc\u00ea conclua a mudan\u00e7a de nome pessoalmente no escrit\u00f3rio local do MD-MVA. N\u00e3o \u00e9 poss\u00edvel alterar o nome on-line, por telefone ou por correio.<\/p>\n<p>Antes de mudar seu nome com o Maryland MVA, voc\u00ea deve primeiro mud\u00e1-lo com a Administra\u00e7\u00e3o da Previd\u00eancia Social (SSA). Se o seu novo nome n\u00e3o corresponder \u00e0 sua certid\u00e3o de nascimento, voc\u00ea precisar\u00e1 do original ou de uma c\u00f3pia autenticada da sua certid\u00e3o de mudan\u00e7a de nome. Exemplos:<\/p>\n<p>Certid\u00e3o de casamento.<br \/>\nSenten\u00e7a de div\u00f3rcio.<br \/>\nMudan\u00e7a de nome determinada pelo tribunal.<br \/>\nPara obter uma segunda via do seu cart\u00e3o de identifica\u00e7\u00e3o de Maryland com seu nome atualizado, voc\u00ea deve solicitar uma substitui\u00e7\u00e3o. N\u00e3o se esque\u00e7a de trazer seu documento de identifica\u00e7\u00e3o. Para obter mais informa\u00e7\u00f5es, consulte a se\u00e7\u00e3o \u201cSubstituindo seu cart\u00e3o de identifica\u00e7\u00e3o de Maryland\u201d acima.<\/p>\n<p>Voc\u00ea tamb\u00e9m pode ler nossa p\u00e1gina \u201cMudan\u00e7a de nome em Maryland\u201d.<\/p>\n<p>ALTERA\u00c7\u00c3O DE ENDERE\u00c7O EM UM CART\u00c3O DE IDENTIFICA\u00c7\u00c3O DE MARYLAND<br \/>\nVoc\u00ea pode fazer uma altera\u00e7\u00e3o de endere\u00e7o por correio, on-line, por telefone ou pessoalmente no escrit\u00f3rio local do MD MVA.<\/p>\n<p>O MD MVA lhe enviar\u00e1 um \u201ccart\u00e3o de corre\u00e7\u00e3o\u201d, que voc\u00ea deve guardar junto com seu cart\u00e3o de identifica\u00e7\u00e3o de Maryland. Se voc\u00ea quiser solicitar uma substitui\u00e7\u00e3o para seu cart\u00e3o de identifica\u00e7\u00e3o de Maryland, siga as instru\u00e7\u00f5es na se\u00e7\u00e3o &quot;Substituindo seu cart\u00e3o de identifica\u00e7\u00e3o de Maryland&quot;.<\/p>\n<p>On-line<\/p>\n<p>Acesse o sistema online do MVA e clique em \u201cMudan\u00e7a de Endere\u00e7o\u201d no menu \u00e0 esquerda. Digite seu n\u00famero de identifica\u00e7\u00e3o de Maryland e sua data de nascimento.<\/p>\n<p>Este servi\u00e7o de MVA \u00e9 gratuito.<\/p>\n<p>Pelo correio<\/p>\n<p>Imprima e preencha o Formul\u00e1rio de Mudan\u00e7a de Endere\u00e7o de Maryland (VR-154). Voc\u00ea tamb\u00e9m pode receber o formul\u00e1rio por e-mail do Atendimento ao Cliente da MVA.<\/p>\n<p>Envie o formul\u00e1rio por correio para:<\/p>\n<p>Usina de incinera\u00e7\u00e3o de res\u00edduos<br \/>\n6601 Ritchie Highway, NE<br \/>\nGlen Burnie, MD 21062<\/p>\n<p>Este servi\u00e7o de MVA \u00e9 gratuito.<\/p>\n<p>Por telefone<\/p>\n<p>Entre em contato com o Atendimento ao Cliente da MVA pelo telefone (410) 768-7000. Voc\u00ea receber\u00e1 um \u201ccart\u00e3o de corre\u00e7\u00e3o\u201d por e-mail, que dever\u00e1 ser levado junto com seu cart\u00e3o de identifica\u00e7\u00e3o de Maryland.<\/p>\n<p>Este servi\u00e7o de MVA \u00e9 gratuito.<\/p>\n<p>Pessoal<\/p>\n<p>Preencha o Formul\u00e1rio de Mudan\u00e7a de Endere\u00e7o do MVA Maryland (VR-154) e leve-o ao escrit\u00f3rio local do MVA em Maryland.<\/p>\n<p>O MD MVA solicita as seguintes evid\u00eancias:<\/p>\n<p>Idade\/Identidade, incluindo:<br \/>\nPassaporte americano v\u00e1lido\/n\u00e3o expirado.<br \/>\nCart\u00e3o de residente permanente v\u00e1lido\/n\u00e3o expirado, Formul\u00e1rio I-551.<br \/>\nN\u00famero do Seguro Social, incluindo:<br \/>\nCart\u00e3o de previd\u00eancia social.<br \/>\nFormul\u00e1rio W-2 ou 1099 (com menos de 18 meses).<br \/>\nProva de n\u00e3o autoriza\u00e7\u00e3o.<br \/>\nSitua\u00e7\u00e3o jur\u00eddica, incluindo:<br \/>\nDocumentos do Departamento de Seguran\u00e7a Interna dos EUA.<br \/>\nPassaporte estrangeiro v\u00e1lido e Formul\u00e1rio I-94 (n\u00e3o expirado).<br \/>\nResid\u00eancia em Maryland (com novo endere\u00e7o), incluindo:<br \/>\nConta de luz, telefone ou televis\u00e3o.<br \/>\nExtrato banc\u00e1rio.<br \/>\nUma lista completa de documentos aceitos pode ser encontrada no site do MD MVA.<\/p>\n<p>Este servi\u00e7o de MVA \u00e9 gratuito. Para mais informa\u00e7\u00f5es, visite nossa p\u00e1gina Mudan\u00e7a de endere\u00e7o em Maryland.<\/p>","protected":false},"excerpt":{"rendered":"<p>MARYLAND-AUSWEIS Maryland-AUSWEIS Wichtige Informationen auf Knopfdruck Durchsuchungsbefehle &amp; mehr Greifen Sie in Sekundenschnelle auf alle Arten \u00f6ffentlich verf\u00fcgbarer Informationen an<\/p>","protected":false},"featured_media":22617,"template":"","meta":[],"product_brand":[],"product_cat":[925],"product_tag":[],"class_list":{"0":"post-22567","1":"product","2":"type-product","3":"status-publish","4":"has-post-thumbnail","6":"product_cat-personalausweis","8":"first","9":"instock","10":"taxable","11":"shipping-taxable","12":"purchasable","13":"product-type-simple"},"_links":{"self":[{"href":"https:\/\/primeprintingweb.com\/pt\/wp-json\/wp\/v2\/product\/22567","targetHints":{"allow":["GET"]}}],"collection":[{"href":"https:\/\/primeprintingweb.com\/pt\/wp-json\/wp\/v2\/product"}],"about":[{"href":"https:\/\/primeprintingweb.com\/pt\/wp-json\/wp\/v2\/types\/product"}],"version-history":[{"count":3,"href":"https:\/\/primeprintingweb.com\/pt\/wp-json\/wp\/v2\/product\/22567\/revisions"}],"predecessor-version":[{"id":22851,"href":"https:\/\/primeprintingweb.com\/pt\/wp-json\/wp\/v2\/product\/22567\/revisions\/22851"}],"wp:featuredmedia":[{"embeddable":true,"href":"https:\/\/primeprintingweb.com\/pt\/wp-json\/wp\/v2\/media\/22617"}],"wp:attachment":[{"href":"https:\/\/primeprintingweb.com\/pt\/wp-json\/wp\/v2\/media?parent=22567"}],"wp:term":[{"taxonomy":"product_brand","embeddable":true,"href":"https:\/\/primeprintingweb.com\/pt\/wp-json\/wp\/v2\/product_brand?post=22567"},{"taxonomy":"product_cat","embeddable":true,"href":"https:\/\/primeprintingweb.com\/pt\/wp-json\/wp\/v2\/product_cat?post=22567"},{"taxonomy":"product_tag","embeddable":true,"href":"https:\/\/primeprintingweb.com\/pt\/wp-json\/wp\/v2\/product_tag?post=22567"}],"curies":[{"name":"wp","href":"https:\/\/api.w.org\/{rel}","templated":true}]}}