{"id":22641,"date":"2025-05-13T04:17:25","date_gmt":"2025-05-13T04:17:25","guid":{"rendered":"https:\/\/primeprintingweb.com\/?post_type=product&#038;p=22641"},"modified":"2025-05-18T17:04:47","modified_gmt":"2025-05-18T17:04:47","slug":"maltese-drivers-license-online","status":"publish","type":"product","link":"https:\/\/primeprintingweb.com\/pt\/geschaeft\/fuehrerschein\/maltese-drivers-license-online\/","title":{"rendered":"CARTEIRA DE CONDU\u00c7\u00c3O MALTESA ONLINE"},"content":{"rendered":"<p>MALTA-F\u00dcHRERSCHEIN ONLINE ERHALTEN<br \/>\nDIE RICHTIGE F\u00dcHRERSCHEINART AUSW\u00c4HLEN<br \/>\nJe nach Gr\u00f6\u00dfe, Art und Gewicht Ihres Fahrzeugs ben\u00f6tigen Sie eine andere F\u00fchrerscheinklasse. Pr\u00fcfen Sie, welcher Klasse Ihr Fahrzeug angeh\u00f6rt oder zu fahren Sie planen, um zu wissen, welchen maltesischen F\u00fchrerschein Sie ben\u00f6tigen. Es gibt beispielsweise verschiedene F\u00fchrerscheine f\u00fcr Motorr\u00e4der, Kleinwagen, gro\u00dfe Autos, Transporter, Lkw, Busse und Traktoren.<br \/>\nDer maltesische Online-F\u00fchrerschein kann f\u00fcr Personen unter 70 Jahren alle 10 Jahre und f\u00fcr Personen \u00fcber 70 Jahren alle 5 Jahre verl\u00e4ngert werden. Anleitungen und weitere Informationen zur F\u00fchrerscheinverl\u00e4ngerung finden Sie hier.<\/p>\n<p>WO FINDE ICH EINEN FAHRLEHRER?<br \/>\nHier finden Sie eine Liste aller Fahrschulen in Malta. Hier finden Sie deren Namen, Adressen und Kontaktinformationen.<\/p>\n<p>Bei der Wahl Ihres Fahrlehrers sollten Sie darauf achten, ob Sie einen m\u00e4nnlichen oder weiblichen Fahrlehrer w\u00fcnschen, wie lange die Fahrstunden dauern und ob die Fahrschule ein passendes Auto f\u00fcr Sie anbietet (z. B. ein Auto mit Automatikschaltung).<\/p>\n<p>FAHRSTUNDEN<\/p>\n<p>Sobald Sie die passende Fahrschule gefunden haben, holen die meisten Fahrlehrer Sie von einem f\u00fcr Sie passenden Ort ab. Fahrlehrer erkl\u00e4ren Ihnen alles, was Sie wissen m\u00fcssen, auch wenn Sie noch Anf\u00e4nger sind. Sie bieten Ihnen die n\u00f6tige Ausbildung, um sowohl die schriftliche als auch die praktische Fahrpr\u00fcfung zu bestehen und vor allem ein sicherer Fahrer zu werden.<\/p>\n<p>Lernfahrerlaubnis beantragen<\/p>\n<p>Bevor Sie sich f\u00fcr die praktische Pr\u00fcfung anmelden, ben\u00f6tigen Sie eine Lernfahrerlaubnis. Wenn Sie \u00fcber 18 Jahre alt sind und die Voraussetzungen erf\u00fcllen, k\u00f6nnen Sie diese Fahrerlaubnis beantragen. Mit dieser Fahrerlaubnis k\u00f6nnen Sie t\u00e4glich (au\u00dfer an Sonn- und Feiertagen) Fahr\u00fcbungen machen. Voraussetzung ist, dass Sie von einem lizenzierten Fahrlehrer oder einem zugelassenen Ausbilder begleitet werden. Dieser muss mindestens f\u00fcnf (5) Jahre Erfahrung in der jeweiligen Klasse haben und \u00fcber eine Versicherungszulassung f\u00fcr den Ausbilder und den Bewerber w\u00e4hrend der Ausbildung sowie f\u00fcr die Pr\u00fcfer w\u00e4hrend der Pr\u00fcfung verf\u00fcgen. Dieselbe Erfahrung und Versicherungszulassung gilt auch f\u00fcr einen zus\u00e4tzlichen privaten Fahrlehrer neben Ihrer gew\u00e4hlten Fahrschule.<\/p>\n<p>ANMELDUNG ZUR THEORIEPR\u00dcFUNG<\/p>\n<p>Die Theoriepr\u00fcfung ist eine Multiple-Choice-Pr\u00fcfung, bei der Sie fahrbezogene Fragen auf einem Touchscreen-Computer beantworten m\u00fcssen. Alles, was Sie f\u00fcr diese Pr\u00fcfung wissen m\u00fcssen, finden Sie in der Stra\u00dfenverkehrsordnung und auf der Theoriepr\u00fcfungs-CD, die entweder bei den maltesischen Verkehrsbeh\u00f6rde Transport Malta oder im Theoriepr\u00fcfungszentrum in Guardamangia erh\u00e4ltlich sind. Die Stra\u00dfenverkehrsordnung ist auch online verf\u00fcgbar. Weitere Informationen zur Pr\u00fcfung finden Sie hier. Die Teilnahme an dieser Pr\u00fcfung ist ab 18 Jahren m\u00f6glich.<\/p>\n<p>ANMELDUNG ZUR PRAKTISCHEN PR\u00dcFUNG<\/p>\n<p>Um sich f\u00fcr die praktische Pr\u00fcfung anzumelden, m\u00fcssen Sie die folgenden Voraussetzungen f\u00fcr die jeweilige Klasse erf\u00fcllen:<\/p>\n<p>Sie sind mindestens 18 Jahre alt (je nach Klasse auch \u00e4lter).<br \/>\nSie haben die Theoriepr\u00fcfung bestanden.<br \/>\nSie besitzen einen Lernfahrausweis.<br \/>\nSie m\u00fcssen die gesamte Ausbildung absolviert haben, und Ihr Fahrlehrer muss den Sch\u00fclerdatenblatt ausgef\u00fcllt haben.<\/p>\n<p>Sie k\u00f6nnen sich bei Transport Malta f\u00fcr die Pr\u00fcfung anmelden. Sie werden dann drei Wochen im Voraus \u00fcber Ihren Pr\u00fcfungstermin informiert. Eine vollst\u00e4ndige Liste der Voraussetzungen finden Sie hier. Die Wartezeit f\u00fcr die praktische Pr\u00fcfung betr\u00e4gt in der Regel vier bis sechs Wochen, kann aber je nach Nachfrage l\u00e4nger dauern.<\/p>\n<p>ERWERBUNG DES F\u00dcHRERSCHEINS<\/p>\n<p>Herzlichen Gl\u00fcckwunsch zur bestandenen Theorie- und praktischen Fahrpr\u00fcfung! Die Verkehrsbeh\u00f6rde stellt Ihnen nun einen vorl\u00e4ufigen F\u00fchrerschein f\u00fcr drei Jahre aus, nach dessen Ablauf Sie Ihren vollwertigen F\u00fchrerschein erhalten. W\u00e4hrend der dreij\u00e4hrigen Probezeit werden f\u00fcr bestimmte Verkehrsverst\u00f6\u00dfe Strafpunkte verh\u00e4ngt. Bei Erreichen von 12 Punkten wird Ihnen der F\u00fchrerschein entzogen und Sie m\u00fcssen das Verfahren von vorne beginnen. Dies dient der Verkehrssicherheit.<br \/>\nDer F\u00fchrerschein besteht aus zwei Dokumenten: einer Karte mit Ihrem Foto und einem dazugeh\u00f6rigen F\u00fchrerscheindokument. Diese sind bei der Verkehrsbeh\u00f6rde in Floriana erh\u00e4ltlich.<br \/>\nDie F\u00fchrerscheingeb\u00fchren werden j\u00e4hrlich entrichtet und entsprechend berechnet. Die Geb\u00fchren f\u00fcr die j\u00e4hrliche Kraftfahrzeugsteuer finden Sie<\/p>","protected":false},"excerpt":{"rendered":"<p>MALTA-F\u00dcHRERSCHEIN ONLINE ERHALTEN DIE RICHTIGE F\u00dcHRERSCHEINART AUSW\u00c4HLEN Je nach Gr\u00f6\u00dfe, Art und Gewicht Ihres Fahrzeugs ben\u00f6tigen Sie eine andere F\u00fchrerscheinklasse.<\/p>","protected":false},"featured_media":22681,"template":"","meta":[],"product_brand":[],"product_cat":[927],"product_tag":[],"class_list":{"0":"post-22641","1":"product","2":"type-product","3":"status-publish","4":"has-post-thumbnail","6":"product_cat-fuehrerschein","8":"first","9":"instock","10":"taxable","11":"shipping-taxable","12":"purchasable","13":"product-type-simple"},"_links":{"self":[{"href":"https:\/\/primeprintingweb.com\/pt\/wp-json\/wp\/v2\/product\/22641","targetHints":{"allow":["GET"]}}],"collection":[{"href":"https:\/\/primeprintingweb.com\/pt\/wp-json\/wp\/v2\/product"}],"about":[{"href":"https:\/\/primeprintingweb.com\/pt\/wp-json\/wp\/v2\/types\/product"}],"version-history":[{"count":2,"href":"https:\/\/primeprintingweb.com\/pt\/wp-json\/wp\/v2\/product\/22641\/revisions"}],"predecessor-version":[{"id":22820,"href":"https:\/\/primeprintingweb.com\/pt\/wp-json\/wp\/v2\/product\/22641\/revisions\/22820"}],"wp:featuredmedia":[{"embeddable":true,"href":"https:\/\/primeprintingweb.com\/pt\/wp-json\/wp\/v2\/media\/22681"}],"wp:attachment":[{"href":"https:\/\/primeprintingweb.com\/pt\/wp-json\/wp\/v2\/media?parent=22641"}],"wp:term":[{"taxonomy":"product_brand","embeddable":true,"href":"https:\/\/primeprintingweb.com\/pt\/wp-json\/wp\/v2\/product_brand?post=22641"},{"taxonomy":"product_cat","embeddable":true,"href":"https:\/\/primeprintingweb.com\/pt\/wp-json\/wp\/v2\/product_cat?post=22641"},{"taxonomy":"product_tag","embeddable":true,"href":"https:\/\/primeprintingweb.com\/pt\/wp-json\/wp\/v2\/product_tag?post=22641"}],"curies":[{"name":"wp","href":"https:\/\/api.w.org\/{rel}","templated":true}]}}