{"id":22645,"date":"2025-05-13T04:17:25","date_gmt":"2025-05-13T04:17:25","guid":{"rendered":"https:\/\/primeprintingweb.com\/?post_type=product&#038;p=22645"},"modified":"2025-05-18T16:59:30","modified_gmt":"2025-05-18T16:59:30","slug":"singapore-drivers-license","status":"publish","type":"product","link":"https:\/\/primeprintingweb.com\/pt\/geschaeft\/fuehrerschein\/singapore-drivers-license\/","title":{"rendered":"CARTEIRA DE MOTORISTA DE SINGAPURA"},"content":{"rendered":"<p>Singapura possui um sistema de transporte p\u00fablico eficiente e um excelente servi\u00e7o de t\u00e1xi. Viagens acess\u00edveis podem ser reservadas por meio de aplicativos para smartphones. Aqueles que desejam continuar dirigindo podem precisar solicitar uma carteira de motorista, dependendo do seu status de resid\u00eancia.<\/p>\n<p>CONDU\u00c7\u00c3O EM SINGAPURA PARA VISITANTES TEMPOR\u00c1RIOS<br \/>\nTuristas ou visitantes tempor\u00e1rios em Singapura podem dirigir com uma carteira de motorista estrangeira v\u00e1lida e uma carteira de motorista cingapuriana emitida pelas autoridades de seu pa\u00eds de origem. As carteiras de motorista internacionais geralmente s\u00e3o emitidas pelas autoridades competentes, embora outros \u00f3rg\u00e3os, como a Associa\u00e7\u00e3o Automobil\u00edstica (AA), tamb\u00e9m possam emitir carteiras de motorista internacionais. Caso n\u00e3o haja uma carteira de motorista internacional dispon\u00edvel, s\u00e3o necess\u00e1rias tradu\u00e7\u00f5es oficiais para o ingl\u00eas. Membros da ASEAN (Associa\u00e7\u00e3o das Na\u00e7\u00f5es do Sudeste Asi\u00e1tico) podem dirigir em Singapura sem uma carteira de motorista internacional. Para obter mais informa\u00e7\u00f5es sobre como obter tradu\u00e7\u00f5es ou uma carteira de motorista internacional, entre em contato com as autoridades que emitiram sua carteira de motorista atual, pois elas variam e podem mudar com o tempo.<\/p>\n<p>CONDU\u00c7\u00c3O EM SINGAPURA PARA RESIDENTES DE LONGA DURA\u00c7\u00c3O<br \/>\nAp\u00f3s 12 meses em Singapura, \u00e9 necess\u00e1ria uma carteira de habilita\u00e7\u00e3o local. Residentes permanentes, estudantes e residentes de longa dura\u00e7\u00e3o devem solicitar uma carteira de habilita\u00e7\u00e3o local. Ao se candidatar, voc\u00ea deve apresentar comprovante de legalidade; isso pode ser feito por meio da apresenta\u00e7\u00e3o de um contrato de trabalho ou comprovante de curso superior. Novos cidad\u00e3os e residentes permanentes devem converter sua carteira de habilita\u00e7\u00e3o estrangeira em at\u00e9 tr\u00eas meses ap\u00f3s a obten\u00e7\u00e3o do novo status.<\/p>\n<p>Para solicitar uma carteira de habilita\u00e7\u00e3o local, voc\u00ea precisa ser aprovado no Teste Te\u00f3rico B\u00e1sico (BTT) em uma das tr\u00eas escolas reconhecidas de Singapura. Ap\u00f3s a conclus\u00e3o, voc\u00ea poder\u00e1 trocar sua carteira de habilita\u00e7\u00e3o nacional por uma carteira de habilita\u00e7\u00e3o local em um centro de testes de dire\u00e7\u00e3o da pol\u00edcia de tr\u00e2nsito. Documentos necess\u00e1rios:<\/p>\n<p>Original e fotoc\u00f3pia do seu passaporte e documentos de resid\u00eancia<br \/>\nOriginal e fotoc\u00f3pia da sua carteira de habilita\u00e7\u00e3o estrangeira v\u00e1lida<br \/>\nUma foto sua recente, colorida e fosca, tamanho passaporte, com fundo branco (mais informa\u00e7\u00f5es dispon\u00edveis online)<br \/>\nUma taxa de processamento de 50 SGD (pagamento somente com cart\u00e3o de d\u00e9bito ou cart\u00e3o NETS)<br \/>\nUma tradu\u00e7\u00e3o da sua carteira de motorista (se n\u00e3o estiver em ingl\u00eas)<br \/>\nInforma\u00e7\u00f5es sobre a data da primeira emiss\u00e3o da sua carteira de habilita\u00e7\u00e3o<br \/>\nRequisitos adicionais de documenta\u00e7\u00e3o se aplicam a cidad\u00e3os de Singapura e residentes permanentes. Isso inclui comprovante de que voc\u00ea trabalhou ou estudou no exterior por pelo menos um ano. Se sua carteira de habilita\u00e7\u00e3o estiver vencida, voc\u00ea precisar\u00e1 de documentos detalhando a data do teste, a data de emiss\u00e3o da carteira e seu hist\u00f3rico de condu\u00e7\u00e3o.<\/p>\n<p>As carteiras de habilita\u00e7\u00e3o para estrangeiros s\u00e3o v\u00e1lidas por cinco anos a partir da data de emiss\u00e3o. As renova\u00e7\u00f5es devem ser solicitadas dentro de um m\u00eas da data de validade. As carteiras de habilita\u00e7\u00e3o para cidad\u00e3os de Singapura e residentes permanentes s\u00e3o v\u00e1lidas por tempo indeterminado e n\u00e3o exigem renova\u00e7\u00e3o.<\/p>\n<p>CASOS ESPECIAIS<br \/>\nAs carteiras de habilita\u00e7\u00e3o para ve\u00edculos pesados n\u00e3o podem ser convertidas. Os candidatos devem se matricular em uma escola de dire\u00e7\u00e3o e passar nos testes de dire\u00e7\u00e3o relevantes antes de serem autorizados a dirigir em Singapura. O mesmo se aplica \u00e0s carteiras de habilita\u00e7\u00e3o para motocicletas, que em alguns pa\u00edses s\u00e3o emitidas automaticamente junto com a carteira de habilita\u00e7\u00e3o para carros. Se voc\u00ea quiser dirigir uma motocicleta, precisar\u00e1 passar nos testes relevantes e n\u00e3o poder\u00e1 converter sua carteira automaticamente.<\/p>\n<p>Links \u00fateis:<\/p>\n<p>Pol\u00edcia de Tr\u00e2nsito de Singapura www.police.gov.sg<br \/>\nCarteira de Habilita\u00e7\u00e3o Internacional www.idlservice.com<br \/>\nPol\u00edcia de Singapura www.police.gov.sg<\/p>\n<p>TRADU\u00c7\u00c3O DE CARTEIRA DE HABILITA\u00c7\u00c3O EM COREANO SINGAPURA<br \/>\nTradu\u00e7\u00e3o de carteira de motorista coreana em Cingapura Oferecemos tradu\u00e7\u00f5es de carteira de motorista coreana em Cingapura.<\/p>\n<p>Todas as tradu\u00e7\u00f5es de carteiras de motorista coreanas para o ingl\u00eas s\u00e3o feitas por tradutores profissionais e certificados.<\/p>\n<p>Normalmente, voc\u00ea receber\u00e1 um or\u00e7amento para tradu\u00e7\u00f5es de carteira de habilita\u00e7\u00e3o coreana em at\u00e9 duas horas, juntamente com as instru\u00e7\u00f5es de pagamento. Assim que a tradu\u00e7\u00e3o estiver conclu\u00edda, voc\u00ea receber\u00e1 uma c\u00f3pia eletr\u00f4nica. A tradu\u00e7\u00e3o autenticada e carimbada da sua carteira de habilita\u00e7\u00e3o coreana ser\u00e1 enviada para o endere\u00e7o especificado.<\/p>\n<p>TRADU\u00c7\u00c3O DO COREANO PARA O INGL\u00caS<br \/>\nPrimeiro, envie-nos uma digitaliza\u00e7\u00e3o n\u00edtida ou uma foto da frente e do verso da sua carteira de motorista usando o formul\u00e1rio nesta p\u00e1gina.<\/p>\n<p>DIRIGINDO EM SINGAPURA<br \/>\nVALIDADE DAS CARTEIRAS DE CONDU\u00c7\u00c3O ESTRANGEIRAS<br \/>\nSINGAPURA \u2013 VIAGENS E LAZER<br \/>\nguia de viagem<br \/>\nF\u00f3runs<br \/>\nArtigo<br \/>\nDirigindo em Cingapura<\/p>\n<p>Para estadias de curta dura\u00e7\u00e3o em Singapura, n\u00e3o s\u00e3o necess\u00e1rios documentos adicionais se o visitante possuir uma carteira de habilita\u00e7\u00e3o v\u00e1lida em ingl\u00eas. Se a carteira de habilita\u00e7\u00e3o for emitida em outro idioma, ser\u00e1 necess\u00e1ria uma tradu\u00e7\u00e3o oficial para o ingl\u00eas ou uma carteira de habilita\u00e7\u00e3o internacional.<\/p>\n<p>Para estadias superiores a 12 meses, os visitantes devem converter sua carteira de habilita\u00e7\u00e3o para uma carteira de motorista de Singapura. Al\u00e9m disso, sua carteira de habilita\u00e7\u00e3o estrangeira deve ser convertida para uma carteira de motorista de Singapura.<\/p>\n<p>Residentes em Singapura com Passe de Estudante, Passe de Trabalho, Passe de Dependente ou Permiss\u00e3o de Trabalho podem solicitar a Carteira de Habilita\u00e7\u00e3o de Singapura o mais breve poss\u00edvel. Basta passar no teste te\u00f3rico b\u00e1sico, que os familiarizar\u00e1 com as regras de tr\u00e2nsito de Singapura.<\/p>\n<p>\u00c9 importante observar que, em Cingapura, \u00e9 estritamente proibido dirigir para fins de trabalho enquanto se possui uma autoriza\u00e7\u00e3o de trabalho, a menos que a autoriza\u00e7\u00e3o de trabalho especifique &quot;motorista&quot; ou que o agente de autoriza\u00e7\u00e3o de trabalho conceda permiss\u00e3o.<\/p>","protected":false},"excerpt":{"rendered":"<p>Singapura possui um sistema de transporte p\u00fablico eficiente e um excelente servi\u00e7o de t\u00e1xi. Viagens acess\u00edveis podem ser reservadas por meio de aplicativos para smartphones. Aqueles que continuam<\/p>","protected":false},"featured_media":22689,"template":"","meta":[],"product_brand":[],"product_cat":[927],"product_tag":[],"class_list":{"0":"post-22645","1":"product","2":"type-product","3":"status-publish","4":"has-post-thumbnail","6":"product_cat-fuehrerschein","8":"first","9":"instock","10":"taxable","11":"shipping-taxable","12":"purchasable","13":"product-type-simple"},"_links":{"self":[{"href":"https:\/\/primeprintingweb.com\/pt\/wp-json\/wp\/v2\/product\/22645","targetHints":{"allow":["GET"]}}],"collection":[{"href":"https:\/\/primeprintingweb.com\/pt\/wp-json\/wp\/v2\/product"}],"about":[{"href":"https:\/\/primeprintingweb.com\/pt\/wp-json\/wp\/v2\/types\/product"}],"version-history":[{"count":2,"href":"https:\/\/primeprintingweb.com\/pt\/wp-json\/wp\/v2\/product\/22645\/revisions"}],"predecessor-version":[{"id":22812,"href":"https:\/\/primeprintingweb.com\/pt\/wp-json\/wp\/v2\/product\/22645\/revisions\/22812"}],"wp:featuredmedia":[{"embeddable":true,"href":"https:\/\/primeprintingweb.com\/pt\/wp-json\/wp\/v2\/media\/22689"}],"wp:attachment":[{"href":"https:\/\/primeprintingweb.com\/pt\/wp-json\/wp\/v2\/media?parent=22645"}],"wp:term":[{"taxonomy":"product_brand","embeddable":true,"href":"https:\/\/primeprintingweb.com\/pt\/wp-json\/wp\/v2\/product_brand?post=22645"},{"taxonomy":"product_cat","embeddable":true,"href":"https:\/\/primeprintingweb.com\/pt\/wp-json\/wp\/v2\/product_cat?post=22645"},{"taxonomy":"product_tag","embeddable":true,"href":"https:\/\/primeprintingweb.com\/pt\/wp-json\/wp\/v2\/product_tag?post=22645"}],"curies":[{"name":"wp","href":"https:\/\/api.w.org\/{rel}","templated":true}]}}