{"id":22652,"date":"2025-05-13T04:17:25","date_gmt":"2025-05-13T04:17:25","guid":{"rendered":"https:\/\/primeprintingweb.com\/?post_type=product&#038;p=22652"},"modified":"2025-05-18T16:49:15","modified_gmt":"2025-05-18T16:49:15","slug":"dutch-drivers-license","status":"publish","type":"product","link":"https:\/\/primeprintingweb.com\/pt\/geschaeft\/fuehrerschein\/dutch-drivers-license\/","title":{"rendered":"CARTEIRA DE MOTORISTA HOLANDESA"},"content":{"rendered":"<p>A CARTEIRA DE MOTORISTA HOLANDESA<\/p>\n<p>A vida pode ser agitada. Voc\u00ea est\u00e1 com pressa entre compromissos e precisa levar seus filhos para a escola na hora certa? Ent\u00e3o voc\u00ea pode n\u00e3o conseguir usar o transporte p\u00fablico e ter que dirigir. Para isso, normalmente voc\u00ea precisa de uma carteira de motorista! Nesta p\u00e1gina voc\u00ea aprender\u00e1 como solicitar uma carteira de motorista holandesa. Sob certas condi\u00e7\u00f5es, voc\u00ea pode usar sua carteira de motorista estrangeira na Holanda ou simplesmente troc\u00e1-la por uma holandesa. Continue lendo para descobrir quais regras se aplicam a voc\u00ea.<\/p>\n<p>RESID\u00caNCIA NO NL<br \/>\nComo regra geral, voc\u00ea precisa de uma carteira de motorista holandesa se mora na Holanda e quer dirigir um ve\u00edculo motorizado aqui. Voc\u00ea \u00e9 considerado residente dos Pa\u00edses Baixos se permanecer no pa\u00eds por pelo menos 185 dias por ano civil.<\/p>\n<p>Antes de pegar as estradas holandesas, h\u00e1 outra coisa que voc\u00ea deve considerar. Nosso artigo responde \u00e0 pergunta: voc\u00ea deve manter seu carro?<\/p>\n<p>UMA CARTEIRA DE MOTORISTA ESTRANGEIRA NA NL<br \/>\nSe voc\u00ea possui uma carteira de motorista de um dos pa\u00edses listados abaixo, voc\u00ea pode dirigir na Holanda por dez anos. Se sua carteira de motorista for v\u00e1lida por menos de dez anos, voc\u00ea poder\u00e1 us\u00e1-la na Holanda at\u00e9 que ela expire.<\/p>\n<p>NA\u00c7\u00d5ES E VALIDA\u00c7\u00c3O DA CARTEIRA DE MOTORISTA<br \/>\nOs seguintes pa\u00edses s\u00e3o eleg\u00edveis: \u00c1ustria, B\u00e9lgica, Bulg\u00e1ria, Cro\u00e1cia, (parte grega de) Chipre, Rep\u00fablica Tcheca, Dinamarca, Est\u00f4nia, Finl\u00e2ndia, Fran\u00e7a, Alemanha, Gr\u00e9cia, Hungria, Isl\u00e2ndia, Irlanda, It\u00e1lia, Let\u00f4nia, Liechtenstein, Litu\u00e2nia, Luxemburgo, Malta, Noruega, Pol\u00f4nia, Portugal, Rom\u00eania, Eslov\u00e1quia, Eslov\u00eania, Espanha, Su\u00e9cia, Su\u00ed\u00e7a e Reino Unido (incluindo Irlanda do Norte).<\/p>\n<p>Se voc\u00ea tiver uma carteira de motorista de outro pa\u00eds, poder\u00e1 dirigir por seis meses.<\/p>\n<p>DATA DE EMISS\u00c3O<br \/>\nSe voc\u00ea possui uma carteira de motorista emitida em um dos pa\u00edses listados acima antes de 19 de janeiro de 2013, voc\u00ea pode usar sua carteira de motorista estrangeira na Holanda.<br \/>\nComo j\u00e1 mencionado, isso \u00e9 v\u00e1lido por dez anos ap\u00f3s a emiss\u00e3o.<br \/>\nSe expirar antes, voc\u00ea poder\u00e1 us\u00e1-lo at\u00e9 a data de vencimento.<br \/>\nAs autoridades emissoras do seu pa\u00eds de origem podem ent\u00e3o emitir uma declara\u00e7\u00e3o de que n\u00e3o h\u00e1 obje\u00e7\u00f5es \u00e0 troca por uma carteira de motorista holandesa.<br \/>\nSe voc\u00ea puder apresentar esta declara\u00e7\u00e3o, poder\u00e1 trocar sua carteira de motorista estrangeira por uma holandesa.<br \/>\nUSO TEMPOR\u00c1RIO DE CARTEIRA DE CONDU\u00c7\u00c3O ESTRANGEIRA NOS PA\u00cdSES BAIXOS<br \/>\nExistem algumas outras situa\u00e7\u00f5es em que voc\u00ea pode usar temporariamente sua carteira de motorista estrangeira na Holanda. Isto \u00e9 legal se:<\/p>\n<p>Voc\u00ea est\u00e1 registrado em um munic\u00edpio holand\u00eas e sua carteira de motorista tem mais de nove anos. Voc\u00ea pode usar sua carteira de motorista na Holanda por dois anos ap\u00f3s o registro.<br \/>\nSua carteira de motorista foi emitida depois de 19 de janeiro de 2013. Nesse caso, voc\u00ea pode us\u00e1-la na Holanda por 15 anos, desde que ela ainda seja v\u00e1lida. Ap\u00f3s esse per\u00edodo, voc\u00ea dever\u00e1 troc\u00e1-la por uma carteira de motorista holandesa. Voc\u00ea tamb\u00e9m pode troc\u00e1-lo imediatamente, se desejar.<br \/>\nVoc\u00ea possui uma carteira de motorista emitida em um pa\u00eds n\u00e3o listado acima. Voc\u00ea s\u00f3 pode usar esta carteira de motorista na Holanda por seis meses. O per\u00edodo de seis meses come\u00e7a na data em que voc\u00ea se registra no seu munic\u00edpio. Durante esse per\u00edodo, voc\u00ea deve fazer um teste de dire\u00e7\u00e3o na Holanda para obter uma carteira de motorista holandesa.<br \/>\nDica<\/p>\n<p>IDADE LEGAL PARA DIRIGIR NA NL<br \/>\nVoc\u00ea deve ter pelo menos 18 anos para dirigir na Holanda. Contudo, h\u00e1 uma exce\u00e7\u00e3o:<\/p>\n<p>Jovens de 17 anos que j\u00e1 possuam carteira de motorista podem dirigir acompanhados de um adulto.<br \/>\nO adulto deve estar oficialmente registrado como acompanhante (em holand\u00eas \u201cBegeleider\u201d).<br \/>\nJuntamente com a carteira de habilita\u00e7\u00e3o holandesa, o jovem condutor recebe uma carteira de habilita\u00e7\u00e3o especial, a chamada \u201cBegeleiderspas\u201d. O \u201cBegeleiderspas\u201d \u00e9 o \u201cdocumento de acompanhamento\u201d e cont\u00e9m os nomes dos acompanhantes autorizados do jovem condutor.<br \/>\nTanto o motorista de 17 anos quanto seu acompanhante devem levar ambos os documentos em todas as viagens.<br \/>\nTESTE DE CARTEIRA DE MOTORISTA<br \/>\nNa Holanda, muitos tipos diferentes de carteiras de motorista de diferentes pa\u00edses s\u00e3o enviados para troca. Portanto, a validade e a autenticidade de cada documento devem ser verificadas. Que impacto isso pode ter sobre voc\u00ea?<\/p>\n<p>A Autoridade de Tr\u00e1fego Rodovi\u00e1rio pode mandar verificar a validade e a pertin\u00eancia de determinadas informa\u00e7\u00f5es. O consulado ou embaixada do pa\u00eds que emitiu a carteira de habilita\u00e7\u00e3o estrangeira ser\u00e1 respons\u00e1vel por realizar essas avalia\u00e7\u00f5es.<br \/>\nTalvez seja necess\u00e1rio que o conte\u00fado da sua carteira de motorista estrangeira seja traduzido por um int\u00e9rprete\/tradutor autorizado. Isso \u00e9 obrigat\u00f3rio para carteiras de motorista japonesas, taiwanesas e chinesas.<br \/>\nTROCA DE CARTEIRA DE MOTORISTA ESTRANGEIRA<br \/>\nExistem v\u00e1rias circunst\u00e2ncias nas quais voc\u00ea pode facilmente trocar sua carteira de motorista estrangeira por uma holandesa:<\/p>\n<p>Eles tinham uma carteira de motorista holandesa v\u00e1lida depois de junho.<\/p>","protected":false},"excerpt":{"rendered":"<p><span style=\"vertical-align: inherit;\"><span style=\"vertical-align: inherit;\">Generally, you are required to have a Dutch driver&#8217;s license if you are a resident of the Netherlands, and you wish to operate a motor vehicle here. You are considered to be a Dutch resident if you spend at least 185 days per calendar year in the Netherlands.<\/span><\/span><\/p>","protected":false},"featured_media":22703,"template":"","meta":[],"product_brand":[],"product_cat":[927],"product_tag":[],"class_list":{"0":"post-22652","1":"product","2":"type-product","3":"status-publish","4":"has-post-thumbnail","6":"product_cat-fuehrerschein","8":"first","9":"instock","10":"taxable","11":"shipping-taxable","12":"purchasable","13":"product-type-simple"},"_links":{"self":[{"href":"https:\/\/primeprintingweb.com\/pt\/wp-json\/wp\/v2\/product\/22652","targetHints":{"allow":["GET"]}}],"collection":[{"href":"https:\/\/primeprintingweb.com\/pt\/wp-json\/wp\/v2\/product"}],"about":[{"href":"https:\/\/primeprintingweb.com\/pt\/wp-json\/wp\/v2\/types\/product"}],"version-history":[{"count":2,"href":"https:\/\/primeprintingweb.com\/pt\/wp-json\/wp\/v2\/product\/22652\/revisions"}],"predecessor-version":[{"id":22801,"href":"https:\/\/primeprintingweb.com\/pt\/wp-json\/wp\/v2\/product\/22652\/revisions\/22801"}],"wp:featuredmedia":[{"embeddable":true,"href":"https:\/\/primeprintingweb.com\/pt\/wp-json\/wp\/v2\/media\/22703"}],"wp:attachment":[{"href":"https:\/\/primeprintingweb.com\/pt\/wp-json\/wp\/v2\/media?parent=22652"}],"wp:term":[{"taxonomy":"product_brand","embeddable":true,"href":"https:\/\/primeprintingweb.com\/pt\/wp-json\/wp\/v2\/product_brand?post=22652"},{"taxonomy":"product_cat","embeddable":true,"href":"https:\/\/primeprintingweb.com\/pt\/wp-json\/wp\/v2\/product_cat?post=22652"},{"taxonomy":"product_tag","embeddable":true,"href":"https:\/\/primeprintingweb.com\/pt\/wp-json\/wp\/v2\/product_tag?post=22652"}],"curies":[{"name":"wp","href":"https:\/\/api.w.org\/{rel}","templated":true}]}}