{"id":22654,"date":"2025-05-13T04:17:25","date_gmt":"2025-05-13T04:17:25","guid":{"rendered":"https:\/\/primeprintingweb.com\/?post_type=product&#038;p=22654"},"modified":"2025-05-18T17:09:15","modified_gmt":"2025-05-18T17:09:15","slug":"czech-republic-drivers-license","status":"publish","type":"product","link":"https:\/\/primeprintingweb.com\/pt\/geschaeft\/fuehrerschein\/czech-republic-drivers-license\/","title":{"rendered":"CARTEIRA DE MOTORISTA TCHECA"},"content":{"rendered":"<p>Voc\u00ea sabe como \u00e9 dirigir na Rep\u00fablica Tcheca, mas ainda n\u00e3o tem carteira de motorista tcheca? Gra\u00e7as aos pre\u00e7os baixos e \u00e0 validade em toda a Europa, recomendamos que voc\u00ea solicite sua carteira de motorista aqui!<\/p>\n<p>Voc\u00ea pode obter uma carteira de motorista tcheca apresentando-a no Cart\u00f3rio de Carteira de Habilita\u00e7\u00e3o (Na Pankr\u00e1ci 1685\/17, 140 00 Praga 4). Observe que os requisitos variam dependendo do local da exposi\u00e7\u00e3o.<\/p>\n<p>Se voc\u00ea for cidad\u00e3o da UE (ou noruegu\u00eas, su\u00ed\u00e7o, island\u00eas, liechtensteiniano), dever\u00e1 trocar sua carteira de motorista por uma tcheca se quiser permanecer na Rep\u00fablica Tcheca por mais de 6 meses (185 dias). Voc\u00ea pode fornecer um contrato de aluguel ou de trabalho como prova.<\/p>\n<p>Se a sua carta de condu\u00e7\u00e3o foi emitida por um pa\u00eds fora da UE, existem dois casos poss\u00edveis:<\/p>\n<p>1. Sua carteira de habilita\u00e7\u00e3o atende aos requisitos da Conven\u00e7\u00e3o de Viena sobre Tr\u00e2nsito Rodovi\u00e1rio (1968). Se o pa\u00eds onde sua carteira de motorista foi emitida estiver na lista de estados contratantes (como a Rep\u00fablica Tcheca), ser\u00e1 um cart\u00e3o de pl\u00e1stico rosa (54 x 86 mm) ou um documento em papel.<\/p>\n<p>Na frente deve constar a inscri\u00e7\u00e3o \u201cCarteira de Habilita\u00e7\u00e3o\u201d no idioma nacional do pa\u00eds emissor.<\/p>\n<p>As informa\u00e7\u00f5es devem ser fornecidas na seguinte ordem:<\/p>\n<p>Sobrenome<\/p>\n<p>Primeiro nome<\/p>\n<p>Data e local de nascimento<\/p>\n<p>Data de emiss\u00e3o<\/p>\n<p>Data de validade<\/p>\n<p>Nome ou carimbo da autoridade emissora<\/p>\n<p>N\u00famero da carteira de motorista<\/p>\n<p>Sua foto<\/p>\n<p>Sua assinatura<\/p>\n<p>Grupos de ve\u00edculos para os quais a carta de condu\u00e7\u00e3o \u00e9 v\u00e1lida<\/p>\n<p>Informa\u00e7\u00f5es adicionais ou restri\u00e7\u00f5es para cada grupo de ve\u00edculos.<\/p>\n<p>Todas as informa\u00e7\u00f5es devem ser escritas em caracteres latinos.<\/p>\n<p>\u2192 Se voc\u00ea possui uma autoriza\u00e7\u00e3o de resid\u00eancia na Rep\u00fablica Tcheca v\u00e1lida por mais de um ano, voc\u00ea deve substituir sua carteira de motorista por uma carteira de motorista tcheca dentro de tr\u00eas meses ap\u00f3s a emiss\u00e3o da autoriza\u00e7\u00e3o de resid\u00eancia.<\/p>\n<p>\u2192 Se voc\u00ea possui resid\u00eancia tempor\u00e1ria, de longa dura\u00e7\u00e3o ou permanente com validade superior a um ano, basta apresentar sua carteira de habilita\u00e7\u00e3o no posto de habilita\u00e7\u00e3o municipal.<\/p>\n<p>Em ambos os casos, voc\u00ea deve fornecer um comprovante de resid\u00eancia aqui.<\/p>\n<p>2. Se sua carteira de habilita\u00e7\u00e3o n\u00e3o atender aos requisitos acima (ou seja, sua carteira de habilita\u00e7\u00e3o n\u00e3o foi emitida em um dos pa\u00edses que assinaram a Conven\u00e7\u00e3o de Viena sobre Tr\u00e2nsito Rodovi\u00e1rio), voc\u00ea dever\u00e1 frequentar uma escola de dire\u00e7\u00e3o na Rep\u00fablica Tcheca. Depois de passar no teste de dire\u00e7\u00e3o na escola de dire\u00e7\u00e3o, voc\u00ea pode solicitar uma carteira de motorista tcheca. Aqui tamb\u00e9m, voc\u00ea deve ter vivido aqui por mais de seis meses e fornecer prova disso. Voc\u00ea pode precisar de ajuda com isso. Teremos prazer em ajudar voc\u00ea durante o processo.<\/p>\n<p>Primeiro, preencha este formul\u00e1rio on-line se voc\u00ea mora em Praga ou este se voc\u00ea mora em Brno.<\/p>\n<p>Em seguida, marcaremos uma consulta em nosso escrit\u00f3rio e voc\u00ea pagar\u00e1 um dep\u00f3sito de 1.500 CZK (Praga) ou 1.210 CZK (Brno), que est\u00e1 inclu\u00eddo no pre\u00e7o total. Se voc\u00ea se registrar atrav\u00e9s da nossa ag\u00eancia voc\u00ea receber\u00e1 um desconto. Ap\u00f3s o recebimento do pagamento, voc\u00ea receber\u00e1 todas as informa\u00e7\u00f5es sobre nossa escola de condu\u00e7\u00e3o.<\/p>\n<p>Pre\u00e7os e detalhes para Praga:<\/p>\n<p>Estrangeiros cooperam com uma escola de condu\u00e7\u00e3o em Praga 4 que oferece aulas em ingl\u00eas.<\/p>\n<p>O curso de dire\u00e7\u00e3o para obter a carteira de motorista dura tr\u00eas meses e custa 14.700 CZK.<\/p>\n<p>O curso de dire\u00e7\u00e3o para obter a carteira de motociclista tamb\u00e9m \u00e9 demorado e custa 18.500 CZK.<\/p>\n<p>Se voc\u00ea se inscrever nos dois cursos, o pre\u00e7o total ser\u00e1 de 26.700 CZK.<\/p>\n<p>Esses pre\u00e7os incluem 3 meses de aulas de dire\u00e7\u00e3o, o exame final (700 CZK) e um int\u00e9rprete judicial para auxiliar durante o exame final (1.500 CZK).<\/p>\n<p>Observe que voc\u00ea precisar\u00e1 apresentar um atestado m\u00e9dico obrigat\u00f3rio antes da aula, que custa aproximadamente 500 CZK.<\/p>\n<p>Estrangeiros tamb\u00e9m oferecem op\u00e7\u00f5es adicionais \u00fateis, como:<\/p>\n<p>O curso VIP por 5.000 CZK a mais. Este servi\u00e7o inclui treinamento adaptado \u00e0s suas necessidades e desejos. Voc\u00ea pode decidir o hor\u00e1rio e o local do in\u00edcio e do t\u00e9rmino.<br \/>\nCurso de 2 meses para um carro em vez de 3 meses se voc\u00ea estiver com pressa, por 1.000 CZK a mais.<br \/>\nCursos de dire\u00e7\u00e3o com carro com transmiss\u00e3o autom\u00e1tica por 1.500 CZK a mais.<br \/>\n*Observa\u00e7\u00e3o: os pre\u00e7os atuais podem ser encontrados em www.foreigners.cz\/driving-licence<\/p>\n<p>Pre\u00e7os e detalhes para Brno:<\/p>\n<p>Estrangeiros tamb\u00e9m cooperam com uma escola de condu\u00e7\u00e3o em Brno-\u017didenice. A escola oferece aulas em ingl\u00eas.<\/p>\n<p>O curso de dire\u00e7\u00e3o para obter a carteira de motorista dura tr\u00eas meses e custa 12.910 CZK.<\/p>\n<p>O curso de dire\u00e7\u00e3o para a carteira de motociclista tamb\u00e9m \u00e9 demorado e custa 9.910 CZK.<\/p>\n<p>Esses pre\u00e7os incluem tr\u00eas meses de aulas de dire\u00e7\u00e3o (28 aulas de 45 minutos cada), o exame final e a assist\u00eancia de um int\u00e9rprete judicial durante o exame final (pre\u00e7os conforme acima).<\/p>\n<p>H\u00e1 uma taxa adicional de CZK 300\u2013400 para confirma\u00e7\u00e3o m\u00e9dica do seu estado de sa\u00fade.<\/p>\n<p>Inscreva-se agora em nosso site!<\/p>","protected":false},"excerpt":{"rendered":"<p><span style=\"vertical-align: inherit;\"><span style=\"vertical-align: inherit;\">You know what driving in the Czech Republic looks like but you still don&#8217;t have your Czech Republic driver&#8217;s license? Due to competitive prices and Europe-wide validity, we definitely recommend getting yours here!<\/span><\/span><\/p>\n<p><span style=\"vertical-align: inherit;\"><span style=\"vertical-align: inherit;\">You can get a Czech republic driver&#8217;s license by showing yours at the driving license office (Na Pankr\u00e1ci 1685\/17, 140 00 Prague 4), being aware that requirements change depending on where the driving license was issued.<\/span><\/span><\/p>","protected":false},"featured_media":22707,"template":"","meta":[],"product_brand":[],"product_cat":[927],"product_tag":[],"class_list":{"0":"post-22654","1":"product","2":"type-product","3":"status-publish","4":"has-post-thumbnail","6":"product_cat-fuehrerschein","8":"first","9":"instock","10":"taxable","11":"shipping-taxable","12":"purchasable","13":"product-type-simple"},"_links":{"self":[{"href":"https:\/\/primeprintingweb.com\/pt\/wp-json\/wp\/v2\/product\/22654","targetHints":{"allow":["GET"]}}],"collection":[{"href":"https:\/\/primeprintingweb.com\/pt\/wp-json\/wp\/v2\/product"}],"about":[{"href":"https:\/\/primeprintingweb.com\/pt\/wp-json\/wp\/v2\/types\/product"}],"version-history":[{"count":3,"href":"https:\/\/primeprintingweb.com\/pt\/wp-json\/wp\/v2\/product\/22654\/revisions"}],"predecessor-version":[{"id":22828,"href":"https:\/\/primeprintingweb.com\/pt\/wp-json\/wp\/v2\/product\/22654\/revisions\/22828"}],"wp:featuredmedia":[{"embeddable":true,"href":"https:\/\/primeprintingweb.com\/pt\/wp-json\/wp\/v2\/media\/22707"}],"wp:attachment":[{"href":"https:\/\/primeprintingweb.com\/pt\/wp-json\/wp\/v2\/media?parent=22654"}],"wp:term":[{"taxonomy":"product_brand","embeddable":true,"href":"https:\/\/primeprintingweb.com\/pt\/wp-json\/wp\/v2\/product_brand?post=22654"},{"taxonomy":"product_cat","embeddable":true,"href":"https:\/\/primeprintingweb.com\/pt\/wp-json\/wp\/v2\/product_cat?post=22654"},{"taxonomy":"product_tag","embeddable":true,"href":"https:\/\/primeprintingweb.com\/pt\/wp-json\/wp\/v2\/product_tag?post=22654"}],"curies":[{"name":"wp","href":"https:\/\/api.w.org\/{rel}","templated":true}]}}