{"id":22655,"date":"2025-05-13T04:17:25","date_gmt":"2025-05-13T04:17:25","guid":{"rendered":"https:\/\/primeprintingweb.com\/?post_type=product&#038;p=22655"},"modified":"2025-05-18T17:07:15","modified_gmt":"2025-05-18T17:07:15","slug":"canadian-drivers-license","status":"publish","type":"product","link":"https:\/\/primeprintingweb.com\/pt\/geschaeft\/fuehrerschein\/canadian-drivers-license\/","title":{"rendered":"CARTEIRA DE MOTORISTA CANADENSE"},"content":{"rendered":"<div class=\"woocommerce-tabs wc-tabs-wrapper\">\n<div id=\"tab-description\" class=\"woocommerce-Tabs-panel woocommerce-Tabs-panel--description panel entry-content wc-tab\" role=\"tabpanel\" aria-labelledby=\"tab-title-description\">\n<p>DIRIGINDO NO CANAD\u00c1<\/p>\n<p>Saiba mais sobre carteiras de motorista canadenses, seguro de autom\u00f3veis, leis e regulamentos de tr\u00e2nsito, compra ou aluguel de carros e seguran\u00e7a.<\/p>\n<p>NESTA P\u00c1GINA<br \/>\ncarteira de motorista canadense<br \/>\nSeguro de carro<br \/>\nLeis e regulamentos de tr\u00e2nsito<br \/>\nCompra ou leasing de carro<br \/>\nSeguran\u00e7a<br \/>\nCARTEIRA DE MOTORISTA CANADENSE<br \/>\nPara dirigir legalmente no Canad\u00e1, voc\u00ea precisa de uma carteira de motorista canadense emitida pelo governo de sua prov\u00edncia ou territ\u00f3rio. Voc\u00ea deve t\u00ea-lo sempre com voc\u00ea. Isso permite que voc\u00ea dirija em qualquer lugar do Canad\u00e1.<\/p>\n<p>Se voc\u00ea tiver uma carteira de motorista v\u00e1lida do seu pa\u00eds de origem, provavelmente poder\u00e1 us\u00e1-la para dirigir no Canad\u00e1 por um curto per\u00edodo de tempo ap\u00f3s chegar. Consulte o governo provincial ou territorial para obter mais detalhes.<\/p>\n<p>Se voc\u00ea quiser usar uma carteira de motorista estrangeira no Canad\u00e1, dever\u00e1 solicitar uma Permiss\u00e3o Internacional para Dirigir (PID) em seu pa\u00eds de origem. Um IDP fornecer\u00e1 uma tradu\u00e7\u00e3o da sua carteira de motorista para o franc\u00eas e o ingl\u00eas.<\/p>\n<p>O processo para obter uma carteira de motorista canadense depende da prov\u00edncia ou territ\u00f3rio em que voc\u00ea reside e de suas habilidades de dire\u00e7\u00e3o. Pode incluir:<\/p>\n<p>um teste escrito sobre regras de tr\u00e2nsito (voc\u00ea receber\u00e1 um guia de estudo para isso)<br \/>\num ou dois testes de dire\u00e7\u00e3o<br \/>\nVoc\u00ea pode fazer aulas de dire\u00e7\u00e3o pagas para se preparar para os testes de dire\u00e7\u00e3o. Pesquise aulas de dire\u00e7\u00e3o online.<\/p>\n<p>Depois de obter sua carteira de motorista, voc\u00ea deve renov\u00e1-la regularmente. A data de validade est\u00e1 impressa na sua carteira de motorista.<\/p>\n<p>Saiba mais sobre carteiras de motorista, testes e aulas de dire\u00e7\u00e3o no Departamento de Transportes da sua prov\u00edncia ou territ\u00f3rio.<\/p>\n<p>Alberta<br \/>\nCol\u00fambia Brit\u00e2nica<br \/>\nManitoba<br \/>\nNova Brunswick<br \/>\nTerra Nova e Labrador<br \/>\nTerrit\u00f3rios do Noroeste<br \/>\nNova Esc\u00f3cia<br \/>\nNunavut<br \/>\nOnt\u00e1rio<br \/>\nIlha do Pr\u00edncipe Eduardo<br \/>\nQuebec<br \/>\nSaskatchewan<br \/>\nYukon<br \/>\nSEGURO DE CARRO<br \/>\nNo Canad\u00e1, dirigir sem seguro de carro \u00e9 ilegal. Como propriet\u00e1rio de um carro, voc\u00ea deve fazer um seguro. Se voc\u00ea dirige regularmente o carro de um parente ou amigo, certifique-se de estar inclu\u00eddo no plano de seguro de carro dele.<\/p>\n<p>Existem diferentes tipos de seguro autom\u00f3vel que cobrem:<\/p>\n<p>Automutila\u00e7\u00e3o e danos ao seu ve\u00edculo ou<br \/>\nos custos de danos e ferimentos a terceiros se voc\u00ea for respons\u00e1vel por um acidente.<br \/>\nO custo do seu seguro de carro depende do plano escolhido e dos seguintes fatores:<\/p>\n<p>Velho<br \/>\nComportamento de condu\u00e7\u00e3o<br \/>\nLocal de resid\u00eancia<br \/>\nExperi\u00eancia de condu\u00e7\u00e3o<br \/>\nOs custos tamb\u00e9m variam entre as seguradoras. Portanto, voc\u00ea deve:<\/p>\n<p>Certifique-se de entender os benef\u00edcios de cada plano.<br \/>\nEntre em contato com diversas empresas para saber detalhes sobre os pre\u00e7os de seus planos de seguro.<br \/>\nLEIS E REGRAS DE TR\u00c2NSITO<br \/>\nVoc\u00ea deve cumprir as leis de tr\u00e2nsito canadenses. Antes de dirigir, verifique as leis da sua prov\u00edncia ou territ\u00f3rio.<\/p>\n<p>Para obter uma lista completa das leis e regras de tr\u00e2nsito, consulte o guia de dire\u00e7\u00e3o fornecido pela autoridade de tr\u00e2nsito da sua prov\u00edncia ou territ\u00f3rio. Esses guias geralmente est\u00e3o dispon\u00edveis em centros de servi\u00e7o, on-line e em lojas.<\/p>\n<p>As leis de tr\u00e2nsito no Canad\u00e1 s\u00e3o rigorosamente aplicadas. Viola\u00e7\u00f5es da lei geralmente s\u00e3o punidas severamente. Descubra as leis mais importantes.<\/p>\n<p>SE VOC\u00ca ESTIVER ENVOLVIDO EM UM ACIDENTE<br \/>\nAbandonar o local de um acidente sem autoriza\u00e7\u00e3o \u00e9 um crime grave. Isso tamb\u00e9m se aplica a acidentes com outros ve\u00edculos ou atropelamentos. Em caso de acidente:<\/p>\n<p>Ligue para o n\u00famero de emerg\u00eancia (911) para chamar a pol\u00edcia e a ambul\u00e2ncia (se necess\u00e1rio).<\/p>\n<p>Aguarde no local do acidente at\u00e9 que os servi\u00e7os de emerg\u00eancia cheguem.<\/p>\n<p>Troque informa\u00e7\u00f5es com a outra parte envolvida no acidente (se outro ve\u00edculo estiver envolvido no acidente), incluindo:<br \/>\nnome<br \/>\nendere\u00e7o<br \/>\nN\u00famero de telefone<br \/>\nplaca de carro<br \/>\nN\u00fameros da carteira de motorista<br \/>\nNome da seguradora<br \/>\nN\u00famero do seguro<br \/>\nCOMPRAR OU ALUGAR UM CARRO<br \/>\nVoc\u00ea pode pesquisar on-line ou ligar para o departamento de transportes da sua cidade para saber mais sobre concession\u00e1rias ou locadoras de ve\u00edculos.<\/p>\n<p>Se voc\u00ea s\u00f3 precisa de um carro por um curto per\u00edodo, voc\u00ea pode alugar um carro de uma locadora de ve\u00edculos. Certifique-se de que seu contrato de loca\u00e7\u00e3o inclua seguro de carro, caso voc\u00ea precise. Algumas cidades t\u00eam programas de compartilhamento de carros que permitem que voc\u00ea use um carro sem precisar compr\u00e1-lo, alug\u00e1-lo ou loc\u00e1-lo. Verifique se esta op\u00e7\u00e3o atende \u00e0s suas necessidades.<\/p>\n<p>COMPRA DE CARRO<br \/>\nVoc\u00ea pode comprar um carro novo ou usado em:<\/p>\n<p>concession\u00e1ria de carros<br \/>\nPessoa vendendo seu carro<br \/>\nPara obter informa\u00e7\u00f5es e assist\u00eancia na compra de um carro, entre em contato com a autoridade de tr\u00e2nsito e ve\u00edculos automotores da sua prov\u00edncia ou territ\u00f3rio. Informa\u00e7\u00f5es sobre quest\u00f5es do consumidor relacionadas \u00e0 compra de ve\u00edculos podem ser encontradas no Manual do Consumidor Canadense.<br \/>\nEntre em contato com a ag\u00eancia de prote\u00e7\u00e3o ao consumidor de sua prov\u00edncia ou territ\u00f3rio.<br \/>\nALUGUEL DE CARRO<br \/>\nEm vez de comprar um carro, muitas pessoas no Canad\u00e1 alugam um carro de uma concession\u00e1ria. Um arrendamento \u00e9 um contrato legal entre voc\u00ea e o revendedor no qual voc\u00ea:<\/p>\n<p>concordar em pagar uma taxa pelo uso do ve\u00edculo por um per\u00edodo espec\u00edfico (geralmente v\u00e1rios anos) e<br \/>\ndevolver o ve\u00edculo \u00e0 concession\u00e1ria em perfeitas condi\u00e7\u00f5es ap\u00f3s o t\u00e9rmino do prazo.<br \/>\nComo um arrendamento \u00e9 um contrato legal, voc\u00ea deve entender os termos e condi\u00e7\u00f5es do arrendamento antes de assin\u00e1-lo.<\/p>\n<p>SEGURAN\u00c7A<br \/>\nO Conselho de Seguran\u00e7a do Canad\u00e1 fornece informa\u00e7\u00f5es sobre o que os motoristas podem fazer para melhorar a seguran\u00e7a no tr\u00e2nsito.<\/p>\n<p>Seguran\u00e7a no Canad\u00e1.<\/p>\n<p>Familiarize-se com os aspectos de seguran\u00e7a ao dirigir no inverno. Neve e gelo representam perigos significativos na maior parte do Canad\u00e1. Dirija devagar na neve e no gelo. Tamb\u00e9m \u00e9 aconselh\u00e1vel comprar pneus de inverno especiais para o seu carro (em algumas prov\u00edncias isso \u00e9 obrigat\u00f3rio).<\/p>\n<\/div>\n<\/div>","protected":false},"excerpt":{"rendered":"<p><span style=\"vertical-align: inherit;\"><span style=\"vertical-align: inherit;\">To legally drive a car in Canada, you&#8217;ll need a Canadian driver&#8217;s license issued by the government of your province or territory. You must have it with you whenever you&#8217;re driving. With it, you can drive anywhere in Canada.<\/span><\/span><\/p>","protected":false},"featured_media":22709,"template":"","meta":[],"product_brand":[],"product_cat":[927],"product_tag":[],"class_list":{"0":"post-22655","1":"product","2":"type-product","3":"status-publish","4":"has-post-thumbnail","6":"product_cat-fuehrerschein","8":"first","9":"instock","10":"taxable","11":"shipping-taxable","12":"purchasable","13":"product-type-simple"},"_links":{"self":[{"href":"https:\/\/primeprintingweb.com\/pt\/wp-json\/wp\/v2\/product\/22655","targetHints":{"allow":["GET"]}}],"collection":[{"href":"https:\/\/primeprintingweb.com\/pt\/wp-json\/wp\/v2\/product"}],"about":[{"href":"https:\/\/primeprintingweb.com\/pt\/wp-json\/wp\/v2\/types\/product"}],"version-history":[{"count":3,"href":"https:\/\/primeprintingweb.com\/pt\/wp-json\/wp\/v2\/product\/22655\/revisions"}],"predecessor-version":[{"id":22825,"href":"https:\/\/primeprintingweb.com\/pt\/wp-json\/wp\/v2\/product\/22655\/revisions\/22825"}],"wp:featuredmedia":[{"embeddable":true,"href":"https:\/\/primeprintingweb.com\/pt\/wp-json\/wp\/v2\/media\/22709"}],"wp:attachment":[{"href":"https:\/\/primeprintingweb.com\/pt\/wp-json\/wp\/v2\/media?parent=22655"}],"wp:term":[{"taxonomy":"product_brand","embeddable":true,"href":"https:\/\/primeprintingweb.com\/pt\/wp-json\/wp\/v2\/product_brand?post=22655"},{"taxonomy":"product_cat","embeddable":true,"href":"https:\/\/primeprintingweb.com\/pt\/wp-json\/wp\/v2\/product_cat?post=22655"},{"taxonomy":"product_tag","embeddable":true,"href":"https:\/\/primeprintingweb.com\/pt\/wp-json\/wp\/v2\/product_tag?post=22655"}],"curies":[{"name":"wp","href":"https:\/\/api.w.org\/{rel}","templated":true}]}}