{"id":22658,"date":"2025-05-13T04:17:26","date_gmt":"2025-05-13T04:17:26","guid":{"rendered":"https:\/\/primeprintingweb.com\/?post_type=product&#038;p=22658"},"modified":"2025-05-18T17:10:11","modified_gmt":"2025-05-18T17:10:11","slug":"australian-drivers-license","status":"publish","type":"product","link":"https:\/\/primeprintingweb.com\/pt\/geschaeft\/fuehrerschein\/australian-drivers-license\/","title":{"rendered":"CARTEIRA DE MOTORISTA AUSTRALIANA"},"content":{"rendered":"<p>CARTEIRA DE MOTORISTA AUSTRALIANA<\/p>\n<p>SOLICITANDO UMA CARTEIRA DE MOTORISTA DA NOVA ZEL\u00c2NDIA<br \/>\nA Nova Zel\u00e2ndia reconhece carteiras de motorista de certos pa\u00edses estrangeiros. Para obter informa\u00e7\u00f5es sobre quais pa\u00edses s\u00e3o reconhecidos e como se tornar um pa\u00eds reconhecido pela Nova Zel\u00e2ndia, visite www.nzta.govt.nz (abre em uma nova janela).<\/p>\n<p>SOLICITANDO UMA CARTEIRA DE MOTORISTA AUSTRALIANA<br \/>\nSe sua carteira de motorista estrangeira expirar, voc\u00ea poder\u00e1 solicitar uma carteira de motorista australiana.<\/p>\n<p>Pessoas que entram na Austr\u00e1lia com um visto permanente ou autoriza\u00e7\u00e3o de resid\u00eancia permanente podem dirigir com sua carteira de motorista estrangeira atual por no m\u00e1ximo tr\u00eas meses ap\u00f3s a chegada \u00e0 Austr\u00e1lia. Para continuar dirigindo ap\u00f3s tr\u00eas meses, uma carteira de motorista australiana deve ser obtida no estado ou territ\u00f3rio onde a pessoa reside.<\/p>\n<p>Pa\u00edses e jurisdi\u00e7\u00f5es reconhecidos<\/p>\n<p>As autoridades australianas de carteira de motorista reconhecem certos pa\u00edses e jurisdi\u00e7\u00f5es estrangeiras com padr\u00f5es de carteira de motorista compar\u00e1veis aos da Austr\u00e1lia.<\/p>\n<p>Candidatos dos pa\u00edses listados abaixo est\u00e3o isentos de fazer um teste de conhecimento e dire\u00e7\u00e3o ao solicitar uma carteira de motorista de carro ou motocicleta australiana.<\/p>\n<p>Isso simplifica a troca da carteira de motorista.<\/p>\n<p>Os pa\u00edses e jurisdi\u00e7\u00f5es reconhecidos s\u00e3o:<\/p>\n<p>\u00c1ustria<br \/>\nB\u00e9lgica<br \/>\nB\u00f3snia e Herzegovina<br \/>\nCanad\u00e1<br \/>\nCro\u00e1cia<br \/>\nDinamarca<br \/>\nFinl\u00e2ndia<br \/>\nFran\u00e7a<br \/>\nAlemanha<br \/>\nGr\u00e9cia<br \/>\nGuernsey<br \/>\nIrlanda<br \/>\nIlha de Man (para cartas de condu\u00e7\u00e3o emitidas pela primeira vez em ou ap\u00f3s 1 de abril de 1991)<br \/>\nIt\u00e1lia<br \/>\nJap\u00e3o<br \/>\ncamisa<br \/>\nLuxemburgo<br \/>\nMalta (para cartas de condu\u00e7\u00e3o emitidas pela primeira vez em ou ap\u00f3s 2 de janeiro de 2004)<br \/>\nHolanda<br \/>\nNova Zel\u00e2ndia<br \/>\nNoruega<br \/>\nPortugal<br \/>\nCingapura<br \/>\nEspanha<br \/>\nSu\u00e9cia<br \/>\nSu\u00ed\u00e7a<br \/>\nGr\u00e3-Bretanha<br \/>\nEUA<br \/>\nReconhecimento como motorista experiente<\/p>\n<p>Pa\u00edses e jurisdi\u00e7\u00f5es cujos padr\u00f5es de teste de dire\u00e7\u00e3o atendem aos rigorosos crit\u00e9rios de avalia\u00e7\u00e3o referentes \u00e0 comprova\u00e7\u00e3o de identidade, recursos de seguran\u00e7a do cart\u00e3o e padr\u00f5es de treinamento e avalia\u00e7\u00e3o de examinadores de dire\u00e7\u00e3o, mas n\u00e3o atendem a todos os requisitos de teste de dire\u00e7\u00e3o, ser\u00e3o considerados para reconhecimento como motoristas experientes. A categoria Motorista Experiente tem como objetivo levar em considera\u00e7\u00e3o a experi\u00eancia de dire\u00e7\u00e3o e a idade de uma pessoa como um substituto para medidas de teste de dire\u00e7\u00e3o para motoristas novatos.<\/p>\n<p>Os seguintes pa\u00edses e jurisdi\u00e7\u00f5es receberam o status de Motorista Experiente:<\/p>\n<p>Bulg\u00e1ria<br \/>\nRep\u00fablica Tcheca<br \/>\nEst\u00f4nia<br \/>\nHong Kong (Regi\u00e3o Administrativa Especial da Rep\u00fablica Popular da China)*<br \/>\nHungria<br \/>\nLet\u00f4nia<br \/>\nLitu\u00e2nia<br \/>\nPol\u00f4nia<br \/>\nRep\u00fablica de Chipre<br \/>\nRep\u00fablica da Coreia (Coreia do Sul)<br \/>\nRep\u00fablica da S\u00e9rvia<br \/>\nRom\u00eania<br \/>\nEslov\u00e1quia<br \/>\nEslov\u00eania<br \/>\n\u00c1frica do Sul<br \/>\nTaiwan<br \/>\nIndiv\u00edduos com 25 anos ou mais que possuam carteira de motorista de um desses pa\u00edses podem trocar sua carteira estrangeira por uma carteira de motorista australiana sem fazer um teste de dire\u00e7\u00e3o.<\/p>\n<p>Pessoas que possuam carteira de habilita\u00e7\u00e3o de um desses pa\u00edses e tenham menos de 25 anos devem fazer um teste de dire\u00e7\u00e3o te\u00f3rico e pr\u00e1tico. Se uma pessoa for aprovada nos testes definidos pela autoridade competente, sua carteira de motorista estrangeira ser\u00e1 convertida, com base na experi\u00eancia de dire\u00e7\u00e3o e na idade, para a classe de carteira que ela teria se tivesse come\u00e7ado a dirigir na jurisdi\u00e7\u00e3o australiana relevante.<\/p>\n<p>* Qualquer pessoa que deseje trocar uma carteira de motorista de Hong Kong sem um teste de dire\u00e7\u00e3o deve ter pelo menos 25 anos de idade e possuir uma carteira de motorista de Hong Kong h\u00e1 pelo menos 12 meses.<\/p>\n<p>Outros pa\u00edses<\/p>\n<p>Os candidatos \u00e0 carteira de motorista australiana que possuem uma carteira de motorista de um pa\u00eds n\u00e3o reconhecido devem passar por um teste te\u00f3rico e um teste pr\u00e1tico de dire\u00e7\u00e3o. Se os candidatos forem aprovados nos testes te\u00f3rico e pr\u00e1tico, sua carteira de motorista estrangeira ser\u00e1 convertida para a categoria de carteira que eles teriam se tivessem come\u00e7ado a dirigir na jurisdi\u00e7\u00e3o australiana relevante, com base na experi\u00eancia de dire\u00e7\u00e3o e na idade.<\/p>\n<p>Convers\u00e3o de uma carta de condu\u00e7\u00e3o estrangeira<\/p>\n<p>Pessoas que desejam converter uma carteira de motorista estrangeira devem entrar em contato diretamente com a autoridade de tr\u00e2nsito australiana relevante.<br \/>\nTerrit\u00f3rio da Capital Australiana (Abre em nova janela)<br \/>\nNova Gales do Sul (Abre em nova janela)<br \/>\nTerrit\u00f3rio do Norte (Abre em nova janela)<br \/>\nQueensland (Abre em nova janela)<br \/>\nAustr\u00e1lia do Sul (Abre em nova janela)<br \/>\nTasm\u00e2nia (Abre em nova janela)<br \/>\nVit\u00f3ria (Abre em nova janela)<br \/>\nAustr\u00e1lia Ocidental<\/p>","protected":false},"excerpt":{"rendered":"<p>Uma pessoa que entra na Austr\u00e1lia com um visto permanente ou que \u00e9 residente permanente pode dirigir com sua carteira de motorista internacional atual por no m\u00e1ximo tr\u00eas meses ap\u00f3s chegar \u00e0 Austr\u00e1lia. Se desejarem continuar dirigindo ap\u00f3s tr\u00eas meses, uma carteira de motorista australiana dever\u00e1 ser obtida no estado ou territ\u00f3rio em que a pessoa reside.<\/p>","protected":false},"featured_media":22715,"template":"","meta":[],"product_brand":[],"product_cat":[927],"product_tag":[],"class_list":{"0":"post-22658","1":"product","2":"type-product","3":"status-publish","4":"has-post-thumbnail","6":"product_cat-fuehrerschein","8":"first","9":"instock","10":"taxable","11":"shipping-taxable","12":"purchasable","13":"product-type-simple"},"_links":{"self":[{"href":"https:\/\/primeprintingweb.com\/pt\/wp-json\/wp\/v2\/product\/22658","targetHints":{"allow":["GET"]}}],"collection":[{"href":"https:\/\/primeprintingweb.com\/pt\/wp-json\/wp\/v2\/product"}],"about":[{"href":"https:\/\/primeprintingweb.com\/pt\/wp-json\/wp\/v2\/types\/product"}],"version-history":[{"count":2,"href":"https:\/\/primeprintingweb.com\/pt\/wp-json\/wp\/v2\/product\/22658\/revisions"}],"predecessor-version":[{"id":22829,"href":"https:\/\/primeprintingweb.com\/pt\/wp-json\/wp\/v2\/product\/22658\/revisions\/22829"}],"wp:featuredmedia":[{"embeddable":true,"href":"https:\/\/primeprintingweb.com\/pt\/wp-json\/wp\/v2\/media\/22715"}],"wp:attachment":[{"href":"https:\/\/primeprintingweb.com\/pt\/wp-json\/wp\/v2\/media?parent=22658"}],"wp:term":[{"taxonomy":"product_brand","embeddable":true,"href":"https:\/\/primeprintingweb.com\/pt\/wp-json\/wp\/v2\/product_brand?post=22658"},{"taxonomy":"product_cat","embeddable":true,"href":"https:\/\/primeprintingweb.com\/pt\/wp-json\/wp\/v2\/product_cat?post=22658"},{"taxonomy":"product_tag","embeddable":true,"href":"https:\/\/primeprintingweb.com\/pt\/wp-json\/wp\/v2\/product_tag?post=22658"}],"curies":[{"name":"wp","href":"https:\/\/api.w.org\/{rel}","templated":true}]}}