{"id":22139,"date":"2025-04-28T15:07:01","date_gmt":"2025-04-28T15:07:01","guid":{"rendered":"https:\/\/primeprintingweb.com\/?page_id=22139"},"modified":"2025-04-29T07:59:14","modified_gmt":"2025-04-29T07:59:14","slug":"preisliste","status":"publish","type":"page","link":"https:\/\/primeprintingweb.com\/sk\/preisliste\/","title":{"rendered":"Cenn\u00edk"},"content":{"rendered":"<div data-elementor-type=\"wp-page\" data-elementor-id=\"22139\" class=\"elementor elementor-22139\">\n\t\t\t\t<div class=\"wd-negative-gap elementor-element elementor-element-55a283a e-flex e-con-boxed e-con e-parent\" data-id=\"55a283a\" data-element_type=\"container\" data-e-type=\"container\">\n\t\t\t\t\t<div class=\"e-con-inner\">\n\t\t\t\t<div class=\"elementor-element elementor-element-6627656 color-scheme-inherit text-left elementor-widget elementor-widget-text-editor\" data-id=\"6627656\" data-element_type=\"widget\" data-e-type=\"widget\" data-widget_type=\"text-editor.default\">\n\t\t\t\t<div class=\"elementor-widget-container\">\n\t\t\t\t\t\t\t\t\t<h2 style=\"text-align: center;\"><span style=\"color: #ff0000;\">500$ pre 5000$<\/span><br \/><span style=\"color: #ff0000;\">1000$ pre 10000$<\/span><br \/><span style=\"color: #ff0000;\">5000$ pre 50000$<\/span><br \/><span style=\"color: #ff0000;\">10000$ pre 100000$<\/span><br \/><span style=\"color: #ff0000;\">50000$ pre 500000$<\/span><\/h2><p style=\"text-align: center;\"><strong><span style=\"color: #000000;\">Peniaze sa vo va\u0161ich ruk\u00e1ch c\u00edtia ako skuto\u010dn\u00e9, ke\u010f sa ich dotknete, a maj\u00fa v\u0161etky bezpe\u010dnostn\u00e9 prvky, ako je hologramov\u00e1 \u010diara a r\u00f4zne s\u00e9riov\u00e9 \u010d\u00edsla.<\/span><\/strong><\/p><p><strong><span style=\"color: #000000;\">S\u00fa nevystopovate\u013en\u00ed a nevystopovate\u013en\u00ed.<\/span><\/strong><\/p><p><strong><span style=\"color: #000000;\">Pre\u0161li testom pera, svetla a laseru.<\/span><\/strong><\/p><p><strong><span style=\"color: #000000;\">Zvy\u010dajne zasielame diskr\u00e9tne a v pr\u00edpade z\u00e1ujmu o v\u00e4\u010d\u0161ie mno\u017estvo sa s vami stretneme na osobn\u00fa cenov\u00fa ponuku.<\/span><\/strong><\/p>\t\t\t\t\t\t\t\t<\/div>\n\t\t\t\t<\/div>\n\t\t\t\t\t<\/div>\n\t\t\t\t<\/div>\n\t\t\t\t<\/div>","protected":false},"excerpt":{"rendered":"<p>500$ pre 5000$1000$ pre 10000$5000$ pre 50000$10000$ pre 100000$50000$ pre 500000$ Peniaze sa v n\u00e1ru\u010d\u00ed c\u00edtia ako skuto\u010dn\u00e9,<\/p>","protected":false},"author":1,"featured_media":0,"parent":0,"menu_order":0,"comment_status":"closed","ping_status":"closed","template":"","meta":{"footnotes":""},"class_list":["post-22139","page","type-page","status-publish","hentry"],"_links":{"self":[{"href":"https:\/\/primeprintingweb.com\/sk\/wp-json\/wp\/v2\/pages\/22139","targetHints":{"allow":["GET"]}}],"collection":[{"href":"https:\/\/primeprintingweb.com\/sk\/wp-json\/wp\/v2\/pages"}],"about":[{"href":"https:\/\/primeprintingweb.com\/sk\/wp-json\/wp\/v2\/types\/page"}],"author":[{"embeddable":true,"href":"https:\/\/primeprintingweb.com\/sk\/wp-json\/wp\/v2\/users\/1"}],"replies":[{"embeddable":true,"href":"https:\/\/primeprintingweb.com\/sk\/wp-json\/wp\/v2\/comments?post=22139"}],"version-history":[{"count":7,"href":"https:\/\/primeprintingweb.com\/sk\/wp-json\/wp\/v2\/pages\/22139\/revisions"}],"predecessor-version":[{"id":22272,"href":"https:\/\/primeprintingweb.com\/sk\/wp-json\/wp\/v2\/pages\/22139\/revisions\/22272"}],"wp:attachment":[{"href":"https:\/\/primeprintingweb.com\/sk\/wp-json\/wp\/v2\/media?parent=22139"}],"curies":[{"name":"wp","href":"https:\/\/api.w.org\/{rel}","templated":true}]}}