{"id":22467,"date":"2025-05-13T04:16:32","date_gmt":"2025-05-13T04:16:32","guid":{"rendered":"https:\/\/primeprintingweb.com\/?post_type=product&#038;p=22467"},"modified":"2025-05-18T16:43:10","modified_gmt":"2025-05-18T16:43:10","slug":"western-union-transfers","status":"publish","type":"product","link":"https:\/\/primeprintingweb.com\/sk\/geschaeft\/accessories\/western-union-transfers\/","title":{"rendered":"Prevody cez Western Union"},"content":{"rendered":"<div class=\"co8aDb\" role=\"heading\">\n<p>K\u00fapte si hackovan\u00e9 prevody Western Union online na Press Document, najlep\u0161om poskytovate\u013eovi na zar\u00e1banie pe\u0148az\u00ed. Nakupujte online so 100% vr\u00e1ten\u00edm pe\u0148az\u00ed za vady a najr\u00fdchlej\u0161\u00edm doru\u010den\u00edm.<\/p>\n<p>Objednajte si hacknut\u00fd prevod WU, prij\u00edmajte hacknut\u00e9 prevody Western Union a Money Gram online a kupujte hacknut\u00e9 prevody Western Union.<\/p>\n<p>Objednajte si prevody Western Union a Money Gram teraz od Press Document \u2013 najlep\u0161ieho poskytovate\u013ea na zar\u00e1banie pe\u0148az\u00ed \u2013 s najr\u00fdchlej\u0161ou spl\u00e1tkou.<\/p>\n<p>Objednajte si prevody Western Union a Money Gram na na\u0161ej webovej str\u00e1nke Tla\u010dov\u00fd dokument. Hacknut\u00fd prevod pe\u0148az\u00ed cez Western Union. Pon\u00fakame vysoko kvalitn\u00e9 prevody WU Hack za prijate\u013en\u00e9 ceny.<\/p>\n<p>K\u00fapte si hacknut\u00e9 prevody Western Union a Money Gram online na Press Document, najlep\u0161om poskytovate\u013eovi zar\u00e1bania pe\u0148az\u00ed a dokumentov.<\/p>\n<p>Vzh\u013eadom na bezpe\u010dnostn\u00e9 zranite\u013enosti v syst\u00e9me je hacking v dne\u0161nej dobe roz\u0161\u00edren\u00fd.<\/p>\n<p>Slu\u017eby prevodu pe\u0148az\u00ed ako Western Union a Money Gram s\u00fa nap\u00e1dan\u00e9 program\u00e1tormi a hackermi, ktor\u00ed maj\u00fa pr\u00edstup k datab\u00e1ze a \u013eahko vykon\u00e1vaj\u00fa transakcie. Ak chcete dost\u00e1va\u0165 \u010dist\u00e9 peniaze alebo posiela\u0165 v\u00e4\u010d\u0161iu sumu do kraj\u00edn s licenciou WU, ste na spr\u00e1vnom mieste.<\/p>\n<p>V\u010faka n\u00e1\u0161mu triku na prevod pe\u0148az\u00ed Western Union a Money Gram preposielame s\u00e9riu transakci\u00ed do na\u0161ich zmen\u00e1rn\u00ed, ktor\u00e9 potom vypl\u00e1caj\u00fa peniaze pr\u00edjemcovi.<\/p>\n<p>T\u00e1to slu\u017eba je mimoriadne bezpe\u010dn\u00e1 a r\u00fdchla \u2013 slu\u017eba, ktor\u00fa nikde inde nen\u00e1jdete.<\/p>\n<p>Pre\u010do by ste mali vyu\u017ei\u0165 na\u0161e hackersk\u00e9 slu\u017eby Western Union a Money Gram<\/p>\n<p>Hackovanie datab\u00e1zy webov\u00fdch str\u00e1nok nie je jednoduch\u00e1 \u00faloha.<\/p>\n<p>Z\u00edskajte hackersk\u00e9 prevody cez Western Union a Money Gram<\/p>\n<p>M\u00e1me dlhoro\u010dn\u00e9 sk\u00fasenosti s hackovan\u00edm Western Union a Money Gram a existuj\u00fa...<\/p>\n<p>ve\u013ea d\u00f4vodov, pre\u010do by ste n\u00e1m mali d\u00f4verova\u0165. Pr\u00edklady:<\/p>\n<p>300 $ pre MTCN 3000 $ (MTCN vs. \u00fadaje odosielate\u013ea)<\/p>\n<p>500 $ pre MTCN 6000 $ (MTCN vs. \u00fadaje odosielate\u013ea)<\/p>\n<p>700 $ pre MTCN 9000 $ (MTCN verzus \u00fadaje odosielate\u013ea)<\/p>\n<p>900 $ pre MTCN 15000 $ (MTCN vs. \u00fadaje odosielate\u013ea)<\/p>\n<p>Prevod pe\u0148az\u00ed Western Union a Money Gram<\/p>\n<p>\u010cl\u00e1nok<\/p>\n<p>Pros\u00edm, poskytnite mi inform\u00e1cie o prijat\u00ed platby cez Western Union a Money Gram a poplatok za platbu. Prevod potom dokon\u010d\u00edm za v\u00e1s pribli\u017ene po 20 min\u00fatach.<\/p>\n<p>Objednajte si hacknut\u00e9 prevody Money Gram<\/p>\n<p>Dostanete MTCN a meno odosielate\u013ea.<\/p>\n<p>Preda\u0165 prevod WU, preda\u0165 Money Gram MTCN, hackn\u00fa\u0165 prevod WU, hackn\u00fa\u0165 prevod pe\u0148az\u00ed cez Western Union, chyba Money Gram<\/p>\n<p>* Predaj e-mailov\u00fdch adries a hesiel \u2013 e-mailov\u00e9 kontakty:<\/p>\n<p>1000 e-mailov\u00fdch adries a hesiel z (USA, Spojen\u00e9ho kr\u00e1\u013eovstva, Kanady, E\u00da, Austr\u00e1lie at\u010f.) a mnoh\u00fdch \u010fal\u0161\u00edch kraj\u00edn = 50 $<\/p>\n<p>5000 e-mailov\u00fdch kontaktov (USA, Spojen\u00e9 kr\u00e1\u013eovstvo, Austr\u00e1lia), Celosvetovo (zmie\u0161an\u00e9), Uch\u00e1dza\u010di o zamestnanie, AOL = 50 $<\/p>\n<p>Hacknutie \u010d\u00edsla MTCN v Money Gram, sledovanie \u010d\u00edsla MTCN v Western Union, hacknutie WU, chyba WU, sledovanie pe\u0148az\u00ed Money Gram<\/p>\n<p>Sme t\u00edm odborn\u00edkov s komplexn\u00fdmi odborn\u00fdmi znalos\u0165ami a preber\u00e1me zodpovednos\u0165 za svoje konanie. Va\u0161e peniaze s\u00fa u n\u00e1s v bezpe\u010d\u00ed!<br \/>\nNa\u0161e syst\u00e9my s\u00fa vybaven\u00e9 najmodernej\u0161ou technol\u00f3giou.<br \/>\nPre st\u00e1lych z\u00e1kazn\u00edkov pon\u00fakame \u0161peci\u00e1lne bonusy a z\u013eavy.<br \/>\nSpokojnos\u0165 z\u00e1kazn\u00edkov je na\u0161ou najvy\u0161\u0161ou prioritou.<br \/>\nRe\u0161pektujeme va\u0161e s\u00fakromie a zabezpe\u010dujeme, aby po\u010das transakci\u00ed nedo\u0161lo k ohrozeniu \u017eiadnych d\u00f4vern\u00fdch \u00fadajov.<br \/>\nWestern Union<br \/>\nPrihl\u00e1senie do prevodov Western Union Prevody Moneygram Hacknut\u00fd PayPal<br \/>\nLeg\u00e1lne napadnut\u00e9 prihl\u00e1senie do prevodov Western Union a prevody Moneygram<br \/>\nPrevody cez PayPal na \u00fa\u010dty kreditn\u00fdch kariet<br \/>\nHacknut\u00e9 \u00fa\u010dty pre prevody cez PayPal<\/p>\n<p>Spracovali sme tis\u00edce hackersk\u00fdch prevodov cez WU so 100% \u00faspe\u0161nos\u0165ou.<\/p>\n<p>K\u00fapi\u0165 hacknut\u00e9 prevody Western Union<\/p>\n<p>V najhor\u0161om pr\u00edpade, ak d\u00f4jde k naru\u0161eniu, zabezpe\u010d\u00edme, aby va\u0161e \u0165a\u017eko zaroben\u00e9 peniaze boli chr\u00e1nen\u00e9.<\/p>\n<p>Z\u00edskajte online prevody cez Western Union hacknut\u00e9 hackermi<\/p>\n<p>V\u010faka n\u00e1\u0161mu glob\u00e1lnemu dosahu a zabezpe\u010den\u00fdm sie\u0165am spracov\u00e1vame transakcie MTCN nepretr\u017eite.<\/p>\n<p>Ako m\u00f4\u017eete prev\u00e1dza\u0165 peniaze online pomocou Western Union Hack?<\/p>\n<p>V obchode s falzifik\u00e1tmi bankoviek spravujeme mno\u017estvo \u00fa\u010dtov po celom svete.<\/p>\n<p>Potrebujeme nasleduj\u00face d\u00f4le\u017eit\u00e9 inform\u00e1cie:<\/p>\n<p>Suma prevodu<br \/>\nMeno a priezvisko pr\u00edjemcu<br \/>\nKrajina a miesto bydliska pr\u00edjemcu<\/p>\n<p>Pre\u010do pred\u00e1vame MTCN?<br \/>\nS na\u0161imi partnermi u\u017e teraz vykon\u00e1vame transakcie na z\u00e1klade percent, ale z d\u00f4vodov rizika nem\u00f4\u017eeme v\u017edy pou\u017e\u00edva\u0165 rovnak\u00e9 meno. Preto zvy\u0161ok pred\u00e1vame.<\/p>\n<p>Transakcia sa vykon\u00e1va prostredn\u00edctvom kariet s vysok\u00fdm limitom a pln\u00fdmi inform\u00e1ciami alebo prihl\u00e1senia do banky (v z\u00e1vislosti od sumy). Vykon\u00e1vame s\u00e9riu prevodov do na\u0161ich zmen\u00e1rn\u00ed, ktor\u00e9 potom peniaze preved\u00fa v\u00e1m (pr\u00edjemcovi).<\/p>\n<p>Toto sl\u00fa\u017ei na zv\u00fd\u0161enie bezpe\u010dnosti pre n\u00e1s aj pre pr\u00edjemcu.<\/p>\n<p>Bezpe\u010dnos\u0165 je na\u0161ou najvy\u0161\u0161ou prioritou, tak\u017ee si m\u00f4\u017eete by\u0165 ist\u00ed.<br \/>\n?<br \/>\nSOFTV\u00c9R\/TERMIN\u00c1LNY PRENOS MTCN<br \/>\nNEEXISTUJE \u017dIADNY TAK\u00dd hack Western Union.<\/p>\n<p>Niektor\u00ed nov\u00ed z\u00e1kazn\u00edci sa n\u00e1s p\u00fdtaj\u00fa, \u010di tento softv\u00e9r pou\u017e\u00edvame.<\/p>\n<p>V s\u00fa\u010dasnosti na svete neexistuje \u017eiadny softv\u00e9r MTCN, ktor\u00fd by sa dal hackn\u00fa\u0165 do Western Union.<\/p>\n<p>V skuto\u010dnosti s\u00fa dostupn\u00e9 zadarmo na internete, ale pravdepodobne sa len nakaz\u00edte nejak\u00fdm v\u00edrusom.<\/p>\n<p>To ist\u00e9 plat\u00ed pre \u013eud\u00ed, ktor\u00ed tvrdia, \u017ee pou\u017e\u00edvaj\u00fa termin\u00e1l WU. Len si pomyslite, nezistila by to Western Union?<\/p>\n<p>LOL: Podvodn\u00edci tie\u017e pou\u017e\u00edvaj\u00fa t\u00fato lo\u017e na nal\u00e1kanie nov\u00e1\u010dikov, preto\u017ee o tom nevedia.<\/p>\n<p>K\u00fapi\u0165 hack Western Union<\/p>\n<p>Hackersk\u00e9 \u00fatoky na Western Union sa vykon\u00e1vaj\u00fa v\u00fdlu\u010dne prostredn\u00edctvom s\u00e9rie prevodov do na\u0161ej zmen\u00e1rne s Fullz (karty s kompletn\u00fdmi inform\u00e1ciami), ktor\u00e1 n\u00e1sledne prevedie peniaze pr\u00edjemcovi.<\/p>\n<p>Toto sa rob\u00ed tak, aby<\/p>\n<\/div>","protected":false},"excerpt":{"rendered":"<p>K\u00fapte si hacknut\u00e9 prevody Western Union a Money Gram online na Press Document, najlep\u0161\u00edch poskytovate\u013eoch slu\u017eieb na zar\u00e1banie pe\u0148az\u00ed a dokumentov.<\/p>\n<p>Vzh\u013eadom na bezpe\u010dnostn\u00e9 zranite\u013enosti v syst\u00e9me je hacking v dne\u0161nej dobe roz\u0161\u00edren\u00fd.<\/p>\n<p>Slu\u017eby prevodu pe\u0148az\u00ed ako Western Union a Money Gram s\u00fa nap\u00e1dan\u00e9 program\u00e1tormi a hackermi, ktor\u00ed maj\u00fa pr\u00edstup k datab\u00e1ze a \u013eahko vykon\u00e1vaj\u00fa transakcie.<\/p>\n<p>Ak chcete dost\u00e1va\u0165 \u010dist\u00e9 peniaze alebo posiela\u0165 v\u00e4\u010d\u0161iu sumu do kraj\u00edn s WU, ste na spr\u00e1vnom mieste.<\/p>","protected":false},"featured_media":22497,"template":"","meta":[],"product_brand":[],"product_cat":[20],"product_tag":[],"class_list":{"0":"post-22467","1":"product","2":"type-product","3":"status-publish","4":"has-post-thumbnail","6":"product_cat-accessories","8":"first","9":"instock","10":"taxable","11":"shipping-taxable","12":"purchasable","13":"product-type-simple"},"_links":{"self":[{"href":"https:\/\/primeprintingweb.com\/sk\/wp-json\/wp\/v2\/product\/22467","targetHints":{"allow":["GET"]}}],"collection":[{"href":"https:\/\/primeprintingweb.com\/sk\/wp-json\/wp\/v2\/product"}],"about":[{"href":"https:\/\/primeprintingweb.com\/sk\/wp-json\/wp\/v2\/types\/product"}],"version-history":[{"count":3,"href":"https:\/\/primeprintingweb.com\/sk\/wp-json\/wp\/v2\/product\/22467\/revisions"}],"predecessor-version":[{"id":22798,"href":"https:\/\/primeprintingweb.com\/sk\/wp-json\/wp\/v2\/product\/22467\/revisions\/22798"}],"wp:featuredmedia":[{"embeddable":true,"href":"https:\/\/primeprintingweb.com\/sk\/wp-json\/wp\/v2\/media\/22497"}],"wp:attachment":[{"href":"https:\/\/primeprintingweb.com\/sk\/wp-json\/wp\/v2\/media?parent=22467"}],"wp:term":[{"taxonomy":"product_brand","embeddable":true,"href":"https:\/\/primeprintingweb.com\/sk\/wp-json\/wp\/v2\/product_brand?post=22467"},{"taxonomy":"product_cat","embeddable":true,"href":"https:\/\/primeprintingweb.com\/sk\/wp-json\/wp\/v2\/product_cat?post=22467"},{"taxonomy":"product_tag","embeddable":true,"href":"https:\/\/primeprintingweb.com\/sk\/wp-json\/wp\/v2\/product_tag?post=22467"}],"curies":[{"name":"wp","href":"https:\/\/api.w.org\/{rel}","templated":true}]}}