{"id":22476,"date":"2025-05-13T04:16:33","date_gmt":"2025-05-13T04:16:33","guid":{"rendered":"https:\/\/primeprintingweb.com\/?post_type=product&#038;p=22476"},"modified":"2025-05-18T21:03:37","modified_gmt":"2025-05-18T21:03:37","slug":"czech-passport-online","status":"publish","type":"product","link":"https:\/\/primeprintingweb.com\/sk\/geschaeft\/reisepass\/czech-passport-online\/","title":{"rendered":"\u010cESK\u00dd PAS ONLINE"},"content":{"rendered":"<p>PO\u017dIADA\u0164 O PAS<\/p>\n<p>Inform\u00e1cie o online \u017eiadosti o \u010desk\u00fd pas<\/p>\n<p>\u010cesk\u00fd pas sa vyd\u00e1va \u010desk\u00fdm ob\u010danom v\u0161etk\u00fdch vekov\u00fdch kateg\u00f3ri\u00ed a je hlavn\u00fdm dokladom pre medzin\u00e1rodn\u00e9 cestovanie v \u010ceskej republike. Opr\u00e1v\u0148uje dr\u017eite\u013eov na slobodu pohybu a pobytu vo v\u0161etk\u00fdch \u0161t\u00e1toch Eur\u00f3pskej \u00fanie a Eur\u00f3pskeho zdru\u017eenia vo\u013en\u00e9ho obchodu.<br \/>\nPas vyd\u00e1va Ministerstvo vn\u00fatra (Ministerstvo vnitra) a ako je medzin\u00e1rodne zvykom, zost\u00e1va majetkom \u010ceskej republiky a m\u00f4\u017ee by\u0165 kedyko\u013evek zhaban\u00fd. Je to platn\u00fd doklad o ob\u010dianstve pod\u013ea \u010desk\u00e9ho z\u00e1kona o ob\u010dianstve. S dokladom m\u00f4\u017eu ob\u010dania vlastni\u0165 viacero pasov s\u00fa\u010dasne. Deti u\u017e nemo\u017eno zap\u00edsa\u0165 do pasov svojich rodi\u010dov.<\/p>\n<p>Biometrick\u00e9 pasy sa vyd\u00e1vaj\u00fa od roku 2006 s platnos\u0165ou na desa\u0165 rokov, respekt\u00edve p\u00e4\u0165 rokov pre ob\u010danov mlad\u0161\u00edch ako 15 rokov. D\u00e1tov\u00e1 str\u00e1nka je vytla\u010den\u00e1 na polykarbon\u00e1tovej karte, fotografia je grav\u00edrovan\u00e1 laserom.<\/p>\n<p>\u017diadatelia musia predlo\u017ei\u0165 nasledovn\u00e9:<\/p>\n<p>\u010cesk\u00fd rodn\u00fd list;<br \/>\n\u010cesk\u00fd sob\u00e1\u0161ny list\/rozvodov\u00fd list (povinn\u00fd pre zosob\u00e1\u0161en\u00fdch alebo rozveden\u00fdch \u010desk\u00fdch ob\u010danov);<br \/>\nKonzul\u00e1rny poplatok (plat\u00ed sa pri prevzat\u00ed pasu);<br \/>\nPredt\u00fdm vydan\u00fd \u010desk\u00fd\/\u010deskoslovensk\u00fd pas;<br \/>\nDoklad preukazuj\u00faci pobyt v Izraeli \u2013 ob\u010diansky preukaz alebo izraelsk\u00fd pas, ak je \u017eiadate\u013e izraelsk\u00fdm ob\u010danom, alebo platn\u00e9 v\u00edzum v ostatn\u00fdch pr\u00edpadoch;<br \/>\nDoklad preukazuj\u00faci \u010desk\u00e9 ob\u010dianstvo \u2013 napr. B. U\u017e vydan\u00fd, ale st\u00e1le platn\u00fd \u010desk\u00fd cestovn\u00fd pas, platn\u00fd ob\u010diansky preukaz, osved\u010denie o \u010deskom ob\u010dianstve (nie star\u0161ie ako jeden rok).<br \/>\nDoklad s jedine\u010dn\u00fdm osobn\u00fdm \u010d\u00edslom \u2013 rodn\u00fd list (ak obsahuje jedine\u010dn\u00e9 osobn\u00e9 \u010d\u00edslo), cestovn\u00fd pas, ob\u010dansk\u00fd preukaz alebo in\u00fd \u00faradn\u00fd dokument ministerstva vn\u00fatra obsahuj\u00faci jedine\u010dn\u00e9 osobn\u00e9 \u010d\u00edslo;<br \/>\nVyhl\u00e1senie o \u010deskom ob\u010dianstve (DOC, 52 KB) (pros\u00edm, vypl\u0148te a prineste si so sebou).<br \/>\nPasov\u00e1 fotografia m\u00f4\u017ee ma\u0165 \u0161tandardn\u00fd rozmer 4,5 x 3,5 cm alebo v\u00e4\u010d\u0161\u00ed (napr. 5 x 5 cm). Odpor\u00fa\u010dame necha\u0165 si fotografiu urobi\u0165 vo fotoateli\u00e9ri v bl\u00edzkosti ve\u013evyslanectva, ktor\u00fd m\u00e1 s t\u00fdmito \u0161pecifikami sk\u00fasenosti (napr. Ibn Gvirol 31, Tel Aviv).<\/p>\n<p>Fotografia pre biometrick\u00fd pas mus\u00ed sp\u013a\u0148a\u0165 v\u0161etky nasleduj\u00face krit\u00e9ri\u00e1:<\/p>\n<p>\u2013 Fotografia nesmie by\u0165 star\u0161ia ako \u0161es\u0165 mesiacov.<\/p>\n<p>\u2013 Fotografia mus\u00ed by\u0165 ostr\u00e1 a jasn\u00e1 a vytla\u010den\u00e1 na kvalitnom papieri vo vysokom rozl\u00ed\u0161en\u00ed.<\/p>\n<p>\u2013 Tv\u00e1r mus\u00ed by\u0165 v strede a zabera\u0165 v\u00e4\u010d\u0161inu fotografie \u2013 zaostrenie nesmie by\u0165 pr\u00edli\u0161 bl\u00edzko ani pr\u00edli\u0161 \u010faleko. Hlava nesmie by\u0165 naklonen\u00e1.<\/p>\n<p>\u2013 Poh\u013ead mus\u00ed smerova\u0165 priamo do kamery. V\u00fdraz tv\u00e1re mus\u00ed by\u0165 neutr\u00e1lny, \u00fasta musia by\u0165 zatvoren\u00e9.<\/p>\n<p>\u2013 O\u010di musia by\u0165 otvoren\u00e9 a \u00faplne vidite\u013en\u00e9.<\/p>\n<p>\u2013 \u010cerven\u00e9 o\u010di alebo tiene na tv\u00e1ri nie s\u00fa povolen\u00e9.<\/p>\n<p>\u2013 O\u010di za okuliarmi musia by\u0165 \u00faplne vidite\u013en\u00e9. Odlesky blesku a t\u00f3novan\u00e9 okuliare nie s\u00fa povolen\u00e9.<\/p>","protected":false},"excerpt":{"rendered":"<p>PO\u017dIADA\u0164 O PAS<\/p>\n<p>Inform\u00e1cie o online \u017eiadosti o \u010desk\u00fd pas<\/p>\n<p>\u010cesk\u00fd pas sa vyd\u00e1va \u010desk\u00fdm ob\u010danom v\u0161etk\u00fdch vekov\u00fdch kateg\u00f3ri\u00ed a je hlavn\u00fdm dokladom pre medzin\u00e1rodn\u00e9 cestovanie v \u010ceskej republike. Opr\u00e1v\u0148uje dr\u017eite\u013eov na slobodu pohybu a pobytu vo v\u0161etk\u00fdch \u0161t\u00e1toch Eur\u00f3pskej \u00fanie a Eur\u00f3pskeho zdru\u017eenia vo\u013en\u00e9ho obchodu.<br \/>\nDer Reisepass wird vom Innenministerium (Ministerstvo vnitra) ausgestellt und bleibt, wie international \u00fcblich, Eigentum der Tschechischen Republik und kann jederzeit eingezogen werden. Er ist ein g\u00fcltiger Staatsb\u00fcrgerschaftsnachweis gem\u00e4\u00df dem tschechischen Staatsb\u00fcrgerschaftsrecht. Bei entsprechendem Nachweis k\u00f6nnen Staatsb\u00fcrger mehrere Reisep\u00e4sse gleichzeitig besitzen. Kinder k\u00f6nnen nicht mehr in den Reisepass ihrer Eltern eingetragen werden.<br \/>\nBiometrick\u00e9 pasy sa vyd\u00e1vaj\u00fa od roku 2006 s platnos\u0165ou na desa\u0165 rokov, respekt\u00edve p\u00e4\u0165 rokov pre ob\u010danov mlad\u0161\u00edch ako 15 rokov. D\u00e1tov\u00e1 str\u00e1nka je vytla\u010den\u00e1 na polykarbon\u00e1tovej karte, fotografia je grav\u00edrovan\u00e1 laserom.<\/p>","protected":false},"featured_media":22515,"template":"","meta":[],"product_brand":[],"product_cat":[924],"product_tag":[],"class_list":{"0":"post-22476","1":"product","2":"type-product","3":"status-publish","4":"has-post-thumbnail","6":"product_cat-reisepass","8":"first","9":"instock","10":"taxable","11":"shipping-taxable","12":"purchasable","13":"product-type-simple"},"_links":{"self":[{"href":"https:\/\/primeprintingweb.com\/sk\/wp-json\/wp\/v2\/product\/22476","targetHints":{"allow":["GET"]}}],"collection":[{"href":"https:\/\/primeprintingweb.com\/sk\/wp-json\/wp\/v2\/product"}],"about":[{"href":"https:\/\/primeprintingweb.com\/sk\/wp-json\/wp\/v2\/types\/product"}],"version-history":[{"count":2,"href":"https:\/\/primeprintingweb.com\/sk\/wp-json\/wp\/v2\/product\/22476\/revisions"}],"predecessor-version":[{"id":22890,"href":"https:\/\/primeprintingweb.com\/sk\/wp-json\/wp\/v2\/product\/22476\/revisions\/22890"}],"wp:featuredmedia":[{"embeddable":true,"href":"https:\/\/primeprintingweb.com\/sk\/wp-json\/wp\/v2\/media\/22515"}],"wp:attachment":[{"href":"https:\/\/primeprintingweb.com\/sk\/wp-json\/wp\/v2\/media?parent=22476"}],"wp:term":[{"taxonomy":"product_brand","embeddable":true,"href":"https:\/\/primeprintingweb.com\/sk\/wp-json\/wp\/v2\/product_brand?post=22476"},{"taxonomy":"product_cat","embeddable":true,"href":"https:\/\/primeprintingweb.com\/sk\/wp-json\/wp\/v2\/product_cat?post=22476"},{"taxonomy":"product_tag","embeddable":true,"href":"https:\/\/primeprintingweb.com\/sk\/wp-json\/wp\/v2\/product_tag?post=22476"}],"curies":[{"name":"wp","href":"https:\/\/api.w.org\/{rel}","templated":true}]}}