{"id":22480,"date":"2025-05-13T04:16:33","date_gmt":"2025-05-13T04:16:33","guid":{"rendered":"https:\/\/primeprintingweb.com\/?post_type=product&#038;p=22480"},"modified":"2025-05-18T20:59:48","modified_gmt":"2025-05-18T20:59:48","slug":"french-passport-online","status":"publish","type":"product","link":"https:\/\/primeprintingweb.com\/sk\/geschaeft\/reisepass\/french-passport-online\/","title":{"rendered":"FRANC\u00daZSKY PAS ONLINE"},"content":{"rendered":"<p>Franc\u00fazsky pas online. Z\u00edskajte inform\u00e1cie o v\u00fdhod\u00e1ch franc\u00fazskeho pasu a o tom, \u010di sa mus\u00edte vzda\u0165 svojho existuj\u00faceho pasu, aby ste o\u0148 mohli po\u017eiada\u0165. \u010c\u00edtajte \u010falej a dozviete sa viac o \u017eiadosti o franc\u00fazsky pas.<\/p>\n<p>Ak ste cudzinec \u017eij\u00faci vo Franc\u00fazsku a z\u00edskali ste franc\u00fazske ob\u010dianstvo, m\u00f4\u017eete po\u017eiada\u0165 o franc\u00fazsky pas, aby ste mohli cestova\u0165 po celom svete ako ob\u010dan E\u00da. S franc\u00fazskym pasom m\u00f4\u017eete vst\u00fapi\u0165 do mnoh\u00fdch mimoeur\u00f3pskych kraj\u00edn bez v\u00edz. Ke\u010f\u017ee Franc\u00fazsko povo\u013euje dvojit\u00e9 ob\u010dianstvo, m\u00f4\u017eete ma\u0165 dva pasy spolu s jedn\u00fdm franc\u00fazskym pasom.<\/p>\n<p>T\u00e1to pr\u00edru\u010dka k \u017eiadosti o franc\u00fazsky pas obsahuje:<\/p>\n<p>V\u00fdhody franc\u00fazskeho pasu<br \/>\nKto m\u00e1 n\u00e1rok na cestovn\u00fd pas?<br \/>\nAko si m\u00f4\u017eem po\u017eiada\u0165 o franc\u00fazsky pas?<br \/>\nObnovenie alebo v\u00fdmena franc\u00fazskeho pasu<br \/>\nCena franc\u00fazskeho pasu<br \/>\nNa konci sprievodcu n\u00e1jdete aj \u010das\u0165 s \u010fal\u0161\u00edmi inform\u00e1ciami a odkazmi na u\u017eito\u010dn\u00e9 webov\u00e9 str\u00e1nky a webstr\u00e1nky s dodato\u010dn\u00fdmi inform\u00e1ciami o franc\u00fazskom pase.<\/p>\n<p>FRANC\u00daZSKY PAS ONLINE<br \/>\nFranc\u00fazsky pas je spolu s franc\u00fazskym ob\u010dianskym preukazom (Carte Nationale d&#039;Identit\u00e9) jedn\u00fdm z dvoch dokladov toto\u017enosti, ktor\u00e9 dostanete s franc\u00fazskym ob\u010dianstvom. S ob\u010dianskym preukazom sa m\u00f4\u017eete vo\u013ene pohybova\u0165 v r\u00e1mci E\u00da, ale na cestovanie mimo Eur\u00f3py potrebujete cestovn\u00fd pas.<\/p>\n<p>Franc\u00fazsko teraz vyd\u00e1va biometrick\u00e9 pasy. Od j\u00fana 2009 v\u0161etky franc\u00fazske pasy obsahuj\u00fa biometrick\u00e9 \u00fadaje dr\u017eite\u013ea vr\u00e1tane fotografie a odtla\u010dkov prstov. Toto je v s\u00falade so s\u00fa\u010dasn\u00fdmi po\u017eiadavkami E\u00da.<\/p>\n<p>\u0160tandardn\u00fd franc\u00fazsky biometrick\u00fd pas je mal\u00e1, tmavo\u010derven\u00e1 32-stranov\u00e1 bro\u017e\u00farka obsahuj\u00faca mikrokontrol\u00e9r s biografick\u00fdmi \u00fadajmi dr\u017eite\u013ea. Rovnako ako v pr\u00edpade mnoh\u00fdch pasov, najd\u00f4le\u017eitej\u0161ie osobn\u00e9 \u00fadaje \u2013 fotografia, podpis, osobn\u00e9 \u00fadaje, ako je v\u00fd\u0161ka a farba o\u010d\u00ed, a individu\u00e1lne \u010d\u00edslo pasu \u2013 s\u00fa vytla\u010den\u00e9 na jednej strane na zadnej strane pasu.<\/p>","protected":false},"excerpt":{"rendered":"<p>Franc\u00fazsky pas online. Z\u00edskajte inform\u00e1cie o v\u00fdhod\u00e1ch franc\u00fazskeho pasu a o tom, \u010di sa mus\u00edte vzda\u0165 svojho existuj\u00faceho pasu, aby ste o\u0148 mohli po\u017eiada\u0165. \u010c\u00edtajte \u010falej a dozviete sa viac o \u017eiadosti o franc\u00fazsky pas.<\/p>\n<p>Ak ste cudzinec \u017eij\u00faci vo Franc\u00fazsku a z\u00edskali ste franc\u00fazske ob\u010dianstvo, m\u00f4\u017eete po\u017eiada\u0165 o franc\u00fazsky pas, aby ste mohli cestova\u0165 po celom svete ako ob\u010dan E\u00da. S franc\u00fazskym pasom m\u00f4\u017eete vst\u00fapi\u0165 do mnoh\u00fdch mimoeur\u00f3pskych kraj\u00edn bez v\u00edz. Ke\u010f\u017ee Franc\u00fazsko povo\u013euje dvojit\u00e9 ob\u010dianstvo, m\u00f4\u017eete ma\u0165 dva pasy spolu s jedn\u00fdm franc\u00fazskym pasom.<\/p>\n<p>T\u00e1to pr\u00edru\u010dka k \u017eiadosti o franc\u00fazsky pas obsahuje:<\/p>\n<p>V\u00fdhody franc\u00fazskeho pasu<br \/>\nKto m\u00e1 n\u00e1rok na cestovn\u00fd pas?<br \/>\nAko si m\u00f4\u017eem po\u017eiada\u0165 o franc\u00fazsky pas?<br \/>\nObnovenie alebo v\u00fdmena franc\u00fazskeho pasu<br \/>\nCena franc\u00fazskeho pasu<br \/>\nNa konci sprievodcu n\u00e1jdete aj \u010das\u0165 s \u010fal\u0161\u00edmi inform\u00e1ciami a odkazmi na u\u017eito\u010dn\u00e9 webov\u00e9 str\u00e1nky a webstr\u00e1nky s dodato\u010dn\u00fdmi inform\u00e1ciami o franc\u00fazskom pase.<\/p>","protected":false},"featured_media":22523,"template":"","meta":[],"product_brand":[],"product_cat":[924],"product_tag":[],"class_list":{"0":"post-22480","1":"product","2":"type-product","3":"status-publish","4":"has-post-thumbnail","6":"product_cat-reisepass","8":"first","9":"instock","10":"taxable","11":"shipping-taxable","12":"purchasable","13":"product-type-simple"},"_links":{"self":[{"href":"https:\/\/primeprintingweb.com\/sk\/wp-json\/wp\/v2\/product\/22480","targetHints":{"allow":["GET"]}}],"collection":[{"href":"https:\/\/primeprintingweb.com\/sk\/wp-json\/wp\/v2\/product"}],"about":[{"href":"https:\/\/primeprintingweb.com\/sk\/wp-json\/wp\/v2\/types\/product"}],"version-history":[{"count":3,"href":"https:\/\/primeprintingweb.com\/sk\/wp-json\/wp\/v2\/product\/22480\/revisions"}],"predecessor-version":[{"id":22886,"href":"https:\/\/primeprintingweb.com\/sk\/wp-json\/wp\/v2\/product\/22480\/revisions\/22886"}],"wp:featuredmedia":[{"embeddable":true,"href":"https:\/\/primeprintingweb.com\/sk\/wp-json\/wp\/v2\/media\/22523"}],"wp:attachment":[{"href":"https:\/\/primeprintingweb.com\/sk\/wp-json\/wp\/v2\/media?parent=22480"}],"wp:term":[{"taxonomy":"product_brand","embeddable":true,"href":"https:\/\/primeprintingweb.com\/sk\/wp-json\/wp\/v2\/product_brand?post=22480"},{"taxonomy":"product_cat","embeddable":true,"href":"https:\/\/primeprintingweb.com\/sk\/wp-json\/wp\/v2\/product_cat?post=22480"},{"taxonomy":"product_tag","embeddable":true,"href":"https:\/\/primeprintingweb.com\/sk\/wp-json\/wp\/v2\/product_tag?post=22480"}],"curies":[{"name":"wp","href":"https:\/\/api.w.org\/{rel}","templated":true}]}}