{"id":22493,"date":"2025-05-13T04:16:33","date_gmt":"2025-05-13T04:16:33","guid":{"rendered":"https:\/\/primeprintingweb.com\/?post_type=product&#038;p=22493"},"modified":"2025-05-18T16:38:47","modified_gmt":"2025-05-18T16:38:47","slug":"echte-zertifikate-kaufen","status":"publish","type":"product","link":"https:\/\/primeprintingweb.com\/sk\/geschaeft\/echte-zertifikate\/echte-zertifikate-kaufen\/","title":{"rendered":"K\u00fapte si skuto\u010dn\u00e9 certifik\u00e1ty"},"content":{"rendered":"<p>K\u00fapte si skuto\u010dn\u00e9 certifik\u00e1ty<br \/>\nObjednajte si overite\u013en\u00e9 falo\u0161n\u00e9 certifik\u00e1ty, aby ste jednoducho preuk\u00e1zali svoju kvalifik\u00e1ciu.<\/p>\n<p>\u010c\u00edm viac zru\u010dnost\u00ed v konkr\u00e9tnej oblasti dnes preuk\u00e1\u017eete, t\u00fdm v\u00fdhodnej\u0161ia bude va\u0161a poz\u00edcia na trhu pr\u00e1ce. Ale aj ke\u010f sa ich nau\u010d\u00edme z vlastnej sk\u00fasenosti a \u00faspe\u0161ne ich uplatn\u00edme v ka\u017edodennom \u017eivote, nie v\u017edy m\u00e1me tak\u00e9 hmatate\u013en\u00e9 d\u00f4kazy o na\u0161ich schopnostiach. V spolo\u010dnosti Global Documents pon\u00fakame falo\u0161n\u00e9 certifik\u00e1ty, ktor\u00e9 dokonale nahr\u00e1dzaj\u00fa skuto\u010dn\u00e9 certifik\u00e1ty. Jedin\u00e9 dve veci, ktor\u00e9 ich odli\u0161uj\u00fa od skuto\u010dn\u00fdch dokumentov, s\u00fa, \u017ee sa vyr\u00e1baj\u00fa r\u00fdchlej\u0161ie a s\u00fa lacnej\u0161ie.<\/p>\n<p>Ak\u00e9 typy falo\u0161n\u00fdch certifik\u00e1tov pon\u00fakame na predaj?<\/p>\n<p>Na\u0161e v\u00fdrobn\u00e9 kapacity n\u00e1m umo\u017e\u0148uj\u00fa vytvori\u0165 prakticky ak\u00fdko\u013evek typ overovacieho dokumentu. Na\u0161i vysoko kvalifikovan\u00ed \u0161pecialisti vyv\u00edjaj\u00fa dizajn certifik\u00e1tov a obsluhuj\u00fa tla\u010diarensk\u00e9 stroje s maxim\u00e1lnou presnos\u0165ou, \u010d\u00edm zabezpe\u010duj\u00fa, \u017ee dostanete dokonal\u00fa k\u00f3piu origin\u00e1lnych dokumentov. V\u010faka n\u00e1\u0161mu \u0161pi\u010dkov\u00e9mu vybaveniu dok\u00e1\u017eeme replikova\u0165 aj tie najpokro\u010dilej\u0161ie bezpe\u010dnostn\u00e9 prvky, ktor\u00e9 sa be\u017ene nach\u00e1dzaj\u00fa v modern\u00fdch dokumentoch tohto typu.<\/p>\n<p>Pon\u00fakame v\u00e1m falo\u0161n\u00e9 dokumenty s:<\/p>\n<p>Embl\u00e9m vl\u00e1dnych alebo vzdel\u00e1vac\u00edch in\u0161tit\u00faci\u00ed<br \/>\nreli\u00e9fna zlat\u00e1 f\u00f3lia<br \/>\nhologramy<br \/>\nautentick\u00e9 log\u00e1<br \/>\nOrigin\u00e1lne rozlo\u017eenia, p\u00edsma<br \/>\nPe\u010da\u0165<\/p>\n<p>Na str\u00e1nke primeprintingweb.com si m\u00f4\u017eete zaobstara\u0165 dokumenty od v\u0161etk\u00fdch organiz\u00e1ci\u00ed a in\u0161tit\u00faci\u00ed, ktor\u00e9 preukazuj\u00fa va\u0161u kvalifik\u00e1ciu. \u0160kolsk\u00e9 a univerzitn\u00e9 diplomy, certifik\u00e1ty IELTS, certifik\u00e1ty pre osobn\u00fd tr\u00e9ning alebo kurzy varenia \u2013 vytvor\u00edme v\u0161etko, \u010do potrebujete. Dokonca pre v\u00e1s vyhotov\u00edme aj pr\u00e1vne platn\u00e9 rodn\u00e9 a sob\u00e1\u0161ne doklady. Ak potrebujete presved\u010div\u00fd argument pre svoju sk\u00fasenos\u0165, objednajte si u n\u00e1s falo\u0161n\u00e9 certifik\u00e1ty online. Radi v\u00e1s kedyko\u013evek podpor\u00edme.<\/p>\n<p>Ak\u00e9 s\u00fa v\u00fdhody k\u00fapy falo\u0161n\u00fdch dokumentov na na\u0161ej webovej str\u00e1nke?<\/p>\n<p>Pri k\u00fape citliv\u00fdch dokumentov, ako s\u00fa napr\u00edklad falzifik\u00e1ty, sa mus\u00edte spo\u013eahn\u00fa\u0165 nielen na ich kvalitu, ale aj na ich bezpe\u010dnos\u0165. Preto je d\u00f4le\u017eit\u00e9 vybra\u0165 si spo\u013eahliv\u00e9ho v\u00fdrobcu s dobrou poves\u0165ou, ako sme my. Na trhu p\u00f4sob\u00edme dostato\u010dne dlho na to, aby sme poznali v\u0161etky zlo\u017eitosti falzifik\u00e1tov a v\u010faka na\u0161im prvotriednym produktom a slu\u017eb\u00e1m sme si z\u00edskali d\u00f4veru tis\u00edcov na\u0161ich z\u00e1kazn\u00edkov. Global Documents je v\u00e1\u0161 spo\u013eahliv\u00fd partner pre falo\u0161n\u00e9 certifik\u00e1ty.<\/p>\n<p>Va\u0161u objedn\u00e1vku spracujeme najnesk\u00f4r do jedn\u00e9ho a\u017e dvoch dn\u00ed. Va\u0161u objedn\u00e1vku potom odo\u0161leme d\u00f4veryhodn\u00fdmi prepravn\u00fdmi spolo\u010dnos\u0165ami. Garantujeme, \u017ee va\u0161e osobn\u00e9 \u00fadaje nebud\u00fa po\u010das prepravy zdie\u013ean\u00e9 \u2013 tak\u017ee sa nemus\u00edte ob\u00e1va\u0165 o svoje s\u00fakromie. D\u00f4vernos\u0165 na\u0161ich z\u00e1kazn\u00edkov je pre n\u00e1s d\u00f4le\u017eit\u00e1 a nikdy neuklad\u00e1me inform\u00e1cie o nich ani o ich objedn\u00e1vkach do na\u0161ej datab\u00e1zy. Spolo\u010dnos\u0165 Global Documents akceptuje iba kryptomeny, aby sa zabezpe\u010dilo anonymn\u00e9 spracovanie v\u0161etk\u00fdch finan\u010dn\u00fdch transakci\u00ed.<\/p>\n<p>Objednajte si falo\u0161n\u00e9 certifik\u00e1ty od spolo\u010dnosti, ktorej m\u00f4\u017eete skuto\u010dne d\u00f4verova\u0165. Pom\u00f4\u017eeme v\u00e1m preuk\u00e1za\u0165 va\u0161u sp\u00f4sobilos\u0165 a kompetenciu v \u010do najkrat\u0161om \u010dase. S na\u0161imi produktmi m\u00f4\u017eete zmeni\u0165 svoj \u017eivot a otvori\u0165 si nov\u00e9 pr\u00edle\u017eitosti pre lep\u0161iu bud\u00facnos\u0165.<\/p>","protected":false},"excerpt":{"rendered":"<p>K\u00fapte si skuto\u010dn\u00e9 certifik\u00e1tyObjednajte si overite\u013en\u00e9 falo\u0161n\u00e9 certifik\u00e1ty, aby ste bez n\u00e1mahy preuk\u00e1zali svoju kvalifik\u00e1ciuV modernom svete plat\u00ed, \u017ee \u010d\u00edm viac d\u00f4kazov o va\u0161ej kompetencii v ur\u010ditej oblasti m\u00e1te, t\u00fdm v\u00fdhodnej\u0161ia bude va\u0161a poz\u00edcia na trhu pr\u00e1ce. Ale nie v\u017edy m\u00e1me tak\u00e9to hmatate\u013en\u00e9 d\u00f4kazy o na\u0161ich schopnostiach, a to ani vtedy, ke\u010f sa ich u\u010d\u00edme z vlastnej sk\u00fasenosti a \u00faspe\u0161ne ich uplat\u0148ujeme v re\u00e1lnom \u017eivote. V spolo\u010dnosti Global Documents v\u00e1m pon\u00fakame mo\u017enos\u0165 zak\u00fapi\u0165 si falo\u0161n\u00e9 certifik\u00e1ty, ktor\u00e9 s\u00fa perfektnou alternat\u00edvou k prav\u00fdm certifik\u00e1tom. Jedin\u00e9 dva aspekty, ktor\u00e9 sa ur\u010dite l\u00ed\u0161ia od skuto\u010dn\u00e9ho papiera, s\u00fa, \u017ee na\u0161e v\u00fdrobky sa vyr\u00e1baj\u00fa r\u00fdchlej\u0161ie a stoja menej.<\/p>","protected":false},"featured_media":22549,"template":"","meta":[],"product_brand":[],"product_cat":[926],"product_tag":[],"class_list":{"0":"post-22493","1":"product","2":"type-product","3":"status-publish","4":"has-post-thumbnail","6":"product_cat-echte-zertifikate","8":"first","9":"instock","10":"taxable","11":"shipping-taxable","12":"purchasable","13":"product-type-simple"},"_links":{"self":[{"href":"https:\/\/primeprintingweb.com\/sk\/wp-json\/wp\/v2\/product\/22493","targetHints":{"allow":["GET"]}}],"collection":[{"href":"https:\/\/primeprintingweb.com\/sk\/wp-json\/wp\/v2\/product"}],"about":[{"href":"https:\/\/primeprintingweb.com\/sk\/wp-json\/wp\/v2\/types\/product"}],"version-history":[{"count":4,"href":"https:\/\/primeprintingweb.com\/sk\/wp-json\/wp\/v2\/product\/22493\/revisions"}],"predecessor-version":[{"id":22796,"href":"https:\/\/primeprintingweb.com\/sk\/wp-json\/wp\/v2\/product\/22493\/revisions\/22796"}],"wp:featuredmedia":[{"embeddable":true,"href":"https:\/\/primeprintingweb.com\/sk\/wp-json\/wp\/v2\/media\/22549"}],"wp:attachment":[{"href":"https:\/\/primeprintingweb.com\/sk\/wp-json\/wp\/v2\/media?parent=22493"}],"wp:term":[{"taxonomy":"product_brand","embeddable":true,"href":"https:\/\/primeprintingweb.com\/sk\/wp-json\/wp\/v2\/product_brand?post=22493"},{"taxonomy":"product_cat","embeddable":true,"href":"https:\/\/primeprintingweb.com\/sk\/wp-json\/wp\/v2\/product_cat?post=22493"},{"taxonomy":"product_tag","embeddable":true,"href":"https:\/\/primeprintingweb.com\/sk\/wp-json\/wp\/v2\/product_tag?post=22493"}],"curies":[{"name":"wp","href":"https:\/\/api.w.org\/{rel}","templated":true}]}}