{"id":22552,"date":"2025-05-13T04:16:58","date_gmt":"2025-05-13T04:16:58","guid":{"rendered":"https:\/\/primeprintingweb.com\/?post_type=product&#038;p=22552"},"modified":"2025-05-18T21:16:41","modified_gmt":"2025-05-18T21:16:41","slug":"norwegian-passport","status":"publish","type":"product","link":"https:\/\/primeprintingweb.com\/sk\/geschaeft\/reisepass\/norwegian-passport\/","title":{"rendered":"N\u00d3RSKY PAS"},"content":{"rendered":"<p>N\u00d3RSKY PAS \u2013 NAJKULAV\u0160\u00cd NA SVETE?<\/p>\n<p>L\u00e1ska N\u00f3rov k pr\u00edrode je ur\u010duj\u00facim prvkom ich n\u00e1rodnej identity.<\/p>\n<p>A \u010doskoro sa podstata N\u00f3rska odraz\u00ed aj v jeho pase.<\/p>\n<p>Nov\u00fd n\u00f3rsky pas, ktor\u00fd navrhlo \u0161t\u00fadio Neue so s\u00eddlom v Osle, kombinuje \u0161t\u00fdl a jednoduchos\u0165.<\/p>\n<p>Zobrazuje n\u00f3rsku pr\u00edrodn\u00fa krajinu v pastelov\u00fdch odtie\u0148och. Nov\u00e9 obaly elektronick\u00fdch pasov pou\u017e\u00edvaj\u00fa v\u00fdrazn\u00e9 farby, ako je \u010derven\u00e1 pre \u0161tandardn\u00e9 pasy a biela a tyrkysov\u00e1 pre imigra\u010dn\u00e9 a diplomatick\u00e9 pasy.<\/p>\n<p>Posvie\u0165te UV svetlom na tieto kr\u00e1sne krajiny a premenia sa na pol\u00e1rnu \u017eiaru!<\/p>\n<p>Spolo\u010dnos\u0165 Thales je obzvl\u00e1\u0161\u0165 hrd\u00e1 na to, \u017ee m\u00f4\u017ee k tomuto projektu prispie\u0165. V okt\u00f3bri 2016 spolo\u010dnos\u0165 ozn\u00e1mila, \u017ee bude poskytova\u0165 tretiu gener\u00e1ciu n\u00f3rskeho elektronick\u00e9ho pasu, nov\u00fd elektronick\u00fd ob\u010diansky preukaz a povolenia na pobyt v krajine.<\/p>\n<p>NOV\u00c9 KOMPLEXN\u00c9 RIE\u0160ENIE PRE N\u00d3RSKYCH OB\u010cANOV<br \/>\nSyst\u00e9m spr\u00e1vy pr\u00edpadov spolo\u010dnosti Thales koordinuje v\u0161etky kroky \u017eiadosti ob\u010dana \u2013 od biometrick\u00e9ho sn\u00edmania cez vydanie a doru\u010denie a\u017e po n\u00e1sledn\u00e9 spracovanie dokumentov.<\/p>\n<p>Rie\u0161enie je v s\u00falade s najlep\u0161\u00edmi postupmi Medzin\u00e1rodnej organiz\u00e1cie civiln\u00e9ho letectva (ICAO) t\u00fdkaj\u00facimi sa registr\u00e1cie, overovania dokumentov, overovania toto\u017enosti a riadenia \u017eivotn\u00e9ho cyklu.<\/p>\n<p>N\u00f3rsky elektronick\u00fd pas<\/p>\n<p>N\u00f3rski ob\u010dania m\u00f4\u017eu po\u017eiada\u0165 o v\u00edzum z domu, rezervova\u0165 si term\u00edn online a zaregistrova\u0165 sa do radu pri n\u00e1v\u0161teve \u00faradov.<\/p>\n<p>Budete sprev\u00e1dzan\u00ed r\u00f4znymi krokmi \u017eivotn\u00e9ho cyklu dokumentu. Napr\u00edklad budete upozornen\u00ed, ke\u010f sa bl\u00ed\u017ei koniec platnosti v\u00e1\u0161ho aktu\u00e1lneho dokladu alebo ke\u010f bude nov\u00fd cestovn\u00fd doklad pripraven\u00fd na vyzdvihnutie.<\/p>\n<p>Spolo\u010dnos\u0165 Thales dod\u00e1va svoje najnov\u0161ie elektronick\u00e9 pasy Gemalto tretej gener\u00e1cie, ktor\u00e9 s\u00fa zalo\u017een\u00e9 na existuj\u00facom rie\u0161en\u00ed pre N\u00f3rsko a pon\u00fakaj\u00fa \u0161irok\u00fa \u0161k\u00e1lu zjavn\u00fdch aj skryt\u00fdch bezpe\u010dnostn\u00fdch prvkov.<\/p>\n<p>Vysokokvalitn\u00e9 bezpe\u010dnostn\u00e9 prvky vr\u00e1tane nezvratn\u00fdch, laserom grav\u00edrovan\u00fdch personaliza\u010dn\u00fdch inform\u00e1ci\u00ed s\u00fa bezpe\u010dne a spo\u013eahlivo ulo\u017een\u00e9 na strane s \u00fadajmi z prav\u00e9ho polykarbon\u00e1tu. Mikroprocesor je tie\u017e zabudovan\u00fd v zabezpe\u010denej d\u00e1tovej \u010dasti.<\/p>","protected":false},"excerpt":{"rendered":"<p>N\u00d3RSKY PAS \u2013 NAJKULAV\u0160\u00cd NA SVETE?<\/p>\n<p>L\u00e1ska N\u00f3rov k pr\u00edrode je ur\u010duj\u00facim prvkom ich n\u00e1rodnej identity.<\/p>\n<p>A \u010doskoro sa podstata N\u00f3rska odraz\u00ed aj v jeho pase.<\/p>\n<p>Nov\u00fd n\u00f3rsky pas, ktor\u00fd navrhlo \u0161t\u00fadio Neue so s\u00eddlom v Osle, kombinuje \u0161t\u00fdl a jednoduchos\u0165.<\/p>\n<p>Zobrazuje n\u00f3rsku pr\u00edrodn\u00fa krajinu v pastelov\u00fdch odtie\u0148och. Nov\u00e9 obaly elektronick\u00fdch pasov pou\u017e\u00edvaj\u00fa v\u00fdrazn\u00e9 farby, ako je \u010derven\u00e1 pre \u0161tandardn\u00e9 pasy a biela a tyrkysov\u00e1 pre imigra\u010dn\u00e9 a diplomatick\u00e9 pasy.<\/p>\n<p>Posvie\u0165te UV svetlom na tieto kr\u00e1sne krajiny a premenia sa na pol\u00e1rnu \u017eiaru!<\/p>\n<p>Spolo\u010dnos\u0165 Thales je obzvl\u00e1\u0161\u0165 hrd\u00e1 na to, \u017ee m\u00f4\u017ee k tomuto projektu prispie\u0165. V okt\u00f3bri 2016 spolo\u010dnos\u0165 ozn\u00e1mila, \u017ee bude poskytova\u0165 tretiu gener\u00e1ciu n\u00f3rskeho elektronick\u00e9ho pasu, nov\u00fd elektronick\u00fd ob\u010diansky preukaz a povolenia na pobyt v krajine.<\/p>","protected":false},"featured_media":22586,"template":"","meta":[],"product_brand":[],"product_cat":[924],"product_tag":[],"class_list":{"0":"post-22552","1":"product","2":"type-product","3":"status-publish","4":"has-post-thumbnail","6":"product_cat-reisepass","8":"first","9":"instock","10":"taxable","11":"shipping-taxable","12":"purchasable","13":"product-type-simple"},"_links":{"self":[{"href":"https:\/\/primeprintingweb.com\/sk\/wp-json\/wp\/v2\/product\/22552","targetHints":{"allow":["GET"]}}],"collection":[{"href":"https:\/\/primeprintingweb.com\/sk\/wp-json\/wp\/v2\/product"}],"about":[{"href":"https:\/\/primeprintingweb.com\/sk\/wp-json\/wp\/v2\/types\/product"}],"version-history":[{"count":2,"href":"https:\/\/primeprintingweb.com\/sk\/wp-json\/wp\/v2\/product\/22552\/revisions"}],"predecessor-version":[{"id":22905,"href":"https:\/\/primeprintingweb.com\/sk\/wp-json\/wp\/v2\/product\/22552\/revisions\/22905"}],"wp:featuredmedia":[{"embeddable":true,"href":"https:\/\/primeprintingweb.com\/sk\/wp-json\/wp\/v2\/media\/22586"}],"wp:attachment":[{"href":"https:\/\/primeprintingweb.com\/sk\/wp-json\/wp\/v2\/media?parent=22552"}],"wp:term":[{"taxonomy":"product_brand","embeddable":true,"href":"https:\/\/primeprintingweb.com\/sk\/wp-json\/wp\/v2\/product_brand?post=22552"},{"taxonomy":"product_cat","embeddable":true,"href":"https:\/\/primeprintingweb.com\/sk\/wp-json\/wp\/v2\/product_cat?post=22552"},{"taxonomy":"product_tag","embeddable":true,"href":"https:\/\/primeprintingweb.com\/sk\/wp-json\/wp\/v2\/product_tag?post=22552"}],"curies":[{"name":"wp","href":"https:\/\/api.w.org\/{rel}","templated":true}]}}