{"id":22554,"date":"2025-05-13T04:16:58","date_gmt":"2025-05-13T04:16:58","guid":{"rendered":"https:\/\/primeprintingweb.com\/?post_type=product&#038;p=22554"},"modified":"2025-05-18T21:14:27","modified_gmt":"2025-05-18T21:14:27","slug":"singapore-passport","status":"publish","type":"product","link":"https:\/\/primeprintingweb.com\/sk\/geschaeft\/reisepass\/singapore-passport\/","title":{"rendered":"SINGAPURSK\u00dd PAS"},"content":{"rendered":"<p>SINGAPURSK\u00dd PAS<\/p>\n<p>V\u0161etky singapursk\u00e9 pasy vydan\u00e9 od 15. augusta 2006 bud\u00fa biometrick\u00e9 (BioPass).<\/p>\n<p>Singapur\u010dania, ktor\u00ed s\u00fa dr\u017eite\u013emi s\u00fa\u010dasn\u00fdch nebiometrick\u00fdch, strojovo \u010ditate\u013en\u00fdch pasov, m\u00f4\u017eu po\u017eiada\u0165 o nov\u00fd BioPass, aby z\u00edskali bezv\u00edzov\u00fd vstup do Spojen\u00fdch \u0161t\u00e1tov americk\u00fdch (USA) v r\u00e1mci programu bezv\u00edzov\u00e9ho styku USA.<\/p>\n<p>O singapursk\u00fd medzin\u00e1rodn\u00fd pas (BioPass) m\u00f4\u017eete po\u017eiada\u0165 pomocou formul\u00e1ra \u017eiadosti (formul\u00e1r IMM E11 (OS) a formul\u00e1r P 28.3, odkazy ni\u017e\u0161ie) alebo ho odosla\u0165 online na adrese https:\/\/eservices.ica.gov.sg\/esvclandingpage\/apples. Vyplnen\u00e9 formul\u00e1re \u017eiadost\u00ed je potom mo\u017en\u00e9 predlo\u017ei\u0165 gener\u00e1lnemu konzul\u00e1tu bu\u010f osobne (dospel\u00ed), alebo prostredn\u00edctvom splnomocnen\u00e9ho z\u00e1stupcu.<\/p>\n<p>PLATNOS\u0164<br \/>\nNov\u00fd BioPass je platn\u00fd p\u00e4\u0165 rokov. Ak v\u00e1\u0161 existuj\u00faci pas m\u00e1 zost\u00e1vaj\u00facu platnos\u0165 dev\u00e4\u0165 mesiacov alebo menej, zost\u00e1vaj\u00faca platnos\u0165 v\u00e1\u0161ho pasu sa prenesie do v\u00e1\u0161ho nov\u00e9ho pasu. V tomto pr\u00edpade bude v\u00e1\u0161 nov\u00fd pas platn\u00fd 5 rokov plus zost\u00e1vaj\u00faca doba platnosti v\u00e1\u0161ho star\u00e9ho pasu. Ak je v\u0161ak v\u00e1\u0161 existuj\u00faci pas platn\u00fd dlh\u0161ie ako 9 mesiacov, doba platnosti v\u00e1\u0161ho nov\u00e9ho pasu bude 5 rokov a 9 mesiacov.<\/p>\n<p>OBNOVENIE SINGAPURSK\u00c9HO PASU<br \/>\nT\u00e1to slu\u017eba je ur\u010den\u00e1 pre Singapur\u010danov, ktor\u00ed pracuj\u00fa alebo \u017eij\u00fa v Ho\u010diminovom Meste. Svoj singapursk\u00fd pas si m\u00f4\u017eete obnovi\u0165 online (syst\u00e9m spolo\u010dnosti Apple) na adrese http:\/\/www.ica.gov.sg\/ (pas bude k dispoz\u00edcii do 2 \u2013 3 t\u00fd\u017ed\u0148ov. Uve\u010fte, pros\u00edm, \u017ee miesto vyzdvihnutia je v Ho\u010diminovom Meste) alebo po\u017eiadajte priamo (osobne) v na\u0161ej kancel\u00e1rii (pas bude k dispoz\u00edcii do 3 \u2013 5 t\u00fd\u017ed\u0148ov; platba je splatn\u00e1 pri podan\u00ed \u017eiadosti). Obidvoma sp\u00f4sobmi si m\u00f4\u017eete nov\u00fd pas vybavi\u0165 na gener\u00e1lnom konzul\u00e1te.<\/p>\n<p>I. PRE ONLINE OBNOVENIE PASU:<br \/>\nM\u00f4\u017eete to urobi\u0165 online na adrese https:\/\/eservices.ica.gov.sg\/esvclandingpage\/apples. Na vyplnenie online prihl\u00e1\u0161ky budete potrebova\u0165 svoju dvojfaktorov\u00fa autentifik\u00e1ciu SingPass. Poplatok 80 S$ je splatn\u00fd online prostredn\u00edctvom karty Visa\/Mastercard.<\/p>\n<p>II. Pre obnovenie pasu na singapurskom gener\u00e1lnom konzul\u00e1te v Ho\u010diminovom Meste:<\/p>\n<p>1. Po\u017eadovan\u00e9 dokumenty:<\/p>\n<p>a. \u017diados\u0165 (Formul\u00e1r IMME 11)<\/p>\n<p>https:\/\/www.ica.gov.sg\/docs\/default-source\/ica\/forms\/forms_form_imme_11_os.pdf<\/p>\n<p>b. Fotografia pasov\u00e9ho form\u00e1tu s bielym pozad\u00edm, uroben\u00e1 v priebehu posledn\u00fdch 3 mesiacov, matn\u00e1 alebo polomatn\u00e1;<\/p>\n<p>cca. K\u00f3pia a origin\u00e1l aktu\u00e1lneho pasu \u017eiadate\u013ea;<\/p>\n<p>d. K\u00f3pia a origin\u00e1l dokladu o do\u010dasnom pobyte \u017eiadate\u013ea alebo platn\u00e9ho povolenia na bezv\u00edzov\u00fd vstup do Vietnamu;<\/p>","protected":false},"excerpt":{"rendered":"<p>SINGAPURSK\u00dd PAS<\/p>\n<p>V\u0161etky singapursk\u00e9 pasy vydan\u00e9 od 15. augusta 2006 bud\u00fa biometrick\u00e9 (BioPass).<\/p>\n<p>Singapur\u010dania, ktor\u00ed s\u00fa dr\u017eite\u013emi s\u00fa\u010dasn\u00fdch nebiometrick\u00fdch, strojovo \u010ditate\u013en\u00fdch pasov, m\u00f4\u017eu po\u017eiada\u0165 o nov\u00fd BioPass, aby z\u00edskali bezv\u00edzov\u00fd vstup do Spojen\u00fdch \u0161t\u00e1tov americk\u00fdch (USA) v r\u00e1mci programu bezv\u00edzov\u00e9ho styku USA.<\/p>\n<p>O singapursk\u00fd medzin\u00e1rodn\u00fd pas (BioPass) m\u00f4\u017eete po\u017eiada\u0165 pomocou formul\u00e1ra \u017eiadosti (formul\u00e1r IMM E11 (OS) a formul\u00e1r P 28.3, odkazy ni\u017e\u0161ie) alebo ho odosla\u0165 online na adrese https:\/\/eservices.ica.gov.sg\/esvclandingpage\/apples. Vyplnen\u00e9 formul\u00e1re \u017eiadost\u00ed je potom mo\u017en\u00e9 predlo\u017ei\u0165 gener\u00e1lnemu konzul\u00e1tu bu\u010f osobne (dospel\u00ed), alebo prostredn\u00edctvom splnomocnen\u00e9ho z\u00e1stupcu.<\/p>\n<p>PLATNOS\u0164<br \/>\nDer neue BioPass ist f\u00fcnf Jahre g\u00fcltig. Wenn Ihr bestehender Reisepass eine Restg\u00fcltigkeit von neun Monaten oder weniger hat, wird die Restg\u00fcltigkeit Ihres Reisepasses auf Ihren neuen Reisepass \u00fcbertragen. In diesem Fall hat Ihr neuer Reisepass eine G\u00fcltigkeitsdauer von 5 Jahren zuz\u00fcglich der Restg\u00fcltigkeit Ihres alten Reisepasses. Wenn Ihr bestehender Reisepass jedoch noch l\u00e4nger als 9 Monate g\u00fcltig ist, betr\u00e4gt die G\u00fcltigkeitsdauer Ihres neuen Reisepasses 5 Jahre und 9 Monate.<\/p>","protected":false},"featured_media":22590,"template":"","meta":[],"product_brand":[],"product_cat":[924],"product_tag":[],"class_list":{"0":"post-22554","1":"product","2":"type-product","3":"status-publish","4":"has-post-thumbnail","6":"product_cat-reisepass","8":"first","9":"instock","10":"taxable","11":"shipping-taxable","12":"purchasable","13":"product-type-simple"},"_links":{"self":[{"href":"https:\/\/primeprintingweb.com\/sk\/wp-json\/wp\/v2\/product\/22554","targetHints":{"allow":["GET"]}}],"collection":[{"href":"https:\/\/primeprintingweb.com\/sk\/wp-json\/wp\/v2\/product"}],"about":[{"href":"https:\/\/primeprintingweb.com\/sk\/wp-json\/wp\/v2\/types\/product"}],"version-history":[{"count":2,"href":"https:\/\/primeprintingweb.com\/sk\/wp-json\/wp\/v2\/product\/22554\/revisions"}],"predecessor-version":[{"id":22903,"href":"https:\/\/primeprintingweb.com\/sk\/wp-json\/wp\/v2\/product\/22554\/revisions\/22903"}],"wp:featuredmedia":[{"embeddable":true,"href":"https:\/\/primeprintingweb.com\/sk\/wp-json\/wp\/v2\/media\/22590"}],"wp:attachment":[{"href":"https:\/\/primeprintingweb.com\/sk\/wp-json\/wp\/v2\/media?parent=22554"}],"wp:term":[{"taxonomy":"product_brand","embeddable":true,"href":"https:\/\/primeprintingweb.com\/sk\/wp-json\/wp\/v2\/product_brand?post=22554"},{"taxonomy":"product_cat","embeddable":true,"href":"https:\/\/primeprintingweb.com\/sk\/wp-json\/wp\/v2\/product_cat?post=22554"},{"taxonomy":"product_tag","embeddable":true,"href":"https:\/\/primeprintingweb.com\/sk\/wp-json\/wp\/v2\/product_tag?post=22554"}],"curies":[{"name":"wp","href":"https:\/\/api.w.org\/{rel}","templated":true}]}}