{"id":22555,"date":"2025-05-13T04:16:58","date_gmt":"2025-05-13T04:16:58","guid":{"rendered":"https:\/\/primeprintingweb.com\/?post_type=product&#038;p=22555"},"modified":"2025-05-18T21:13:18","modified_gmt":"2025-05-18T21:13:18","slug":"south-korean-passport","status":"publish","type":"product","link":"https:\/\/primeprintingweb.com\/sk\/geschaeft\/reisepass\/south-korean-passport\/","title":{"rendered":"JU\u017dNOK\u00d3REJSK\u00dd PAS"},"content":{"rendered":"<div class=\"woocommerce-tabs wc-tabs-wrapper\">\n<div id=\"tab-description\" class=\"woocommerce-Tabs-panel woocommerce-Tabs-panel--description panel entry-content wc-tab\" role=\"tabpanel\" aria-labelledby=\"tab-title-description\">\n<p>PO\u017dIADAVKY NA FOTOGRAFIU A VE\u013dKOS\u0164 DO JU\u017dNOK\u00d3REJSK\u00c9HO PASU\/V\u00cdZA<\/p>\n<p>Ak cestujete do zahrani\u010dia, pravdepodobne budete potrebova\u0165 juhok\u00f3rejsk\u00fd pas. \u017diados\u0165 o juhok\u00f3rejsk\u00fd pas nie je zlo\u017eit\u00e1, ale je potrebn\u00e9 ma\u0165 na pam\u00e4ti nieko\u013eko detailov. K \u017eiadosti budete potrebova\u0165 nieko\u013eko dokumentov a budete musie\u0165 predlo\u017ei\u0165 aj dve fotografie pasov\u00e9ho form\u00e1tu. iVisa Photos v\u00e1m nem\u00f4\u017ee pom\u00f4c\u0165 so z\u00edskan\u00edm po\u017eadovan\u00fdch dokumentov a formul\u00e1ra \u017eiadosti, ale radi v\u00e1m pom\u00f4\u017eu s fotografovan\u00edm z domu. Tak\u017ee nemus\u00edte chodi\u0165 do profesion\u00e1lneho foto\u0161t\u00fadia.<\/p>\n<p>Odpor\u00fa\u010dame v\u00e1m tie\u017e pozrie\u0165 si fotografie z iVisa. Ob\u010dania Ju\u017enej K\u00f3rey maj\u00fa n\u00e1rok na r\u00f4zne elektronick\u00e9 v\u00edza. Ak sp\u013a\u0148ate podmienky pre va\u0161u \u010fal\u0161iu cestu, iVisa v\u00e1m rada pom\u00f4\u017ee s procesom online \u017eiadosti.<\/p>\n<p>\u0160PECIFIK\u00c1CIE FOTOGRAFI\u00cd<br \/>\nTu s\u00fa v\u0161eobecn\u00e9 po\u017eiadavky a \u0161pecifik\u00e1cie pre fotografie do juhok\u00f3rejsk\u00e9ho pasu:<\/p>\n<p>Ve\u013ekos\u0165 fotografie: v\u00fd\u0161ka 45 mm a \u0161\u00edrka 35 mm<br \/>\nOdoslan\u00e1 fotografia mus\u00ed by\u0165 farebn\u00e1.<br \/>\nDr\u017eanie hlavy: Dr\u017ete hlavu rovno.<br \/>\nRelevantnos\u0165: Nie star\u0161ie ako 6 mesiacov.<br \/>\nPozadie: biele.<br \/>\n\u00dasmev: Nie.<br \/>\nO\u010di: Jasne vidite\u013en\u00e9.<br \/>\nObr\u00e1zok nesmie by\u0165 rozmazan\u00fd.<br \/>\nOkuliare: Povolen\u00e9 iba v pr\u00edpade, \u017ee nezakr\u00fdvaj\u00fa o\u010di.<br \/>\nPokr\u00fdvka hlavy: Zvy\u010dajne nie. V\u00fdnimky platia pre n\u00e1bo\u017eensk\u00e9 \u00fa\u010dely.<br \/>\nRozl\u00ed\u0161enie (pixely): Minim\u00e1lne 600 dpi<br \/>\nOble\u010denie: Vyh\u00fdbajte sa bielemu oble\u010deniu.<br \/>\nBrada: Povolen\u00e1 iba v pr\u00edpade, \u017ee odr\u00e1\u017ea v\u00e1\u0161 ka\u017edodenn\u00fd vzh\u013ead.<br \/>\nPo\u017eadovan\u00fd po\u010det na jednu \u017eiados\u0165: 2<br \/>\nPO\u017dIADAVKY NA FOTOGRAFIE DO CESTOVN\u00c9HO PASU A V\u00cdZA V JU\u017dNEJ K\u00d3REI \u2013 PRAVIDL\u00c1, POKYNY A \u0160PECIFIK\u00c1CIE<br \/>\nPo\u017eiadavky na fotografie do juhok\u00f3rejsk\u00e9ho pasu sme u\u017e uviedli, ale radi by sme sa venovali niektor\u00fdm podrobnostiam. Mo\u017eno ste to nevedeli: Ch\u00fdbaj\u00faca platn\u00e1 pasov\u00e1 fotografia je jedn\u00fdm z naj\u010dastej\u0161\u00edch d\u00f4vodov zamietnutia. Radi by sme v\u00e1m u\u0161etrili starosti s op\u00e4tovn\u00fdm pod\u00e1van\u00edm \u017eiadosti.<\/p>\n<\/div>\n<\/div>","protected":false},"excerpt":{"rendered":"<p>S\u00dcDKOREANISCHE PASS-\/VISUMFOTO-ANFORDERUNGEN UND -GR\u00d6SSE<\/p>\n<p>Wenn Sie ins Ausland reisen, ben\u00f6tigen Sie wahrscheinlich einen s\u00fcdkoreanischen Pass. Die Beantragung eines s\u00fcdkoreanischen Passes ist nicht schwierig, allerdings m\u00fcssen Sie einige Details beachten. Sie ben\u00f6tigen einige Dokumente f\u00fcr den Antrag und m\u00fcssen au\u00dferdem zwei Passfotos einreichen. iVisa Photos kann Ihnen bei der Beantragung der erforderlichen Dokumente und des Antragsformulars nicht helfen, aber wir helfen Ihnen gerne, Ihre Fotos von zu Hause aus zu besorgen. So m\u00fcssen Sie nicht in ein professionelles Fotostudio gehen.<\/p>\n<p>Odpor\u00fa\u010dame v\u00e1m tie\u017e pozrie\u0165 si fotografie z iVisa. Ob\u010dania Ju\u017enej K\u00f3rey maj\u00fa n\u00e1rok na r\u00f4zne elektronick\u00e9 v\u00edza. Ak sp\u013a\u0148ate podmienky pre va\u0161u \u010fal\u0161iu cestu, iVisa v\u00e1m rada pom\u00f4\u017ee s procesom online \u017eiadosti.<\/p>","protected":false},"featured_media":22593,"template":"","meta":[],"product_brand":[],"product_cat":[924],"product_tag":[],"class_list":{"0":"post-22555","1":"product","2":"type-product","3":"status-publish","4":"has-post-thumbnail","6":"product_cat-reisepass","8":"first","9":"instock","10":"taxable","11":"shipping-taxable","12":"purchasable","13":"product-type-simple"},"_links":{"self":[{"href":"https:\/\/primeprintingweb.com\/sk\/wp-json\/wp\/v2\/product\/22555","targetHints":{"allow":["GET"]}}],"collection":[{"href":"https:\/\/primeprintingweb.com\/sk\/wp-json\/wp\/v2\/product"}],"about":[{"href":"https:\/\/primeprintingweb.com\/sk\/wp-json\/wp\/v2\/types\/product"}],"version-history":[{"count":2,"href":"https:\/\/primeprintingweb.com\/sk\/wp-json\/wp\/v2\/product\/22555\/revisions"}],"predecessor-version":[{"id":22902,"href":"https:\/\/primeprintingweb.com\/sk\/wp-json\/wp\/v2\/product\/22555\/revisions\/22902"}],"wp:featuredmedia":[{"embeddable":true,"href":"https:\/\/primeprintingweb.com\/sk\/wp-json\/wp\/v2\/media\/22593"}],"wp:attachment":[{"href":"https:\/\/primeprintingweb.com\/sk\/wp-json\/wp\/v2\/media?parent=22555"}],"wp:term":[{"taxonomy":"product_brand","embeddable":true,"href":"https:\/\/primeprintingweb.com\/sk\/wp-json\/wp\/v2\/product_brand?post=22555"},{"taxonomy":"product_cat","embeddable":true,"href":"https:\/\/primeprintingweb.com\/sk\/wp-json\/wp\/v2\/product_cat?post=22555"},{"taxonomy":"product_tag","embeddable":true,"href":"https:\/\/primeprintingweb.com\/sk\/wp-json\/wp\/v2\/product_tag?post=22555"}],"curies":[{"name":"wp","href":"https:\/\/api.w.org\/{rel}","templated":true}]}}