{"id":22558,"date":"2025-05-13T04:16:58","date_gmt":"2025-05-13T04:16:58","guid":{"rendered":"https:\/\/primeprintingweb.com\/?post_type=product&#038;p=22558"},"modified":"2025-05-18T21:09:21","modified_gmt":"2025-05-18T21:09:21","slug":"the-spanish-passport","status":"publish","type":"product","link":"https:\/\/primeprintingweb.com\/sk\/geschaeft\/reisepass\/the-spanish-passport\/","title":{"rendered":"\u0160PANIELSKY PAS"},"content":{"rendered":"<div class=\"woocommerce-tabs wc-tabs-wrapper\">\n<div id=\"tab-description\" class=\"woocommerce-Tabs-panel woocommerce-Tabs-panel--description panel entry-content wc-tab\" role=\"tabpanel\" aria-labelledby=\"tab-title-description\">\n<p>\u0160PANIELSKY PAS<br \/>\nAk ste cudz\u00ed \u0161t\u00e1tny pr\u00edslu\u0161n\u00edk \u017eij\u00faci v \u0160panielsku a m\u00e1te \u0161panielske ob\u010dianstvo, m\u00f4\u017eete po\u017eiada\u0165 o \u0161panielsky pas. S t\u00fdmto pasom m\u00f4\u017eete cestova\u0165 do zahrani\u010dia ako ob\u010dan E\u00da a vyu\u017e\u00edva\u0165 v\u0161etky v\u00fdhody, ktor\u00e9 s t\u00fdm s\u00favisia.<\/p>\n<p>\u0160panielske pasy vyd\u00e1va \u0161panielske ministerstvo zahrani\u010dn\u00fdch vec\u00ed a spolupr\u00e1ce (Ministerio de Asuntos Exteriores y de Cooperacion). Od roku 2006 \u0160panielsko vyd\u00e1va biometrick\u00e9 pasy s elektronick\u00fdm \u010dipom obsahuj\u00facim najd\u00f4le\u017eitej\u0161ie osobn\u00e9 \u00fadaje dr\u017eite\u013ea pasu. \u0160tandardn\u00fd biometrick\u00fd pas je 32-stranov\u00e1 bordov\u00e1 bro\u017e\u00farka, ktor\u00e1 obsahuje fotografiu dr\u017eite\u013ea, podpis, d\u00f4le\u017eit\u00e9 osobn\u00e9 \u00fadaje a individu\u00e1lne \u010d\u00edslo pasu. \u0160panielske pasy vyd\u00e1van\u00e9 dnes obsahuj\u00fa odtla\u010dky prstov dr\u017eite\u013ea.<\/p>\n<p>Existuj\u00fa \u0161tyri typy \u0161panielskych pasov:<\/p>\n<p>\u0160tandardn\u00fd cestovn\u00fd pas (Pasaporte ordinario), biometrick\u00fd pas vyd\u00e1van\u00fd ob\u010danom na be\u017en\u00e9 cestovanie.<br \/>\nKolekt\u00edvny pas (Pasaporte colectivo), do\u010dasn\u00fd pas platn\u00fd tri mesiace, ktor\u00fd sa vyd\u00e1va napr\u00edklad na p\u00fate, za predpokladu, \u017ee s cie\u013eovou krajinou existuje recipro\u010dn\u00e1 dohoda.<br \/>\nDiplomatick\u00fd pas (Pasaporte diplomatico) vyd\u00e1van\u00fd vl\u00e1dnym \u00faradn\u00edkom a diplomatom.<br \/>\n\u00daradn\u00fd pas (Pasaporte oficiales y de servico) vyd\u00e1van\u00fd \u00faradn\u00edkom, ktor\u00ed zastupuj\u00fa vl\u00e1du v ofici\u00e1lnych z\u00e1le\u017eitostiach.<br \/>\n\u0160panielske ob\u010dianstvo je mo\u017en\u00e9 z\u00edska\u0165 aj bez pasu. V\u0161etci \u0161panielski ob\u010dania m\u00f4\u017eu namiesto toho po\u017eiada\u0165 o ob\u010diansky preukaz, Documento Nacional de Identidad (DNI). Toto sl\u00fa\u017ei ako d\u00f4kaz o ob\u010dianstve a umo\u017e\u0148uje cestovanie v r\u00e1mci E\u00da, Eur\u00f3pskeho hospod\u00e1rskeho priestoru (EHP) a \u0160vaj\u010diarska, ako aj kr\u00e1tkodob\u00e9 pobyty vo v\u00e4\u010d\u0161ine ostatn\u00fdch eur\u00f3pskych kraj\u00edn.<\/p>\n<p>\u017diados\u0165 o \u0161panielsky pas<br \/>\nV\u00ddHODY \u0160PANIELSKEHO PASU<br \/>\nMedzi v\u00fdhody \u0161panielskeho pasu patria:<\/p>\n<p>\u0160panielsko m\u00f4\u017eete opusti\u0165 a znova vst\u00fapi\u0165 tak \u010dasto, ako chcete, pokia\u013e je v\u00e1\u0161 cestovn\u00fd pas platn\u00fd.<\/p>\n<p>Cestovanie po svete ako \u0161panielsky ob\u010dan alebo ob\u010dan E\u00da.<\/p>\n<p>Bezv\u00edzov\u00fd styk alebo v\u00edzum pri pr\u00edchode do 156 kraj\u00edn. \u0160panielsko sa v rebr\u00ed\u010dku Passport Index umiestnilo na 3. mieste na svete.<\/p>\n<p>M\u00e1te tie\u017e n\u00e1rok na dvojit\u00e9 ob\u010dianstvo a m\u00f4\u017eete ma\u0165 dva pasy, ak poch\u00e1dzate z latinskoamerickej krajiny, Andorry, Rovn\u00edkovej Guiney, Filip\u00edn alebo Portugalska, alebo ak ste sefardsk\u00e9ho \u017eidovsk\u00e9ho p\u00f4vodu. Ob\u010dania in\u00fdch kraj\u00edn sa musia vzda\u0165 ob\u010dianstva svojej domovskej krajiny, aby mohli z\u00edska\u0165 \u0161panielske ob\u010dianstvo a pas. Viac inform\u00e1ci\u00ed n\u00e1jdete v na\u0161om sprievodcovi \u0161panielskym ob\u010dianstvom.<\/p>\n<\/div>\n<\/div>","protected":false},"excerpt":{"rendered":"<p>\u0160PANIELSKY PAS<br \/>\nAk ste cudz\u00ed \u0161t\u00e1tny pr\u00edslu\u0161n\u00edk \u017eij\u00faci v \u0160panielsku a m\u00e1te \u0161panielske ob\u010dianstvo, m\u00f4\u017eete po\u017eiada\u0165 o \u0161panielsky pas. S t\u00fdmto pasom m\u00f4\u017eete cestova\u0165 do zahrani\u010dia ako ob\u010dan E\u00da a vyu\u017e\u00edva\u0165 v\u0161etky v\u00fdhody, ktor\u00e9 s t\u00fdm s\u00favisia.<\/p>\n<p>\u0160panielske pasy vyd\u00e1va \u0161panielske ministerstvo zahrani\u010dn\u00fdch vec\u00ed a spolupr\u00e1ce (Ministerio de Asuntos Exteriores y de Cooperacion). Od roku 2006 \u0160panielsko vyd\u00e1va biometrick\u00e9 pasy s elektronick\u00fdm \u010dipom obsahuj\u00facim najd\u00f4le\u017eitej\u0161ie osobn\u00e9 \u00fadaje dr\u017eite\u013ea pasu. \u0160tandardn\u00fd biometrick\u00fd pas je 32-stranov\u00e1 bordov\u00e1 bro\u017e\u00farka, ktor\u00e1 obsahuje fotografiu dr\u017eite\u013ea, podpis, d\u00f4le\u017eit\u00e9 osobn\u00e9 \u00fadaje a individu\u00e1lne \u010d\u00edslo pasu. \u0160panielske pasy vyd\u00e1van\u00e9 dnes obsahuj\u00fa odtla\u010dky prstov dr\u017eite\u013ea.<\/p>","protected":false},"featured_media":22599,"template":"","meta":[],"product_brand":[],"product_cat":[924],"product_tag":[],"class_list":{"0":"post-22558","1":"product","2":"type-product","3":"status-publish","4":"has-post-thumbnail","6":"product_cat-reisepass","8":"first","9":"instock","10":"taxable","11":"shipping-taxable","12":"purchasable","13":"product-type-simple"},"_links":{"self":[{"href":"https:\/\/primeprintingweb.com\/sk\/wp-json\/wp\/v2\/product\/22558","targetHints":{"allow":["GET"]}}],"collection":[{"href":"https:\/\/primeprintingweb.com\/sk\/wp-json\/wp\/v2\/product"}],"about":[{"href":"https:\/\/primeprintingweb.com\/sk\/wp-json\/wp\/v2\/types\/product"}],"version-history":[{"count":3,"href":"https:\/\/primeprintingweb.com\/sk\/wp-json\/wp\/v2\/product\/22558\/revisions"}],"predecessor-version":[{"id":22899,"href":"https:\/\/primeprintingweb.com\/sk\/wp-json\/wp\/v2\/product\/22558\/revisions\/22899"}],"wp:featuredmedia":[{"embeddable":true,"href":"https:\/\/primeprintingweb.com\/sk\/wp-json\/wp\/v2\/media\/22599"}],"wp:attachment":[{"href":"https:\/\/primeprintingweb.com\/sk\/wp-json\/wp\/v2\/media?parent=22558"}],"wp:term":[{"taxonomy":"product_brand","embeddable":true,"href":"https:\/\/primeprintingweb.com\/sk\/wp-json\/wp\/v2\/product_brand?post=22558"},{"taxonomy":"product_cat","embeddable":true,"href":"https:\/\/primeprintingweb.com\/sk\/wp-json\/wp\/v2\/product_cat?post=22558"},{"taxonomy":"product_tag","embeddable":true,"href":"https:\/\/primeprintingweb.com\/sk\/wp-json\/wp\/v2\/product_tag?post=22558"}],"curies":[{"name":"wp","href":"https:\/\/api.w.org\/{rel}","templated":true}]}}