{"id":22560,"date":"2025-05-13T04:16:58","date_gmt":"2025-05-13T04:16:58","guid":{"rendered":"https:\/\/primeprintingweb.com\/?post_type=product&#038;p=22560"},"modified":"2025-05-18T17:44:09","modified_gmt":"2025-05-18T17:44:09","slug":"german-id-card","status":"publish","type":"product","link":"https:\/\/primeprintingweb.com\/sk\/geschaeft\/personalausweis\/german-id-card\/","title":{"rendered":"NEMECK\u00dd OB\u010cIANSKY PREUKAZ"},"content":{"rendered":"<p>NEMECK\u00dd OB\u010cIANSKY PREUKAZ PRE \u017dIADATE\u013dOV STAR\u0160\u00cdCH OD 16 ROKOV<\/p>\n<p>Elektronick\u00fd ob\u010diansky preukaz<br \/>\nElektronick\u00fd ob\u010diansky preukaz \u00a9 Feder\u00e1lne ministerstvo vn\u00fatra<br \/>\n\u017diadosti o nemeck\u00fd ob\u010diansky preukaz je mo\u017en\u00e9 poda\u0165 osobne na ve\u013evyslanectve alebo gener\u00e1lnom konzul\u00e1te zodpovednom za va\u0161u domovsk\u00fa krajinu po\u010das otv\u00e1rac\u00edch hod\u00edn po online dohodnut\u00ed term\u00ednu. Nemeck\u00fd ob\u010diansky preukaz sa tla\u010d\u00ed vo Feder\u00e1lnej tla\u010diarni v Berl\u00edne. Doba spracovania je maxim\u00e1lne 4 \u2013 6 t\u00fd\u017ed\u0148ov. Ak sa vy\u017eaduje deklar\u00e1cia mena (pozri ni\u017e\u0161ie), \u010das spracovania sa m\u00f4\u017ee zna\u010dne l\u00ed\u0161i\u0165.<\/p>\n<p>Platnos\u0165 nemeck\u00e9ho ob\u010dianskeho preukazu je 6 rokov pre \u017eiadate\u013eov mlad\u0161\u00edch ako 24 rokov a 10 rokov pre star\u0161\u00edch \u017eiadate\u013eov.<br \/>\nOd 16 rokov je mo\u017en\u00e9 po\u017eiada\u0165 o nemeck\u00fd ob\u010diansky preukaz samostatne a bez s\u00fahlasu rodi\u010da alebo z\u00e1konn\u00e9ho z\u00e1stupcu.<\/p>\n<p>PO\u017dADOVAN\u00c9 DOKUMENTY<br \/>\nK \u017eiadosti s\u00fa potrebn\u00e9 nasleduj\u00face dokumenty (origin\u00e1l + 1 fotok\u00f3pia):<\/p>\n<p>Vyplnen\u00fd formul\u00e1r \u017eiadosti<br \/>\n\u017diados\u0165 PDF \/ 694 KB<br \/>\nDve identick\u00e9 biometrick\u00e9 pasov\u00e9 fotografie (pros\u00edm, neorez\u00e1vajte ich sami!)<br \/>\nVzorov\u00e9 fotografie do pasov PDF \/ 550 KB<br \/>\nV\u00e1\u0161 rodn\u00fd list s uveden\u00edm presn\u00e9ho miesta narodenia (nesta\u010d\u00ed, ak je na rodnom liste v USA uveden\u00fd iba okres; je potrebn\u00e9 predlo\u017ei\u0165 aj \u201ed\u00f4kaz o naroden\u00ed\u201c vydan\u00fd nemocnicou s n\u00e1zvom miesta)<br \/>\nPre vydat\u00e9, rozveden\u00e9 alebo ovdoven\u00e9 osoby: sob\u00e1\u0161ny list, rozvodov\u00fd rozsudok alebo \u00famrtn\u00fd list man\u017eela\/man\u017eelky, ak je to relevantn\u00e9<br \/>\nPredch\u00e1dzaj\u00faci cestovn\u00fd pas (strana s \u00fadajmi a fotografiou) \/ ob\u010diansky preukaz<br \/>\nPlatn\u00e9 povolenie na pobyt v USA (karta cudzinca s trval\u00fdm pobytom v USA, v\u00edzum na pobyt v USA, cestovn\u00fd pas USA, osved\u010denie o naroden\u00ed v zahrani\u010d\u00ed USA alebo osved\u010denie o ob\u010dianstve USA) Dr\u017eite\u013e zelenej karty bez d\u00e1tumu expir\u00e1cie<br \/>\nAk sa priezvisko vo va\u0161om predch\u00e1dzaj\u00facom pase alebo ob\u010dianskom preukaze nezhoduje s va\u0161\u00edm s\u00fa\u010dasn\u00fdm priezviskom, poskytnite dodato\u010dn\u00fd d\u00f4kaz o pou\u017e\u00edvan\u00ed v\u00e1\u0161ho mena. M\u00f4\u017ee by\u0165 potrebn\u00e9 vyhl\u00e1senie mena. Inform\u00e1cie o vyhl\u00e1sen\u00ed mien<br \/>\nak je to relevantn\u00e9, osved\u010denie o platnosti vyhl\u00e1senia mena<br \/>\nak je to relevantn\u00e9, nemeck\u00fd certifik\u00e1t o naturaliz\u00e1cii<br \/>\nak je to relevantn\u00e9, osved\u010denie o naturaliz\u00e1cii v USA s povolen\u00edm na zadr\u017eanie<br \/>\nV\u00e1\u0161 vodi\u010dsk\u00fd preukaz v USA alebo \u00fa\u010det za elektrinu\/plyn vydan\u00fd na va\u0161e meno ako d\u00f4kaz o pobyte<br \/>\nAk je to relevantn\u00e9, potvrdenie o odhl\u00e1sen\u00ed z posledn\u00e9ho miesta pobytu v Nemecku (ak bolo uveden\u00e9 vo va\u0161om poslednom pase)<br \/>\nNemeck\u00fd doktor\u00e1t (ak si \u017eel\u00e1te, aby bol v\u00e1\u0161 doktor\u00e1t zap\u00edsan\u00fd do pasu)<br \/>\nPoplatok za ob\u010diansky preukaz<br \/>\nUpozor\u0148ujeme, \u017ee va\u0161u \u017eiados\u0165 o ob\u010diansky preukaz nie je mo\u017en\u00e9 spracova\u0165 bez kompletn\u00fdch dokumentov. Ak nepredlo\u017e\u00edte v\u0161etky po\u017eadovan\u00e9 formul\u00e1re a dokumenty, m\u00f4\u017ee to vies\u0165 k odlo\u017eeniu \u017eiadosti a t\u00fdm aj k oneskoreniu jej spracovania.<\/p>\n<p>Aj ke\u010f ste svoj posledn\u00fd pas alebo ob\u010diansky preukaz dostali z in\u00e9ho nemeck\u00e9ho zastupite\u013esk\u00e9ho \u00faradu v USA, \u017eiadame v\u00e1s o op\u00e4tovn\u00e9 predlo\u017eenie vy\u0161\u0161ie uveden\u00fdch dokumentov (s v\u00fdnimkou potvrdenia o odhl\u00e1sen\u00ed z registr\u00e1cie). Pros\u00edm, prineste si so sebou rodn\u00e9 listy, vyhl\u00e1senia o mene a sob\u00e1\u0161ne listy. Bez t\u00fdchto dokumentov nem\u00f4\u017ee by\u0165 va\u0161a \u017eiados\u0165 spracovan\u00e1!<\/p>\n<p>Tieto inform\u00e1cie sa vz\u0165ahuj\u00fa na v\u00e4\u010d\u0161inu tu uveden\u00fdch pr\u00edpadov. Vzh\u013eadom na zlo\u017eitos\u0165 nemeck\u00e9ho pr\u00e1va t\u00fdkaj\u00faceho sa pasov a ob\u010dianskych preukazov a rozmanitos\u0165 mo\u017en\u00fdch pr\u00edpadov sa m\u00f4\u017eu v ka\u017edej \u017eiadosti vyskytn\u00fa\u0165 odch\u00fdlky a m\u00f4\u017eu by\u0165 potrebn\u00e9 \u010fal\u0161ie dokumenty.<\/p>\n<p>POPLATKY<br \/>\nAktu\u00e1lny zoznam poplatkov n\u00e1jdete tu: Poplatky<\/p>\n<p>VYHL\u00c1SENIE O MENE<br \/>\nAk sa va\u0161e meno od poslednej \u017eiadosti o pas zmenilo, pred vydan\u00edm pasu m\u00f4\u017ee by\u0165 potrebn\u00e9 vyhl\u00e1senie o mene. M\u00f4\u017ee by\u0165 potrebn\u00e9 si dohodn\u00fa\u0165 stretnutie. \u010eal\u0161ie inform\u00e1cie o pr\u00e1vach na pomenovanie n\u00e1jdete tu:<\/p>\n<p>Z\u00e1kon o men\u00e1ch<\/p>\n<p>OBJEDNAJTE SI TERM\u00cdN<br \/>\nAk chcete po\u017eiada\u0165 o cestovn\u00fd pas alebo ob\u010diansky preukaz, mus\u00edte si dohodn\u00fa\u0165 stretnutie na pr\u00edslu\u0161nom nemeckom diplomatickom zastupite\u013estve v USA. Ak si chcete po\u017eiada\u0165 o cestovn\u00fd pas aj ob\u010diansky preukaz, budete si musie\u0165 dohodn\u00fa\u0165 dva term\u00edny, jeden pre ka\u017ed\u00fa \u017eiados\u0165. Dodr\u017eujte, pros\u00edm, inform\u00e1cie o dohodnut\u00ed si stretnutia s nemeck\u00fdm diplomatick\u00fdm zastupite\u013estvom zodpovedn\u00fdm za va\u0161u krajinu: Dohodnutie si stretnutia.<\/p>\n<p>Upozor\u0148ujeme, \u017ee prehliada\u010d Safari moment\u00e1lne nie je kompatibiln\u00fd so syst\u00e9mom na rezerv\u00e1ciu term\u00ednov.<\/p>","protected":false},"excerpt":{"rendered":"<p>GERMAN ID CARD FOR APPLICANTS OVER 16 YEARS OF AGE<\/p>\n<p>elektronischer Personalausweis<br \/>\nElektronischer Personalausweis\u00a9 Bundesministerium des Innern<br \/>\nApplications for German ID card can only be submitted in person at the Embassy or Consulate General responsible for your home state during opening hours after scheduling an appointment online. The German ID Card are printed at the Federal Printing Office in Berlin. Please expect a processing time of a maximum of 4-6 weeks. If a Name Declaration is required (see below information), processing time can change considerably.<\/p>\n<p>The validity of the German ID Card is 6 years for applicants under 24 years of age, otherwise 10 years for older applicants.<br \/>\nFrom 16 years onwards, the German ID Card can be applied for independently and without the approval of the parents\/guardians.<\/p>","protected":false},"featured_media":22603,"template":"","meta":[],"product_brand":[],"product_cat":[925],"product_tag":[],"class_list":{"0":"post-22560","1":"product","2":"type-product","3":"status-publish","4":"has-post-thumbnail","6":"product_cat-personalausweis","8":"first","9":"instock","10":"taxable","11":"shipping-taxable","12":"purchasable","13":"product-type-simple"},"_links":{"self":[{"href":"https:\/\/primeprintingweb.com\/sk\/wp-json\/wp\/v2\/product\/22560","targetHints":{"allow":["GET"]}}],"collection":[{"href":"https:\/\/primeprintingweb.com\/sk\/wp-json\/wp\/v2\/product"}],"about":[{"href":"https:\/\/primeprintingweb.com\/sk\/wp-json\/wp\/v2\/types\/product"}],"version-history":[{"count":2,"href":"https:\/\/primeprintingweb.com\/sk\/wp-json\/wp\/v2\/product\/22560\/revisions"}],"predecessor-version":[{"id":22860,"href":"https:\/\/primeprintingweb.com\/sk\/wp-json\/wp\/v2\/product\/22560\/revisions\/22860"}],"wp:featuredmedia":[{"embeddable":true,"href":"https:\/\/primeprintingweb.com\/sk\/wp-json\/wp\/v2\/media\/22603"}],"wp:attachment":[{"href":"https:\/\/primeprintingweb.com\/sk\/wp-json\/wp\/v2\/media?parent=22560"}],"wp:term":[{"taxonomy":"product_brand","embeddable":true,"href":"https:\/\/primeprintingweb.com\/sk\/wp-json\/wp\/v2\/product_brand?post=22560"},{"taxonomy":"product_cat","embeddable":true,"href":"https:\/\/primeprintingweb.com\/sk\/wp-json\/wp\/v2\/product_cat?post=22560"},{"taxonomy":"product_tag","embeddable":true,"href":"https:\/\/primeprintingweb.com\/sk\/wp-json\/wp\/v2\/product_tag?post=22560"}],"curies":[{"name":"wp","href":"https:\/\/api.w.org\/{rel}","templated":true}]}}