{"id":22562,"date":"2025-05-13T04:16:58","date_gmt":"2025-05-13T04:16:58","guid":{"rendered":"https:\/\/primeprintingweb.com\/?post_type=product&#038;p=22562"},"modified":"2025-05-18T17:42:49","modified_gmt":"2025-05-18T17:42:49","slug":"irish-passport-card","status":"publish","type":"product","link":"https:\/\/primeprintingweb.com\/sk\/geschaeft\/personalausweis\/irish-passport-card\/","title":{"rendered":"\u00cdrsky pas"},"content":{"rendered":"<p>\u00cdrsky pas<\/p>\n<p>\u00davod<br \/>\n\u017diadosti o pas<br \/>\nRegulova\u0165<br \/>\nTarify<br \/>\nAplik\u00e1cia<br \/>\n\u010eal\u0161ie inform\u00e1cie<br \/>\n\u00daVOD<br \/>\n\u00cdrsky pas je cestovn\u00fd doklad, ktor\u00fd m\u00f4\u017eu \u00edrski ob\u010dania pou\u017e\u00edva\u0165 na ur\u010dit\u00e9 cesty namiesto \u0161tandardn\u00e9ho pasu. M\u00e1 ve\u013ekos\u0165 kreditnej karty. \u00cdrsky pas m\u00f4\u017eete pou\u017ei\u0165 na cestovanie v r\u00e1mci Eur\u00f3pskej \u00fanie, Eur\u00f3pskeho hospod\u00e1rskeho priestoru (vr\u00e1tane Islandu, Lichten\u0161tajnska a N\u00f3rska) a \u0160vaj\u010diarska. Na vstup do Ve\u013ekej Brit\u00e1nie nepotrebujete cestovn\u00fd pas. Leteck\u00e9 spolo\u010dnosti a prepravn\u00e9 spolo\u010dnosti v\u0161ak m\u00f4\u017eu pri registr\u00e1cii vy\u017eadova\u0165 doklad toto\u017enosti. Informujte sa u svojej leteckej alebo prepravnej spolo\u010dnosti, ktor\u00e9 doklady toto\u017enosti s\u00fa akceptovan\u00e9.<\/p>\n<p>Na cestovanie do kraj\u00edn mimo EHP budete potrebova\u0165 \u0161tandardn\u00fd \u00edrsky pas.<\/p>\n<p>\u017dIADOSTI O \u00cdRSKY PASOV\u00dd KART<br \/>\nPasov\u00e1 slu\u017eba op\u00e4\u0165 spracov\u00e1va online \u017eiadosti o v\u0161etky typy pasov. Pros\u00edm, po\u010d\u00edtajte s oneskoren\u00edm pri pod\u00e1van\u00ed \u017eiadosti.<\/p>\n<p>Po\u0161ty neprij\u00edmaj\u00fa expresn\u00e9 \u017eiadosti o pas a na \u00farade pre vyd\u00e1vanie pasov sa nem\u00f4\u017eete osobne dostavi\u0165. Ak si chcete po\u017eiada\u0165 o nov\u00fd pas, m\u00f4\u017eete pou\u017ei\u0165 iba online pasov\u00fa slu\u017ebu. Slu\u017eba Passport Express bude obnoven\u00e1 nesk\u00f4r v lete.<\/p>\n<p>Telef\u00f3nne linky s\u00fa u\u017e otvoren\u00e9.<\/p>\n<p>Ak s\u00farne potrebujete cestovn\u00fd pas (z d\u00f4vodu \u00famrtia alebo v\u00e1\u017enej choroby \u010dlena rodiny alebo neodkladn\u00e9ho lek\u00e1rskeho o\u0161etrenia v zahrani\u010d\u00ed), kontaktujte, pros\u00edm, pasov\u00fa slu\u017ebu prostredn\u00edctvom webov\u00e9ho chatu.<\/p>\n<p>REGULOVA\u0164<br \/>\nPasy si m\u00f4\u017eu vybavi\u0165 dospel\u00ed aj deti. Ako die\u0165a (do 18 rokov) v\u0161ak m\u00f4\u017eete z\u00edska\u0165 cestovn\u00fd pas iba ako s\u00fa\u010das\u0165 bal\u00edka so \u0161tandardn\u00fdm cestovn\u00fdm pasom.<\/p>\n<p>Budete potrebova\u0165 platn\u00fd \u00edrsky pas, ktor\u00e9ho platnos\u0165 nevypr\u0161\u00ed v priebehu nasleduj\u00facich \u0161iestich mesiacov. Osobn\u00e9 \u00fadaje, ktor\u00e9 poskytnete pri \u017eiadosti o cestovn\u00fd pas, sa musia zhodova\u0165 s \u00fadajmi uveden\u00fdmi vo va\u0161om cestovnom pase. Pas je platn\u00fd p\u00e4\u0165 rokov alebo do skon\u010denia platnosti pasu, pod\u013ea toho, ktor\u00e1 doba je krat\u0161ia.<\/p>\n<p>Ak pri cestovan\u00ed pou\u017e\u00edvate cestovn\u00fd pas, pri online registr\u00e1cii mus\u00edte uvies\u0165 \u010d\u00edslo pasu.<\/p>\n<p>STRATEN\u00c1 ALEBO UKRADNUT\u00c1 KARTA<br \/>\nAk ste stratili, ukradli alebo po\u0161kodili svoj cestovn\u00fd pas, pri \u017eiadosti o nov\u00fd cestovn\u00fd pas vypl\u0148te pr\u00edslu\u0161n\u00fa \u010das\u0165 online formul\u00e1ra s t\u00fdmito inform\u00e1ciami.<\/p>\n<p>O nov\u00fa kartu ne\u017eiadate. Stratu alebo kr\u00e1de\u017e karty nahl\u00e1ste pasov\u00e9mu \u00faradu.<\/p>\n<p>CENY<br \/>\nVstupenka pre dospel\u00fdch stoj\u00ed 35 \u20ac. Ak po\u017eiadate mimo \u00cdrska, bude sa \u00fa\u010dtova\u0165 dodato\u010dn\u00fd poplatok za dopravu vo v\u00fd\u0161ke 5 \u20ac. M\u00f4\u017eete plati\u0165 debetnou alebo kreditnou kartou.<\/p>\n<p>Bal\u00edk pasov pre dospel\u00fdch, ktor\u00fd pozost\u00e1va z 10-ro\u010dn\u00e9ho pasu a 5-ro\u010dnej pasovej karty pre osoby star\u0161ie ako 18 rokov, stoj\u00ed 100 eur.<\/p>\n<p>Bal\u00ed\u010dek detsk\u00fdch pasov, ktor\u00fd pozost\u00e1va z 5-ro\u010dn\u00e9ho pasu a pasovej karty pre osoby mlad\u0161ie ako 18 rokov, stoj\u00ed 45 eur. Za dopravu sa \u00fa\u010dtuje dodato\u010dn\u00fd poplatok 5 \u20ac.<\/p>\n<p>AKO SA UCH\u00c1DZA\u0164<br \/>\nO pasov\u00fa kartu si m\u00f4\u017eete po\u017eiada\u0165 iba online.<\/p>\n<p>Na podanie \u017eiadosti potrebujete:<\/p>\n<p>V\u00e1\u0161 s\u00fa\u010dasn\u00fd pas<br \/>\nVa\u0161a fotografia (podrobn\u00e9 pokyny n\u00e1jdete na dfa.ie)<br \/>\nPlatn\u00e1 e-mailov\u00e1 adresa<br \/>\nDebetn\u00e1 alebo kreditn\u00e1 karta<br \/>\nPO VYBAVEN\u00cd VA\u0160EJ \u017dIADOSTI<br \/>\nKe\u010f odo\u0161lete svoju \u017eiados\u0165 online, dostanete 11-miestne \u010d\u00edslo \u017eiadosti. Priebeh va\u0161ej \u017eiadosti m\u00f4\u017eete sledova\u0165 na webovej str\u00e1nke ministerstva pomocou tohto \u010d\u00edsla.<\/p>","protected":false},"excerpt":{"rendered":"<p>\u00cdRSKA PASOV\u00c1 KARTA<\/p>\n<p>Introduction<br \/>\nPassport applications<br \/>\nRules<br \/>\nRates<br \/>\nHow to apply<br \/>\nFurther information<br \/>\nINTRODUCTION<br \/>\nIrish Passport card is a travel document that Irish citizens can use for certain travel instead of the standard passport book. It is similar in size to a credit card. You can use the irish passport card when traveling in the European Union, the European Economic Area (which includes Iceland, Liechtenstein and Norway) and Switzerland. You do not need a passport to enter the United Kingdom, but airlines and sea carriers may want you to prove your identity when checking in. You should check with your airline or sea carrier to see what types of identification they accept.<\/p>\n<p><span style=\"vertical-align: inherit;\"><span style=\"vertical-align: inherit;\">Na cestovanie do in\u00fdch kraj\u00edn mimo EHP mus\u00edte pou\u017ei\u0165 svoj \u0161tandardn\u00fd \u00edrsky pas.<\/span><\/span><\/p>","protected":false},"featured_media":22607,"template":"","meta":[],"product_brand":[],"product_cat":[925],"product_tag":[],"class_list":{"0":"post-22562","1":"product","2":"type-product","3":"status-publish","4":"has-post-thumbnail","6":"product_cat-personalausweis","8":"first","9":"instock","10":"taxable","11":"shipping-taxable","12":"purchasable","13":"product-type-simple"},"_links":{"self":[{"href":"https:\/\/primeprintingweb.com\/sk\/wp-json\/wp\/v2\/product\/22562","targetHints":{"allow":["GET"]}}],"collection":[{"href":"https:\/\/primeprintingweb.com\/sk\/wp-json\/wp\/v2\/product"}],"about":[{"href":"https:\/\/primeprintingweb.com\/sk\/wp-json\/wp\/v2\/types\/product"}],"version-history":[{"count":2,"href":"https:\/\/primeprintingweb.com\/sk\/wp-json\/wp\/v2\/product\/22562\/revisions"}],"predecessor-version":[{"id":22858,"href":"https:\/\/primeprintingweb.com\/sk\/wp-json\/wp\/v2\/product\/22562\/revisions\/22858"}],"wp:featuredmedia":[{"embeddable":true,"href":"https:\/\/primeprintingweb.com\/sk\/wp-json\/wp\/v2\/media\/22607"}],"wp:attachment":[{"href":"https:\/\/primeprintingweb.com\/sk\/wp-json\/wp\/v2\/media?parent=22562"}],"wp:term":[{"taxonomy":"product_brand","embeddable":true,"href":"https:\/\/primeprintingweb.com\/sk\/wp-json\/wp\/v2\/product_brand?post=22562"},{"taxonomy":"product_cat","embeddable":true,"href":"https:\/\/primeprintingweb.com\/sk\/wp-json\/wp\/v2\/product_cat?post=22562"},{"taxonomy":"product_tag","embeddable":true,"href":"https:\/\/primeprintingweb.com\/sk\/wp-json\/wp\/v2\/product_tag?post=22562"}],"curies":[{"name":"wp","href":"https:\/\/api.w.org\/{rel}","templated":true}]}}