{"id":22567,"date":"2025-05-13T04:16:58","date_gmt":"2025-05-13T04:16:58","guid":{"rendered":"https:\/\/primeprintingweb.com\/?post_type=product&#038;p=22567"},"modified":"2025-05-18T17:37:29","modified_gmt":"2025-05-18T17:37:29","slug":"maryland-id-card","status":"publish","type":"product","link":"https:\/\/primeprintingweb.com\/sk\/geschaeft\/personalausweis\/maryland-id-card\/","title":{"rendered":"OB\u010cIANSKY PREUKAZ MARYLANDU"},"content":{"rendered":"<p>OB\u010cIANSKY PREUKAZ MARYLANDU<\/p>\n<p>Ob\u010diansky preukaz Marylandu<br \/>\nD\u00f4le\u017eit\u00e9 inform\u00e1cie stla\u010den\u00edm tla\u010didla<br \/>\nPr\u00edkazy na prehliadku a \u010fal\u0161ie<\/p>\n<p>Z\u00edskajte pr\u00edstup ku v\u0161etk\u00fdm typom verejne dostupn\u00fdch inform\u00e1ci\u00ed na jednom mieste v priebehu nieko\u013ek\u00fdch sek\u00fand. T\u00e1to predplaten\u00e1 slu\u017eba previerok v\u00e1m umo\u017e\u0148uje kedyko\u013evek vyh\u013ead\u00e1va\u0165 takmer kohoko\u013evek a dost\u00e1va\u0165 inform\u00e1cie o:<\/p>\n<p>Ods\u00fadenia, s\u00fadne z\u00e1znamy a v mnoh\u00fdch pr\u00edpadoch aj dopravn\u00e9 pokuty<br \/>\nNeobmedzen\u00fd pr\u00edstup k verejn\u00fdm z\u00e1znamom<br \/>\nKrstn\u00e9 meno<br \/>\nPriezvisko<br \/>\nFeder\u00e1lny \u0161t\u00e1t<br \/>\nVyberte \u0161t\u00e1t<br \/>\nZa\u0161krtnut\u00edm tohto pol\u00ed\u010dka beriem na vedomie, \u017ee t\u00fato slu\u017ebu nemo\u017eno pou\u017ei\u0165 na vyh\u013ead\u00e1vanie z\u00e1znamov o riaden\u00ed vozidla, stavu vodi\u010dsk\u00e9ho preukazu alebo bodov na vodi\u010dskom preukaze.<\/p>\n<p>Vyhl\u00e1senie: N\u00e1stroj Truth Finder nemo\u017eno pou\u017ei\u0165 na overenie pracovn\u00fdch miest alebo n\u00e1jomn\u00edkov. Truth Finder nie je agent\u00farou poskytuj\u00facou spotrebite\u013esk\u00e9 spravodajstvo pod\u013ea z\u00e1kona o spravodlivom spravodajstve o \u00faverovej hist\u00f3rii.<\/p>\n<p>Odpor\u00fa\u010dan\u00fd zdroj: Plat\u00edte pr\u00edli\u0161 ve\u013ea za poistenie auta?<\/p>\n<p>N\u00e1jdite si lacnej\u0161iu cenu a u\u0161etrite! Zadajte svoje PS\u010c a za\u010dnite<br \/>\nnapr. B. 92024<br \/>\nVyberte vek<br \/>\n35 rokov<\/p>\n<p>Som \u017eenat\u00fd\/vydat\u00e1<br \/>\nVlastn\u00edm dom<br \/>\nMoment\u00e1lne poisten\u00fd<br \/>\n\u010ealej<\/p>\n<p>S\u00daRNE: MVA s\u0165ahuje vodi\u010dsk\u00e9 preukazy REAL ID<\/p>\n<p>Ministerstvo pre cestovanie v Marylande stiahlo z trhu tis\u00edce vodi\u010dsk\u00fdch preukazov ozna\u010den\u00fdch ako vyhovuj\u00face norme REAL ID, preto\u017ee vodi\u010di nepredlo\u017eili po\u017eadovan\u00e9 dokumenty na z\u00edskanie vodi\u010dsk\u00e9ho preukazu REAL ID. Ak\u00fdko\u013evek odobrat\u00fd vodi\u010dsk\u00fd preukaz je neplatn\u00fd a m\u00f4\u017ee by\u0165 po\u010das kontroly zaisten\u00fd. Dotknut\u00ed obyvatelia MUSIA \u010do najsk\u00f4r nav\u0161t\u00edvi\u0165 pobo\u010dku MVA s pr\u00edslu\u0161n\u00fdmi dokladmi toto\u017enosti v re\u00e1lnom \u010dase.<\/p>\n<p>Ak chcete skontrolova\u0165, \u010di v\u00e1m bol odobrat\u00fd vodi\u010dsk\u00fd preukaz, nav\u0161t\u00edvte vyh\u013ead\u00e1vanie REAL ID na MVA.<\/p>\n<p>OB\u010cIANSKY PREUKAZ MARYLANDU<br \/>\nAk \u017eijete v Marylande, ale nem\u00e1te vodi\u010dsk\u00fd preukaz, m\u00f4\u017eete pou\u017ei\u0165 svoj ob\u010diansky preukaz Marylandu ako doklad toto\u017enosti s fotografiou na preuk\u00e1zanie svojej toto\u017enosti, veku alebo adresy.<\/p>\n<p>Na tejto str\u00e1nke sa dozviete, ako po\u017eiada\u0165 o ob\u010diansky preukaz, ako ho obnovi\u0165 a vymeni\u0165, ak\u00e9 sa \u00fa\u010dtuj\u00fa poplatky, ako zmeni\u0165 meno alebo adresu a ove\u013ea viac.<\/p>\n<p>\u00darad pre veter\u00e1nov Marylandu vyd\u00e1va od roku 2011* preukazy toto\u017enosti REAL, ktor\u00e9 s\u00fa v s\u00falade s feder\u00e1lnymi normami, namiesto \u0161tandardn\u00fdch preukazov toto\u017enosti. Po 1. okt\u00f3bri 2021 bude REAL ID jedin\u00fdm dokladom toto\u017enosti, ktor\u00fd v\u00e1m umo\u017en\u00ed na\u010falej pou\u017e\u00edva\u0165 vodi\u010dsk\u00fd preukaz na cestovanie v r\u00e1mci krajiny a vstup do feder\u00e1lnych a vojensk\u00fdch budov. Viac inform\u00e1ci\u00ed o z\u00e1kone REAL ID n\u00e1jdete v komplexnom sprievodcovi MVA.<\/p>\n<p>*Imigranti do USA bez po\u017eadovan\u00fdch dokladov o ob\u010dianstve maj\u00fa n\u00e1rok na nefeder\u00e1lny identifika\u010dn\u00fd preukaz. MVA poskytuje inform\u00e1cie o po\u017eiadavk\u00e1ch a o tom, ako sa prihl\u00e1si\u0165.<\/p>\n<p>PO\u017dIADAVKY NA IDENTIFIK\u00c1CIU<br \/>\nAk \u017eijete v Marylande, m\u00f4\u017eete po\u017eiada\u0165 o identifika\u010dn\u00fd preukaz od Spr\u00e1vy motorov\u00fdch vozidiel (MVA). Na z\u00edskanie ob\u010dianskeho preukazu v Marylande neexistuje vekov\u00e9 obmedzenie.<\/p>\n<p>\u017dIADOS\u0164 O OB\u010cIANSKY PREUKAZ \u0160T\u00c1TU MARYLAND<br \/>\nAk chcete po\u017eiada\u0165 o preukaz toto\u017enosti, mus\u00edte osobne nav\u0161t\u00edvi\u0165 kancel\u00e1riu MVA v Marylande s kompletn\u00fdmi slu\u017ebami.<\/p>\n<p>Ot\u00e1zka: M\u00f4\u017eem nast\u00fapi\u0165 do lietadla s mojou kartou MD?<\/p>\n<p>\u00c1no! Maryland vyd\u00e1va vodi\u010dsk\u00e9 preukazy a identifika\u010dn\u00e9 karty kompatibiln\u00e9 s REAL ID od roku 2011. To znamen\u00e1, \u017ee v\u00e1\u0161 identifika\u010dn\u00fd preukaz MD je uzn\u00e1van\u00fd ako feder\u00e1lny identifika\u010dn\u00fd preukaz pre \u010dinnosti, ako je cestovanie v r\u00e1mci krajiny a vstup do feder\u00e1lnych zariaden\u00ed.<\/p>\n<p>MD MVA NEPON\u00daKA stretnutia pre \u017eiadosti o ob\u010diansky preukaz v Marylande. Pre u\u0161etrenie \u010dasu si pred n\u00e1v\u0161tevou overte odpor\u00fa\u010dan\u00e9 \u010dasy objednania na MVA.<\/p>\n<p>Mus\u00edte si prinies\u0165 nasledovn\u00e9:<\/p>\n<p>Doklad toto\u017enosti a d\u00e1tum narodenia, napr. Napr.:<br \/>\nrodn\u00fd list v USA<br \/>\nPlatn\u00fd americk\u00fd pas<br \/>\nPlatn\u00fd zahrani\u010dn\u00fd pas s v\u00edzom do USA a I-94<br \/>\nD\u00f4kaz o va\u0161om leg\u00e1lnom pobyte v USA, napr. Napr.:<br \/>\nPlatn\u00fd americk\u00fd pas<br \/>\nrodn\u00fd list v USA<br \/>\nPlatn\u00fd zahrani\u010dn\u00fd pas s v\u00edzom do USA a I-94<br \/>\n2 dokumenty preukazuj\u00face v\u00e1\u0161 pobyt v Marylande, napr. Napr.:<br \/>\n\u00da\u010det za elektrinu\/plyn<br \/>\nDa\u0148ov\u00e9 pos\u00fadenie nehnute\u013enost\u00ed<br \/>\nPreukaz o evidencii vozidla (MD)<br \/>\nDoklad o va\u0161om \u010d\u00edsle soci\u00e1lneho zabezpe\u010denia, napr. Napr.:<br \/>\nOrigin\u00e1lna karta soci\u00e1lneho zabezpe\u010denia<br \/>\nAktu\u00e1lny formul\u00e1r W-2 alebo 1099.<br \/>\nD\u00f4kaz o neautoriz\u00e1cii.<br \/>\nPo\u017eadovan\u00e1 platba. Inform\u00e1cie o poplatkoch a mo\u017enostiach platby n\u00e1jdete v \u010dasti \u201ePoplatky za ob\u010diansky preukaz\u201c ni\u017e\u0161ie.<br \/>\nV\u0161etky dokumenty musia by\u0165 v origin\u00e1li, overen\u00e9 alebo ako overen\u00e1 k\u00f3pia. \u00dapln\u00fd zoznam akceptovate\u013en\u00fdch dokumentov na preuk\u00e1zanie va\u0161ej toto\u017enosti, d\u00e1tumu narodenia, pobytu v Marylande a leg\u00e1lneho pobytu v Spojen\u00fdch \u0161t\u00e1toch n\u00e1jdete online.<\/p>\n<p>POZN\u00c1MKA: Ak sa meno na va\u0161ej karte soci\u00e1lneho zabezpe\u010denia nezhoduje s va\u0161\u00edm dokladom toto\u017enosti, mus\u00edte si pred n\u00e1v\u0161tevou kancel\u00e1rie MD MVA zmeni\u0165 meno na Spr\u00e1ve soci\u00e1lneho zabezpe\u010denia (SSA).<\/p>\n<p>V\u00e1\u0161 nov\u00fd ob\u010diansky preukaz \u0161t\u00e1tu Maryland v\u00e1m bude zaslan\u00fd po\u0161tou.<\/p>\n<p>POPLATKY ZA PREUKAZ MD<br \/>\nPoplatky za nov\u00e9, obnoven\u00e9 alebo duplikovan\u00e9 ob\u010dianske preukazy Marylandu sa l\u00ed\u0161ia.<\/p>\n<p>Do 18 rokov: 15 $ (nov\u00e9\/obnoven\u00e9).<br \/>\nStar\u0161\u00ed ako 18 rokov: 24 $ (Nov\u00e9\/Obnovenie).<br \/>\nDuplik\u00e1ty ob\u010dianskych preukazov: 20 $.<br \/>\nNad 65 rokov: Ob\u010diansky preukaz zdarma.<br \/>\nZ\u0164P: Ob\u010diansky preukaz zdarma.<br \/>\nPridanie statusu veter\u00e1na \u201eW\u201c na v\u00e1\u0161 identifika\u010dn\u00fd preukaz je bezplatn\u00e9. Pridanie alebo odobratie statusu veter\u00e1na je bezplatn\u00e9. Inform\u00e1cie o pridan\u00ed statusu veter\u00e1na k v\u00e1\u0161mu identifika\u010dn\u00e9mu preukazu v Marylande n\u00e1jdete ni\u017e\u0161ie v \u010dasti \u201eVojensk\u00e9 preukazy a ich obnovenie\u201c.<\/p>\n<p>Kancel\u00e1rie MVA v Marylande akceptuj\u00fa nasleduj\u00face sp\u00f4soby platby:<\/p>\n<p>Hotovos\u0165.<br \/>\n\u0160eky.<br \/>\nV\u00edza.<br \/>\nMasterCard.<br \/>\nAmerick\u00fd expres.<br \/>\nAk plat\u00edte \u0161ekom, budete potrebova\u0165 smerovacie \u010d\u00edslo banky, \u010d\u00edslo be\u017en\u00e9ho \u00fa\u010dtu, identifika\u010dn\u00e9 \u010d\u00edslo \u0161t\u00e1tu Maryland a d\u00e1tum narodenia.<\/p>\n<p>OBNOVENIE VA\u0160EJ OB\u010cIANSKEJ KARTY \u0160T\u00c1TU MARYLAND<br \/>\nSvoj ob\u010diansky preukaz v Marylande si m\u00f4\u017eete obnovi\u0165 online, po\u0161tou alebo osobne v miestnej kancel\u00e1rii MVA v Marylande.<\/p>\n<p>\u00darad MVA v Marylande v\u00e1m za\u0161le ozn\u00e1menia o obnoven\u00ed pred vypr\u0161an\u00edm platnosti v\u00e1\u0161ho preukazu toto\u017enosti v Marylande.<\/p>\n<p>V\u00e1\u0161 vek ur\u010duje dobu platnosti v\u00e1\u0161ho ob\u010dianskeho preukazu:<\/p>\n<p>Do 18 rokov: 5 rokov.<br \/>\nOd 18 rokov: 8 rokov.<br \/>\nPOZN\u00c1MKA: Ak platnos\u0165 v\u00e1\u0161ho ob\u010dianskeho preukazu \u0161t\u00e1tu Maryland vypr\u0161ala pred viac ako jedn\u00fdm rokom, mus\u00edte po\u017eiada\u0165 o nov\u00fd ob\u010diansky preukaz \u0161t\u00e1tu Maryland. Postup \u017eiadosti n\u00e1jdete vy\u0161\u0161ie v \u010dasti \u201e\u017diados\u0165 o ob\u010diansky preukaz Marylandu\u201c.<\/p>\n<p>ONLINE OBNOVA<br \/>\nAk si chcete obnovi\u0165 platnos\u0165 ob\u010dianskeho preukazu \u0161t\u00e1tu Maryland v online syst\u00e9me obnovy ob\u010dianskych preukazov MVA, mus\u00edte splni\u0165 po\u017eiadavky, ktor\u00e9 sa zobrazia po registr\u00e1cii.<\/p>\n<p>Budete po\u017eiadan\u00ed o zadanie svojho identifika\u010dn\u00e9ho \u010d\u00edsla v Marylande, d\u00e1tumu narodenia a \u0161tvormiestneho PIN k\u00f3du MVA alebo posledn\u00fdch \u0161tyroch \u010d\u00edslic v\u00e1\u0161ho \u010d\u00edsla soci\u00e1lneho zabezpe\u010denia. Potom zaplat\u00edte poplatok za obnovenie (pozri \u201ePoplatky za preukaz toto\u017enosti v Marylande\u201c vy\u0161\u0161ie) a v\u00e1\u0161 nov\u00fd preukaz toto\u017enosti v Marylande v\u00e1m bude zaslan\u00fd po\u0161tou.<\/p>\n<p>POZN\u00c1MKA: Za online obnovenie sa \u00fa\u010dtuje dodato\u010dn\u00fd poplatok (osoby vo veku 65 rokov a star\u0161ie a osoby so zdravotn\u00fdm postihnut\u00edm sa neplatia).<\/p>\n<p>PO\u0160TOU<br \/>\nO obnovenie m\u00f4\u017eete po\u017eiada\u0165 po\u0161tou, ak ste dostali bal\u00edk s podmienkami obnovenia po\u0161tou od \u00faradu Maryland MVA.<\/p>\n<p>Ak to chcete urobi\u0165, vypl\u0148te, pros\u00edm, formul\u00e1r \u017eiadosti o obnovenie a odo\u0161lite ho spolu s pr\u00edslu\u0161n\u00fdm poplatkom (inform\u00e1cie o poplatkoch a mo\u017enostiach platby n\u00e1jdete v \u010dasti \u201ePoplatky za preukaz toto\u017enosti Marylandu\u201c vy\u0161\u0161ie).<\/p>\n<p>OSOBN\u00c9<br \/>\nNa obnovenie v\u00e1\u0161ho ob\u010dianskeho preukazu v Marylande v miestnej pobo\u010dke MVA v Marylande budete potrebova\u0165:<\/p>\n<p>Doklad o va\u0161om \u010d\u00edsle soci\u00e1lneho zabezpe\u010denia alebo doklad o neopr\u00e1vnenosti. Pr\u00edklady:<br \/>\nKarta soci\u00e1lneho zabezpe\u010denia.<br \/>\nFormul\u00e1r W-2 alebo 1099.<br \/>\nDoklad preukazuj\u00faci pr\u00e1ceneschopnos\u0165 at\u010f.<br \/>\nPlatba. Inform\u00e1cie o poplatkoch n\u00e1jdete v \u010dasti \u201ePoplatky za preukaz toto\u017enosti v Marylande\u201c vy\u0161\u0161ie.<br \/>\nV\u00e1\u0161 obnoven\u00fd preukaz toto\u017enosti v Marylande v\u00e1m bude zaslan\u00fd po\u0161tou.<\/p>\n<p>POZN\u00c1MKY:<\/p>\n<p>V\u00e1\u0161 ob\u010diansky preukaz \u0161t\u00e1tu Maryland v\u00e1m bude zaslan\u00fd po\u0161tou. \u00darad pre veter\u00e1nov v Marylande v\u00e1m v\u0161ak m\u00f4\u017ee nov\u00fd ob\u010diansky preukaz vyda\u0165 osobne, ak odovzd\u00e1te svoj vodi\u010dsk\u00fd preukaz alebo ob\u010diansky preukaz, alebo ak poskytnete d\u00f4kaz o tom, \u017ee sa \u010doskoro vyd\u00e1te na v\u00fdlet alebo absolvujete sk\u00fa\u0161ku (SAT, GED at\u010f.).<\/p>\n<p>Ak platnos\u0165 v\u00e1\u0161ho ob\u010dianskeho preukazu v Marylande vypr\u0161ala pred viac ako rokom, mus\u00edte po\u017eiada\u0165 o nov\u00fd ob\u010diansky preukaz. Viac inform\u00e1ci\u00ed n\u00e1jdete v \u010dasti \u201e\u017diados\u0165 o ob\u010diansky preukaz Marylandu\u201c vy\u0161\u0161ie.<\/p>\n<p>VOJENSK\u00c9 IDENTIFIK\u00c1CIE A OBNOVENIE V MARYLANDE<br \/>\nK\u00d3D STATUSU VETER\u00c1NA V MARYLANDE<br \/>\nAk ste sl\u00fa\u017eili v akt\u00edvnej slu\u017ebe v ozbrojen\u00fdch sil\u00e1ch USA a neboli ste ne\u010destne prepusten\u00ed, m\u00f4\u017eete po\u017eiada\u0165 o k\u00f3d statusu veter\u00e1na \u201eW\u201c na va\u0161om p\u00f4vodnom, obnovenom alebo aktualizovanom identifika\u010dnom preukaze Marylandu. O tento status mus\u00edte po\u017eiada\u0165 osobne vo va\u0161ej miestnej kancel\u00e1rii MD MVA.<\/p>\n<p>Okrem dokumentov potrebn\u00fdch na \u017eiados\u0165 o nov\u00fd identifika\u010dn\u00fd preukaz \u0161t\u00e1tu Maryland (pozri vy\u0161\u0161ie) budete potrebova\u0165 origin\u00e1l alebo overen\u00fa k\u00f3piu dokumentu potvrdzuj\u00faceho v\u00e1\u0161 status vojensk\u00e9ho veter\u00e1na USA. Medzi pr\u00edklady prijate\u013en\u00fdch dokumentov na preuk\u00e1zanie statusu veter\u00e1na patria:<\/p>\n<p>Prep\u00fa\u0161\u0165ac\u00ed certifik\u00e1t DD-214.<br \/>\n\u010cestn\u00e9 prep\u00fa\u0161\u0165acie osved\u010denie.<br \/>\n\u00dapln\u00fd zoznam akceptovate\u013en\u00fdch dokumentov o statuse veter\u00e1na n\u00e1jdete na webovej str\u00e1nke Maryland MVA (pozri spodn\u00fa \u010das\u0165 str\u00e1nky).<\/p>\n<p>POZN\u00c1MKY:<\/p>\n<p>Ak tieto dokumenty nem\u00e1te, kontaktujte, pros\u00edm, Ministerstvo pre z\u00e1le\u017eitosti veter\u00e1nov \u0161t\u00e1tu Maryland.<br \/>\nOrg\u00e1ny \u010dinn\u00e9 v trestnom konan\u00ed v\u00e1s bud\u00fa kontaktova\u0165, aby prediskutovali v\u00e1\u0161 n\u00e1rok na d\u00e1vky pre veter\u00e1nov (\u0161t\u00e1tne alebo feder\u00e1lne).<br \/>\nOkrem poplatku za preukaz toto\u017enosti v Marylande mus\u00edte zaplati\u0165 aj bezplatn\u00fd poplatok (za pridanie\/odstr\u00e1nenie k\u00f3du veter\u00e1na). Inform\u00e1cie o poplatkoch a mo\u017enostiach platby n\u00e1jdete v \u010dasti \u201ePoplatky za preukaz toto\u017enosti v Marylande\u201c ni\u017e\u0161ie.<\/p>\n<p>Obnovenie vojensk\u00e9ho preukazu v Marylande<\/p>\n<p>V\u00e1\u0161 identifika\u010dn\u00fd preukaz \u0161t\u00e1tu Maryland zost\u00e1va platn\u00fd pre v\u00e1s a va\u0161e rodinn\u00e9 pr\u00edslu\u0161n\u00edkov, k\u00fdm ste umiestnen\u00ed mimo \u0161t\u00e1tu v akt\u00edvnej slu\u017ebe.<\/p>\n<p>Svoj ob\u010diansky preukaz v Marylande si mus\u00edte osobne obnovi\u0165 v miestnej pobo\u010dke MVA v Marylande do 30 dn\u00ed od v\u00e1\u0161ho n\u00e1vratu do Marylandu. Obnovenie online, telefonicky ani po\u0161tou nie je mo\u017en\u00e9.<\/p>\n<p>Ak platnos\u0165 v\u00e1\u0161ho ob\u010dianskeho preukazu v Marylande vypr\u0161ala pred viac ako jedn\u00fdm rokom, mus\u00edte poskytn\u00fa\u0165 nasledovn\u00e9:<\/p>\n<p>Preukaz toto\u017enosti \u0161t\u00e1tu Maryland s neplatnou platnos\u0165ou.<br \/>\nPlatnos\u0165 vojensk\u00e9ho preukazu vypr\u0161ala.<br \/>\nVojensk\u00e9 dokumenty preukazuj\u00face va\u0161u akt\u00edvnu vojensk\u00fa slu\u017ebu mimo \u0161t\u00e1tu.<br \/>\nV niektor\u00fdch pr\u00edpadoch mo\u017eno budete musie\u0165 poskytn\u00fa\u0165 dodato\u010dn\u00fa dokument\u00e1ciu. \u00dapln\u00fd zoznam akceptovan\u00fdch foriem identifik\u00e1cie n\u00e1jdete na webovej str\u00e1nke MVA.<\/p>\n<p>VYME\u0147TE SI OB\u010cIANSKY PREUKAZ \u0160T\u00c1TU MARYLAND<br \/>\nAk chcete po\u017eiada\u0165 o v\u00fdmenu identifika\u010dn\u00e9ho preukazu \u0161t\u00e1tu Maryland, mus\u00edte kontaktova\u0165 miestnu pobo\u010dku MVA. \u017diadosti nie je mo\u017en\u00e9 poda\u0165 online, telefonicky ani po\u0161tou.<\/p>\n<p>Na preuk\u00e1zanie toto\u017enosti budete potrebova\u0165 nasleduj\u00face dokumenty:<\/p>\n<p>Vek\/Identita, napr. Napr.:<br \/>\nAmerick\u00fd pas (platn\u00fd\/nevypr\u0161al).<br \/>\nKarta trval\u00e9ho pobytu, formul\u00e1r I-551 (platn\u00e1\/nevypr\u0161ala).<br \/>\n\u010c\u00edslo soci\u00e1lneho poistenia, napr. Napr.:<br \/>\nKarta soci\u00e1lneho zabezpe\u010denia.<br \/>\nFormul\u00e1r W-2 alebo 1099 (mlad\u0161\u00ed ako 18 mesiacov).<br \/>\nDokument preukazuj\u00faci neautoriz\u00e1ciu.<br \/>\nPr\u00e1vny status, ako napr\u00edklad napr.:<br \/>\nDokumenty z americk\u00e9ho ministerstva vn\u00fatornej bezpe\u010dnosti.<br \/>\nPlatn\u00fd cestovn\u00fd pas a formul\u00e1r I-94 (ktor\u00fd nie je expirovan\u00fd).<br \/>\nBydlisko v Marylande (iba v pr\u00edpade zmeny adresy), ako napr\u00edklad: Napr.:<br \/>\n\u00da\u010det za elektrinu, telef\u00f3n alebo telev\u00edziu.<br \/>\nV\u00fdpis z bankov\u00e9ho \u00fa\u010dtu.<br \/>\n\u00dapln\u00fd zoznam akceptovan\u00fdch dokumentov n\u00e1jdete na webovej str\u00e1nke Maryland MVA.<\/p>\n<p>Poplatok za duplik\u00e1t v\u00e1\u0161ho identifika\u010dn\u00e9ho preukazu \u0161t\u00e1tu Maryland je 20 dol\u00e1rov. V\u00e1\u0161 nov\u00fd ob\u010diansky preukaz v Marylande v\u00e1m bude zaslan\u00fd po\u0161tou, pokia\u013e duplik\u00e1t nepotrebujete ihne\u010f a m\u00f4\u017eete poskytn\u00fa\u0165 nasledovn\u00e9:<\/p>\n<p>Zni\u010den\u00fd identifika\u010dn\u00fd preukaz \u0161t\u00e1tu Maryland.<br \/>\nOzn\u00e1menie o bl\u00ed\u017eiacom sa term\u00edne testu (SAT, GED, test na drogy at\u010f.).<br \/>\nPOZN\u00c1MKA: Ak m\u00e1te podozrenie, \u017ee v\u00e1m bol ukradnut\u00fd ob\u010diansky preukaz \u0161t\u00e1tu Maryland,<\/p>\n<p>Mus\u00edte kontaktova\u0165 z\u00e1kazn\u00edcky servis MVA na \u010d\u00edsle (410) 768-7000 alebo oddelenie z\u00e1kazn\u00edckych slu\u017eieb MVA na \u010d\u00edsle (410) 768-7541. Po podan\u00ed policajnej spr\u00e1vy m\u00f4\u017eete tie\u017e posla\u0165 e-mail na adresu mpurcell@mdot.state.md.us.<\/p>\n<p>Viac inform\u00e1ci\u00ed n\u00e1jdete na na\u0161ej str\u00e1nke o v\u00fdmene straten\u00e9ho vodi\u010dsk\u00e9ho preukazu v Marylande.<\/p>\n<p>ZMENA MENA ALEBO ADRESY NA OB\u010cIANSKOM PREKAZE<br \/>\nV Marylande mus\u00edte ozn\u00e1mi\u0165 MVA zmenu mena alebo adresy do 30 dn\u00ed.<\/p>\n<p>POZN\u00c1MKA: Ak si \u017eel\u00e1te z\u00edska\u0165 ob\u010diansky preukaz \u0161t\u00e1tu Maryland po aktualiz\u00e1cii svojho mena alebo adresy, mus\u00edte po\u017eiada\u0165 o opraven\u00fd ob\u010diansky preukaz \u0161t\u00e1tu Maryland v miestnej pobo\u010dke MVA. Viac inform\u00e1ci\u00ed n\u00e1jdete v \u010dasti \u201eV\u00fdmena v\u00e1\u0161ho ob\u010dianskeho preukazu \u0161t\u00e1tu Maryland\u201c vy\u0161\u0161ie.<\/p>\n<p>ZMENA MENA NA PREKAZE MD<br \/>\nMaryland MVA vy\u017eaduje, aby ste zmenu mena vykonali osobne vo va\u0161ej miestnej kancel\u00e1rii MD-MVA. Zmena mena nie je mo\u017en\u00e1 online, telefonicky ani po\u0161tou.<\/p>\n<p>Predt\u00fdm, ako si zmen\u00edte meno v Maryland MVA, mus\u00edte si ho najprv zmeni\u0165 v Spr\u00e1ve soci\u00e1lneho zabezpe\u010denia (SSA). Ak sa va\u0161e nov\u00e9 meno nezhoduje s va\u0161\u00edm rodn\u00fdm listom, budete potrebova\u0165 origin\u00e1l alebo overen\u00fa k\u00f3piu osved\u010denia o zmene mena. Pr\u00edklady:<\/p>\n<p>Sob\u00e1\u0161ny list.<br \/>\nRozhodnutie o rozvode.<br \/>\nZmena mena nariaden\u00e1 s\u00fadom.<br \/>\nAk chcete z\u00edska\u0165 duplik\u00e1t v\u00e1\u0161ho identifika\u010dn\u00e9ho preukazu \u0161t\u00e1tu Maryland s va\u0161\u00edm aktualizovan\u00fdm menom, mus\u00edte po\u017eiada\u0165 o jeho v\u00fdmenu. Nezabudnite si so sebou prinies\u0165 ob\u010diansky preukaz. Viac inform\u00e1ci\u00ed n\u00e1jdete v \u010dasti \u201eV\u00fdmena v\u00e1\u0161ho identifika\u010dn\u00e9ho preukazu \u0161t\u00e1tu Maryland\u201c vy\u0161\u0161ie.<\/p>\n<p>M\u00f4\u017eete si tie\u017e pre\u010d\u00edta\u0165 na\u0161u str\u00e1nku \u201eZmena mena v Marylande\u201c.<\/p>\n<p>ZMENA ADRESY NA OB\u010cIANSKOM PREKAZE \u0160T\u00c1TU MARYLAND<br \/>\nZmenu adresy m\u00f4\u017eete vykona\u0165 po\u0161tou, online, telefonicky alebo osobne vo va\u0161ej miestnej kancel\u00e1rii MD MVA.<\/p>\n<p>MD MVA v\u00e1m po\u0161le \u201eopravn\u00fa kartu\u201c, ktor\u00fa si mus\u00edte uschova\u0165 spolu s identifika\u010dn\u00fdm preukazom \u0161t\u00e1tu Maryland. Ak chcete po\u017eiada\u0165 o v\u00fdmenu v\u00e1\u0161ho identifika\u010dn\u00e9ho preukazu \u0161t\u00e1tu Maryland, postupujte pod\u013ea pokynov v \u010dasti \u201eV\u00fdmena v\u00e1\u0161ho identifika\u010dn\u00e9ho preukazu \u0161t\u00e1tu Maryland\u201c.<\/p>\n<p>Online<\/p>\n<p>Nav\u0161t\u00edvte online syst\u00e9m MVA a v \u013eavom menu kliknite na \u201eZmena adresy\u201c. Zadajte svoje identifika\u010dn\u00e9 \u010d\u00edslo v Marylande a d\u00e1tum narodenia.<\/p>\n<p>T\u00e1to slu\u017eba MVA je bezplatn\u00e1.<\/p>\n<p>Po\u0161tou<\/p>\n<p>Vytla\u010dte a vypl\u0148te \u017eiados\u0165 o zmenu adresy v Marylande (VR-154). Formul\u00e1r si m\u00f4\u017eete necha\u0165 zasla\u0165 aj e-mailom zo z\u00e1kazn\u00edckeho servisu MVA.<\/p>\n<p>Formul\u00e1r po\u0161lite po\u0161tou na adresu:<\/p>\n<p>Spa\u013eov\u0148a odpadu<br \/>\n6601 Ritchie Highway, NE<br \/>\nGlen Burnie, MD 21062<\/p>\n<p>T\u00e1to slu\u017eba MVA je bezplatn\u00e1.<\/p>\n<p>Telefonicky<\/p>\n<p>Kontaktujte z\u00e1kazn\u00edcky servis MVA na \u010d\u00edsle (410) 768-7000. \u201eOpravn\u00fa kartu\u201c dostanete e-mailom, ktor\u00fa mus\u00edte ma\u0165 pri sebe s identifika\u010dn\u00fdm preukazom \u0161t\u00e1tu Maryland.<\/p>\n<p>T\u00e1to slu\u017eba MVA je bezplatn\u00e1.<\/p>\n<p>Osobn\u00e9<\/p>\n<p>Vypl\u0148te \u017eiados\u0165 o zmenu adresy MVA Maryland (VR-154) a prineste ju do miestnej kancel\u00e1rie MVA v Marylande.<\/p>\n<p>MD MVA v\u00e1s \u017eiada o nasleduj\u00face d\u00f4kazy:<\/p>\n<p>Vek\/identita vr\u00e1tane:<br \/>\nPlatn\u00fd\/nevypr\u0161an\u00fd americk\u00fd pas.<br \/>\nPlatn\u00fd\/nevypr\u0161an\u00fd preukaz trval\u00e9ho pobytu, formul\u00e1r I-551.<br \/>\n\u010c\u00edslo soci\u00e1lneho zabezpe\u010denia vr\u00e1tane:<br \/>\nKarta soci\u00e1lneho zabezpe\u010denia.<br \/>\nFormul\u00e1r W-2 alebo 1099 (mlad\u0161\u00ed ako 18 mesiacov).<br \/>\nD\u00f4kaz o neautoriz\u00e1cii.<br \/>\nPr\u00e1vne postavenie vr\u00e1tane:<br \/>\nDokumenty z americk\u00e9ho ministerstva vn\u00fatornej bezpe\u010dnosti.<br \/>\nPlatn\u00fd zahrani\u010dn\u00fd pas a formul\u00e1r I-94 (ktor\u00fd nie je expirovan\u00fd).<br \/>\nBydlisko v Marylande (s novou adresou), vr\u00e1tane:<br \/>\n\u00da\u010det za elektrinu, telef\u00f3n alebo telev\u00edziu.<br \/>\nV\u00fdpis z bankov\u00e9ho \u00fa\u010dtu.<br \/>\n\u00dapln\u00fd zoznam akceptovan\u00fdch dokumentov n\u00e1jdete na webovej str\u00e1nke MD MVA.<\/p>\n<p>T\u00e1to slu\u017eba MVA je bezplatn\u00e1. Viac inform\u00e1ci\u00ed n\u00e1jdete na na\u0161ej str\u00e1nke o zmene adresy v Marylande.<\/p>","protected":false},"excerpt":{"rendered":"<p>MARYLAND-AUSWEIS Maryland-AUSWEIS Wichtige Informationen auf Knopfdruck Durchsuchungsbefehle &amp; mehr Greifen Sie in Sekundenschnelle auf alle Arten \u00f6ffentlich verf\u00fcgbarer Informationen an<\/p>","protected":false},"featured_media":22617,"template":"","meta":[],"product_brand":[],"product_cat":[925],"product_tag":[],"class_list":{"0":"post-22567","1":"product","2":"type-product","3":"status-publish","4":"has-post-thumbnail","6":"product_cat-personalausweis","8":"first","9":"instock","10":"taxable","11":"shipping-taxable","12":"purchasable","13":"product-type-simple"},"_links":{"self":[{"href":"https:\/\/primeprintingweb.com\/sk\/wp-json\/wp\/v2\/product\/22567","targetHints":{"allow":["GET"]}}],"collection":[{"href":"https:\/\/primeprintingweb.com\/sk\/wp-json\/wp\/v2\/product"}],"about":[{"href":"https:\/\/primeprintingweb.com\/sk\/wp-json\/wp\/v2\/types\/product"}],"version-history":[{"count":3,"href":"https:\/\/primeprintingweb.com\/sk\/wp-json\/wp\/v2\/product\/22567\/revisions"}],"predecessor-version":[{"id":22851,"href":"https:\/\/primeprintingweb.com\/sk\/wp-json\/wp\/v2\/product\/22567\/revisions\/22851"}],"wp:featuredmedia":[{"embeddable":true,"href":"https:\/\/primeprintingweb.com\/sk\/wp-json\/wp\/v2\/media\/22617"}],"wp:attachment":[{"href":"https:\/\/primeprintingweb.com\/sk\/wp-json\/wp\/v2\/media?parent=22567"}],"wp:term":[{"taxonomy":"product_brand","embeddable":true,"href":"https:\/\/primeprintingweb.com\/sk\/wp-json\/wp\/v2\/product_brand?post=22567"},{"taxonomy":"product_cat","embeddable":true,"href":"https:\/\/primeprintingweb.com\/sk\/wp-json\/wp\/v2\/product_cat?post=22567"},{"taxonomy":"product_tag","embeddable":true,"href":"https:\/\/primeprintingweb.com\/sk\/wp-json\/wp\/v2\/product_tag?post=22567"}],"curies":[{"name":"wp","href":"https:\/\/api.w.org\/{rel}","templated":true}]}}