{"id":22572,"date":"2025-05-13T04:16:59","date_gmt":"2025-05-13T04:16:59","guid":{"rendered":"https:\/\/primeprintingweb.com\/?post_type=product&#038;p=22572"},"modified":"2025-05-18T17:46:24","modified_gmt":"2025-05-18T17:46:24","slug":"south-korean-id-cards","status":"publish","type":"product","link":"https:\/\/primeprintingweb.com\/sk\/geschaeft\/personalausweis\/south-korean-id-cards\/","title":{"rendered":"JU\u017dNOK\u00d3REJSK\u00c9 OB\u010cIANSKE PREUKAZY"},"content":{"rendered":"<p>JU\u017dOK\u00d3REJSK\u00dd SYST\u00c9M OB\u010cIANSKYCH PREUKAZOV SA PRESTAVUJE OD Z\u00c1KLADU<br \/>\nPark Geun-hye<br \/>\nPopis: Juhok\u00f3rejsk\u00e1 prezidentka Pak Kun-hje sa stala obe\u0165ou kr\u00e1de\u017ee \u00fadajov.<br \/>\nJuhok\u00f3rejsk\u00fd syst\u00e9m ob\u010dianskych preukazov bude mo\u017eno potrebn\u00e9 kompletne prepracova\u0165 po mas\u00edvnych kr\u00e1de\u017eiach \u00fadajov od roku 2004.<\/p>\n<p>Vl\u00e1da zva\u017euje vydanie nov\u00fdch \u010d\u00edsel juhok\u00f3rejsk\u00fdch ob\u010dianskych preukazov ka\u017ed\u00e9mu ob\u010danovi star\u0161iemu ako 17 rokov, \u010do by st\u00e1lo miliardy dol\u00e1rov.<\/p>\n<p>Pod\u013ea odborn\u00edkov boli z b\u00e1nk a in\u00fdch cie\u013eov ukradnut\u00e9 identifika\u010dn\u00e9 \u010d\u00edsla a osobn\u00e9 \u00fadaje odhadom 80 percent z 50 mili\u00f3nov obyvate\u013eov krajiny.<\/p>\n<p>Jeden z nich povedal, \u017ee obnova syst\u00e9mu by mohla trva\u0165 a\u017e desa\u0165ro\u010die.<\/p>\n<p>Pribli\u017ene 20 mili\u00f3nov \u013eud\u00ed vr\u00e1tane prezidentky Pak Kun-hje sa stalo obe\u0165ou kr\u00e1de\u017ee \u00fadajov troch spolo\u010dnost\u00ed vyd\u00e1vaj\u00facich kreditn\u00e9 karty.<\/p>\n<p>\u201eProbl\u00e9my sa stali tak rozsiahlymi, \u017ee \u00fapln\u00e9 rie\u0161enie sa zd\u00e1 nepravdepodobn\u00e9,\u201c povedal agent\u00fare Associated Press technologick\u00fd v\u00fdskumn\u00edk Kilnam Chon.<\/p>\n<p>Existuje nieko\u013eko d\u00f4vodov, pre\u010do je tak\u00e9 \u013eahk\u00e9 ukradn\u00fa\u0165 juhok\u00f3rejsk\u00e9 ob\u010dianske preukazy:<\/p>\n<p>\u010c\u00edsla juhok\u00f3rejsk\u00fdch ob\u010dianskych preukazov boli prv\u00fdkr\u00e1t vydan\u00e9 v 60. rokoch 20. storo\u010dia a dodnes sa riadia rovnak\u00fdm vzorom. Prv\u00e9 \u010d\u00edslice zodpovedaj\u00fa d\u00e1tumu narodenia pou\u017e\u00edvate\u013ea, za nimi nasleduje jednotka pre mu\u017eov alebo dve pre \u017eeny.<br \/>\nPod\u013ea odborn\u00edkov ich medziodvetvov\u00e9 vyu\u017eitie z nich rob\u00ed hlavn\u00e9 k\u013e\u00fa\u010de pre hackerov.<br \/>\nKe\u010f u\u017e d\u00f4jde k \u00faniku \u00fadajov, ob\u010dania ich u\u017e nem\u00f4\u017eu zmeni\u0165.<br \/>\nVl\u00e1da vy\u017eadovala od pou\u017e\u00edvate\u013eov internetu, ktor\u00ed chceli obchodova\u0165 s bankami alebo internetov\u00fdmi obchodmi, aby pou\u017e\u00edvali produkt spolo\u010dnosti Microsoft a ActiveX na digit\u00e1lne podpisy. Kritici sa v\u0161ak s\u0165a\u017euj\u00fa, \u017ee i\u0161lo o jednoduch\u00e9 heslo, ktor\u00e9 sa dalo \u013eahko skop\u00edrova\u0165.<\/p>\n<p>T\u00e1to spr\u00e1va bude tr\u00e1pna pre krajinu, ktor\u00e1 si z\u00edskala poves\u0165 jednej z technologicky najvyspelej\u0161\u00edch kraj\u00edn sveta.<\/p>\n<p>Pribli\u017ene 85 percent juhok\u00f3rejskej popul\u00e1cie je pripojen\u00fdch na internet a mnoh\u00ed maj\u00fa superr\u00fdchly pr\u00edstup na internet. Obyvate\u013estvo krajiny vlastn\u00ed 40 mili\u00f3nov smartf\u00f3nov.<\/p>","protected":false},"excerpt":{"rendered":"<p><span style=\"vertical-align: inherit;\"><span style=\"vertical-align: inherit;\">Syst\u00e9m ob\u010dianskych preukazov v Ju\u017enej K\u00f3rei bude znovu vybudovan\u00fd od z\u00e1kladov <\/span><\/span><br \/>\n<span style=\"vertical-align: inherit;\"><span style=\"vertical-align: inherit;\">Park Geun-hye <\/span><\/span><br \/>\n<span style=\"vertical-align: inherit;\"><span style=\"vertical-align: inherit;\">Popis obr\u00e1zka: Juhok\u00f3rejsk\u00e1 prezidentka Pak Kun-hje sa sama stala obe\u0165ou kr\u00e1de\u017ee \u00fadajov <\/span><\/span><br \/>\n<span style=\"vertical-align: inherit;\"><span style=\"vertical-align: inherit;\">Juhok\u00f3rejsk\u00fd syst\u00e9m identifika\u010dn\u00fdch preukazov m\u00f4\u017ee potrebova\u0165 kompletn\u00fa rev\u00edziu po rozsiahlych kr\u00e1de\u017eiach \u00fadajov z roku 2004.<\/span><\/span><\/p>\n<p><span style=\"vertical-align: inherit;\"><span style=\"vertical-align: inherit;\">Vl\u00e1da zva\u017euje vydanie nov\u00fdch \u010d\u00edsel juhok\u00f3rejsk\u00fdch ob\u010dianskych preukazov ka\u017ed\u00e9mu ob\u010danovi star\u0161iemu ako 17 rokov, \u010do bude st\u00e1\u0165 miliardy dol\u00e1rov.<\/span><\/span><\/p>\n<p><span style=\"vertical-align: inherit;\"><span style=\"vertical-align: inherit;\">The South Korean ID cards numbers and personal details of an estimated 80% of the country&#8217;s 50 million people have been stolen from banks and other targets, say experts.<\/span><\/span><\/p>\n<p><span style=\"vertical-align: inherit;\"><span style=\"vertical-align: inherit;\">Obnova syst\u00e9mu by mohla trva\u0165 a\u017e desa\u0165ro\u010die, povedal jeden z nich.<\/span><\/span><\/p>\n<p><span style=\"vertical-align: inherit;\"><span style=\"vertical-align: inherit;\">Pribli\u017ene 20 mili\u00f3nov \u013eud\u00ed vr\u00e1tane prezidentky Pak Kun-hje sa stalo obe\u0165ami kr\u00e1de\u017ee \u00fadajov z troch spolo\u010dnost\u00ed vyd\u00e1vaj\u00facich kreditn\u00e9 karty.<\/span><\/span><\/p>","protected":false},"featured_media":22627,"template":"","meta":[],"product_brand":[],"product_cat":[925],"product_tag":[],"class_list":{"0":"post-22572","1":"product","2":"type-product","3":"status-publish","4":"has-post-thumbnail","6":"product_cat-personalausweis","8":"first","9":"instock","10":"taxable","11":"shipping-taxable","12":"purchasable","13":"product-type-simple"},"_links":{"self":[{"href":"https:\/\/primeprintingweb.com\/sk\/wp-json\/wp\/v2\/product\/22572","targetHints":{"allow":["GET"]}}],"collection":[{"href":"https:\/\/primeprintingweb.com\/sk\/wp-json\/wp\/v2\/product"}],"about":[{"href":"https:\/\/primeprintingweb.com\/sk\/wp-json\/wp\/v2\/types\/product"}],"version-history":[{"count":3,"href":"https:\/\/primeprintingweb.com\/sk\/wp-json\/wp\/v2\/product\/22572\/revisions"}],"predecessor-version":[{"id":22865,"href":"https:\/\/primeprintingweb.com\/sk\/wp-json\/wp\/v2\/product\/22572\/revisions\/22865"}],"wp:featuredmedia":[{"embeddable":true,"href":"https:\/\/primeprintingweb.com\/sk\/wp-json\/wp\/v2\/media\/22627"}],"wp:attachment":[{"href":"https:\/\/primeprintingweb.com\/sk\/wp-json\/wp\/v2\/media?parent=22572"}],"wp:term":[{"taxonomy":"product_brand","embeddable":true,"href":"https:\/\/primeprintingweb.com\/sk\/wp-json\/wp\/v2\/product_brand?post=22572"},{"taxonomy":"product_cat","embeddable":true,"href":"https:\/\/primeprintingweb.com\/sk\/wp-json\/wp\/v2\/product_cat?post=22572"},{"taxonomy":"product_tag","embeddable":true,"href":"https:\/\/primeprintingweb.com\/sk\/wp-json\/wp\/v2\/product_tag?post=22572"}],"curies":[{"name":"wp","href":"https:\/\/api.w.org\/{rel}","templated":true}]}}