{"id":22639,"date":"2025-05-13T04:17:25","date_gmt":"2025-05-13T04:17:25","guid":{"rendered":"https:\/\/primeprintingweb.com\/?post_type=product&#038;p=22639"},"modified":"2025-05-18T17:08:21","modified_gmt":"2025-05-18T17:08:21","slug":"luxembourg-driving-license-online","status":"publish","type":"product","link":"https:\/\/primeprintingweb.com\/sk\/geschaeft\/fuehrerschein\/luxembourg-driving-license-online\/","title":{"rendered":"LUXEMBURSK\u00dd VODI\u010cSK\u00dd PREUKAZ ONLINE"},"content":{"rendered":"<p>INFORM\u00c1CIE O VODI\u010cSK\u00ddCH PREUKAZOCH V LUXEMBURSKEJ REPUBLIKE: INFORM\u00c1CIE O ONLINE \u017dIADOSTI O VODI\u010cSK\u00dd PREUKAZ V LUXEMBURSKEJ REPUBLIKE A O REGISTR\u00c1CII NA VODI\u010cSK\u00da SK\u00da\u0160KU\u2026<br \/>\nVodi\u010di v Luxembursku musia ma\u0165 najmenej 18 rokov a platn\u00fd vodi\u010dsk\u00fd preukaz (permis de conduire). Vozidl\u00e1 kateg\u00f3ri\u00ed AM a A1 m\u00f4\u017eu by\u0165 riaden\u00e9 od 16 rokov s platn\u00fdm vodi\u010dsk\u00fdm preukazom. Vodi\u010dsk\u00fd preukaz mus\u00ed by\u0165 pri sebe na v\u0161etk\u00fdch cest\u00e1ch a na po\u017eiadanie predlo\u017een\u00fd policajtovi. K\u00f3pie nie s\u00fa akceptovan\u00e9. Vodi\u010dsk\u00e9 preukazy v Luxembursku vyd\u00e1va a spravuje Service des Permis de Conduire (SNCA).<\/p>\n<p>Slu\u017eba Conduire (SNCA).<br \/>\nAdresa: 11, rue de Luxembourg, L-5230 Sandweiler<br \/>\nTelef\u00f3n: +1 35 72 14 -1<br \/>\nExistuje nieko\u013eko hlavn\u00fdch tried vodi\u010dsk\u00fdch preukazov (ktor\u00e9 sa \u010falej delia na podtriedy):<\/p>\n<p>Trieda AM: Mopedy s maxim\u00e1lnou kon\u0161truk\u010dnou r\u00fdchlos\u0165ou do 45 km\/h<br \/>\nTrieda A1: \u013dahk\u00e9 motocykle a mopedy s v\u00fdkonom do 15 kW<br \/>\nTrieda A2: Motocykle s v\u00fdkonom do 35 kW<br \/>\nKateg\u00f3ria A: V\u0161etky motocykle<br \/>\nKateg\u00f3ria B: Osobn\u00e9 automobily<br \/>\nKateg\u00f3ria BE: Aut\u00e1 s pr\u00edvesmi alebo karavany s celkovou hmotnos\u0165ou men\u0161ou ako 3 500 kg<br \/>\nKateg\u00f3ria C: N\u00e1kladn\u00e9 vozidl\u00e1 a \u00fa\u017eitkov\u00e9 vozidl\u00e1<br \/>\nTrieda DF: autobusy a traktory<br \/>\nNa z\u00edskanie jedn\u00e9ho z t\u00fdchto vodi\u010dsk\u00fdch preukazov mus\u00ed vodi\u010d zlo\u017ei\u0165 dve sk\u00fa\u0161ky:<\/p>\n<p>teoretick\u00fd test<br \/>\nvodi\u010dsk\u00fd test<br \/>\nS praktickou jazdou m\u00f4\u017eete za\u010da\u0165 a\u017e po \u00faspe\u0161nom absolvovan\u00ed teoretickej sk\u00fa\u0161ky.<\/p>\n<p>\u017dIADOS\u0164 O VODI\u010cSK\u00dd PREUKAZ V LUXEMBURSKOM<br \/>\nV\u0161etok v\u00fdcvik a pr\u00edprava vodi\u010dov sa musia kona\u0165 v registrovanej auto\u0161kole. \u017diados\u0165 o vodi\u010dsk\u00fd preukaz (demande en obtention d&#039;un permis de conduire alebo \u017eiados\u0165 o vodi\u010dsk\u00fd preukaz) pre ka\u017ed\u00fa skupinu vodi\u010dsk\u00e9ho preukazu sa pod\u00e1va pri registr\u00e1cii v auto\u0161kole, ktor\u00e1 podp\u00edsan\u00fa \u017eiados\u0165 za\u0161le SNCT.<\/p>\n<p>K \u017eiadosti s\u00fa potrebn\u00e9 nasleduj\u00face dokumenty:<\/p>\n<p>Lek\u00e1rske potvrdenie od licencovan\u00e9ho lek\u00e1ra (maxim\u00e1lne tri mesiace star\u00e9)<br \/>\npasov\u00e1 fotografia<br \/>\nOsved\u010denie o registr\u00e1cii (certificat de r\u00edsidence) (maxim\u00e1lne jeden mesiac star\u00e9) od obce<br \/>\nK\u00f3pia \u010destn\u00e9ho vyhl\u00e1senia (extrait de casier judiciaire) z pol\u00edcie alebo krajiny p\u00f4vodu, ak je pobyt v Luxembursku krat\u0161\u00ed ako p\u00e4\u0165 rokov<br \/>\nDa\u0148ov\u00e1 zn\u00e1mka (Timbre de Chancellerie)<br \/>\nRegistra\u010dn\u00fd poplatok do auto\u0161koly<br \/>\nNa po\u017eiadanie o vodi\u010dsk\u00fd preukaz skupiny AM alebo A1 na moped alebo \u013eahk\u00fd motocykel mus\u00ed ma\u0165 vodi\u010d najmenej 16 rokov. Na z\u00edskanie vodi\u010dsk\u00e9ho preukazu skupiny B mus\u00ed ma\u0165 vodi\u010d najmenej 18 rokov. \u017diadosti musia by\u0165 podp\u00edsan\u00e9 rodi\u010dom alebo z\u00e1konn\u00fdm z\u00e1stupcom, ak m\u00e1 \u017eiadate\u013e menej ako 18 rokov.<\/p>\n<p>TEORICK\u00c9 A PRAKTICK\u00c9 SK\u00da\u0160KY<br \/>\nTeoretick\u00e9 aj praktick\u00e9 sk\u00fa\u0161ky je mo\u017en\u00e9 absolvova\u0165 v angli\u010dtine.<\/p>\n<p>Teoretick\u00fd kurz zah\u0155\u0148a minim\u00e1lne 12 hodinov\u00fdch lekci\u00ed v auto\u0161kole (za ur\u010dit\u00fdch okolnost\u00ed sa m\u00f4\u017ee skr\u00e1ti\u0165). \u017diadate\u013e sa obozn\u00e1mi s luxembursk\u00fdmi pravidlami cestnej prem\u00e1vky (Code de la Route). Auto\u0161kola poskytuje dokumenty a sk\u00fa\u0161ky, ale vzorov\u00e9 sk\u00fa\u0161ky s\u00fa k dispoz\u00edcii aj online.<\/p>\n<p>K\u00f3d trasy (vo franc\u00faz\u0161tine)<br \/>\nAko sa pripravi\u0165 na teoretick\u00fd test<br \/>\nPRAKTICK\u00c1 SK\u00da\u0160KA<br \/>\nPo \u00faspe\u0161nom absolvovan\u00ed teoretickej sk\u00fa\u0161ky sa za\u010d\u00edna praktick\u00fd v\u00fdcvik. Pozost\u00e1va z najmenej 16 hod\u00edn jazdy s in\u0161truktorom jazdy, po ktor\u00fdch nasleduje hodinov\u00e1 praktick\u00e1 sk\u00fa\u0161ka (v pr\u00edtomnosti in\u0161truktora jazdy).<\/p>\n<p>Vodi\u010di-\u017eiaci s vodi\u010dsk\u00fdm preukazom skupiny B vo veku 17 a viac rokov sa m\u00f4\u017eu z\u00fa\u010dastni\u0165 v\u00fdcviku jazdy v sprievode \u010dlena rodiny alebo priate\u013ea, ktor\u00fd je dr\u017eite\u013eom vodi\u010dsk\u00e9ho preukazu skupiny B viac ako \u0161es\u0165 rokov a nebol penalizovan\u00fd.<\/p>\n<p>V\u0161etky inform\u00e1cie o jazde so sprievodom (Conduite accompagn\u00e9e) (vo franc\u00faz\u0161tine)<br \/>\nPo \u00faspe\u0161nom absolvovan\u00ed praktickej sk\u00fa\u0161ky sa vyd\u00e1 vodi\u010dsk\u00fd preukaz a nov\u00fd vodi\u010d dostane svoj vodi\u010dsk\u00fd preukaz. Ide o do\u010dasn\u00fd vodi\u010dsk\u00fd preukaz platn\u00fd dva roky. Pre za\u010d\u00ednaj\u00facich vodi\u010dov platia obmedzenia a povolen\u00fd limit alkoholu v krvi je ni\u017e\u0161\u00ed.<\/p>\n<p>Po\u010das sk\u00fa\u0161obnej doby mus\u00ed za\u010d\u00ednaj\u00faci vodi\u010d absolvova\u0165 povinn\u00fd kurz vodi\u010dsk\u00e9ho v\u00fdcviku v stredisku pre v\u00fdcvik vodi\u010dov Colmar-Berg s n\u00e1zvom Centre de Formation pour Conducteurs (CFC). Sk\u00fa\u0161ky je mo\u017en\u00e9 absolvova\u0165 v angli\u010dtine (pros\u00edm, informujte o tom centrum pri dohodnut\u00ed si term\u00ednu). Kurz mus\u00ed by\u0165 absolvovan\u00fd do dvoch rokov od z\u00edskania vodi\u010dsk\u00e9ho preukazu, nie v\u0161ak sk\u00f4r ako tri mesiace (alebo ak m\u00e1 vodi\u010d najazden\u00fdch aspo\u0148 3 000 km) po prvom vydan\u00ed vodi\u010dsk\u00e9ho preukazu.<\/p>\n<p>\u010eal\u0161ie inform\u00e1cie od CFC v angli\u010dtine<br \/>\nCenter de Formation pour Conducteurs (CFC)<br \/>\nPoloha: Colmar-Berg, medzi N7\/E420 a A7<br \/>\nTel.: 85 82 85-1 (v pondelok zatvoren\u00e9)<br \/>\n\u010eal\u0161ie inform\u00e1cie (vo franc\u00faz\u0161tine) n\u00e1jdete na Luxemburskom ob\u010dianskom port\u00e1li<br \/>\nNe\u00faspe\u0161n\u00e9<br \/>\nSk\u00fa\u0161ky je mo\u017en\u00e9 absolvova\u0165 tak \u010dasto, ako je potrebn\u00e9, za predpokladu, \u017ee bol zaplaten\u00fd registra\u010dn\u00fd poplatok a boli absolvovan\u00e9 aspo\u0148 \u010fal\u0161ie hodiny praxe.<\/p>\n<p>PLATNOS\u0164 A OBNOVENIE VODI\u010cSK\u00c9HO PREUKAZU<br \/>\nVodi\u010dsk\u00e9 preukazy skupiny A a B sa musia obnovova\u0165 ka\u017ed\u00fdch desa\u0165 rokov a\u017e do veku 70 rokov. Vo veku od 70 do 79 rokov je mo\u017en\u00e9 vodi\u010dsk\u00fd preukaz obnovi\u0165 na p\u00e4\u0165 rokov, ak dr\u017eite\u013e v \u010dase obnovenia absolvuje lek\u00e1rsku prehliadku. Po dov\u0155\u0161en\u00ed 79 rokov sa vodi\u010dsk\u00fd preukaz mus\u00ed obnovova\u0165 ka\u017ed\u00e9 dva roky s lek\u00e1rskou prehliadkou.<\/p>\n<p>Vlastn\u00edk kateg\u00f3rie<\/p>\n<p>Dr\u017eitelia vodi\u010dsk\u00e9ho preukazu skupiny C, D alebo F si ho musia obnovova\u0165 ka\u017ed\u00fdch p\u00e4\u0165 rokov a\u017e do veku 70 rokov, za predpokladu, \u017ee absolvuj\u00fa lek\u00e1rsku prehliadku. Po dov\u0155\u0161en\u00ed 70 rokov je mo\u017en\u00e9 vodi\u010dsk\u00fd preukaz pred\u013a\u017ei\u0165 o tri roky po lek\u00e1rskej prehliadke. Vozidl\u00e1 tried C, D a F sa u\u017e nesm\u00fa vies\u0165 po dov\u0155\u0161en\u00ed 75 rokov.<\/p>\n<p>Na obnovenie vodi\u010dsk\u00e9ho preukazu s\u00fa potrebn\u00e9 tieto dokumenty (\u010dl\u00e1nok 78 Ob\u010dianskeho z\u00e1konn\u00edka):<\/p>\n<p>Lek\u00e1rske potvrdenie od licencovan\u00e9ho lek\u00e1ra, nie star\u0161ie ako tri mesiace<br \/>\nAktu\u00e1lna pasov\u00e1 fotografia<br \/>\nViac inform\u00e1ci\u00ed o obnoven\u00ed vodi\u010dsk\u00e9ho preukazu (vo franc\u00faz\u0161tine)<\/p>\n<p>VODI\u010cSK\u00dd PREUKAZ<br \/>\nDohodnite si stretnutie online na informa\u010dnom pulte Guichet.lu<br \/>\nUrobte si vodi\u010dsk\u00fd test<br \/>\nsprev\u00e1dzan\u00e1 jazda<br \/>\nVodi\u010dsk\u00fd preukaz zalo\u017een\u00fd na bodoch<br \/>\n\u017diados\u0165 o osved\u010denie o pravosti v\u00e1\u0161ho vodi\u010dsk\u00e9ho preukazu<br \/>\nPred\u013a\u017eenie platnosti vodi\u010dsk\u00e9ho preukazu<br \/>\nV\u00fdmena odcudzen\u00e9ho, straten\u00e9ho alebo po\u0161koden\u00e9ho vodi\u010dsk\u00e9ho preukazu<br \/>\nOkam\u017eit\u00e9 odobratie vodi\u010dsk\u00e9ho preukazu<br \/>\nV\u00fdmena inform\u00e1ci\u00ed o poru\u0161eniach bezpe\u010dnosti cestnej prem\u00e1vky<br \/>\nPlatnos\u0165 vodi\u010dsk\u00e9ho preukazu pri pohybe v r\u00e1mci EHP<br \/>\nRegistr\u00e1cia, v\u00fdmena alebo konverzia zahrani\u010dn\u00e9ho vodi\u010dsk\u00e9ho preukazu<br \/>\n\u017diados\u0165 o medzin\u00e1rodn\u00fd vodi\u010dsk\u00fd preukaz<\/p>","protected":false},"excerpt":{"rendered":"<p>INFORM\u00c1CIE O VODI\u010cSKOM PREUKAZE V LUXEMBURSKEJ REPUBLIKE: INFORM\u00c1CIE O ONLINE \u017dIADOSTI O VODI\u010cSK\u00dd PREUKAZ V LUXEMBURSKEJ REPUBLIKE A O REGISTR\u00c1CII NA VODI\u010cSK\u00da SK\u00da\u0160KU\u2026 Vodi\u010di v Luxembursku musia<\/p>","protected":false},"featured_media":22677,"template":"","meta":[],"product_brand":[],"product_cat":[927],"product_tag":[],"class_list":{"0":"post-22639","1":"product","2":"type-product","3":"status-publish","4":"has-post-thumbnail","6":"product_cat-fuehrerschein","8":"first","9":"instock","10":"taxable","11":"shipping-taxable","12":"purchasable","13":"product-type-simple"},"_links":{"self":[{"href":"https:\/\/primeprintingweb.com\/sk\/wp-json\/wp\/v2\/product\/22639","targetHints":{"allow":["GET"]}}],"collection":[{"href":"https:\/\/primeprintingweb.com\/sk\/wp-json\/wp\/v2\/product"}],"about":[{"href":"https:\/\/primeprintingweb.com\/sk\/wp-json\/wp\/v2\/types\/product"}],"version-history":[{"count":2,"href":"https:\/\/primeprintingweb.com\/sk\/wp-json\/wp\/v2\/product\/22639\/revisions"}],"predecessor-version":[{"id":22826,"href":"https:\/\/primeprintingweb.com\/sk\/wp-json\/wp\/v2\/product\/22639\/revisions\/22826"}],"wp:featuredmedia":[{"embeddable":true,"href":"https:\/\/primeprintingweb.com\/sk\/wp-json\/wp\/v2\/media\/22677"}],"wp:attachment":[{"href":"https:\/\/primeprintingweb.com\/sk\/wp-json\/wp\/v2\/media?parent=22639"}],"wp:term":[{"taxonomy":"product_brand","embeddable":true,"href":"https:\/\/primeprintingweb.com\/sk\/wp-json\/wp\/v2\/product_brand?post=22639"},{"taxonomy":"product_cat","embeddable":true,"href":"https:\/\/primeprintingweb.com\/sk\/wp-json\/wp\/v2\/product_cat?post=22639"},{"taxonomy":"product_tag","embeddable":true,"href":"https:\/\/primeprintingweb.com\/sk\/wp-json\/wp\/v2\/product_tag?post=22639"}],"curies":[{"name":"wp","href":"https:\/\/api.w.org\/{rel}","templated":true}]}}