{"id":22641,"date":"2025-05-13T04:17:25","date_gmt":"2025-05-13T04:17:25","guid":{"rendered":"https:\/\/primeprintingweb.com\/?post_type=product&#038;p=22641"},"modified":"2025-05-18T17:04:47","modified_gmt":"2025-05-18T17:04:47","slug":"maltese-drivers-license-online","status":"publish","type":"product","link":"https:\/\/primeprintingweb.com\/sk\/geschaeft\/fuehrerschein\/maltese-drivers-license-online\/","title":{"rendered":"MALTSK\u00dd VODI\u010cSK\u00dd PREUKAZ ONLINE"},"content":{"rendered":"<p>Z\u00cdSKAJTE SI VODI\u010cSK\u00dd PREUKAZ NA MALTE ONLINE<br \/>\nV\u00ddBER SPR\u00c1VNEHO TYPU VODI\u010cSK\u00c9HO PREUKAZU<br \/>\nV z\u00e1vislosti od ve\u013ekosti, typu a hmotnosti v\u00e1\u0161ho vozidla budete potrebova\u0165 vodi\u010dsk\u00fd preukaz r\u00f4znych tried. Skontrolujte si triedu v\u00e1\u0161ho vozidla alebo triedu, ktor\u00fa pl\u00e1nujete \u0161of\u00e9rova\u0165, aby ste zistili, ktor\u00fd maltsk\u00fd vodi\u010dsk\u00fd preukaz potrebujete. Existuj\u00fa napr\u00edklad r\u00f4zne vodi\u010dsk\u00e9 preukazy pre motocykle, mal\u00e9 aut\u00e1, ve\u013ek\u00e9 aut\u00e1, dod\u00e1vky, n\u00e1kladn\u00e9 vozidl\u00e1, autobusy a traktory.<br \/>\nMaltsk\u00fd online vodi\u010dsk\u00fd preukaz je mo\u017en\u00e9 obnovi\u0165 ka\u017ed\u00fdch 10 rokov pre osoby mlad\u0161ie ako 70 rokov a ka\u017ed\u00fdch 5 rokov pre osoby star\u0161ie ako 70 rokov. Pokyny a \u010fal\u0161ie inform\u00e1cie o obnoven\u00ed vodi\u010dsk\u00e9ho preukazu n\u00e1jdete tu.<\/p>\n<p>KDE N\u00c1JDEM IN\u0160TRUKTORA AUTOMOBILU?<br \/>\nTu n\u00e1jdete zoznam v\u0161etk\u00fdch auto\u0161k\u00f4l na Malte. N\u00e1jdete tu ich n\u00e1zvy, adresy a kontaktn\u00e9 inform\u00e1cie.<\/p>\n<p>Pri v\u00fdbere in\u0161truktora auto\u0161koly by ste mali zv\u00e1\u017ei\u0165, \u010di chcete mu\u017esk\u00e9ho alebo \u017eensk\u00e9ho in\u0161truktora, ako dlho trvaj\u00fa hodiny a \u010di auto\u0161kola pon\u00faka pre v\u00e1s vhodn\u00e9 auto (napr. auto s automatickou prevodovkou).<\/p>\n<p>LEKCIE JAZDY<\/p>\n<p>Ke\u010f n\u00e1jdete t\u00fa spr\u00e1vnu auto\u0161kolu, v\u00e4\u010d\u0161ina in\u0161truktorov v\u00e1s vyzdvihne na mieste, ktor\u00e9 v\u00e1m vyhovuje. Vysvetlia v\u00e1m v\u0161etko, \u010do potrebujete vedie\u0165, aj ke\u010f ste za\u010diato\u010dn\u00edk. Poskytn\u00fa v\u00e1m \u0161kolenie potrebn\u00e9 na \u00faspe\u0161n\u00e9 absolvovanie p\u00edsomn\u00fdch aj praktick\u00fdch sk\u00fa\u0161ok z jazdy a, \u010do je najd\u00f4le\u017eitej\u0161ie, na to, aby ste sa stali bezpe\u010dn\u00fdm vodi\u010dom.<\/p>\n<p>Po\u017eiadajte o povolenie pre \u0161tudentov<\/p>\n<p>Pred registr\u00e1ciou na praktick\u00fa sk\u00fa\u0161ku budete potrebova\u0165 povolenie pre \u0161tudentov. Ak m\u00e1te viac ako 18 rokov a sp\u013a\u0148ate po\u017eiadavky, m\u00f4\u017eete o toto povolenie po\u017eiada\u0165. Toto povolenie v\u00e1m umo\u017e\u0148uje precvi\u010dova\u0165 si \u0161of\u00e9rovanie ka\u017ed\u00fd de\u0148 (okrem nedie\u013e a \u0161t\u00e1tnych sviatkov). Mus\u00edte by\u0165 v sprievode licencovan\u00e9ho in\u0161truktora auto\u0161koly alebo schv\u00e1len\u00e9ho in\u0161truktora. Tento in\u0161truktor mus\u00ed ma\u0165 najmenej p\u00e4\u0165 (5) rokov praxe v pr\u00edslu\u0161nej triede a mus\u00ed ma\u0165 schv\u00e1lenie poistenia pre in\u0161truktora a uch\u00e1dza\u010da po\u010das v\u00fdcviku, ako aj pre sk\u00fa\u0161aj\u00facich po\u010das sk\u00fa\u0161ky. Rovnak\u00e9 sk\u00fasenosti a schv\u00e1lenie poistenia platia aj pre \u010fal\u0161ieho s\u00fakromn\u00e9ho in\u0161truktora auto\u0161koly popri vami vybranej auto\u0161kole.<\/p>\n<p>REGISTR\u00c1CIA NA TEORETICK\u00da SK\u00da\u0160KU<\/p>\n<p>Teoretick\u00fd test je sk\u00fa\u0161ka s v\u00fdberom z viacer\u00fdch odpoved\u00ed, v ktorej odpoved\u00e1te na ot\u00e1zky t\u00fdkaj\u00face sa jazdy na dotykovom po\u010d\u00edta\u010di. V\u0161etko, \u010do potrebujete vedie\u0165 pre tento test, n\u00e1jdete v Pravidl\u00e1ch cestnej prem\u00e1vky a na CD s teoretick\u00fdm testom, ktor\u00e9 s\u00fa k dispoz\u00edcii od spolo\u010dnosti Transport Malta alebo v Centre teoretick\u00fdch testov v Guardamangii. Pravidl\u00e1 cestnej prem\u00e1vky s\u00fa k dispoz\u00edcii aj online. \u010eal\u0161ie inform\u00e1cie o teste n\u00e1jdete tu. Na absolvovanie tohto testu mus\u00edte ma\u0165 18 alebo viac rokov.<\/p>\n<p>REGISTR\u00c1CIA NA PRAKTICK\u00da SK\u00da\u0160KU<\/p>\n<p>Na registr\u00e1ciu na praktick\u00fa sk\u00fa\u0161ku mus\u00edte splni\u0165 nasleduj\u00face po\u017eiadavky pre pr\u00edslu\u0161n\u00fd kurz:<\/p>\n<p>M\u00e1te najmenej 18 rokov (alebo viac v z\u00e1vislosti od kurzu).<br \/>\nZvl\u00e1dli ste teoretick\u00fd test.<br \/>\nM\u00e1te povolenie na \u0161t\u00fadium.<br \/>\nMus\u00edte ma\u0165 absolvovan\u00fd cel\u00fd v\u00fdcvikov\u00fd kurz a v\u00e1\u0161 in\u0161truktor auto\u0161koly mus\u00ed ma\u0165 vyplnen\u00fd formul\u00e1r s \u00fadajmi o \u0161tudentovi.<\/p>\n<p>Na test sa m\u00f4\u017eete zaregistrova\u0165 prostredn\u00edctvom spolo\u010dnosti Transport Malta. O d\u00e1tume testu budete informovan\u00ed tri t\u00fd\u017edne vopred. \u00dapln\u00fd zoznam po\u017eiadaviek n\u00e1jdete tu. \u010cakacia doba na praktick\u00fd test je zvy\u010dajne \u0161tyri a\u017e \u0161es\u0165 t\u00fd\u017ed\u0148ov, ale v z\u00e1vislosti od dopytu m\u00f4\u017ee by\u0165 dlh\u0161ia.<\/p>\n<p>Z\u00cdSKANIE VODI\u010cSK\u00c9HO PREUKAZU<\/p>\n<p>Gratulujeme k \u00faspe\u0161n\u00e9mu absolvovaniu teoretick\u00fdch a praktick\u00fdch sk\u00fa\u0161ok z jazdy! Dopravn\u00fd \u00farad v\u00e1m teraz vyd\u00e1 predbe\u017en\u00fd vodi\u010dsk\u00fd preukaz na tri roky, po ktor\u00fdch dostanete plnohodnotn\u00fd vodi\u010dsk\u00fd preukaz. Po\u010das trojro\u010dnej sk\u00fa\u0161obnej doby v\u00e1m bud\u00fa za ur\u010dit\u00e9 dopravn\u00e9 priestupky ude\u013eovan\u00e9 trestn\u00e9 body. Ak nazbierate 12 bodov, v\u00e1\u0161 vodi\u010dsk\u00fd preukaz bude odobrat\u00fd a budete musie\u0165 za\u010da\u0165 proces odznova. Je to z d\u00f4vodu bezpe\u010dnosti cestnej prem\u00e1vky.<br \/>\nVodi\u010dsk\u00fd preukaz sa sklad\u00e1 z dvoch dokumentov: karty s va\u0161ou fotografiou a zodpovedaj\u00faceho vodi\u010dsk\u00e9ho preukazu. Tieto s\u00fa k dispoz\u00edcii na dopravnom \u00farade vo Floriane.<br \/>\nPoplatky za vodi\u010dsk\u00fd preukaz sa platia ro\u010dne a vypo\u010d\u00edtavaj\u00fa sa pod\u013ea toho. Poplatky za ro\u010dn\u00fa da\u0148 z motorov\u00fdch vozidiel n\u00e1jdete<\/p>","protected":false},"excerpt":{"rendered":"<p>Z\u00cdSKAJTE SI VODI\u010cSK\u00dd PREUKAZ NA MALTE ONLINE VYBERTE SI SPR\u00c1VNY TYP PREUKAZU V z\u00e1vislosti od ve\u013ekosti, typu a hmotnosti v\u00e1\u0161ho vozidla budete potrebova\u0165 vodi\u010dsk\u00fd preukaz r\u00f4znych tried.<\/p>","protected":false},"featured_media":22681,"template":"","meta":[],"product_brand":[],"product_cat":[927],"product_tag":[],"class_list":{"0":"post-22641","1":"product","2":"type-product","3":"status-publish","4":"has-post-thumbnail","6":"product_cat-fuehrerschein","8":"first","9":"instock","10":"taxable","11":"shipping-taxable","12":"purchasable","13":"product-type-simple"},"_links":{"self":[{"href":"https:\/\/primeprintingweb.com\/sk\/wp-json\/wp\/v2\/product\/22641","targetHints":{"allow":["GET"]}}],"collection":[{"href":"https:\/\/primeprintingweb.com\/sk\/wp-json\/wp\/v2\/product"}],"about":[{"href":"https:\/\/primeprintingweb.com\/sk\/wp-json\/wp\/v2\/types\/product"}],"version-history":[{"count":2,"href":"https:\/\/primeprintingweb.com\/sk\/wp-json\/wp\/v2\/product\/22641\/revisions"}],"predecessor-version":[{"id":22820,"href":"https:\/\/primeprintingweb.com\/sk\/wp-json\/wp\/v2\/product\/22641\/revisions\/22820"}],"wp:featuredmedia":[{"embeddable":true,"href":"https:\/\/primeprintingweb.com\/sk\/wp-json\/wp\/v2\/media\/22681"}],"wp:attachment":[{"href":"https:\/\/primeprintingweb.com\/sk\/wp-json\/wp\/v2\/media?parent=22641"}],"wp:term":[{"taxonomy":"product_brand","embeddable":true,"href":"https:\/\/primeprintingweb.com\/sk\/wp-json\/wp\/v2\/product_brand?post=22641"},{"taxonomy":"product_cat","embeddable":true,"href":"https:\/\/primeprintingweb.com\/sk\/wp-json\/wp\/v2\/product_cat?post=22641"},{"taxonomy":"product_tag","embeddable":true,"href":"https:\/\/primeprintingweb.com\/sk\/wp-json\/wp\/v2\/product_tag?post=22641"}],"curies":[{"name":"wp","href":"https:\/\/api.w.org\/{rel}","templated":true}]}}