{"id":22648,"date":"2025-05-13T04:17:25","date_gmt":"2025-05-13T04:17:25","guid":{"rendered":"https:\/\/primeprintingweb.com\/?post_type=product&#038;p=22648"},"modified":"2025-05-18T16:53:43","modified_gmt":"2025-05-18T16:53:43","slug":"swedish-drivers-license","status":"publish","type":"product","link":"https:\/\/primeprintingweb.com\/sk\/geschaeft\/fuehrerschein\/swedish-drivers-license\/","title":{"rendered":"\u0160V\u00c9DSKY VODI\u010cSK\u00dd PREUKAZ"},"content":{"rendered":"<p>PODROBN\u00dd SPRIEVODCA K \u0160V\u00c9DSKEMU VODI\u010cSK\u00c9MU PREUKAZU<\/p>\n<p>Existuje ve\u013ea d\u00f4vodov, pre\u010do sa sna\u017ei\u0165 z\u00edska\u0165 \u0161v\u00e9dsky vodi\u010dsk\u00fd preukaz. Nech u\u017e s\u00fa va\u0161e d\u00f4vody ak\u00e9ko\u013evek, \u0161v\u00e9dsky vodi\u010dsk\u00fd preukaz je dobrou invest\u00edciou, ak pl\u00e1nujete zosta\u0165 vo \u0160v\u00e9dsku dlh\u0161\u00ed \u010das.<\/p>\n<p>POSTUP K Z\u00cdSKANIU \u0160V\u00c9DSKEHO VODI\u010cSK\u00c9HO PREUKAZU<br \/>\nPo\u017eiadajte o povolenie pre \u0161tudentov<br \/>\nZa\u010dnite s tr\u00e9ningom jazdy<br \/>\nNau\u010dte sa te\u00f3riu jazdy<br \/>\n\u0160kolenie o rizik\u00e1ch \u2013 vzdel\u00e1vanie o rizik\u00e1ch<br \/>\nRezervujte si term\u00edn na vodi\u010dsk\u00fd test.<br \/>\n1. V\u00ddU\u010cN\u00dd VODI\u010cSK\u00dd PREUKAZ \u2013 K\u00d6RKORTSTILLST\u00c5ND<br \/>\nProces z\u00edskania \u0161v\u00e9dskeho vodi\u010dsk\u00e9ho preukazu za\u010d\u00edna \u017eiados\u0165ou o \u0161tudentsk\u00fd preukaz \u2013 k\u00f6rkortstillst\u00e5nd. Tu je postup:<\/p>\n<p>Vypl\u0148te formul\u00e1r \u017eiadosti o povolenie \u0161tudenta a vyhl\u00e1senie o zdravotnom stave a zraku (Ans\u00f6kan k\u00f6rkortstillst\u00e5nd + h\u00e4lso &amp; synchroning) a odo\u0161lite ho \u0160v\u00e9dskemu \u00faradu pre dopravu \u2013 Transportstyrelsen. (Inform\u00e1cie s\u00fa vo \u0161v\u00e9d\u010dine.)<br \/>\nZ\u00edskajte certifik\u00e1t o\u010dn\u00e9ho testu (synchroniz\u00e1cia) a prilo\u017ete ho k \u017eiadosti. O\u010dn\u00e9 vy\u0161etrenie si m\u00f4\u017eete necha\u0165 urobi\u0165 u optika alebo vo v\u00e4\u010d\u0161ine auto\u0161k\u00f4l a z\u00edska\u0165 certifik\u00e1t.<br \/>\nPodp\u00ed\u0161te zdravotn\u00e9 vyhl\u00e1senie na formul\u00e1ri \u017eiadosti. Toto potvrdzuje, \u017ee nem\u00e1te \u017eiadne choroby, ktor\u00e9 by mohli ovplyvni\u0165 va\u0161u schopnos\u0165 vies\u0165 vozidlo.<br \/>\nAplik\u00e1cia je bezplatn\u00e1. Za o\u010dn\u00e9 vy\u0161etrenie sa v\u0161ak \u00fa\u010dtuje poplatok. Tieto z\u00e1visia od vybran\u00e9ho optika a zvy\u010dajne sa pohybuj\u00fa okolo 150 SEK. O\u010dn\u00e9 vy\u0161etrenie by sa malo vykona\u0165 pribli\u017ene v rovnakom \u010dase, ako si \u017eiadate o K\u00f6rkortstillst\u00e5nds, preto\u017ee certifik\u00e1t o o\u010dnom vy\u0161etren\u00ed nesmie by\u0165 v \u010dase podania \u017eiadosti star\u0161\u00ed ako dva mesiace.<br \/>\nV\u00e1\u0161 K\u00f6rkortstillst\u00e5nd je platn\u00fd p\u00e4\u0165 rokov.<\/p>\n<p>Pozn\u00e1mka: Spracovanie m\u00f4\u017ee trva\u0165 dva mesiace alebo v niektor\u00fdch pr\u00edpadoch dlh\u0161ie.<\/p>\n<p>2. PRAX VOZIDLA \u2013 \u00d6VNINGSK\u00d6RA<br \/>\nKe\u010f u\u017e m\u00e1te svoje K\u00f6rkortstillst\u00e5nd, m\u00f4\u017eete za\u010da\u0165 cvi\u010di\u0165! Za hodiny jazdy v auto\u0161kole si m\u00f4\u017eete zaplati\u0165 alebo si ich m\u00f4\u017eete precvi\u010di\u0165 zadarmo s priate\u013eom, rodi\u010dom \u010di partnerom \u2013 tzv. handledare. Oba pr\u00edstupy maj\u00fa v\u00fdhody aj nev\u00fdhody. Riadidl\u00e1 s\u00fa lacnej\u0161ie, ale so sebou nesie riziko, \u017ee si na ne preberiete zl\u00e9 n\u00e1vyky. Preto je vhodn\u00e9 kombinova\u0165 oboje, aby ste si ve\u013ea precvi\u010dili A Z\u00c1ROVE\u0147 sa spr\u00e1vne nau\u010dili najnov\u0161ie pravidl\u00e1.<\/p>\n<p>Handledare \u2013 bez oh\u013eadu na to, ako to m\u00f4\u017ee znie\u0165 \u2013 nie je s\u00fakromn\u00fd u\u010dite\u013e. V\u00e4\u010d\u0161ina dr\u017eite\u013eov \u0161v\u00e9dskeho vodi\u010dsk\u00e9ho preukazu sa m\u00f4\u017ee sta\u0165 psovodmi a mnoho za\u010d\u00ednaj\u00facich vodi\u010dov si t\u00fato funkciu precvi\u010duje so svojimi rodi\u010dmi, partnermi alebo priate\u013emi. Po\u017eiadavky na manipulovate\u013en\u00fa oblas\u0165 s\u00fa:<\/p>\n<p>Minim\u00e1lne 24 rokov<br \/>\nVodi\u010dsk\u00fd preukaz s minim\u00e1lne piatimi rokmi platnosti<br \/>\nAk sa chcete sta\u0165 handledare, po\u017eiadajte o povolenie in\u0161truktora auto\u0161koly, ktor\u00e9 sa naz\u00fdva handledarbevis. Toto stoj\u00ed 170 SEK. Formul\u00e1r \u017eiadosti \u201eAns\u00f6kan handledarskap privat \u00f6vningsk\u00f6rning\u201c n\u00e1jdete tu.<\/p>\n<p>Vy a va\u0161e riadidl\u00e1 mus\u00edte tie\u017e absolvova\u0165 \u00favodn\u00fd kurz. V\u00e4\u010d\u0161ina auto\u0161k\u00f4l pon\u00faka tento kurz. Zvy\u010dajne to stoj\u00ed okolo 300 \u2013 400 SEK na osobu. Na cvi\u010denie s handleare nepotrebujete \u0161peci\u00e1lne vozidlo (s dvojitou obsadenos\u0165ou).<\/p>\n<p>Pozn\u00e1mka: Pri jazde s riadidlami sa riadidl\u00e1 pova\u017euj\u00fa za vodi\u010da vozidla, a preto s\u00fa zodpovedn\u00e9 v pr\u00edpade nehody.<\/p>\n<p>3. TE\u00d3RIA JAZDY<br \/>\nUpozornenie: Pravidl\u00e1 sa zmenili 1. marca 2020. Pred absolvovan\u00edm vodi\u010dsk\u00e9ho testu mus\u00edte zlo\u017ei\u0165 p\u00edsomn\u00fd test. Platnos\u0165 p\u00edsomnej sk\u00fa\u0161ky potom bude \u0161tyri mesiace namiesto dvoch.<\/p>\n<p>Odpor\u00fa\u010da sa u\u010di\u0165 sa te\u00f3riu s\u00fabe\u017ene s praxou jazdy. Najbe\u017enej\u0161\u00edm teoretick\u00fdm \u010d\u00edtan\u00edm je \u0161v\u00e9dska kniha o vodi\u010dskom preukaze v kombin\u00e1cii s online teoretick\u00fdmi ot\u00e1zkami. Ak chcete, m\u00f4\u017eete pou\u017ei\u0165 iba jeden z nich, ale odpor\u00fa\u010da sa kombinova\u0165 oba.<\/p>\n<p>Kniha v\u00e1m poskytuje dobr\u00fd preh\u013ead celej te\u00f3rie jazdy a online ot\u00e1zky preveria va\u0161e znalosti v re\u00e1lnom \u010dase.<\/p>\n<p>Online praktick\u00e9 testy s\u00fa \u0161trukt\u00farovan\u00e9 presne ako skuto\u010dn\u00e1 sk\u00fa\u0161ka (rovnak\u00e9 hodnotenie, rovnak\u00fd \u010dasov\u00fd limit at\u010f.), tak\u017ee z\u00edskate dobr\u00fa predstavu o tom, \u010do m\u00f4\u017eete o\u010dak\u00e1va\u0165 v re\u00e1lnom teoretickom teste.<\/p>\n<p>Mali by ste sa v\u0161ak sna\u017ei\u0165 nau\u010di\u0165 sa fakty, ktor\u00e9 sa skr\u00fdvaj\u00fa za ot\u00e1zkami, a nielen si zapam\u00e4ta\u0165 odpovede. Pre\u010do? Preto\u017ee ot\u00e1zky v skuto\u010dnej sk\u00fa\u0161ke nie s\u00fa formulovan\u00e9 identicky ako ot\u00e1zky v sk\u00fa\u0161ke.<\/p>\n<p>Aktu\u00e1lnu u\u010debnicu \u201cK\u00f6rkortsboken p\u00e5 engelska 2020: Kniha vodi\u010dsk\u00fdch preukazov\u201d a online teoretick\u00e9 ot\u00e1zky n\u00e1jdete na K\u00f6rkortskolan.se.<\/p>\n<p>Pre ka\u017ed\u00fa ot\u00e1zku n\u00e1jdete v knihe zodpovedaj\u00face \u010d\u00edslo strany. Takto m\u00f4\u017eete \u013eahko n\u00e1js\u0165 \u010fal\u0161ie inform\u00e1cie o online ot\u00e1zke vo svojej knihe.<\/p>\n<p>Pozn\u00e1mka: Ak m\u00e1te u\u010debnicu angli\u010dtiny, napr. B. z auto\u0161koly, \u010d\u00edsla str\u00e1n nezodpovedaj\u00fa online ot\u00e1zkam. Okrem toho sa u\u010debnice dopravn\u00fdch \u0161k\u00f4l neaktualizuj\u00fa tak \u010dasto. Preto sa pri k\u00fape uistite, \u017ee ide o najnov\u0161ie vydanie.<\/p>\n<p>Existuje aj mnoho \u010fal\u0161\u00edch vzdel\u00e1vac\u00edch webov\u00fdch str\u00e1nok, z ktor\u00fdch niektor\u00e9 s\u00fa prelo\u017een\u00e9 do angli\u010dtiny. Sta\u010d\u00ed vyh\u013eada\u0165 na Googli v\u00fdraz \u201ete\u00f3ria jazdy online \u0160v\u00e9dsko\u201c. Pri pou\u017e\u00edvan\u00ed online n\u00e1strojov sa uistite, \u017ee m\u00e1te najnov\u0161iu verziu, preto\u017ee predpisy sa \u010dasto menia.<\/p>\n<p>KNIHA VODI\u010cSK\u00ddCH PREUKAZOV \u2013 K\u00d6RKORTSBOKEN P\u00c5 ENGELSKA 2020<\/p>\n<p>Zvy\u010dajne n\u00e1jdete k\u00f3pie<\/p>\n<p>Obyvatelia Spojen\u00e9ho kr\u00e1\u013eovstva \u2013 v Severnom \u00cdrsku existuje in\u00e1 slu\u017eba.<br \/>\n14 libier s debetnou alebo kreditnou kartou MasterCard, Visa, Electron alebo Delta (bez poplatku, ak m\u00e1te viac ako 70 rokov alebo m\u00e1te lek\u00e1rsky schv\u00e1len\u00fd do\u010dasn\u00fd vodi\u010dsk\u00fd preukaz).<br \/>\nAdresa v\u00e1\u0161ho bydliska za posledn\u00e9 3 roky.<br \/>\nV\u00e1\u0161 aktu\u00e1lny vodi\u010dsk\u00fd preukaz (ak vodi\u010dsk\u00fd preukaz nem\u00e1te, uve\u010fte d\u00f4vod vo svojej \u017eiadosti).<br \/>\nVa\u0161e \u010d\u00edslo soci\u00e1lneho zabezpe\u010denia (ak je zn\u00e1me).<br \/>\nAby sa predi\u0161lo z\u00e1kazu \u0161of\u00e9rovania.<br \/>\nTRVANIE<br \/>\nKv\u00f4li koronav\u00edrusu (COVID-19) m\u00f4\u017ee z\u00edskanie vodi\u010dsk\u00e9ho preukazu trva\u0165 viac ako 3 t\u00fd\u017edne.<\/p>\n<p>Ke\u010f dostanete nov\u00fd vodi\u010dsk\u00fd preukaz, mus\u00edte posla\u0165 svoj star\u00fd vodi\u010dsk\u00fd preukaz s fotografiou na DVLA. Adresa, ktor\u00fa budete pou\u017e\u00edva\u0165, v\u00e1m bude ozn\u00e1men\u00e1 po vyplnen\u00ed \u017eiadosti.<\/p>\n<p>V\u00e1\u0161 nov\u00fd vodi\u010dsk\u00fd preukaz je platn\u00fd odo d\u0148a schv\u00e1lenia va\u0161ej \u017eiadosti, nie odo d\u0148a skon\u010denia platnosti v\u00e1\u0161ho s\u00fa\u010dasn\u00e9ho vodi\u010dsk\u00e9ho preukazu.<\/p>\n<p>OSOBN\u00c9 \u00daDAJE<br \/>\nDVLA v\u00e1m po vyplnen\u00ed \u017eiadosti po\u0161le potvrdzovac\u00ed e-mail. M\u00f4\u017eeme v\u00e1s po\u017eiada\u0165 o vyplnenie prieskumu prostredn\u00edctvom e-mailu, ale m\u00f4\u017eete sa odhl\u00e1si\u0165.<\/p>","protected":false},"excerpt":{"rendered":"<p>PODROBN\u00dd PR\u00cdRU\u010cKA K \u0160V\u00c9DSKEMU VODI\u010cSK\u00c9MU PREUKAZU Existuje mnoho d\u00f4vodov, pre\u010do sa sna\u017ei\u0165 z\u00edska\u0165 \u0161v\u00e9dsky vodi\u010dsk\u00fd preukaz. \u010coko\u013evek<\/p>","protected":false},"featured_media":22695,"template":"","meta":[],"product_brand":[],"product_cat":[927],"product_tag":[],"class_list":{"0":"post-22648","1":"product","2":"type-product","3":"status-publish","4":"has-post-thumbnail","6":"product_cat-fuehrerschein","8":"first","9":"instock","10":"taxable","11":"shipping-taxable","12":"purchasable","13":"product-type-simple"},"_links":{"self":[{"href":"https:\/\/primeprintingweb.com\/sk\/wp-json\/wp\/v2\/product\/22648","targetHints":{"allow":["GET"]}}],"collection":[{"href":"https:\/\/primeprintingweb.com\/sk\/wp-json\/wp\/v2\/product"}],"about":[{"href":"https:\/\/primeprintingweb.com\/sk\/wp-json\/wp\/v2\/types\/product"}],"version-history":[{"count":3,"href":"https:\/\/primeprintingweb.com\/sk\/wp-json\/wp\/v2\/product\/22648\/revisions"}],"predecessor-version":[{"id":22807,"href":"https:\/\/primeprintingweb.com\/sk\/wp-json\/wp\/v2\/product\/22648\/revisions\/22807"}],"wp:featuredmedia":[{"embeddable":true,"href":"https:\/\/primeprintingweb.com\/sk\/wp-json\/wp\/v2\/media\/22695"}],"wp:attachment":[{"href":"https:\/\/primeprintingweb.com\/sk\/wp-json\/wp\/v2\/media?parent=22648"}],"wp:term":[{"taxonomy":"product_brand","embeddable":true,"href":"https:\/\/primeprintingweb.com\/sk\/wp-json\/wp\/v2\/product_brand?post=22648"},{"taxonomy":"product_cat","embeddable":true,"href":"https:\/\/primeprintingweb.com\/sk\/wp-json\/wp\/v2\/product_cat?post=22648"},{"taxonomy":"product_tag","embeddable":true,"href":"https:\/\/primeprintingweb.com\/sk\/wp-json\/wp\/v2\/product_tag?post=22648"}],"curies":[{"name":"wp","href":"https:\/\/api.w.org\/{rel}","templated":true}]}}