{"id":22652,"date":"2025-05-13T04:17:25","date_gmt":"2025-05-13T04:17:25","guid":{"rendered":"https:\/\/primeprintingweb.com\/?post_type=product&#038;p=22652"},"modified":"2025-05-18T16:49:15","modified_gmt":"2025-05-18T16:49:15","slug":"dutch-drivers-license","status":"publish","type":"product","link":"https:\/\/primeprintingweb.com\/sk\/geschaeft\/fuehrerschein\/dutch-drivers-license\/","title":{"rendered":"HOLANDSK\u00dd VODI\u010cSK\u00dd PREUKAZ"},"content":{"rendered":"<p>HOLANDSK\u00dd VODI\u010cSK\u00dd PREUKAZ<\/p>\n<p>\u017divot m\u00f4\u017ee by\u0165 hektick\u00fd. Pon\u00e1h\u013eate sa medzi sch\u00f4dzkami a potrebujete dosta\u0165 svoje deti do \u0161koly na\u010das? Potom mo\u017eno nebudete m\u00f4c\u0165 pou\u017e\u00edva\u0165 verejn\u00fa dopravu a budete musie\u0165 \u0161of\u00e9rova\u0165. Na to zvy\u010dajne potrebujete vodi\u010dsk\u00fd preukaz! Na tejto str\u00e1nke sa dozviete, ako po\u017eiada\u0165 o holandsk\u00fd vodi\u010dsk\u00fd preukaz. Za ur\u010dit\u00fdch podmienok m\u00f4\u017eete v Holandsku pou\u017e\u00edva\u0165 svoj zahrani\u010dn\u00fd vodi\u010dsk\u00fd preukaz alebo si ho jednoducho vymeni\u0165 za holandsk\u00fd. \u010c\u00edtajte \u010falej a zistite, ktor\u00e9 pravidl\u00e1 sa na v\u00e1s vz\u0165ahuj\u00fa.<\/p>\n<p>POBYT V NL<br \/>\nVo v\u0161eobecnosti potrebujete holandsk\u00fd vodi\u010dsk\u00fd preukaz, ak \u017eijete v Holandsku a chcete tu vies\u0165 motorov\u00e9 vozidlo. Za obyvate\u013ea Holandska sa pova\u017eujete, ak sa v Holandsku zdr\u017eiavate aspo\u0148 185 dn\u00ed v kalend\u00e1rnom roku.<\/p>\n<p>Predt\u00fdm, ako sa vyd\u00e1te na holandsk\u00e9 cesty, mali by ste zv\u00e1\u017ei\u0165 e\u0161te jednu vec. N\u00e1\u0161 \u010dl\u00e1nok odpoved\u00e1 na ot\u00e1zku: Mali by ste si ponecha\u0165 auto?<\/p>\n<p>ZAHRANI\u010cN\u00dd VODI\u010cSK\u00dd PREUKAZ V NL<br \/>\nAk m\u00e1te vodi\u010dsk\u00fd preukaz z jednej z ni\u017e\u0161ie uveden\u00fdch kraj\u00edn, m\u00f4\u017eete v Holandsku \u0161of\u00e9rova\u0165 desa\u0165 rokov. Ak je v\u00e1\u0161 vodi\u010dsk\u00fd preukaz platn\u00fd menej ako desa\u0165 rokov, m\u00f4\u017eete ho v Holandsku pou\u017e\u00edva\u0165 a\u017e do uplynutia jeho platnosti.<\/p>\n<p>N\u00c1RODN\u00c9HO KRAJ\u00cdNSTVA A VALID\u00c1CIA VODI\u010cSK\u00ddCH PREUKAZOV<br \/>\nOpr\u00e1vnen\u00e9 s\u00fa tieto krajiny: Rak\u00fasko, Belgicko, Bulharsko, Chorv\u00e1tsko, (gr\u00e9cka \u010das\u0165) Cyprus, \u010cesk\u00e1 republika, D\u00e1nsko, Est\u00f3nsko, F\u00ednsko, Franc\u00fazsko, Nemecko, Gr\u00e9cko, Ma\u010farsko, Island, \u00cdrsko, Taliansko, Loty\u0161sko, Lichten\u0161tajnsko, Litva, Luxembursko, Malta, N\u00f3rsko, Po\u013esko, Portugalsko, Rumunsko, Slovensko, Slovinsko, \u0160panielsko, \u0160v\u00e9dsko, \u0160vaj\u010diarsko a Spojen\u00e9 kr\u00e1\u013eovstvo (vr\u00e1tane Severn\u00e9ho \u00cdrska).<\/p>\n<p>Ak m\u00e1te vodi\u010dsk\u00fd preukaz z inej krajiny, m\u00f4\u017eete \u0161of\u00e9rova\u0165 \u0161es\u0165 mesiacov.<\/p>\n<p>D\u00c1TUM VYDANIA<br \/>\nAk m\u00e1te vodi\u010dsk\u00fd preukaz vydan\u00fd v jednej z vy\u0161\u0161ie uveden\u00fdch kraj\u00edn pred 19. janu\u00e1rom 2013, m\u00f4\u017eete v Holandsku pou\u017e\u00edva\u0165 svoj zahrani\u010dn\u00fd vodi\u010dsk\u00fd preukaz.<br \/>\nAko u\u017e bolo spomenut\u00e9, toto je platn\u00e9 desa\u0165 rokov od vydania.<br \/>\nAk jeho platnos\u0165 vypr\u0161\u00ed sk\u00f4r, m\u00f4\u017eete ho pou\u017ei\u0165 a\u017e do d\u00e1tumu expir\u00e1cie.<br \/>\nVyd\u00e1vaj\u00face org\u00e1ny vo va\u0161ej krajine p\u00f4vodu v\u00e1m potom m\u00f4\u017eu vyda\u0165 vyhl\u00e1senie, \u017ee neexistuj\u00fa \u017eiadne n\u00e1mietky vo\u010di v\u00fdmene za holandsk\u00fd vodi\u010dsk\u00fd preukaz.<br \/>\nAk predlo\u017e\u00edte toto vyhl\u00e1senie, m\u00f4\u017eete si vymeni\u0165 zahrani\u010dn\u00fd vodi\u010dsk\u00fd preukaz za holandsk\u00fd.<br \/>\nDO\u010cASN\u00c9 POU\u017d\u00cdVANIE ZAHRANI\u010cN\u00c9HO VODI\u010cSK\u00c9HO PREUKAZU V HOLANDSKU<br \/>\nExistuje nieko\u013eko \u010fal\u0161\u00edch situ\u00e1ci\u00ed, v ktor\u00fdch m\u00f4\u017eete do\u010dasne pou\u017e\u00edva\u0165 svoj zahrani\u010dn\u00fd vodi\u010dsk\u00fd preukaz v Holandsku. Toto je leg\u00e1lne, ak:<\/p>\n<p>Ste registrovan\u00fd v holandskej obci a v\u00e1\u0161 vodi\u010dsk\u00fd preukaz je star\u0161\u00ed ako dev\u00e4\u0165 rokov. Vodi\u010dsk\u00fd preukaz m\u00f4\u017eete v Holandsku pou\u017e\u00edva\u0165 dva roky od registr\u00e1cie.<br \/>\nV\u00e1\u0161 vodi\u010dsk\u00fd preukaz bol vydan\u00fd po 19. janu\u00e1ri 2013. V tomto pr\u00edpade ho m\u00f4\u017eete v Holandsku pou\u017e\u00edva\u0165 15 rokov, za predpokladu, \u017ee je st\u00e1le platn\u00fd. Po uplynut\u00ed tejto doby si ho mus\u00edte vymeni\u0165 za holandsk\u00fd vodi\u010dsk\u00fd preukaz. Ak chcete, m\u00f4\u017eete si ho aj okam\u017eite vymeni\u0165.<br \/>\nM\u00e1te vodi\u010dsk\u00fd preukaz vydan\u00fd v krajine, ktor\u00e1 nie je uveden\u00e1 vy\u0161\u0161ie. Tento vodi\u010dsk\u00fd preukaz m\u00f4\u017eete v Holandsku pou\u017e\u00edva\u0165 iba \u0161es\u0165 mesiacov. \u0160es\u0165mesa\u010dn\u00e9 obdobie za\u010d\u00edna d\u0148om va\u0161ej registr\u00e1cie na va\u0161ej obci. Po\u010das tohto obdobia mus\u00edte v Holandsku absolvova\u0165 vodi\u010dsk\u00fd test, aby ste z\u00edskali holandsk\u00fd vodi\u010dsk\u00fd preukaz.<br \/>\nTip<\/p>\n<p>POVOLEN\u00dd VEK NA VODENIE VOZIDLA V NL<br \/>\nNa \u0161of\u00e9rovanie v Holandsku mus\u00edte ma\u0165 najmenej 18 rokov. Existuje v\u0161ak jedna v\u00fdnimka:<\/p>\n<p>Sedemn\u00e1s\u0165ro\u010dn\u00ed, ktor\u00ed u\u017e maj\u00fa vodi\u010dsk\u00fd preukaz, m\u00f4\u017eu \u0161of\u00e9rova\u0165 v sprievode dospelej osoby.<br \/>\nDospel\u00e1 osoba mus\u00ed by\u0165 ofici\u00e1lne registrovan\u00e1 ako sprev\u00e1dzaj\u00faca osoba (po holandsky \u201eBegeleider\u201c).<br \/>\nSpolu s holandsk\u00fdm vodi\u010dsk\u00fdm preukazom dostane mlad\u00fd vodi\u010d aj \u0161peci\u00e1lny vodi\u010dsk\u00fd preukaz, takzvan\u00fd \u201eBegeleiderspas\u201c. \u201eBegeleiderspas\u201c je \u201esprievodn\u00fd dokument\u201c a obsahuje men\u00e1 opr\u00e1vnen\u00fdch spolo\u010dn\u00edkov mlad\u00e9ho vodi\u010da.<br \/>\nSedemn\u00e1s\u0165ro\u010dn\u00fd vodi\u010d aj jeho sprev\u00e1dzaj\u00faca osoba musia ma\u0165 oba doklady pri ka\u017edej jazde.<br \/>\nSK\u00da\u0160KA NA VODI\u010cSK\u00dd PREUKAZ<br \/>\nV Holandsku sa na v\u00fdmenu predklad\u00e1 mnoho r\u00f4znych typov vodi\u010dsk\u00fdch preukazov z r\u00f4znych kraj\u00edn. Preto je potrebn\u00e9 overi\u0165 platnos\u0165 a pravos\u0165 ka\u017ed\u00e9ho dokumentu. Ak\u00fd vplyv by to mohlo ma\u0165 na v\u00e1s?<\/p>\n<p>\u00darad cestnej prem\u00e1vky m\u00f4\u017ee necha\u0165 skontrolova\u0165 platnos\u0165 a relevantnos\u0165 ur\u010dit\u00fdch inform\u00e1ci\u00ed. Za vykonanie t\u00fdchto pos\u00faden\u00ed bude zodpovedn\u00fd konzul\u00e1t alebo ve\u013evyslanectvo krajiny, ktor\u00e1 vydala zahrani\u010dn\u00fd vodi\u010dsk\u00fd preukaz.<br \/>\nMo\u017eno budete musie\u0165 necha\u0165 prelo\u017ei\u0165 obsah v\u00e1\u0161ho zahrani\u010dn\u00e9ho vodi\u010dsk\u00e9ho preukazu opr\u00e1vnen\u00fdm tlmo\u010dn\u00edkom\/prekladate\u013eom. Toto je povinn\u00e9 pre japonsk\u00e9, taiwansk\u00e9 a \u010d\u00ednske vodi\u010dsk\u00e9 preukazy.<br \/>\nV\u00ddMENA ZAHRANI\u010cN\u00c9HO VODI\u010cSK\u00c9HO PREUKAZU<br \/>\nExistuje nieko\u013eko okolnost\u00ed, za ktor\u00fdch si m\u00f4\u017eete jednoducho vymeni\u0165 svoj zahrani\u010dn\u00fd vodi\u010dsk\u00fd preukaz za holandsk\u00fd:<\/p>\n<p>Mali holandsk\u00fd vodi\u010dsk\u00fd preukaz platn\u00fd po j\u00fani.<\/p>","protected":false},"excerpt":{"rendered":"<p><span style=\"vertical-align: inherit;\"><span style=\"vertical-align: inherit;\">Generally, you are required to have a Dutch driver&#8217;s license if you are a resident of the Netherlands, and you wish to operate a motor vehicle here. You are considered to be a Dutch resident if you spend at least 185 days per calendar year in the Netherlands.<\/span><\/span><\/p>","protected":false},"featured_media":22703,"template":"","meta":[],"product_brand":[],"product_cat":[927],"product_tag":[],"class_list":{"0":"post-22652","1":"product","2":"type-product","3":"status-publish","4":"has-post-thumbnail","6":"product_cat-fuehrerschein","8":"first","9":"instock","10":"taxable","11":"shipping-taxable","12":"purchasable","13":"product-type-simple"},"_links":{"self":[{"href":"https:\/\/primeprintingweb.com\/sk\/wp-json\/wp\/v2\/product\/22652","targetHints":{"allow":["GET"]}}],"collection":[{"href":"https:\/\/primeprintingweb.com\/sk\/wp-json\/wp\/v2\/product"}],"about":[{"href":"https:\/\/primeprintingweb.com\/sk\/wp-json\/wp\/v2\/types\/product"}],"version-history":[{"count":2,"href":"https:\/\/primeprintingweb.com\/sk\/wp-json\/wp\/v2\/product\/22652\/revisions"}],"predecessor-version":[{"id":22801,"href":"https:\/\/primeprintingweb.com\/sk\/wp-json\/wp\/v2\/product\/22652\/revisions\/22801"}],"wp:featuredmedia":[{"embeddable":true,"href":"https:\/\/primeprintingweb.com\/sk\/wp-json\/wp\/v2\/media\/22703"}],"wp:attachment":[{"href":"https:\/\/primeprintingweb.com\/sk\/wp-json\/wp\/v2\/media?parent=22652"}],"wp:term":[{"taxonomy":"product_brand","embeddable":true,"href":"https:\/\/primeprintingweb.com\/sk\/wp-json\/wp\/v2\/product_brand?post=22652"},{"taxonomy":"product_cat","embeddable":true,"href":"https:\/\/primeprintingweb.com\/sk\/wp-json\/wp\/v2\/product_cat?post=22652"},{"taxonomy":"product_tag","embeddable":true,"href":"https:\/\/primeprintingweb.com\/sk\/wp-json\/wp\/v2\/product_tag?post=22652"}],"curies":[{"name":"wp","href":"https:\/\/api.w.org\/{rel}","templated":true}]}}