{"id":22655,"date":"2025-05-13T04:17:25","date_gmt":"2025-05-13T04:17:25","guid":{"rendered":"https:\/\/primeprintingweb.com\/?post_type=product&#038;p=22655"},"modified":"2025-05-18T17:07:15","modified_gmt":"2025-05-18T17:07:15","slug":"canadian-drivers-license","status":"publish","type":"product","link":"https:\/\/primeprintingweb.com\/sk\/geschaeft\/fuehrerschein\/canadian-drivers-license\/","title":{"rendered":"KANADSK\u00dd VODI\u010cSK\u00dd PREUKAZ"},"content":{"rendered":"<div class=\"woocommerce-tabs wc-tabs-wrapper\">\n<div id=\"tab-description\" class=\"woocommerce-Tabs-panel woocommerce-Tabs-panel--description panel entry-content wc-tab\" role=\"tabpanel\" aria-labelledby=\"tab-title-description\">\n<p>JAZDA V KANADE<\/p>\n<p>Z\u00edskajte inform\u00e1cie o kanadsk\u00fdch vodi\u010dsk\u00fdch preukazoch, poisten\u00ed automobilov, dopravn\u00fdch predpisoch, k\u00fape alebo l\u00edzingu automobilu a bezpe\u010dnosti.<\/p>\n<p>NA TEJTO STR\u00c1NKE<br \/>\nKanadsk\u00fd vodi\u010dsk\u00fd preukaz<br \/>\nPoistenie auta<br \/>\nDopravn\u00e9 predpisy a z\u00e1kony<br \/>\nK\u00fapa alebo l\u00edzing auta<br \/>\nBezpe\u010dnos\u0165<br \/>\nKANADSK\u00dd VODI\u010cSK\u00dd PREUKAZ<br \/>\nNa leg\u00e1lne \u0161of\u00e9rovanie v Kanade potrebujete kanadsk\u00fd vodi\u010dsk\u00fd preukaz vydan\u00fd vl\u00e1dou va\u0161ej provincie alebo terit\u00f3ria. Mus\u00edte ho ma\u0165 v\u017edy pri sebe. To v\u00e1m umo\u017e\u0148uje \u0161of\u00e9rova\u0165 kdeko\u013evek v Kanade.<\/p>\n<p>Ak m\u00e1te platn\u00fd vodi\u010dsk\u00fd preukaz z va\u0161ej domovskej krajiny, pravdepodobne ho m\u00f4\u017eete pou\u017ei\u0165 na \u0161of\u00e9rovanie v Kanade na kr\u00e1tky \u010das po pr\u00edchode. Podrobnosti v\u00e1m poskytne va\u0161a provin\u010dn\u00e1 alebo \u00fazemn\u00e1 samospr\u00e1va.<\/p>\n<p>Ak chcete v Kanade pou\u017e\u00edva\u0165 zahrani\u010dn\u00fd vodi\u010dsk\u00fd preukaz, mali by ste po\u017eiada\u0165 o medzin\u00e1rodn\u00fd vodi\u010dsk\u00fd preukaz (IDP) vo svojej domovskej krajine. Medzin\u00e1rodn\u00fd vodi\u010dsk\u00fd preukaz (IDP) v\u00e1m poskytne preklad v\u00e1\u0161ho vodi\u010dsk\u00e9ho preukazu do franc\u00faz\u0161tiny a angli\u010dtiny.<\/p>\n<p>Proces z\u00edskania kanadsk\u00e9ho vodi\u010dsk\u00e9ho preukazu z\u00e1vis\u00ed od provincie alebo \u00fazemia, v ktorom m\u00e1te bydlisko, a od va\u0161ich vodi\u010dsk\u00fdch schopnost\u00ed. M\u00f4\u017ee zah\u0155\u0148a\u0165:<\/p>\n<p>p\u00edsomn\u00fd test z pravidiel cestnej prem\u00e1vky (k nemu dostanete \u0161tudijn\u00fa pr\u00edru\u010dku)<br \/>\njedna alebo dve vodi\u010dsk\u00e9 sk\u00fa\u0161ky<br \/>\nNa pr\u00edpravu na vodi\u010dsk\u00e9 sk\u00fa\u0161ky si m\u00f4\u017eete vybra\u0165 platen\u00e9 hodiny jazdy. Vyh\u013eadajte si online kurzy jazdy.<\/p>\n<p>Ke\u010f u\u017e m\u00e1te vodi\u010dsk\u00fd preukaz, mus\u00edte si ho pravidelne obnovova\u0165. D\u00e1tum expir\u00e1cie je vytla\u010den\u00fd na va\u0161om vodi\u010dskom preukaze.<\/p>\n<p>Viac inform\u00e1ci\u00ed o vodi\u010dsk\u00fdch preukazoch, testoch a hodin\u00e1ch jazdy z\u00edskate od Ministerstva dopravy va\u0161ej provincie alebo terit\u00f3ria.<\/p>\n<p>Alberta<br \/>\nBritsk\u00e1 Kolumbia<br \/>\nManitoba<br \/>\nNov\u00fd Brun\u0161vik<br \/>\nNewfoundland a Labrador<br \/>\nSeveroz\u00e1padn\u00e9 terit\u00f3ri\u00e1<br \/>\nNov\u00e9 \u0160k\u00f3tsko<br \/>\nNunavut<br \/>\nOnt\u00e1rio<br \/>\nOstrov princa Eduarda<br \/>\nQuebec<br \/>\nSaskatchewan<br \/>\nYukon<br \/>\nPOISTENIE AUTA<br \/>\nV Kanade je \u0161of\u00e9rovanie bez poistenia auta nez\u00e1konn\u00e9. Ako majite\u013e auta si mus\u00edte uzavrie\u0165 poistenie. Ak pravidelne jazd\u00edte autom pr\u00edbuzn\u00e9ho alebo priate\u013ea, mali by ste sa uisti\u0165, \u017ee m\u00e1te zahrnut\u00e9 v ich poisten\u00ed auta.<\/p>\n<p>Existuj\u00fa r\u00f4zne typy poistenia automobilov, ktor\u00e9 pokr\u00fdvaj\u00fa:<\/p>\n<p>Sebapo\u0161kodenie a po\u0161kodenie v\u00e1\u0161ho vozidla alebo<br \/>\nn\u00e1klady na \u0161kody a zranenia tret\u00edch str\u00e1n, ak ste zodpovedn\u00ed za nehodu.<br \/>\nCena poistenia v\u00e1\u0161ho auta z\u00e1vis\u00ed od zvolen\u00e9ho programu a nasleduj\u00facich faktorov:<\/p>\n<p>Star\u00fd<br \/>\nSpr\u00e1vanie pri jazde<br \/>\nMiesto bydliska<br \/>\nZ\u00e1\u017eitok z jazdy<br \/>\nN\u00e1klady sa tie\u017e l\u00ed\u0161ia medzi pois\u0165ov\u0148ami. Preto by ste mali:<\/p>\n<p>Uistite sa, \u017ee rozumiete v\u00fdhod\u00e1m ka\u017ed\u00e9ho pl\u00e1nu.<br \/>\nAk chcete zisti\u0165 podrobnosti o cen\u00e1ch ich poistn\u00fdch pl\u00e1nov, kontaktujte nieko\u013eko spolo\u010dnost\u00ed.<br \/>\nDOPRAVN\u00c9 Z\u00c1KONY A PRAVIDL\u00c1<br \/>\nMus\u00edte dodr\u017eiava\u0165 kanadsk\u00e9 dopravn\u00e9 predpisy. Pred jazdou si overte z\u00e1kony vo va\u0161ej provincii alebo terit\u00f3riu.<\/p>\n<p>\u00dapln\u00fd zoznam z\u00e1konov a pravidiel cestnej prem\u00e1vky n\u00e1jdete v sprievodcovi cestnou prem\u00e1vkou, ktor\u00fd poskytuje \u00farad pre motorov\u00e9 vozidl\u00e1 a cestn\u00fa prem\u00e1vku vo va\u0161ej provincii alebo terit\u00f3riu. Tieto pr\u00edru\u010dky s\u00fa zvy\u010dajne dostupn\u00e9 v servisn\u00fdch stredisk\u00e1ch, online a v obchodoch.<\/p>\n<p>Dopravn\u00e9 predpisy v Kanade sa pr\u00edsne dodr\u017eiavaj\u00fa. Poru\u0161enie z\u00e1kona sa zvy\u010dajne pr\u00edsne trest\u00e1. Zistite si najd\u00f4le\u017eitej\u0161ie z\u00e1kony.<\/p>\n<p>AK STE SA \u00da\u010cASTN\u00cdKOM NEHODY<br \/>\nOpustenie miesta nehody bez povolenia je z\u00e1va\u017en\u00fd trestn\u00fd \u010din. To plat\u00ed aj pre nehody s in\u00fdmi vozidlami alebo zr\u00e1\u017eky s chodcom. V pr\u00edpade nehody:<\/p>\n<p>Zavolajte na ties\u0148ov\u00fa linku (911), aby ste privolali pol\u00edciu a z\u00e1chranku (ak je to potrebn\u00e9).<\/p>\n<p>Na mieste nehody po\u010dkajte, k\u00fdm pr\u00eddu z\u00e1chrann\u00e9 zlo\u017eky.<\/p>\n<p>Vymie\u0148ajte si inform\u00e1cie s druhou stranou zapojenou do nehody (ak je do nehody zapojen\u00e9 aj in\u00e9 vozidlo), vr\u00e1tane:<br \/>\nmeno<br \/>\nadresa<br \/>\nTelef\u00f3nne \u010d\u00edslo<br \/>\neviden\u010dn\u00e9 \u010d\u00edslo vozidla<br \/>\n\u010c\u00edsla vodi\u010dsk\u00fdch preukazov<br \/>\nN\u00e1zov pois\u0165ovne<br \/>\n\u010c\u00edslo poistenia<br \/>\nK\u00daPA ALEBO N\u00c1JOM AUTA<br \/>\nM\u00f4\u017eete si vyh\u013eada\u0165 inform\u00e1cie online alebo zavola\u0165 na dopravn\u00fd \u00farad v\u00e1\u0161ho mesta a zisti\u0165 si viac o predajcoch \u00e1ut alebo autopo\u017ei\u010dovniach.<\/p>\n<p>Ak potrebujete auto len na kr\u00e1tky \u010das, m\u00f4\u017eete si ho prenaja\u0165 od autopo\u017ei\u010dovne. Uistite sa, \u017ee va\u0161a n\u00e1jomn\u00e1 zmluva zah\u0155\u0148a poistenie auta, ak ho potrebujete. Niektor\u00e9 mest\u00e1 maj\u00fa programy zdie\u013eania \u00e1ut, ktor\u00e9 v\u00e1m umo\u017e\u0148uj\u00fa pou\u017e\u00edva\u0165 auto bez toho, aby ste si ho museli kupova\u0165, prenaj\u00edma\u0165 alebo prenaj\u00edma\u0165. Skontrolujte, \u010di t\u00e1to mo\u017enos\u0165 vyhovuje va\u0161im potreb\u00e1m.<\/p>\n<p>K\u00daPA AUTA<br \/>\nNov\u00e9 alebo ojazden\u00e9 auto si m\u00f4\u017eete k\u00fapi\u0165 od:<\/p>\n<p>predajca \u00e1ut<br \/>\nOsoba pred\u00e1vaj\u00faca svoje auto<br \/>\nInform\u00e1cie a pomoc s k\u00fapou auta z\u00edskate od \u00faradu pre motorov\u00e9 vozidl\u00e1 a dopravu vo va\u0161ej provincii alebo regi\u00f3ne. Inform\u00e1cie o spotrebite\u013esk\u00fdch probl\u00e9moch s\u00favisiacich s n\u00e1kupom vozidiel n\u00e1jdete v Kanadskej pr\u00edru\u010dke pre spotrebite\u013eov.<br \/>\nKontaktujte svoj provin\u010dn\u00fd alebo \u00fazemn\u00fd \u00farad na ochranu spotrebite\u013ea.<br \/>\nN\u00c1JOM AUTA<br \/>\nNamiesto k\u00fapy auta si ve\u013ea \u013eud\u00ed v Kanade prenaj\u00edma auto od predajcu automobilov. N\u00e1jomn\u00e1 zmluva je pr\u00e1vne uzatvoren\u00e1 zmluva medzi vami a predajcom, v ktorej:<\/p>\n<p>s\u00fahlasi\u0165 s platen\u00edm poplatku za pou\u017e\u00edvanie vozidla po\u010das stanoven\u00e9ho obdobia (zvy\u010dajne nieko\u013eko rokov) a<br \/>\npo uplynut\u00ed lehoty vr\u00e1\u0165te vozidlo predajcovi v perfektnom stave.<br \/>\nKe\u010f\u017ee n\u00e1jomn\u00e1 zmluva je pr\u00e1vne z\u00e1v\u00e4zn\u00e1 zmluva, mali by ste sa pred jej podp\u00edsan\u00edm obozn\u00e1mi\u0165 s jej podmienkami.<\/p>\n<p>BEZPE\u010cNOS\u0164<br \/>\nKanadsk\u00e1 rada pre bezpe\u010dnos\u0165 poskytuje inform\u00e1cie o tom, \u010do m\u00f4\u017eu vodi\u010di urobi\u0165 pre zlep\u0161enie bezpe\u010dnosti cestnej prem\u00e1vky.<\/p>\n<p>Bezpe\u010dnos\u0165 v Kanade.<\/p>\n<p>Obozn\u00e1mte sa s bezpe\u010dnostn\u00fdmi aspektmi jazdy v zime. Sneh a \u013ead predstavuj\u00fa vo v\u00e4\u010d\u0161ine \u010dast\u00ed Kanady zna\u010dn\u00e9 nebezpe\u010denstvo. Jazdite pomaly v snehu a \u013eade. Taktie\u017e je vhodn\u00e9 k\u00fapi\u0165 si pre svoje auto \u0161peci\u00e1lne zimn\u00e9 pneumatiky (v niektor\u00fdch provinci\u00e1ch je to povinn\u00e9).<\/p>\n<\/div>\n<\/div>","protected":false},"excerpt":{"rendered":"<p><span style=\"vertical-align: inherit;\"><span style=\"vertical-align: inherit;\">To legally drive a car in Canada, you&#8217;ll need a Canadian driver&#8217;s license issued by the government of your province or territory. You must have it with you whenever you&#8217;re driving. With it, you can drive anywhere in Canada.<\/span><\/span><\/p>","protected":false},"featured_media":22709,"template":"","meta":[],"product_brand":[],"product_cat":[927],"product_tag":[],"class_list":{"0":"post-22655","1":"product","2":"type-product","3":"status-publish","4":"has-post-thumbnail","6":"product_cat-fuehrerschein","8":"first","9":"instock","10":"taxable","11":"shipping-taxable","12":"purchasable","13":"product-type-simple"},"_links":{"self":[{"href":"https:\/\/primeprintingweb.com\/sk\/wp-json\/wp\/v2\/product\/22655","targetHints":{"allow":["GET"]}}],"collection":[{"href":"https:\/\/primeprintingweb.com\/sk\/wp-json\/wp\/v2\/product"}],"about":[{"href":"https:\/\/primeprintingweb.com\/sk\/wp-json\/wp\/v2\/types\/product"}],"version-history":[{"count":3,"href":"https:\/\/primeprintingweb.com\/sk\/wp-json\/wp\/v2\/product\/22655\/revisions"}],"predecessor-version":[{"id":22825,"href":"https:\/\/primeprintingweb.com\/sk\/wp-json\/wp\/v2\/product\/22655\/revisions\/22825"}],"wp:featuredmedia":[{"embeddable":true,"href":"https:\/\/primeprintingweb.com\/sk\/wp-json\/wp\/v2\/media\/22709"}],"wp:attachment":[{"href":"https:\/\/primeprintingweb.com\/sk\/wp-json\/wp\/v2\/media?parent=22655"}],"wp:term":[{"taxonomy":"product_brand","embeddable":true,"href":"https:\/\/primeprintingweb.com\/sk\/wp-json\/wp\/v2\/product_brand?post=22655"},{"taxonomy":"product_cat","embeddable":true,"href":"https:\/\/primeprintingweb.com\/sk\/wp-json\/wp\/v2\/product_cat?post=22655"},{"taxonomy":"product_tag","embeddable":true,"href":"https:\/\/primeprintingweb.com\/sk\/wp-json\/wp\/v2\/product_tag?post=22655"}],"curies":[{"name":"wp","href":"https:\/\/api.w.org\/{rel}","templated":true}]}}