{"id":22656,"date":"2025-05-13T04:17:25","date_gmt":"2025-05-13T04:17:25","guid":{"rendered":"https:\/\/primeprintingweb.com\/?post_type=product&#038;p=22656"},"modified":"2025-05-18T17:05:27","modified_gmt":"2025-05-18T17:05:27","slug":"belgian-drivers-license","status":"publish","type":"product","link":"https:\/\/primeprintingweb.com\/sk\/geschaeft\/fuehrerschein\/belgian-drivers-license\/","title":{"rendered":"BELGICK\u00dd VODI\u010cSK\u00dd PREUKAZ"},"content":{"rendered":"<div class=\"woocommerce-tabs wc-tabs-wrapper\">\n<div id=\"tab-description\" class=\"woocommerce-Tabs-panel woocommerce-Tabs-panel--description panel entry-content wc-tab\" role=\"tabpanel\" aria-labelledby=\"tab-title-description\">\n<p>AKO Z\u00cdSKA\u0164 BELGICK\u00dd VODI\u010cSK\u00dd PREUKAZ<\/p>\n<p>Ak \u0161tudujete alebo pracujete v Belgicku, mo\u017eno budete chcie\u0165 po\u010das pobytu z\u00edska\u0165 belgick\u00fd vodi\u010dsk\u00fd preukaz. Ak m\u00e1te zahrani\u010dn\u00fd vodi\u010dsk\u00fd preukaz, m\u00f4\u017eete si ho vymeni\u0165 za belgick\u00fd alebo budete musie\u0165 zlo\u017ei\u0165 teoretick\u00fa sk\u00fa\u0161ku a vodi\u010dsk\u00fd test. Dobre informovan\u00fd pr\u00edstup k mo\u017enostiam je k\u013e\u00fa\u010dom k \u00faspore \u010dasu a pe\u0148az\u00ed pri z\u00edskavan\u00ed vodi\u010dsk\u00e9ho preukazu v Belgicku.<\/p>\n<p>Ak poch\u00e1dzate z krajiny E\u00da, ktor\u00e1 m\u00e1 s Belgickom dohodu o uzn\u00e1van\u00ed zahrani\u010dn\u00fdch vodi\u010dsk\u00fdch preukazov E\u00da, m\u00f4\u017eete z\u00edska\u0165 vodi\u010dsk\u00fd preukaz v Belgicku. M\u00f4\u017ee sa od v\u00e1s tie\u017e vy\u017eadova\u0165, aby ste mali medzin\u00e1rodn\u00fd vodi\u010dsk\u00fd preukaz (v pr\u00edpade potreby s prekladom). \u010eal\u0161ie inform\u00e1cie o v\u00fdmene vodi\u010dsk\u00e9ho preukazu, registr\u00e1cii medzin\u00e1rodn\u00e9ho vodi\u010dsk\u00e9ho preukazu a \u017eiadosti o belgick\u00fd vodi\u010dsk\u00fd preukaz z\u00edskate na miestnom \u00farade (Maison Communale\/Stadhuis) alebo obecnom \u00farade.<\/p>\n<p>A \u010do ob\u010dania EHP, ktor\u00ed jazdia v Belgicku?<br \/>\nAk ste cudzinec, ktor\u00fd sa s\u0165ahuje do Belgicka z krajiny Eur\u00f3pskeho hospod\u00e1rskeho priestoru (E\u00da plus Island, Lichten\u0161tajnsko a N\u00f3rsko), nemus\u00edte si vymie\u0148a\u0165 vodi\u010dsk\u00fd preukaz.<\/p>\n<p>Dobre vedie\u0165:<\/p>\n<p>Zaregistrujte si vodi\u010dsk\u00fd preukaz na miestnom \u00farade. V pr\u00edpade kr\u00e1de\u017ee alebo straty dostanete ako n\u00e1hradu belgick\u00fd vodi\u010dsk\u00fd preukaz.<br \/>\nVodi\u010dsk\u00fd preukaz EHP si m\u00f4\u017eete vymeni\u0165 za belgick\u00fd vodi\u010dsk\u00fd preukaz, ktor\u00fd sl\u00fa\u017ei ako miestny doklad toto\u017enosti.<br \/>\nV\u00e4\u010d\u0161ina vodi\u010dsk\u00fdch preukazov E\u00da je platn\u00e1 desa\u0165 rokov. Vodi\u010dsk\u00e9 preukazy s neobmedzenou platnos\u0165ou m\u00f4\u017ee by\u0165 potrebn\u00e9 obnovi\u0165 dva roky po tom, \u010do sa ofici\u00e1lne zaregistrujete ako obyvate\u013e Belgicka.<\/p>\n<p>\u010cO AK STE OB\u010cANOM MIMO EHP?<br \/>\nAk nie ste ob\u010danom EHP, mali by ste vedie\u0165 nasledovn\u00e9:<\/p>\n<p>Zahrani\u010dn\u00fd vodi\u010dsk\u00fd preukaz m\u00f4\u017eete pou\u017e\u00edva\u0165 a\u017e \u0161es\u0165 mesiacov. Ak sa v Belgicku zdr\u017e\u00edte dlh\u0161ie ako \u0161es\u0165 mesiacov alebo sa zaregistrujete ako obyvate\u013e Belgicka, budete potrebova\u0165 belgick\u00fd vodi\u010dsk\u00fd preukaz.<br \/>\nInformujte sa vo svojej domovskej krajine alebo na miestnej samospr\u00e1ve, \u010di budete potrebova\u0165 medzin\u00e1rodn\u00fd vodi\u010dsk\u00fd preukaz (IDP) a preklad v\u00e1\u0161ho vodi\u010dsk\u00e9ho preukazu.<br \/>\nMnoh\u00e9 krajiny mimo EHP uzavreli s Belgickom dohody, ktor\u00e9 umo\u017e\u0148uj\u00fa jednoduch\u00fa v\u00fdmenu vodi\u010dsk\u00e9ho preukazu za belgick\u00fd vodi\u010dsk\u00fd preukaz. Mus\u00edte v\u0161ak by\u0165 registrovan\u00fd v obci a ma\u0165 belgick\u00e9 povolenie na pobyt. Ak ste \u0161t\u00e1tnym pr\u00edslu\u0161n\u00edkom krajiny, ktor\u00e1 nie je \u010dlenom EHP, m\u00f4\u017eete si na webovej str\u00e1nke belgickej vl\u00e1dy overi\u0165, \u010di pre va\u0161u krajinu existuje zodpovedaj\u00faca dohoda.<\/p>\n<p>Ak va\u0161a krajina nem\u00e1 s Belgickom tak\u00fato dohodu, mus\u00edte zlo\u017ei\u0165 belgick\u00fa teoretick\u00fa a praktick\u00fa sk\u00fa\u0161ku z jazdy. Nav\u0161t\u00edvte sk\u00fa\u0161obn\u00e9 centr\u00e1 (GOCA alebo SBAT). Tam si m\u00f4\u017eete urobi\u0165 teoretick\u00fd test v angli\u010dtine, ak si ho v\u010das rezervujete.<br \/>\nAk ste si u\u017e vymenili zahrani\u010dn\u00fd vodi\u010dsk\u00fd preukaz za vodi\u010dsk\u00fd preukaz z inej krajiny E\u00da, bude uznan\u00fd aj v Belgicku.<br \/>\nABSOLVOVANIE BELGICKEJ TE\u00d3RIE A VODI\u010cSKEJ SK\u00da\u0160KY<br \/>\nAk mus\u00edte absolvova\u0165 teoretick\u00fa a vodi\u010dsk\u00fa sk\u00fa\u0161ku na z\u00edskanie belgick\u00e9ho vodi\u010dsk\u00e9ho preukazu, mali by ste vedie\u0165 nasledovn\u00e9:<\/p>\n<p>Vodi\u010dsk\u00e1 sk\u00fa\u0161ka sa kon\u00e1 v ofici\u00e1lnom testovacom centre. Text je mo\u017en\u00e9 ulo\u017ei\u0165 vo franc\u00faz\u0161tine alebo holand\u010dine.<br \/>\nAk si rezervujete term\u00edn v testovacom centre v Schaerbeeku v Bruseli, m\u00f4\u017eete absolvova\u0165 teoretick\u00fd test s tlmo\u010dn\u00edkom. New Traffic Books pon\u00faka u\u010debnicu te\u00f3rie angli\u010dtiny s cvi\u010deniami na pr\u00edpravu. Kliknite sem pre viac inform\u00e1ci\u00ed (iba vo franc\u00faz\u0161tine a holand\u010dine).<br \/>\nNa sk\u00fa\u0161ku si, pros\u00edm, nezabudnite prinies\u0165 preukaz toto\u017enosti a poplatok (15 EUR za z\u00e1kladn\u00fa sk\u00fa\u0161ku alebo 50 EUR vr\u00e1tane tlmo\u010dn\u00edka). Mus\u00edte si urobi\u0165 o\u010dn\u00fd test.<br \/>\nCena vodi\u010dsk\u00e9ho testu sa pohybuje od 30 do 50 eur v z\u00e1vislosti od po\u017eiadaviek. Cenn\u00edk n\u00e1jdete tu vo franc\u00faz\u0161tine alebo holand\u010dine.<br \/>\nV\u00e1\u0161 vodi\u010dsk\u00fd preukaz je platn\u00fd a\u017e tri roky. V\u00e1\u0161 miestny \u00farad v\u00e1m vyd\u00e1 predbe\u017en\u00fd vodi\u010dsk\u00fd preukaz platn\u00fd na 18 alebo 36 mesiacov. S t\u00fdmto vodi\u010dsk\u00fdm preukazom m\u00f4\u017eete absolvova\u0165 praktick\u00fa sk\u00fa\u0161ku, ak m\u00e1te viac ako 18 rokov.<br \/>\nAK\u00c9 DOKLADY POTREBUJETE NA Z\u00cdSKANIE VODI\u010cSK\u00c9HO PREUKAZU V BELGICKU?<br \/>\nNa vodi\u010dsk\u00fd test si prineste nasleduj\u00face origin\u00e1ly dokladov:<\/p>\n<p>D\u00f4kaz toto\u017enosti<br \/>\nDo\u010dasn\u00fd vodi\u010dsk\u00fd preukaz<br \/>\nDoklad o zaplaten\u00ed poplatku<br \/>\nD\u00f4kaz o poisten\u00ed<br \/>\nRegistr\u00e1cia vozidla<br \/>\nAKO Z\u00cdSKAM VODI\u010cSK\u00dd PREUKAZ V BELGICKU?<br \/>\nPo \u00faspe\u0161nom absolvovan\u00ed praktickej sk\u00fa\u0161ky si prineste certifik\u00e1t spolu s dvoma pasov\u00fdmi fotografiami a dokladom toto\u017enosti na mestsk\u00fd \u00farad (Maison Communale\/Stadhuis) vo va\u0161ej oblasti. Tam v\u00e1m bude vydan\u00fd do\u010dasn\u00fd vodi\u010dsk\u00fd preukaz, k\u00fdm v\u00e1m nebude zaslan\u00fd v\u00e1\u0161 pln\u00fd vodi\u010dsk\u00fd preukaz.<\/p>\n<p>TERAZ STE PRIPRAVEN\u00cd JAZDI\u0164 V BELGICKU! HUR\u00c1!<\/p>\n<\/div>\n<\/div>","protected":false},"excerpt":{"rendered":"<p>Ak budete \u0161tudova\u0165 alebo pracova\u0165 v Belgicku, mo\u017eno budete chcie\u0165 po\u010das pobytu v Belgicku z\u00edska\u0165 belgick\u00fd vodi\u010dsk\u00fd preukaz. Ak m\u00e1te zahrani\u010dn\u00fd vodi\u010dsk\u00fd preukaz, mo\u017eno si ho budete m\u00f4c\u0165 vymeni\u0165 za belgick\u00fd alebo budete musie\u0165 zlo\u017ei\u0165 teoretick\u00fa a vodi\u010dsk\u00fa sk\u00fa\u0161ku. Dobre informovan\u00fd pr\u00edstup k mo\u017enostiam je k\u013e\u00fa\u010dom k \u00faspore \u010dasu a pe\u0148az\u00ed pri z\u00edskavan\u00ed vodi\u010dsk\u00e9ho preukazu v Belgicku.<\/p>","protected":false},"featured_media":22711,"template":"","meta":[],"product_brand":[],"product_cat":[927],"product_tag":[],"class_list":{"0":"post-22656","1":"product","2":"type-product","3":"status-publish","4":"has-post-thumbnail","6":"product_cat-fuehrerschein","8":"first","9":"instock","10":"taxable","11":"shipping-taxable","12":"purchasable","13":"product-type-simple"},"_links":{"self":[{"href":"https:\/\/primeprintingweb.com\/sk\/wp-json\/wp\/v2\/product\/22656","targetHints":{"allow":["GET"]}}],"collection":[{"href":"https:\/\/primeprintingweb.com\/sk\/wp-json\/wp\/v2\/product"}],"about":[{"href":"https:\/\/primeprintingweb.com\/sk\/wp-json\/wp\/v2\/types\/product"}],"version-history":[{"count":3,"href":"https:\/\/primeprintingweb.com\/sk\/wp-json\/wp\/v2\/product\/22656\/revisions"}],"predecessor-version":[{"id":22822,"href":"https:\/\/primeprintingweb.com\/sk\/wp-json\/wp\/v2\/product\/22656\/revisions\/22822"}],"wp:featuredmedia":[{"embeddable":true,"href":"https:\/\/primeprintingweb.com\/sk\/wp-json\/wp\/v2\/media\/22711"}],"wp:attachment":[{"href":"https:\/\/primeprintingweb.com\/sk\/wp-json\/wp\/v2\/media?parent=22656"}],"wp:term":[{"taxonomy":"product_brand","embeddable":true,"href":"https:\/\/primeprintingweb.com\/sk\/wp-json\/wp\/v2\/product_brand?post=22656"},{"taxonomy":"product_cat","embeddable":true,"href":"https:\/\/primeprintingweb.com\/sk\/wp-json\/wp\/v2\/product_cat?post=22656"},{"taxonomy":"product_tag","embeddable":true,"href":"https:\/\/primeprintingweb.com\/sk\/wp-json\/wp\/v2\/product_tag?post=22656"}],"curies":[{"name":"wp","href":"https:\/\/api.w.org\/{rel}","templated":true}]}}