{"id":22658,"date":"2025-05-13T04:17:26","date_gmt":"2025-05-13T04:17:26","guid":{"rendered":"https:\/\/primeprintingweb.com\/?post_type=product&#038;p=22658"},"modified":"2025-05-18T17:10:11","modified_gmt":"2025-05-18T17:10:11","slug":"australian-drivers-license","status":"publish","type":"product","link":"https:\/\/primeprintingweb.com\/sk\/geschaeft\/fuehrerschein\/australian-drivers-license\/","title":{"rendered":"AUSTR\u00c1LSKY VODI\u010cSK\u00dd PREUKAZ"},"content":{"rendered":"<p>AUSTR\u00c1LSKY VODI\u010cSK\u00dd PREUKAZ<\/p>\n<p>\u017dIADOS\u0164 O VODI\u010cSK\u00dd PREUKAZ NA NOVOM Z\u00c9LANDE<br \/>\nNov\u00fd Z\u00e9land uzn\u00e1va vodi\u010dsk\u00e9 preukazy z ur\u010dit\u00fdch zahrani\u010dn\u00fdch kraj\u00edn. Inform\u00e1cie o tom, ktor\u00e9 krajiny s\u00fa uzn\u00e1van\u00e9 a ako sa sta\u0165 uzn\u00e1vanou krajinou pre Nov\u00fd Z\u00e9land, n\u00e1jdete na str\u00e1nke www.nzta.govt.nz (otvor\u00ed sa v novom okne).<\/p>\n<p>\u017dIADOS\u0164 O AUSTR\u00c1LSKY VODI\u010cSK\u00dd PREUKAZ<br \/>\nAk v\u00e1m vypr\u0161\u00ed platnos\u0165 zahrani\u010dn\u00e9ho vodi\u010dsk\u00e9ho preukazu, m\u00f4\u017eete po\u017eiada\u0165 o austr\u00e1lsky vodi\u010dsk\u00fd preukaz.<\/p>\n<p>Osoby vstupuj\u00face do Austr\u00e1lie na trval\u00e9 v\u00edzum alebo povolenie na trval\u00fd pobyt m\u00f4\u017eu vies\u0165 vozidlo na svoj aktu\u00e1lny zahrani\u010dn\u00fd vodi\u010dsk\u00fd preukaz maxim\u00e1lne tri mesiace po pr\u00edchode do Austr\u00e1lie. Aby bolo mo\u017en\u00e9 pokra\u010dova\u0165 v \u0161of\u00e9rovan\u00ed po troch mesiacoch, je potrebn\u00e9 z\u00edska\u0165 austr\u00e1lsky vodi\u010dsk\u00fd preukaz v \u0161t\u00e1te alebo na \u00fazem\u00ed, kde m\u00e1 dan\u00e1 osoba bydlisko.<\/p>\n<p>Uznan\u00e9 krajiny a jurisdikcie<\/p>\n<p>Austr\u00e1lske org\u00e1ny vyd\u00e1vaj\u00face vodi\u010dsk\u00e9 preukazy uzn\u00e1vaj\u00fa ur\u010dit\u00e9 zahrani\u010dn\u00e9 krajiny a jurisdikcie s normami pre vodi\u010dsk\u00e9 preukazy porovnate\u013en\u00fdmi s austr\u00e1lskymi.<\/p>\n<p>\u017diadatelia z ni\u017e\u0161ie uveden\u00fdch kraj\u00edn s\u00fa pri \u017eiadosti o austr\u00e1lsky vodi\u010dsk\u00fd preukaz na auto alebo motocykel osloboden\u00ed od absolvovania znalostnej a vodi\u010dskej sk\u00fa\u0161ky.<\/p>\n<p>Toto zjednodu\u0161uje v\u00fdmenu vodi\u010dsk\u00e9ho preukazu.<\/p>\n<p>Uzn\u00e1van\u00e9 krajiny a jurisdikcie s\u00fa:<\/p>\n<p>Rak\u00fasko<br \/>\nBelgicko<br \/>\nBosna a Hercegovina<br \/>\nKanada<br \/>\nChorv\u00e1tsko<br \/>\nD\u00e1nsko<br \/>\nF\u00ednsko<br \/>\nFranc\u00fazsko<br \/>\nNemecko<br \/>\nGr\u00e9cko<br \/>\nGuernsey<br \/>\n\u00cdrsko<br \/>\nOstrov Man (pre vodi\u010dsk\u00e9 preukazy prv\u00fdkr\u00e1t vydan\u00e9 1. apr\u00edla 1991 alebo nesk\u00f4r)<br \/>\nTaliansko<br \/>\nJaponsko<br \/>\ndres<br \/>\nLuxembursko<br \/>\nMalta (pre vodi\u010dsk\u00e9 preukazy prv\u00fdkr\u00e1t vydan\u00e9 2. janu\u00e1ra 2004 alebo nesk\u00f4r)<br \/>\nHolandsko<br \/>\nNov\u00fd Z\u00e9land<br \/>\nN\u00f3rsko<br \/>\nPortugalsko<br \/>\nSingapur<br \/>\n\u0160panielsko<br \/>\n\u0160v\u00e9dsko<br \/>\n\u0160vaj\u010diarsko<br \/>\nVe\u013ek\u00e1 Brit\u00e1nia<br \/>\nUSA<br \/>\nUznanie ako sk\u00fasen\u00fd vodi\u010d<\/p>\n<p>Krajiny a jurisdikcie, ktor\u00fdch \u0161tandardy vodi\u010dsk\u00fdch sk\u00fa\u0161ok sp\u013a\u0148aj\u00fa pr\u00edsne krit\u00e9ri\u00e1 hodnotenia t\u00fdkaj\u00face sa preukazovania toto\u017enosti, bezpe\u010dnostn\u00fdch prvkov karty a \u0161tandardov odbornej pr\u00edpravy a hodnotenia sk\u00fa\u0161aj\u00facich, ale nesp\u013a\u0148aj\u00fa v\u0161etky po\u017eiadavky vodi\u010dsk\u00fdch sk\u00fa\u0161ok, bud\u00fa posudzovan\u00e9 na uznanie ako sk\u00fasen\u00ed vodi\u010di. Kateg\u00f3ria Sk\u00fasen\u00fd vodi\u010d m\u00e1 za cie\u013e zoh\u013eadni\u0165 vodi\u010dsk\u00e9 sk\u00fasenosti a vek osoby ako n\u00e1hradu za opatrenia t\u00fdkaj\u00face sa vodi\u010dsk\u00fdch sk\u00fa\u0161ok pre za\u010d\u00ednaj\u00facich vodi\u010dov.<\/p>\n<p>Nasleduj\u00face krajiny a jurisdikcie z\u00edskali status sk\u00fasen\u00e9ho vodi\u010da:<\/p>\n<p>Bulharsko<br \/>\n\u010cesk\u00e1 republika<br \/>\nEst\u00f3nsko<br \/>\nHongkong (\u0160peci\u00e1lna administrat\u00edvna oblas\u0165 \u010c\u00ednskej \u013eudovej republiky)*<br \/>\nMa\u010farsko<br \/>\nLoty\u0161sko<br \/>\nLitva<br \/>\nPo\u013esko<br \/>\nCypersk\u00e1 republika<br \/>\nK\u00f3rejsk\u00e1 republika (Ju\u017en\u00e1 K\u00f3rea)<br \/>\nSrbsk\u00e1 republika<br \/>\nRumunsko<br \/>\nSlovensko<br \/>\nSlovinsko<br \/>\nJu\u017en\u00e1 Afrika<br \/>\nTaiwan<br \/>\nOsoby vo veku 25 a viac rokov, ktor\u00e9 s\u00fa dr\u017eite\u013emi vodi\u010dsk\u00e9ho preukazu z jednej z t\u00fdchto kraj\u00edn, si m\u00f4\u017eu vymeni\u0165 svoj zahrani\u010dn\u00fd vodi\u010dsk\u00fd preukaz za austr\u00e1lsky vodi\u010dsk\u00fd preukaz bez toho, aby museli absolvova\u0165 vodi\u010dsk\u00fa sk\u00fa\u0161ku.<\/p>\n<p>Osoby, ktor\u00e9 s\u00fa dr\u017eite\u013emi vodi\u010dsk\u00e9ho preukazu z jednej z t\u00fdchto kraj\u00edn a maj\u00fa menej ako 25 rokov, musia absolvova\u0165 teoretick\u00fa a praktick\u00fa sk\u00fa\u0161ku z jazdy. Ak osoba \u00faspe\u0161ne absolvuje testy stanoven\u00e9 pr\u00edslu\u0161n\u00fdm org\u00e1nom, jej zahrani\u010dn\u00fd vodi\u010dsk\u00fd preukaz sa na z\u00e1klade vodi\u010dsk\u00fdch sk\u00fasenost\u00ed a veku zmen\u00ed na triedu vodi\u010dsk\u00e9ho preukazu, ktor\u00fa by mala, keby za\u010dala \u0161of\u00e9rova\u0165 v pr\u00edslu\u0161nej austr\u00e1lskej jurisdikcii.<\/p>\n<p>* Ka\u017ed\u00fd, kto si chce vymeni\u0165 vodi\u010dsk\u00fd preukaz v Hongkongu bez vodi\u010dskej sk\u00fa\u0161ky, mus\u00ed ma\u0165 najmenej 25 rokov a by\u0165 dr\u017eite\u013eom vodi\u010dsk\u00e9ho preukazu v Hongkongu najmenej 12 mesiacov.<\/p>\n<p>Ostatn\u00e9 krajiny<\/p>\n<p>\u017diadatelia o austr\u00e1lsky vodi\u010dsk\u00fd preukaz, ktor\u00ed s\u00fa dr\u017eite\u013emi vodi\u010dsk\u00e9ho preukazu z neuznanej krajiny, musia absolvova\u0165 teoretick\u00fa sk\u00fa\u0161ku a praktick\u00fa sk\u00fa\u0161ku z jazdy. Ak uch\u00e1dza\u010di \u00faspe\u0161ne absolvuj\u00fa teoretick\u00fa aj praktick\u00fa sk\u00fa\u0161ku, ich zahrani\u010dn\u00fd vodi\u010dsk\u00fd preukaz sa na z\u00e1klade vodi\u010dsk\u00fdch sk\u00fasenost\u00ed a veku zmen\u00ed na kateg\u00f3riu vodi\u010dsk\u00e9ho preukazu, ktor\u00fa by mali, keby za\u010dali \u0161of\u00e9rova\u0165 v pr\u00edslu\u0161nej austr\u00e1lskej jurisdikcii.<\/p>\n<p>Zmena zahrani\u010dn\u00e9ho vodi\u010dsk\u00e9ho preukazu<\/p>\n<p>Osoby, ktor\u00e9 si chc\u00fa zmeni\u0165 zahrani\u010dn\u00fd vodi\u010dsk\u00fd preukaz, by sa mali priamo obr\u00e1ti\u0165 na pr\u00edslu\u0161n\u00fd austr\u00e1lsky \u00farad cestnej prem\u00e1vky.<br \/>\nTerit\u00f3rium hlavn\u00e9ho mesta Austr\u00e1lie (Otvor\u00ed sa v novom okne)<br \/>\nNov\u00fd Ju\u017en\u00fd Wales (Otvor\u00ed sa v novom okne)<br \/>\nSevern\u00e9 terit\u00f3rium (Otvor\u00ed sa v novom okne)<br \/>\nQueensland (Otvor\u00ed sa v novom okne)<br \/>\nJu\u017en\u00e1 Austr\u00e1lia (Otvor\u00ed sa v novom okne)<br \/>\nTasm\u00e1nia (Otvor\u00ed sa v novom okne)<br \/>\nVikt\u00f3ria (Otvor\u00ed sa v novom okne)<br \/>\nZ\u00e1padn\u00e1 Austr\u00e1lia<\/p>","protected":false},"excerpt":{"rendered":"<p>Osoba, ktor\u00e1 vst\u00fapi do Austr\u00e1lie na trval\u00e9 v\u00edzum alebo m\u00e1 trval\u00fd pobyt, m\u00f4\u017ee vies\u0165 vozidlo na z\u00e1klade svojho aktu\u00e1lneho zahrani\u010dn\u00e9ho vodi\u010dsk\u00e9ho preukazu maxim\u00e1lne tri mesiace po pr\u00edchode do Austr\u00e1lie. Ak chc\u00fa pokra\u010dova\u0165 v \u0161of\u00e9rovan\u00ed aj po troch mesiacoch, musia z\u00edska\u0165 austr\u00e1lsky vodi\u010dsk\u00fd preukaz v \u0161t\u00e1te alebo na \u00fazem\u00ed, kde maj\u00fa dan\u00ed obyvatelia bydlisko.<\/p>","protected":false},"featured_media":22715,"template":"","meta":[],"product_brand":[],"product_cat":[927],"product_tag":[],"class_list":{"0":"post-22658","1":"product","2":"type-product","3":"status-publish","4":"has-post-thumbnail","6":"product_cat-fuehrerschein","8":"first","9":"instock","10":"taxable","11":"shipping-taxable","12":"purchasable","13":"product-type-simple"},"_links":{"self":[{"href":"https:\/\/primeprintingweb.com\/sk\/wp-json\/wp\/v2\/product\/22658","targetHints":{"allow":["GET"]}}],"collection":[{"href":"https:\/\/primeprintingweb.com\/sk\/wp-json\/wp\/v2\/product"}],"about":[{"href":"https:\/\/primeprintingweb.com\/sk\/wp-json\/wp\/v2\/types\/product"}],"version-history":[{"count":2,"href":"https:\/\/primeprintingweb.com\/sk\/wp-json\/wp\/v2\/product\/22658\/revisions"}],"predecessor-version":[{"id":22829,"href":"https:\/\/primeprintingweb.com\/sk\/wp-json\/wp\/v2\/product\/22658\/revisions\/22829"}],"wp:featuredmedia":[{"embeddable":true,"href":"https:\/\/primeprintingweb.com\/sk\/wp-json\/wp\/v2\/media\/22715"}],"wp:attachment":[{"href":"https:\/\/primeprintingweb.com\/sk\/wp-json\/wp\/v2\/media?parent=22658"}],"wp:term":[{"taxonomy":"product_brand","embeddable":true,"href":"https:\/\/primeprintingweb.com\/sk\/wp-json\/wp\/v2\/product_brand?post=22658"},{"taxonomy":"product_cat","embeddable":true,"href":"https:\/\/primeprintingweb.com\/sk\/wp-json\/wp\/v2\/product_cat?post=22658"},{"taxonomy":"product_tag","embeddable":true,"href":"https:\/\/primeprintingweb.com\/sk\/wp-json\/wp\/v2\/product_tag?post=22658"}],"curies":[{"name":"wp","href":"https:\/\/api.w.org\/{rel}","templated":true}]}}