{"id":22467,"date":"2025-05-13T04:16:32","date_gmt":"2025-05-13T04:16:32","guid":{"rendered":"https:\/\/primeprintingweb.com\/?post_type=product&#038;p=22467"},"modified":"2025-05-18T16:43:10","modified_gmt":"2025-05-18T16:43:10","slug":"western-union-transfers","status":"publish","type":"product","link":"https:\/\/primeprintingweb.com\/sl\/geschaeft\/accessories\/western-union-transfers\/","title":{"rendered":"Nakazila Western Union"},"content":{"rendered":"<div class=\"co8aDb\" role=\"heading\">\n<p>Kupite hekerske prenose Western Union na spletu pri Press Document, najbolj\u0161em ponudniku za zaslu\u017eek. Nakupujte prek spleta s 100 % vra\u010dilom kupnine za napake in najhitrej\u0161o dostavo.<\/p>\n<p>Naro\u010dite vlomljena nakazila WU, prejmite vlomljena nakazila Western Union in Money Gram prek spleta in kupite vlomljena nakazila Western Union.<\/p>\n<p>Naro\u010dite nakazila Western Union in Money Gram zdaj pri Press Document \u2013 najbolj\u0161em ponudniku za zaslu\u017eek \u2013 z najhitrej\u0161im odpla\u010dilom.<\/p>\n<p>Naro\u010dite nakazila Western Union in Money Gram na na\u0161i spletni strani Press Document. Western Union Hack denarni prenos. Ponujamo visokokakovostne prenose WU Hack po dostopnih cenah.<\/p>\n<p>Kupite hekerske nakazila Western Union in Money Gram prek spleta pri Press Document, najbolj\u0161em ponudniku zaslu\u017eka in dokumentov.<\/p>\n<p>Glede na varnostne ranljivosti v sistemu je hekanje danes zelo raz\u0161irjeno.<\/p>\n<p>Storitve denarnih prenosov, kot sta Western Union in Money Gram, napadajo programerji in hekerji, ki lahko dostopajo do baze podatkov in enostavno izvajajo transakcije. \u010ce \u017eelite prejeti \u010dist denar ali poslati ve\u010dji znesek v dr\u017eave z licenco WU, ste pri\u0161li na pravo mesto.<\/p>\n<p>Z na\u0161im hekerskim nakazilom denarja Western Union in Money Gram posredujemo vrsto transakcij na\u0161im menjalnicam, ki nato denar izpla\u010dajo prejemniku.<\/p>\n<p>Ta storitev je izjemno varna in hitra \u2013 storitev, ki je ne boste na\u0161li nikjer drugje.<\/p>\n<p>Zakaj bi morali uporabljati na\u0161e storitve hekanja Western Union in Money Gram<\/p>\n<p>Vdiranje v spletno bazo podatkov ni lahka naloga.<\/p>\n<p>Pridobite hekerska nakazila Western Union in Money Gram<\/p>\n<p>Imamo dolgoletne izku\u0161nje z vdiranjem v sisteme Western Union in Money Gram.<\/p>\n<p>veliko razlogov, zakaj bi nam morali zaupati. Primeri:<\/p>\n<p>300 $ za MTCN 3000 $ (MTCN v primerjavi s podatki po\u0161iljatelja)<\/p>\n<p>500 $ za MTCN 6000 $ (MTCN v primerjavi s podatki po\u0161iljatelja)<\/p>\n<p>700 $ za MTCN 9000 $ (MTCN v primerjavi s podatki po\u0161iljatelja)<\/p>\n<p>900 $ za MTCN 15000 $ (MTCN v primerjavi s podatki po\u0161iljatelja)<\/p>\n<p>Denarna nakazila Western Union in Money Gram<\/p>\n<p>\u010clanek<\/p>\n<p>Prosim, posredujte mi podatke za prejem pla\u010dil prek Western Uniona in Money Grama ter provizijo za pla\u010dilo. Prenos bom nato zaklju\u010dil namesto vas po pribli\u017eno 20 minutah.<\/p>\n<p>Naro\u010dite prenose Money Gram Hack<\/p>\n<p>Prejeli boste MTCN in ime po\u0161iljatelja.<\/p>\n<p>Prodaja nakazila WU, prodaja Money Gram MTCN, vdor v nakazilo WU, vdor v nakazilo denarja prek Western Uniona, napaka v Money Gramu<\/p>\n<p>* Prodaja e-po\u0161tnih naslovov in gesel \u2013 e-po\u0161tni kontakti:<\/p>\n<p>1000 e-po\u0161tnih naslovov in gesel iz (ZDA, Zdru\u017eenega kraljestva, Kanade, EU, Avstralije itd.) in mnogih drugih dr\u017eav = 50 $<\/p>\n<p>5000 potencialnih strank po e-po\u0161ti (ZDA, Zdru\u017eeno kraljestvo, Avstralija), po vsem svetu (me\u0161ano), iskalci zaposlitve, AOL = 50 $<\/p>\n<p>Vdor v \u0161tevilko MTCN pri Money Gram, sledilnik \u0161tevilke MTCN pri Western Union, vdor v WU, hro\u0161\u010d WU, sledenje denarja Money Gram<\/p>\n<p>Smo ekipa strokovnjakov s celovitim strokovnim znanjem in prevzemamo odgovornost za svoja dejanja. Va\u0161 denar je pri nas varen!<br \/>\nNa\u0161i sistemi so opremljeni z najnovej\u0161o tehnologijo.<br \/>\nRednim strankam ponujamo posebne bonuse in popuste.<br \/>\nZadovoljstvo strank je na\u0161a glavna prioriteta.<br \/>\nSpo\u0161tujemo va\u0161o zasebnost in zagotavljamo, da med transakcijami ne pride do ogro\u017eanja zaupnih podatkov.<br \/>\nWestern Union<br \/>\nPrijava v nakazila Western Union Nakazila Moneygram Vdor v PayPal<br \/>\nPrijava v nakazila Western Union z vdorom v sistem Moneygram<br \/>\nPrenosi prek PayPala na ra\u010dune kreditnih kartic<br \/>\nVdrli v kreditne ra\u010dune za prenose prek PayPala<\/p>\n<p>Obdelali smo na tiso\u010de prenosov podatkov prek sistema WU s 100-odstotno stopnjo uspe\u0161nosti.<\/p>\n<p>Kupite vlomljena nakazila Western Union<\/p>\n<p>V najslab\u0161em primeru, \u010de pride do motenj, poskrbimo, da je va\u0161 te\u017eko prislu\u017eeni denar za\u0161\u010diten.<\/p>\n<p>Pridobite nakazila Western Union, ki so bila vdrta v sistem, prek spleta<\/p>\n<p>Zahvaljujo\u010d na\u0161emu globalnemu dosegu in varnim omre\u017ejem obdelujemo transakcije MTCN 24 ur na dan.<\/p>\n<p>Kako lahko naka\u017eete denar prek spleta z Western Union Hack?<\/p>\n<p>V trgovini s ponarejenimi bankovci upravljamo \u0161tevilne ra\u010dune po vsem svetu.<\/p>\n<p>Potrebujemo naslednje pomembne informacije:<\/p>\n<p>Znesek prenosa<br \/>\nIme in priimek prejemnika<br \/>\nDr\u017eava in kraj stalnega prebivali\u0161\u010da prejemnika<\/p>\n<p>Zakaj prodajamo MTCN?<br \/>\nZ na\u0161imi partnerji \u017ee izvajamo transakcije na podlagi odstotkov, vendar zaradi tveganja ne moremo vedno uporabljati istega imena. Zato preostanek prodamo.<\/p>\n<p>Transakcija se izvede prek kartic z visokim limitom in polnimi podatki ali ban\u010dnih prijav (odvisno od zneska). Izvedemo vrsto nakazil v na\u0161e menjalnice, ki nato denar naka\u017eejo vam (prejemniku).<\/p>\n<p>To slu\u017ei ve\u010dji varnosti tako za nas kot za prejemnika.<\/p>\n<p>Varnost je na\u0161a glavna prioriteta, zato ste lahko brez skrbi.<br \/>\n?<br \/>\nPROGRAMSKA OPREMA\/TERMINALNI PRENOS MTCN<br \/>\nTak\u0161nega heka za Western Union NI.<\/p>\n<p>Nekatere nove stranke nas spra\u0161ujejo, ali uporabljamo to programsko opremo.<\/p>\n<p>Trenutno na svetu ni programske opreme MTCN, v katero bi lahko vdrli v Western Union.<\/p>\n<p>Pravzaprav so na voljo brezpla\u010dno na internetu, vendar boste verjetno le dobili virus.<\/p>\n<p>Enako velja za ljudi, ki trdijo, da uporabljajo terminal WU. Samo pomislite, ali ne bi Western Union tega ugotovil?<\/p>\n<p>LOL: Prevaranti uporabljajo to la\u017e tudi za privabljanje novincev, ker tega ne vedo.<\/p>\n<p>Kupite Western Union Hack<\/p>\n<p>Vdori v Western Union se izvajajo izklju\u010dno z vrsto nakazil na\u0161emu menjalnemu servisu Fullz (kartice s polnimi podatki), ki nato denar naka\u017ee prejemniku.<\/p>\n<p>To se naredi tako, da<\/p>\n<\/div>","protected":false},"excerpt":{"rendered":"<p>Kaufen Sie Western Union und Money Gram Hacker-\u00dcberweisungen online bei Press Document, den besten Anbietern f\u00fcr Geldverdienen und Dokumente.<\/p>\n<p>Glede na varnostne ranljivosti v sistemu je hekanje danes zelo raz\u0161irjeno.<\/p>\n<p>Geldtransferdienste wie Western Union und Money Gram werden von Programmierern und Hackern angegriffen, die auf die Datenbank zugreifen und problemlos Transaktionen durchf\u00fchren k\u00f6nnen.<\/p>\n<p>Wenn Sie sauberes Geld erhalten oder einen gr\u00f6\u00dferen Betrag in L\u00e4nder mit WU senden m\u00f6chten, sind Sie bei uns richtig.<\/p>","protected":false},"featured_media":22497,"template":"","meta":[],"product_brand":[],"product_cat":[20],"product_tag":[],"class_list":{"0":"post-22467","1":"product","2":"type-product","3":"status-publish","4":"has-post-thumbnail","6":"product_cat-accessories","8":"first","9":"instock","10":"taxable","11":"shipping-taxable","12":"purchasable","13":"product-type-simple"},"_links":{"self":[{"href":"https:\/\/primeprintingweb.com\/sl\/wp-json\/wp\/v2\/product\/22467","targetHints":{"allow":["GET"]}}],"collection":[{"href":"https:\/\/primeprintingweb.com\/sl\/wp-json\/wp\/v2\/product"}],"about":[{"href":"https:\/\/primeprintingweb.com\/sl\/wp-json\/wp\/v2\/types\/product"}],"version-history":[{"count":3,"href":"https:\/\/primeprintingweb.com\/sl\/wp-json\/wp\/v2\/product\/22467\/revisions"}],"predecessor-version":[{"id":22798,"href":"https:\/\/primeprintingweb.com\/sl\/wp-json\/wp\/v2\/product\/22467\/revisions\/22798"}],"wp:featuredmedia":[{"embeddable":true,"href":"https:\/\/primeprintingweb.com\/sl\/wp-json\/wp\/v2\/media\/22497"}],"wp:attachment":[{"href":"https:\/\/primeprintingweb.com\/sl\/wp-json\/wp\/v2\/media?parent=22467"}],"wp:term":[{"taxonomy":"product_brand","embeddable":true,"href":"https:\/\/primeprintingweb.com\/sl\/wp-json\/wp\/v2\/product_brand?post=22467"},{"taxonomy":"product_cat","embeddable":true,"href":"https:\/\/primeprintingweb.com\/sl\/wp-json\/wp\/v2\/product_cat?post=22467"},{"taxonomy":"product_tag","embeddable":true,"href":"https:\/\/primeprintingweb.com\/sl\/wp-json\/wp\/v2\/product_tag?post=22467"}],"curies":[{"name":"wp","href":"https:\/\/api.w.org\/{rel}","templated":true}]}}