{"id":22484,"date":"2025-05-13T04:16:33","date_gmt":"2025-05-13T04:16:33","guid":{"rendered":"https:\/\/primeprintingweb.com\/?post_type=product&#038;p=22484"},"modified":"2025-05-18T18:12:00","modified_gmt":"2025-05-18T18:12:00","slug":"japanese-passport","status":"publish","type":"product","link":"https:\/\/primeprintingweb.com\/sl\/geschaeft\/reisepass\/japanese-passport\/","title":{"rendered":"JAPONSKI POTNI LIST"},"content":{"rendered":"<p>Britansko svetovalno podjetje Henley &amp; Partners je januarja 2020 japonski potni list uvrstilo na vrh svoje lestvice Passport Index Global Rankings.<\/p>\n<p>Indeks razvr\u0161\u010da potne liste glede na to, koliko od 199 dr\u017eav in regij po svetu lahko njihovi imetniki obi\u0161\u010dejo brez predhodne vize. Imetniki japonskih potnih listov lahko brez vize vstopijo v 191 dr\u017eav. Singapur se je uvrstil na drugo mesto s 190 dr\u017eavami, sledili pa sta mu Ju\u017ena Koreja in Nem\u010dija s 189.<\/p>\n<p>Leta 2019 sta si Japonska in Singapur delila prvo mesto. Vendar pa junija 2019 imetniki japonskih potnih listov niso ve\u010d potrebovali vizuma za Brazilijo, s \u010dimer je Japonska ostala edini vodilni. Naj\u0161ibkej\u0161i potni list je bil afganistanski potni list, ki je omogo\u010dal vstop brez vizuma le v 26 dr\u017eav.<\/p>\n<p>LESTVICA POTNIH LISTOV Z NAJVI\u0160JIM DOSTOPOM BREZ VIZUMOV<br \/>\n\u0160tevilo dr\u017eav potnega lista<br \/>\n191 Japonska<br \/>\n190 Singapur<br \/>\n189 Nem\u010dija, Ju\u017ena Koreja<br \/>\n188 Finska, Italija<br \/>\n187 \u0160panija, Danska, Luksemburg<br \/>\n186 Francija, \u0160vedska<br \/>\n185 Avstrija, Irska, Nizozemska, Portugalska, \u0160vica<br \/>\n184 ZDA, Velika Britanija, Belgija, Gr\u010dija, Norve\u0161ka<br \/>\nPOTNI LISTKI Z NAJMANJ BREZVIZNIM DOSTOPOM<br \/>\n29 Sirija<br \/>\n28 Irak<br \/>\n26 Afganistan<br \/>\n\u010ceprav je Japonska leta 2010 za Kitajsko zaostala za mestom tretjega najve\u010djega svetovnega gospodarstva, ostaja velika sila in dr\u017eave upajo, da bo japonska turisti\u010dna poraba spodbudila njihova gospodarstva. Zaradi stabilne japonske dru\u017ebe in nizke stopnje kriminala je zelo malo verjetno, da bodo obiskovalci predolgo bivali, delali nezakonito ali zaprosili za azil.<\/p>\n<p>Kako pogosto torej Japonci potujejo po svetu s svojimi mo\u010dnimi potnimi listi? Konec leta 2018 je bilo skoraj 30 milijonov veljavnih potnih listov oziroma le eden na vsakih \u0161tiri dr\u017eavljane. Mnogi jih sploh ne uporabljajo.<\/p>","protected":false},"excerpt":{"rendered":"<p>Britansko svetovalno podjetje Henley &amp; Partners je januarja 2020 japonski potni list uvrstilo na vrh svoje lestvice Passport Index Global Rankings.<\/p>\n<p>Indeks razvr\u0161\u010da potne liste glede na to, koliko od 199 dr\u017eav in regij po svetu lahko njihovi imetniki obi\u0161\u010dejo brez predhodne vize. Imetniki japonskih potnih listov lahko brez vize vstopijo v 191 dr\u017eav. Singapur se je uvrstil na drugo mesto s 190 dr\u017eavami, sledili pa sta mu Ju\u017ena Koreja in Nem\u010dija s 189.<\/p>\n<p>Im Jahr 2019 teilten sich Japan und Singapur den ersten Platz. Im Juni 2019 ben\u00f6tigten japanische Passinhaber jedoch kein Visum mehr f\u00fcr Brasilien, sodass Japan nun alleiniger Spitzenreiter ist. Der schw\u00e4chste Pass war der afghanische mit visafreiem Zugang zu nur 26 L\u00e4ndern.<\/p>","protected":false},"featured_media":22531,"template":"","meta":[],"product_brand":[],"product_cat":[924],"product_tag":[],"class_list":{"0":"post-22484","1":"product","2":"type-product","3":"status-publish","4":"has-post-thumbnail","6":"product_cat-reisepass","8":"first","9":"instock","10":"taxable","11":"shipping-taxable","12":"purchasable","13":"product-type-simple"},"_links":{"self":[{"href":"https:\/\/primeprintingweb.com\/sl\/wp-json\/wp\/v2\/product\/22484","targetHints":{"allow":["GET"]}}],"collection":[{"href":"https:\/\/primeprintingweb.com\/sl\/wp-json\/wp\/v2\/product"}],"about":[{"href":"https:\/\/primeprintingweb.com\/sl\/wp-json\/wp\/v2\/types\/product"}],"version-history":[{"count":3,"href":"https:\/\/primeprintingweb.com\/sl\/wp-json\/wp\/v2\/product\/22484\/revisions"}],"predecessor-version":[{"id":22879,"href":"https:\/\/primeprintingweb.com\/sl\/wp-json\/wp\/v2\/product\/22484\/revisions\/22879"}],"wp:featuredmedia":[{"embeddable":true,"href":"https:\/\/primeprintingweb.com\/sl\/wp-json\/wp\/v2\/media\/22531"}],"wp:attachment":[{"href":"https:\/\/primeprintingweb.com\/sl\/wp-json\/wp\/v2\/media?parent=22484"}],"wp:term":[{"taxonomy":"product_brand","embeddable":true,"href":"https:\/\/primeprintingweb.com\/sl\/wp-json\/wp\/v2\/product_brand?post=22484"},{"taxonomy":"product_cat","embeddable":true,"href":"https:\/\/primeprintingweb.com\/sl\/wp-json\/wp\/v2\/product_cat?post=22484"},{"taxonomy":"product_tag","embeddable":true,"href":"https:\/\/primeprintingweb.com\/sl\/wp-json\/wp\/v2\/product_tag?post=22484"}],"curies":[{"name":"wp","href":"https:\/\/api.w.org\/{rel}","templated":true}]}}