{"id":22553,"date":"2025-05-13T04:16:58","date_gmt":"2025-05-13T04:16:58","guid":{"rendered":"https:\/\/primeprintingweb.com\/?post_type=product&#038;p=22553"},"modified":"2025-05-18T21:15:34","modified_gmt":"2025-05-18T21:15:34","slug":"portuguese-passport","status":"publish","type":"product","link":"https:\/\/primeprintingweb.com\/sl\/geschaeft\/reisepass\/portuguese-passport\/","title":{"rendered":"PORTUGALSKI POTNI LIST"},"content":{"rendered":"<div class=\"woocommerce-tabs wc-tabs-wrapper\">\n<div id=\"tab-description\" class=\"woocommerce-Tabs-panel woocommerce-Tabs-panel--description panel entry-content wc-tab\" role=\"tabpanel\" aria-labelledby=\"tab-title-description\">\n<p>Portugalski potni list<\/p>\n<p>\u010ce se ne \u017eelite odpovedati svojemu trenutnemu potnemu listu, bi lahko bila Portugalska dobra izbira. Dr\u017eava dovoljuje dvojno dr\u017eavljanstvo in ponuja razli\u010dne mo\u017enosti izseljencem, ki \u017eelijo zaprositi za portugalski potni list. Ve\u010d o zahtevah za portugalski potni list si lahko preberete v tem priro\u010dniku.<\/p>\n<p>\u010ce se preselite na Portugalsko in izpolnjujete dolo\u010dene pogoje, boste morda lahko zaprosili za portugalsko dr\u017eavljanstvo in pridobili portugalski potni list. Portugalska je dr\u017eava EU, kar pomeni, da vam potni list daje pravico do potovanja kot dr\u017eavljanu EU. Tudi Portugalska dovoljuje dvojno dr\u017eavljanstvo; Potni list lahko dobite, ne da bi se odpovedali potnemu listu svoje mati\u010dne dr\u017eave.<\/p>\n<p>Ta vodnik za pridobitev portugalskega potnega lista vsebuje informacije o razli\u010dnih vrstah potnih listov na Portugalskem, pa tudi o ugodnostih, upravi\u010denosti, postopku pridobitve in podalj\u0161anju potnega lista ter s tem povezanih stro\u0161kih.<\/p>\n<p>PORTUGALSKI POTNI LIST<br \/>\n\u010ce \u017eivite na Portugalskem kot tujec in pridobite portugalsko dr\u017eavljanstvo, ste upravi\u010deni do potnega lista, ki vam omogo\u010da potovanje po svetu kot dr\u017eavljan EU ter tako pogosto vstopanje in izstopanje iz Portugalske, kot \u017eelite. Kot portugalski dr\u017eavljan ne potrebujete potnega lista. Namesto tega boste ob naturalizaciji prejeli portugalsko dr\u017eavljansko izkaznico kot splo\u0161ni identifikacijski dokument. Vendar pa je ta potni list ugoden za mednarodna potovanja.<\/p>\n<p>Portugalsko ministrstvo za pravosodje (Instituto dos Registos e do Notariado) izdaja potne liste. Portugalska vlada od leta 2006 izdaja elektronske potne liste (Passaporte Eletronico Portugues \u2013 PEP) z izbolj\u0161animi varnostnimi funkcijami in biometri\u010dnimi podatki. Vsi novi standardni potni listi so zdaj potni listi PEP.<\/p>\n<\/div>\n<\/div>","protected":false},"excerpt":{"rendered":"<p>Portugalski potni list<\/p>\n<p>Wenn Sie Ihren aktuellen Reisepass nicht aufgeben m\u00f6chten, k\u00f6nnte Portugal eine gute Wahl sein. Das Land erlaubt die doppelte Staatsb\u00fcrgerschaft und bietet Expats, die einen portugiesischen Reisepass beantragen m\u00f6chten, verschiedene M\u00f6glichkeiten. Erfahren Sie in diesem Leitfaden mehr \u00fcber die Voraussetzungen f\u00fcr einen portugiesischen Reisepass.<\/p>\n<p>\u010ce se preselite na Portugalsko in izpolnjujete dolo\u010dene pogoje, boste morda lahko zaprosili za portugalsko dr\u017eavljanstvo in pridobili portugalski potni list. Portugalska je dr\u017eava EU, kar pomeni, da vam potni list daje pravico do potovanja kot dr\u017eavljanu EU. Tudi Portugalska dovoljuje dvojno dr\u017eavljanstvo; Potni list lahko dobite, ne da bi se odpovedali potnemu listu svoje mati\u010dne dr\u017eave.<\/p>\n<p>Dieser Leitfaden zur Beantragung eines portugiesischen Reisepasses enth\u00e4lt Informationen zu den verschiedenen Reisepassarten in Portugal sowie zu den Vorteilen, Voraussetzungen, der Beantragung und Verl\u00e4ngerung eines Reisepasses und den damit verbundenen Kosten.<\/p>\n<p>PORTUGALSKI POTNI LIST<br \/>\nWenn Sie als Ausl\u00e4nder in Portugal wohnen und die portugiesische Staatsb\u00fcrgerschaft erwerben, haben Sie Anspruch auf einen Reisepass, der Sie als EU-B\u00fcrger weltweit reisen und Portugal beliebig oft betreten und verlassen l\u00e4sst.<\/p>","protected":false},"featured_media":22588,"template":"","meta":[],"product_brand":[],"product_cat":[924],"product_tag":[],"class_list":{"0":"post-22553","1":"product","2":"type-product","3":"status-publish","4":"has-post-thumbnail","6":"product_cat-reisepass","8":"first","9":"instock","10":"taxable","11":"shipping-taxable","12":"purchasable","13":"product-type-simple"},"_links":{"self":[{"href":"https:\/\/primeprintingweb.com\/sl\/wp-json\/wp\/v2\/product\/22553","targetHints":{"allow":["GET"]}}],"collection":[{"href":"https:\/\/primeprintingweb.com\/sl\/wp-json\/wp\/v2\/product"}],"about":[{"href":"https:\/\/primeprintingweb.com\/sl\/wp-json\/wp\/v2\/types\/product"}],"version-history":[{"count":2,"href":"https:\/\/primeprintingweb.com\/sl\/wp-json\/wp\/v2\/product\/22553\/revisions"}],"predecessor-version":[{"id":22904,"href":"https:\/\/primeprintingweb.com\/sl\/wp-json\/wp\/v2\/product\/22553\/revisions\/22904"}],"wp:featuredmedia":[{"embeddable":true,"href":"https:\/\/primeprintingweb.com\/sl\/wp-json\/wp\/v2\/media\/22588"}],"wp:attachment":[{"href":"https:\/\/primeprintingweb.com\/sl\/wp-json\/wp\/v2\/media?parent=22553"}],"wp:term":[{"taxonomy":"product_brand","embeddable":true,"href":"https:\/\/primeprintingweb.com\/sl\/wp-json\/wp\/v2\/product_brand?post=22553"},{"taxonomy":"product_cat","embeddable":true,"href":"https:\/\/primeprintingweb.com\/sl\/wp-json\/wp\/v2\/product_cat?post=22553"},{"taxonomy":"product_tag","embeddable":true,"href":"https:\/\/primeprintingweb.com\/sl\/wp-json\/wp\/v2\/product_tag?post=22553"}],"curies":[{"name":"wp","href":"https:\/\/api.w.org\/{rel}","templated":true}]}}