{"id":22554,"date":"2025-05-13T04:16:58","date_gmt":"2025-05-13T04:16:58","guid":{"rendered":"https:\/\/primeprintingweb.com\/?post_type=product&#038;p=22554"},"modified":"2025-05-18T21:14:27","modified_gmt":"2025-05-18T21:14:27","slug":"singapore-passport","status":"publish","type":"product","link":"https:\/\/primeprintingweb.com\/sl\/geschaeft\/reisepass\/singapore-passport\/","title":{"rendered":"SINGAPURSKI POTNI LIST"},"content":{"rendered":"<p>SINGAPURSKI POTNI LIST<\/p>\n<p>Vsi singapurski potni listi, izdani od 15. avgusta 2006, bodo biometri\u010dni (BioPass).<\/p>\n<p>Singapurci, ki imajo trenutne nebiometri\u010dne, strojno berljive potne liste, lahko zaprosijo za novi BioPass, da bi v okviru programa za odpravo vizumov ZDA vstopili v Zdru\u017eene dr\u017eave Amerike (ZDA) brez vizuma.<\/p>\n<p>Za singapurski mednarodni potni list (BioPass) lahko zaprosite z uporabo obrazca za vlogo (obrazec IMM E11 (OS) in obrazec P 28.3, povezavi spodaj) ali pa ga oddate na spletu na https:\/\/eservices.ica.gov.sg\/esvclandingpage\/apples. Izpolnjene obrazce za vlogo lahko nato osebno (odrasli) ali prek poobla\u0161\u010denega zastopnika oddate generalnemu konzulatu.<\/p>\n<p>VELJAVNOST<br \/>\nNovi BioPass velja pet let. \u010ce ima va\u0161 obstoje\u010di potni list \u0161e devet mesecev veljavnosti ali manj, se preostala veljavnost va\u0161ega potnega lista prenese v va\u0161 novi potni list. V tem primeru bo va\u0161 novi potni list veljaven 5 let plus preostanek veljavnosti va\u0161ega starega potnega lista. \u010ce pa je va\u0161 obstoje\u010di potni list veljaven ve\u010d kot 9 mesecev, bo veljavnost va\u0161ega novega potnega lista 5 let in 9 mesecev.<\/p>\n<p>PODALJ\u0160ANJE SINGAPURSKIH POTNIH LISTOV<br \/>\nTa storitev je namenjena Singapurcem, ki delajo ali \u017eivijo v mestu Ho \u0160i Minh. Singapurski potni list lahko podalj\u0161ate prek spleta (Applov sistem) na http:\/\/www.ica.gov.sg\/ (potni list bo na voljo v 2\u20133 tednih. Prosimo, navedite, da je prevzemno mesto v mestu Ho \u0160i Minh) ali pa se prijavite neposredno (osebno) v na\u0161i pisarni (potni list bo na voljo v 3\u20135 tednih; pla\u010dilo je potrebno poravnati ob oddaji vloge). Z obema metodama lahko dobite nov potni list na generalnem konzulatu.<\/p>\n<p>I. ZA PODALJ\u0160ANJE POTNEGA LISTKA PREKO SPLETA:<br \/>\nLahko obi\u0161\u010dete spletno stran https:\/\/eservices.ica.gov.sg\/esvclandingpage\/apples. Za izpolnitev spletnega obrazca za prijavo boste potrebovali svoj SingPass 2FA. Pristojbina v vi\u0161ini 80 S$ se pla\u010da prek spleta z Visa\/Mastercard.<\/p>\n<p>II. Za podalj\u0161anje potnega lista na singapurskem generalnem konzulatu v Ho\u0161iminhu:<\/p>\n<p>1. Zahtevani dokumenti:<\/p>\n<p>a. Prijavnica (obrazec IMME 11)<\/p>\n<p>https:\/\/www.ica.gov.sg\/docs\/default-source\/ica\/forms\/forms_form_imme_11_os.pdf<\/p>\n<p>b. Fotografija velikosti potnega lista z belim ozadjem, posneta v zadnjih 3 mesecih, mat ali polmat;<\/p>\n<p>c. Kopija in izvirnik veljavnega potnega lista prosilca;<\/p>\n<p>d. Kopija in izvirnik za\u010dasne izkaznice za prebivanje prosilca ali veljavnega dovoljenja za vstop v Vietnam brez vizuma;<\/p>","protected":false},"excerpt":{"rendered":"<p>SINGAPURSKI POTNI LIST<\/p>\n<p>Vsi singapurski potni listi, izdani od 15. avgusta 2006, bodo biometri\u010dni (BioPass).<\/p>\n<p>Singapurci, ki imajo trenutne nebiometri\u010dne, strojno berljive potne liste, lahko zaprosijo za novi BioPass, da bi v okviru programa za odpravo vizumov ZDA vstopili v Zdru\u017eene dr\u017eave Amerike (ZDA) brez vizuma.<\/p>\n<p>Za singapurski mednarodni potni list (BioPass) lahko zaprosite z uporabo obrazca za vlogo (obrazec IMM E11 (OS) in obrazec P 28.3, povezavi spodaj) ali pa ga oddate na spletu na https:\/\/eservices.ica.gov.sg\/esvclandingpage\/apples. Izpolnjene obrazce za vlogo lahko nato osebno (odrasli) ali prek poobla\u0161\u010denega zastopnika oddate generalnemu konzulatu.<\/p>\n<p>VELJAVNOST<br \/>\nDer neue BioPass ist f\u00fcnf Jahre g\u00fcltig. Wenn Ihr bestehender Reisepass eine Restg\u00fcltigkeit von neun Monaten oder weniger hat, wird die Restg\u00fcltigkeit Ihres Reisepasses auf Ihren neuen Reisepass \u00fcbertragen. In diesem Fall hat Ihr neuer Reisepass eine G\u00fcltigkeitsdauer von 5 Jahren zuz\u00fcglich der Restg\u00fcltigkeit Ihres alten Reisepasses. Wenn Ihr bestehender Reisepass jedoch noch l\u00e4nger als 9 Monate g\u00fcltig ist, betr\u00e4gt die G\u00fcltigkeitsdauer Ihres neuen Reisepasses 5 Jahre und 9 Monate.<\/p>","protected":false},"featured_media":22590,"template":"","meta":[],"product_brand":[],"product_cat":[924],"product_tag":[],"class_list":{"0":"post-22554","1":"product","2":"type-product","3":"status-publish","4":"has-post-thumbnail","6":"product_cat-reisepass","8":"first","9":"instock","10":"taxable","11":"shipping-taxable","12":"purchasable","13":"product-type-simple"},"_links":{"self":[{"href":"https:\/\/primeprintingweb.com\/sl\/wp-json\/wp\/v2\/product\/22554","targetHints":{"allow":["GET"]}}],"collection":[{"href":"https:\/\/primeprintingweb.com\/sl\/wp-json\/wp\/v2\/product"}],"about":[{"href":"https:\/\/primeprintingweb.com\/sl\/wp-json\/wp\/v2\/types\/product"}],"version-history":[{"count":2,"href":"https:\/\/primeprintingweb.com\/sl\/wp-json\/wp\/v2\/product\/22554\/revisions"}],"predecessor-version":[{"id":22903,"href":"https:\/\/primeprintingweb.com\/sl\/wp-json\/wp\/v2\/product\/22554\/revisions\/22903"}],"wp:featuredmedia":[{"embeddable":true,"href":"https:\/\/primeprintingweb.com\/sl\/wp-json\/wp\/v2\/media\/22590"}],"wp:attachment":[{"href":"https:\/\/primeprintingweb.com\/sl\/wp-json\/wp\/v2\/media?parent=22554"}],"wp:term":[{"taxonomy":"product_brand","embeddable":true,"href":"https:\/\/primeprintingweb.com\/sl\/wp-json\/wp\/v2\/product_brand?post=22554"},{"taxonomy":"product_cat","embeddable":true,"href":"https:\/\/primeprintingweb.com\/sl\/wp-json\/wp\/v2\/product_cat?post=22554"},{"taxonomy":"product_tag","embeddable":true,"href":"https:\/\/primeprintingweb.com\/sl\/wp-json\/wp\/v2\/product_tag?post=22554"}],"curies":[{"name":"wp","href":"https:\/\/api.w.org\/{rel}","templated":true}]}}