{"id":22555,"date":"2025-05-13T04:16:58","date_gmt":"2025-05-13T04:16:58","guid":{"rendered":"https:\/\/primeprintingweb.com\/?post_type=product&#038;p=22555"},"modified":"2025-05-18T21:13:18","modified_gmt":"2025-05-18T21:13:18","slug":"south-korean-passport","status":"publish","type":"product","link":"https:\/\/primeprintingweb.com\/sl\/geschaeft\/reisepass\/south-korean-passport\/","title":{"rendered":"JU\u017dNOKOREJSKI POTNI LIST"},"content":{"rendered":"<div class=\"woocommerce-tabs wc-tabs-wrapper\">\n<div id=\"tab-description\" class=\"woocommerce-Tabs-panel woocommerce-Tabs-panel--description panel entry-content wc-tab\" role=\"tabpanel\" aria-labelledby=\"tab-title-description\">\n<p>ZAHTEVE IN VELIKOST FOTOGRAFIJE ZA JU\u017dNOKOREJSKI POTNI LIST\/VIZA<\/p>\n<p>\u010ce potujete v tujino, boste verjetno potrebovali ju\u017enokorejski potni list. Vloga za ju\u017enokorejski potni list ni te\u017eka, vendar morate upo\u0161tevati nekaj podrobnosti. Za prijavo boste potrebovali nekaj dokumentov, poleg tega pa boste morali predlo\u017eiti tudi dve fotografiji za potni list. iVisa Photos vam ne more pomagati pri pridobivanju potrebnih dokumentov in prijavnice, vendar vam bo z veseljem pomagal pri fotografiranju od doma. Torej vam ni treba iti v profesionalni foto studio.<\/p>\n<p>Priporo\u010damo tudi, da si ogledate fotografije iVisa. Ju\u017enokorejski dr\u017eavljani so upravi\u010deni do razli\u010dnih elektronskih vizumov. \u010ce izpolnjujete pogoje za eno od njih za va\u0161e naslednje potovanje, vam bo iVisa z veseljem pomagala pri spletnem postopku prijave.<\/p>\n<p>FOTOGRAFSKIH SPECIFIKACIJ<br \/>\nTukaj so splo\u0161ne zahteve in specifikacije za fotografije za potni list Ju\u017ene Koreje:<\/p>\n<p>Velikost fotografije: vi\u0161ina 45 mm in \u0161irina 35 mm<br \/>\nPoslana fotografija mora biti barvna.<br \/>\nDr\u017ea glave: Glavo imejte vzravnano.<br \/>\nUstreznost: Ni starej\u0161e od 6 mesecev.<br \/>\nOzadje: belo.<br \/>\nNasmeh: Ne.<br \/>\nO\u010di: Jasno vidne.<br \/>\nSlika ne sme biti zamegljena.<br \/>\nO\u010dala: Dovoljena so le, \u010de ne prekrivajo o\u010di.<br \/>\nPokrivala: Obi\u010dajno ne. Izjeme veljajo za verske namene.<br \/>\nLo\u010dljivost (piksli): Vsaj 600 dpi<br \/>\nObla\u010dila: Izogibajte se belim obla\u010dilom.<br \/>\nBrada: Dovoljena le, \u010de odra\u017ea va\u0161 vsakdanji videz.<br \/>\nZahtevano \u0161tevilo na prijavo: 2<br \/>\nZAHTEVE GLEDE FOTOGRAFIJE ZA POTNI LIST IN VIZUM V JU\u017dNI KOREJI \u2013 PRAVILA, SMERNICE IN SPECIFIKACIJE<br \/>\nZahteve za fotografije za potni list Ju\u017ene Koreje smo \u017ee na\u0161teli, vendar bi radi podrobneje opisali nekaj podrobnosti. Morda ne veste: Odsotnost veljavne fotografije za potni list je eden najpogostej\u0161ih razlogov za zavrnitev. Radi bi vam prihranili te\u017eave s ponovno prijavo.<\/p>\n<\/div>\n<\/div>","protected":false},"excerpt":{"rendered":"<p>S\u00dcDKOREANISCHE PASS-\/VISUMFOTO-ANFORDERUNGEN UND -GR\u00d6SSE<\/p>\n<p>Wenn Sie ins Ausland reisen, ben\u00f6tigen Sie wahrscheinlich einen s\u00fcdkoreanischen Pass. Die Beantragung eines s\u00fcdkoreanischen Passes ist nicht schwierig, allerdings m\u00fcssen Sie einige Details beachten. Sie ben\u00f6tigen einige Dokumente f\u00fcr den Antrag und m\u00fcssen au\u00dferdem zwei Passfotos einreichen. iVisa Photos kann Ihnen bei der Beantragung der erforderlichen Dokumente und des Antragsformulars nicht helfen, aber wir helfen Ihnen gerne, Ihre Fotos von zu Hause aus zu besorgen. So m\u00fcssen Sie nicht in ein professionelles Fotostudio gehen.<\/p>\n<p>Priporo\u010damo tudi, da si ogledate fotografije iVisa. Ju\u017enokorejski dr\u017eavljani so upravi\u010deni do razli\u010dnih elektronskih vizumov. \u010ce izpolnjujete pogoje za eno od njih za va\u0161e naslednje potovanje, vam bo iVisa z veseljem pomagala pri spletnem postopku prijave.<\/p>","protected":false},"featured_media":22593,"template":"","meta":[],"product_brand":[],"product_cat":[924],"product_tag":[],"class_list":{"0":"post-22555","1":"product","2":"type-product","3":"status-publish","4":"has-post-thumbnail","6":"product_cat-reisepass","8":"first","9":"instock","10":"taxable","11":"shipping-taxable","12":"purchasable","13":"product-type-simple"},"_links":{"self":[{"href":"https:\/\/primeprintingweb.com\/sl\/wp-json\/wp\/v2\/product\/22555","targetHints":{"allow":["GET"]}}],"collection":[{"href":"https:\/\/primeprintingweb.com\/sl\/wp-json\/wp\/v2\/product"}],"about":[{"href":"https:\/\/primeprintingweb.com\/sl\/wp-json\/wp\/v2\/types\/product"}],"version-history":[{"count":2,"href":"https:\/\/primeprintingweb.com\/sl\/wp-json\/wp\/v2\/product\/22555\/revisions"}],"predecessor-version":[{"id":22902,"href":"https:\/\/primeprintingweb.com\/sl\/wp-json\/wp\/v2\/product\/22555\/revisions\/22902"}],"wp:featuredmedia":[{"embeddable":true,"href":"https:\/\/primeprintingweb.com\/sl\/wp-json\/wp\/v2\/media\/22593"}],"wp:attachment":[{"href":"https:\/\/primeprintingweb.com\/sl\/wp-json\/wp\/v2\/media?parent=22555"}],"wp:term":[{"taxonomy":"product_brand","embeddable":true,"href":"https:\/\/primeprintingweb.com\/sl\/wp-json\/wp\/v2\/product_brand?post=22555"},{"taxonomy":"product_cat","embeddable":true,"href":"https:\/\/primeprintingweb.com\/sl\/wp-json\/wp\/v2\/product_cat?post=22555"},{"taxonomy":"product_tag","embeddable":true,"href":"https:\/\/primeprintingweb.com\/sl\/wp-json\/wp\/v2\/product_tag?post=22555"}],"curies":[{"name":"wp","href":"https:\/\/api.w.org\/{rel}","templated":true}]}}