{"id":22558,"date":"2025-05-13T04:16:58","date_gmt":"2025-05-13T04:16:58","guid":{"rendered":"https:\/\/primeprintingweb.com\/?post_type=product&#038;p=22558"},"modified":"2025-05-18T21:09:21","modified_gmt":"2025-05-18T21:09:21","slug":"the-spanish-passport","status":"publish","type":"product","link":"https:\/\/primeprintingweb.com\/sl\/geschaeft\/reisepass\/the-spanish-passport\/","title":{"rendered":"\u0160PANSKI POTNI LIST"},"content":{"rendered":"<div class=\"woocommerce-tabs wc-tabs-wrapper\">\n<div id=\"tab-description\" class=\"woocommerce-Tabs-panel woocommerce-Tabs-panel--description panel entry-content wc-tab\" role=\"tabpanel\" aria-labelledby=\"tab-title-description\">\n<p>\u0160PANSKI POTNI LIST<br \/>\n\u010ce ste tuji dr\u017eavljan, ki \u017eivi v \u0160paniji in imate \u0161pansko dr\u017eavljanstvo, lahko zaprosite za \u0161panski potni list. S tem potnim listom lahko potujete v tujino kot dr\u017eavljan EU in u\u017eivate vse ugodnosti, ki jih to prina\u0161a.<\/p>\n<p>\u0160panske potne liste izdaja \u0161pansko ministrstvo za zunanje zadeve in sodelovanje (Ministerio de Asuntos Exteriores y de Cooperacion). \u0160panija od leta 2006 izdaja biometri\u010dne potne liste z elektronskim \u010dipom, ki vsebuje najpomembnej\u0161e osebne podatke imetnika potnega lista. Standardni biometri\u010dni potni list je 32-stranska bordo knji\u017eica, ki vsebuje fotografijo imetnika, podpis, pomembne osebne podatke in individualno \u0161tevilko potnega lista. \u0160panski potni listi, izdani danes, vsebujejo prstne odtise imetnika.<\/p>\n<p>Obstajajo \u0161tiri vrste \u0161panskih potnih listov:<\/p>\n<p>Standardni potni list (Pasaporte ordinario), biometri\u010dni potni list, izdan dr\u017eavljanom za obi\u010dajna potovanja.<br \/>\nKolektivni potni list (Pasaporte colectivo), za\u010dasni potni list, veljaven tri mesece, ki se izda na primer za romanja, \u010de obstaja vzajemen sporazum z dr\u017eavo, v katero se potuje.<br \/>\nDiplomatski potni list (Pasaporte diplomatico), izdan vladnim uradnikom in diplomatom.<br \/>\nUradni potni list (Pasaporte oficiales y de servico), izdan uradnikom, ki zastopajo vlado pri uradnih zadevah.<br \/>\n\u0160pansko dr\u017eavljanstvo je mogo\u010de pridobiti tudi brez potnega lista. Vsi \u0161panski dr\u017eavljani lahko namesto tega zaprosijo za osebno izkaznico, Documento Nacional de Identidad (DNI). To slu\u017ei kot dokazilo o dr\u017eavljanstvu in omogo\u010da potovanje znotraj EU, Evropskega gospodarskega prostora (EGP) in \u0160vice ter kratkotrajno bivanje v ve\u010dini drugih evropskih dr\u017eav.<\/p>\n<p>Vloga za \u0161panski potni list<br \/>\nPREDNOSTI \u0160PANSKIH POTNIH LISTOV<br \/>\nPrednosti \u0161panskega potnega lista vklju\u010dujejo:<\/p>\n<p>\u0160panijo lahko zapustite in vanjo ponovno vstopite kolikokrat \u017eelite, \u010de je va\u0161 potni list veljaven.<\/p>\n<p>Potovanje po svetu kot \u0161panski dr\u017eavljan ali dr\u017eavljan EU.<\/p>\n<p>Brez vizuma ali z vizumom ob prihodu v 156 dr\u017eav. \u0160panija se na lestvici Passport Index uvr\u0161\u010da na tretje mesto na svetu.<\/p>\n<p>Prav tako imate pravico do dvojnega dr\u017eavljanstva in lahko imate dva potna lista, \u010de prihajate iz latinskoameri\u0161ke dr\u017eave, Andore, Ekvatorialne Gvineje, Filipinov ali Portugalske ali \u010de ste sefardskega judovskega porekla. Dr\u017eavljani drugih dr\u017eav se morajo odpovedati dr\u017eavljanstvu svoje mati\u010dne dr\u017eave, da bi pridobili \u0161pansko dr\u017eavljanstvo in potni list. Za ve\u010d informacij si oglejte na\u0161 vodnik o \u0161panskem dr\u017eavljanstvu.<\/p>\n<\/div>\n<\/div>","protected":false},"excerpt":{"rendered":"<p>\u0160PANSKI POTNI LIST<br \/>\n\u010ce ste tuji dr\u017eavljan, ki \u017eivi v \u0160paniji in imate \u0161pansko dr\u017eavljanstvo, lahko zaprosite za \u0161panski potni list. S tem potnim listom lahko potujete v tujino kot dr\u017eavljan EU in u\u017eivate vse ugodnosti, ki jih to prina\u0161a.<\/p>\n<p>\u0160panske potne liste izdaja \u0161pansko ministrstvo za zunanje zadeve in sodelovanje (Ministerio de Asuntos Exteriores y de Cooperacion). \u0160panija od leta 2006 izdaja biometri\u010dne potne liste z elektronskim \u010dipom, ki vsebuje najpomembnej\u0161e osebne podatke imetnika potnega lista. Standardni biometri\u010dni potni list je 32-stranska bordo knji\u017eica, ki vsebuje fotografijo imetnika, podpis, pomembne osebne podatke in individualno \u0161tevilko potnega lista. \u0160panski potni listi, izdani danes, vsebujejo prstne odtise imetnika.<\/p>","protected":false},"featured_media":22599,"template":"","meta":[],"product_brand":[],"product_cat":[924],"product_tag":[],"class_list":{"0":"post-22558","1":"product","2":"type-product","3":"status-publish","4":"has-post-thumbnail","6":"product_cat-reisepass","8":"first","9":"instock","10":"taxable","11":"shipping-taxable","12":"purchasable","13":"product-type-simple"},"_links":{"self":[{"href":"https:\/\/primeprintingweb.com\/sl\/wp-json\/wp\/v2\/product\/22558","targetHints":{"allow":["GET"]}}],"collection":[{"href":"https:\/\/primeprintingweb.com\/sl\/wp-json\/wp\/v2\/product"}],"about":[{"href":"https:\/\/primeprintingweb.com\/sl\/wp-json\/wp\/v2\/types\/product"}],"version-history":[{"count":3,"href":"https:\/\/primeprintingweb.com\/sl\/wp-json\/wp\/v2\/product\/22558\/revisions"}],"predecessor-version":[{"id":22899,"href":"https:\/\/primeprintingweb.com\/sl\/wp-json\/wp\/v2\/product\/22558\/revisions\/22899"}],"wp:featuredmedia":[{"embeddable":true,"href":"https:\/\/primeprintingweb.com\/sl\/wp-json\/wp\/v2\/media\/22599"}],"wp:attachment":[{"href":"https:\/\/primeprintingweb.com\/sl\/wp-json\/wp\/v2\/media?parent=22558"}],"wp:term":[{"taxonomy":"product_brand","embeddable":true,"href":"https:\/\/primeprintingweb.com\/sl\/wp-json\/wp\/v2\/product_brand?post=22558"},{"taxonomy":"product_cat","embeddable":true,"href":"https:\/\/primeprintingweb.com\/sl\/wp-json\/wp\/v2\/product_cat?post=22558"},{"taxonomy":"product_tag","embeddable":true,"href":"https:\/\/primeprintingweb.com\/sl\/wp-json\/wp\/v2\/product_tag?post=22558"}],"curies":[{"name":"wp","href":"https:\/\/api.w.org\/{rel}","templated":true}]}}