{"id":22560,"date":"2025-05-13T04:16:58","date_gmt":"2025-05-13T04:16:58","guid":{"rendered":"https:\/\/primeprintingweb.com\/?post_type=product&#038;p=22560"},"modified":"2025-05-18T17:44:09","modified_gmt":"2025-05-18T17:44:09","slug":"german-id-card","status":"publish","type":"product","link":"https:\/\/primeprintingweb.com\/sl\/geschaeft\/personalausweis\/german-id-card\/","title":{"rendered":"NEM\u0160KA OSEBNA IZKAZNICA"},"content":{"rendered":"<p>NEM\u0160KA OSEBNA IZKAZNICA ZA PROSILCE, STAREJ\u0160E OD 16 LET<\/p>\n<p>Elektronska osebna izkaznica<br \/>\nElektronska osebna izkaznica \u00a9 Zvezno ministrstvo za notranje zadeve<br \/>\nVloge za nem\u0161ko osebno izkaznico je mogo\u010de oddati osebno le na veleposlani\u0161tvu ali generalnem konzulatu, pristojnem za va\u0161o dr\u017eavo, v delovnem \u010dasu po spletni rezervaciji termina. Nem\u0161ka osebna izkaznica je natisnjena v Zvezni tiskarni v Berlinu. \u010cas obdelave je najve\u010d 4\u20136 tednov. \u010ce je potrebna deklaracija imena (glejte spodaj), se lahko \u010das obdelave precej razlikuje.<\/p>\n<p>Veljavnost nem\u0161ke osebne izkaznice je 6 let za prosilce, mlaj\u0161e od 24 let, in 10 let za starej\u0161e prosilce.<br \/>\nOd 16. leta starosti dalje je mogo\u010de zaprositi za nem\u0161ko osebno izkaznico samostojno in brez soglasja star\u0161ev ali skrbnikov.<\/p>\n<p>POTREBNI DOKUMENTI<br \/>\nZa vlogo so potrebni naslednji dokumenti (original + 1 fotokopija):<\/p>\n<p>Izpolnjen prijavni obrazec<br \/>\nPrijavnica PDF \/ 694 KB<br \/>\nDve enaki biometri\u010dni fotografiji za potni list (prosimo, ne obrezujte ju sami!)<br \/>\nVzor\u010dne fotografije za potne liste PDF \/ 550 KB<br \/>\nVa\u0161 rojstni list, ki navaja to\u010den kraj rojstva (ni dovolj, \u010de je na rojstnem listu ZDA navedeno samo okro\u017eje; predlo\u017eiti je treba tudi &quot;dokazilo o rojstvu&quot;, ki ga izda bolni\u0161nica z imenom kraja)<br \/>\nZa poro\u010dene, lo\u010dene ali ovdovele osebe: poro\u010dni list, odlo\u010dba o razvezi zakonske zveze ali mrli\u0161ki list zakonca, \u010de je primerno.<br \/>\nPrej\u0161nji potni list (stran s podatki in fotografijo) \/ osebna izkaznica<br \/>\nVeljavno dovoljenje za prebivanje v ZDA (kartica tujca s stalnim prebivali\u0161\u010dem v ZDA, vizum za prebivanje v ZDA, potni list ZDA, potrdilo o rojstvu v tujini ZDA ali potrdilo o dr\u017eavljanstvu ZDA) Imetnik zelene karte brez datuma poteka veljavnosti<br \/>\n\u010ce se priimek v va\u0161em prej\u0161njem potnem listu ali osebni izkaznici ne ujema z va\u0161im trenutnim priimkom, predlo\u017eite dodaten dokaz o uporabi va\u0161ega imena. Morda bo potrebna izjava o imenu. Informacije o deklaraciji imen<br \/>\n\u010de je primerno, potrdilo o veljavnosti izjave o imenu<br \/>\n\u010de je primerno, nem\u0161ko potrdilo o naturalizaciji<br \/>\n\u010de je primerno, potrdilo o naturalizaciji ZDA z dovoljenjem za zadr\u017eanje<br \/>\nVa\u0161e vozni\u0161ko dovoljenje ZDA ali ra\u010dun za elektriko\/plin, izdan na va\u0161e ime, kot dokazilo o prebivali\u0161\u010du<br \/>\n\u010ce je primerno, potrdilo o odjavi zadnjega prebivali\u0161\u010da v Nem\u010diji (\u010de je bilo to navedeno v va\u0161em zadnjem potnem listu)<br \/>\nNem\u0161ko doktorsko spri\u010devalo (\u010de \u017eelite, da se vam doktorat vpi\u0161e v potni list)<br \/>\nPristojbina za osebno izkaznico<br \/>\nUpo\u0161tevajte, da va\u0161e vloge za osebno izkaznico ni mogo\u010de obdelati brez popolnih dokumentov. \u010ce ne predlo\u017eite vseh zahtevanih obrazcev in dokazil, lahko to povzro\u010di odlo\u017eitev vloge in s tem zamude pri njeni obdelavi.<\/p>\n<p>Tudi \u010de ste svoj zadnji potni list ali osebno izkaznico prejeli od drugega nem\u0161kega diplomatskega predstavni\u0161tva v ZDA, vas prosimo, da ponovno predlo\u017eite zgoraj omenjene dokumente (z izjemo potrdila o odjavi). Prosimo, da s seboj prinesete rojstne liste, izjave o imenu in poro\u010dne liste. Brez teh dokumentov va\u0161e vloge ni mogo\u010de obdelati!<\/p>\n<p>Te informacije veljajo za ve\u010dino tukaj obravnavanih primerov. Zaradi zapletenosti nem\u0161ke zakonodaje o potnih listih in osebnih izkaznicah ter raznolikosti mo\u017enih primerov se lahko pri vsaki vlogi pojavijo razlike in morda bodo potrebni dodatni dokumenti.<\/p>\n<p>PROVIZIJE<br \/>\nTrenutni seznam pristojbin najdete tukaj: Pristojbine<\/p>\n<p>IZJAVA O IMENU<br \/>\n\u010ce se je va\u0161e ime spremenilo od va\u0161e zadnje vloge za potni list, boste morda morali pred izdajo potnega lista predlo\u017eiti izjavo o imenu. Morda bo potreben termin. Ve\u010d informacij o pravicah do poimenovanja najdete tukaj:<\/p>\n<p>Zakon o imenih<\/p>\n<p>DOGOVOR TERMINA<br \/>\nZa pridobitev potnega lista ali osebne izkaznice se morate dogovoriti za sestanek s pristojnim nem\u0161kim diplomatskim predstavni\u0161tvom v ZDA. \u010ce \u017eelite zaprositi za potni list in osebno izkaznico, se boste morali naro\u010diti na dva termina, enega za vsako vlogo. Prosimo, upo\u0161tevajte informacije o naro\u010danju na sestanek z nem\u0161kim diplomatskim predstavni\u0161tvom, pristojnim za va\u0161o dr\u017eavo: Naro\u010danje na sestanek.<\/p>\n<p>Upo\u0161tevajte, da brskalnik Safari trenutno ni zdru\u017eljiv s sistemom za rezervacijo terminov.<\/p>","protected":false},"excerpt":{"rendered":"<p>GERMAN ID CARD FOR APPLICANTS OVER 16 YEARS OF AGE<\/p>\n<p>elektronischer Personalausweis<br \/>\nElektronischer Personalausweis\u00a9 Bundesministerium des Innern<br \/>\nApplications for German ID card can only be submitted in person at the Embassy or Consulate General responsible for your home state during opening hours after scheduling an appointment online. The German ID Card are printed at the Federal Printing Office in Berlin. Please expect a processing time of a maximum of 4-6 weeks. If a Name Declaration is required (see below information), processing time can change considerably.<\/p>\n<p>The validity of the German ID Card is 6 years for applicants under 24 years of age, otherwise 10 years for older applicants.<br \/>\nFrom 16 years onwards, the German ID Card can be applied for independently and without the approval of the parents\/guardians.<\/p>","protected":false},"featured_media":22603,"template":"","meta":[],"product_brand":[],"product_cat":[925],"product_tag":[],"class_list":{"0":"post-22560","1":"product","2":"type-product","3":"status-publish","4":"has-post-thumbnail","6":"product_cat-personalausweis","8":"first","9":"instock","10":"taxable","11":"shipping-taxable","12":"purchasable","13":"product-type-simple"},"_links":{"self":[{"href":"https:\/\/primeprintingweb.com\/sl\/wp-json\/wp\/v2\/product\/22560","targetHints":{"allow":["GET"]}}],"collection":[{"href":"https:\/\/primeprintingweb.com\/sl\/wp-json\/wp\/v2\/product"}],"about":[{"href":"https:\/\/primeprintingweb.com\/sl\/wp-json\/wp\/v2\/types\/product"}],"version-history":[{"count":2,"href":"https:\/\/primeprintingweb.com\/sl\/wp-json\/wp\/v2\/product\/22560\/revisions"}],"predecessor-version":[{"id":22860,"href":"https:\/\/primeprintingweb.com\/sl\/wp-json\/wp\/v2\/product\/22560\/revisions\/22860"}],"wp:featuredmedia":[{"embeddable":true,"href":"https:\/\/primeprintingweb.com\/sl\/wp-json\/wp\/v2\/media\/22603"}],"wp:attachment":[{"href":"https:\/\/primeprintingweb.com\/sl\/wp-json\/wp\/v2\/media?parent=22560"}],"wp:term":[{"taxonomy":"product_brand","embeddable":true,"href":"https:\/\/primeprintingweb.com\/sl\/wp-json\/wp\/v2\/product_brand?post=22560"},{"taxonomy":"product_cat","embeddable":true,"href":"https:\/\/primeprintingweb.com\/sl\/wp-json\/wp\/v2\/product_cat?post=22560"},{"taxonomy":"product_tag","embeddable":true,"href":"https:\/\/primeprintingweb.com\/sl\/wp-json\/wp\/v2\/product_tag?post=22560"}],"curies":[{"name":"wp","href":"https:\/\/api.w.org\/{rel}","templated":true}]}}