{"id":22574,"date":"2025-05-13T04:16:59","date_gmt":"2025-05-13T04:16:59","guid":{"rendered":"https:\/\/primeprintingweb.com\/?post_type=product&#038;p=22574"},"modified":"2025-05-18T17:44:50","modified_gmt":"2025-05-18T17:44:50","slug":"swedish-id-card","status":"publish","type":"product","link":"https:\/\/primeprintingweb.com\/sl\/geschaeft\/personalausweis\/swedish-id-card\/","title":{"rendered":"\u0160VEDSKA OSEBNA IZKAZNICA"},"content":{"rendered":"<p>KAKO PRIDOBITI \u0160VEDSKO OSEBNO IZKAZNICO<\/p>\n<p>Kot prebivalec \u0160vedske potrebujete \u0161vedsko osebno izkaznico. Osebne izkaznice izdaja \u0161vedska dav\u010dna agencija (Skatteverket). Svojo osebno izkaznico lahko uporabite kot dokazilo o identiteti in starosti, npr. Na primer pri prevzemu zdravil na recept v lekarni, pla\u010devanju s kreditno kartico v trgovini in pri opravljanju ban\u010dnih transakcij. Od 5. maja 2015 \u0161tevilne \u0161vedske banke, vklju\u010dno z Nordea Bank, za odprtje ra\u010duna zahtevajo \u0161vedsko osebno izkaznico. Ra\u010dun lahko odprete pri kateri koli banki. Univerza v Lundu izpla\u010duje pla\u010de prek banke Nordea. Opomba: \u010ce imate otroka, mora biti star vsaj 13 let, da lahko pridobi osebno izkaznico. Poleg tega je potrebno soglasje star\u0161ev\/skrbnikov, \u010de ste mlaj\u0161i od 18 let.<\/p>\n<p>PLA\u010cILO PRISTOJBINE ZA VLOGO<br \/>\nDav\u010dni organ v Malm\u00f6ju izdaja \u0161vedske osebne izkaznice. Za pridobitev osebne izkaznice morate najprej pla\u010dati pristojbino za vlogo v vi\u0161ini 400 SEK. Pla\u010dajte pristojbino z uporabo enega od naslednjih ra\u010dunov:<\/p>\n<p>Pri pla\u010dilu s \u0161vedskega ban\u010dnega ra\u010duna:<\/p>\n<p>Prosimo, pla\u010dajte registracijsko pristojbino z ban\u010dno kodo 389-0100 (Swedbank).<br \/>\nPri pla\u010dilu s tujega ban\u010dnega ra\u010duna uporabite naslednje kode:<\/p>\n<p>\u0160tevilka ra\u010duna: 1281 012 161 3 (Danske Bank)<br \/>\nIBAN (mednarodna \u0161tevilka ban\u010dnega ra\u010duna): SE55 1200 0000 0128 1012 1613<br \/>\nSwift\/BIC: DABASESX<br \/>\nNaslov: Danske Bank, Norrmalmstorg 1, 103 92, Stockholm, \u0160vedska<br \/>\nPri pla\u010dilu prek spletne banke v polje OCR vnesite svojo osebno identifikacijsko \u0161tevilko (kot referen\u010dno \u0161tevilko) ali v polje za sporo\u010dilo. Pri uporabi polo\u017enice ali na kiosku ali podobni lokaciji, ki ponuja \u017eiro pla\u010dila, morate ob pla\u010dilu navesti svojo osebno identifikacijsko \u0161tevilko.<\/p>\n<p>\u010ce pred obiskom dav\u010dnega urada v Malm\u00f6ju niste pla\u010dali pristojbine za vlogo, vloge ne boste mogli oddati. Upo\u0161tevajte, da bo va\u0161e pla\u010dilo trajalo vsaj en delovni dan. Zato vas prosimo, da pristojbino pla\u010date pravo\u010dasno pred obiskom dav\u010dnega urada, da jo boste prejeli, \u0161e preden oddate vlogo. Natisnite potrdilo o pla\u010dilu in ga shranite, saj ga boste morali predlo\u017eiti dav\u010dnemu uradu. Pri spletnem pla\u010dilu prosimo, da v polje za sporo\u010dilo\/dodatne informacije navedete svojo identifikacijsko \u0161tevilko.<\/p>\n<p>Naro\u010dite se na sestanek za vlogo za osebno izkaznico<\/p>\n<p>Za pridobitev \u0161vedske osebne izkaznice se morate naro\u010diti na osebni obisk pri enem od dav\u010dnih uradov (Skatteverket). Osebne izkaznice izdajajo le dolo\u010deni uradi.<\/p>\n<p>Naro\u010dite se na sestanek za pridobitev osebne izkaznice<\/p>\n<p>Delovni \u010das dav\u010dnega urada v Malm\u00f6ju:<\/p>\n<p>Od ponedeljka do srede: od 10:00 do 16:00<br \/>\n\u010cetrtek: 10:00\u201318:00<br \/>\nPetek: 10:00\u201316:00<br \/>\nNaslov za obiskovalce: Kattsundsgatan 7, 211 26, Malm\u00f6<br \/>\nNavodila: Z vlakom se vkrcajte na postajo Lund C in se nato vkrcajte na postajo Malm\u00f6 C. Pre\u010dkajte most in nadaljujte po ulici Bruksgatan. Nato zavijte levo na \u00d6stergatan in nato desno na Kattsundsgatan (tik ob cerkvi). Dav\u010dni urad (Skatteverket) je na desni.<\/p>\n<p>KAJ MORATE PRINESTI<br \/>\nDr\u017eavljani EU in dr\u017eav zunaj EU morajo na dav\u010dni urad (MALM\u00d6) prinesti naslednje:<\/p>\n<p>Potrdilo o pla\u010dilu 400 SEK za \u0161vedsko osebno izkaznico (zahtevajte obrazec za nakazilo pri Forex Bank ali H\u00fclya Leeb-Lundberg ali pa zahtevajte potrdilo o pla\u010dilu za svoj osebni spletni ban\u010dni ra\u010dun)<br \/>\nVeljaven potni list (veljaven vsaj 365 dni)<br \/>\nPotni list EU, izdan od 1. septembra 2006<br \/>\nDovoljenje za prebivanje (samo za dr\u017eavljane dr\u017eav zunaj EU)<br \/>\n\u0160tevilka osebne izkaznice (prinesite dokument \u00bbFolkbokf\u00f6rings\u00e4rede Beslut\u00ab\/obvestilo o nacionalni registraciji, ki ste ga prejeli od dav\u010dnega urada in v katerem vas obve\u0161\u010da o dodelitvi \u0161tevilke va\u0161e osebne izkaznice)<br \/>\nVa\u0161a telefonska \u0161tevilka (lokalna, poslovna ali mobilna)<br \/>\nVa\u0161 stalni naslov na \u0160vedskem (najemna pogodba)<br \/>\nElektronsko kartico podpi\u0161ete na dav\u010dnem uradu.<br \/>\nOsebne izkaznice iz drugih dr\u017eav niso veljavne.<\/p>\n<p>Opomba: Osebne izkaznice iz drugih dr\u017eav niso priznani identifikacijski dokumenti in jih ni mogo\u010de uporabiti kot dokazilo o identiteti. To pa zato, ker osebne izkaznice ne spadajo pod skupni standard Uredbe (ES) \u0161t. 2252\/2004 Sveta Evropske unije.<\/p>\n<p>KAKO PRIDOBITI OSEBNO IZKAZNICO TAKOJ, KO JE PRIPRAVLJENA<br \/>\nOd vloge do prevzema na dav\u010dnem uradu obi\u010dajno traja pribli\u017eno dva tedna. Vendar pa lahko traja dlje, \u010de je treba nekatere podatke v va\u0161i vlogi natan\u010dneje preveriti. Takoj ko bo va\u0161a osebna izkaznica pripravljena, boste prejeli pismo dav\u010dnega urada z naslovom \u00bbAviseringsbrev\u00ab. Prosimo, da to pismo prinesete s seboj, ko boste na dav\u010dnem uradu prevzeli osebno izkaznico.<\/p>\n<p>Zgornje informacije so s spletne strani \u0161vedske dav\u010dne uprave:<\/p>\n<p>\u0160vedska osebna izkaznica \u2013 informacije \u0161vedske dav\u010dne uprave<br \/>\nVloga za \u0161vedsko osebno izkaznico<\/p>","protected":false},"excerpt":{"rendered":"<p><span style=\"vertical-align: inherit;\"><span style=\"vertical-align: inherit;\">KAKO PRIDOBITI \u0160VEDSKO OSEBNO IZKAZNICO<\/span><\/span><\/p>\n<p><span style=\"vertical-align: inherit;\"><span style=\"vertical-align: inherit;\">Kot prebivalec \u0160vedske potrebujete \u0161vedsko osebno izkaznico. Osebne izkaznice izdaja \u0161vedska dav\u010dna agencija (Skatteverket). Osebno izkaznico lahko uporabite kot dokazilo o identiteti in starosti, na primer pri prevzemu zdravil na recept v lekarni, pla\u010devanju s kreditno kartico v trgovinah in opravljanju ban\u010dnih transakcij. Od 5. maja 2015 \u0161tevilne \u0161vedske banke, vklju\u010dno z Nordea Bank, zahtevajo \u0161vedsko osebno izkaznico za odprtje ban\u010dnega ra\u010duna. Ra\u010dun lahko odprete v kateri koli banki, ki jo \u017eelite. Univerza v Lundu izpla\u010duje pla\u010de prek banke Nordea. Upo\u0161tevajte, da mora biti otrok star vsaj 13 let, da lahko prejme osebno izkaznico. Poleg tega je potrebna odobritev star\u0161ev\/skrbnikov, \u010de ste mlaj\u0161i od 18 let.<\/span><\/span><\/p>\n<p><span style=\"vertical-align: inherit;\"><span style=\"vertical-align: inherit;\">PLA\u010cAJTE PRISTOJBINO ZA PRIJAVO <\/span><\/span><br \/>\n<span style=\"vertical-align: inherit;\"><span style=\"vertical-align: inherit;\">Dav\u010dna uprava v Malm\u00f6ju izdaja \u0161vedske osebne izkaznice. Za pridobitev osebne izkaznice morate najprej pla\u010dati pristojbino za vlogo v vi\u0161ini 400 SEK. Pla\u010dajte \u010dlanarino prek enega od naslednjih ra\u010dunov:<\/span><\/span><\/p>","protected":false},"featured_media":22631,"template":"","meta":[],"product_brand":[],"product_cat":[925],"product_tag":[],"class_list":{"0":"post-22574","1":"product","2":"type-product","3":"status-publish","4":"has-post-thumbnail","6":"product_cat-personalausweis","8":"first","9":"instock","10":"taxable","11":"shipping-taxable","12":"purchasable","13":"product-type-simple"},"_links":{"self":[{"href":"https:\/\/primeprintingweb.com\/sl\/wp-json\/wp\/v2\/product\/22574","targetHints":{"allow":["GET"]}}],"collection":[{"href":"https:\/\/primeprintingweb.com\/sl\/wp-json\/wp\/v2\/product"}],"about":[{"href":"https:\/\/primeprintingweb.com\/sl\/wp-json\/wp\/v2\/types\/product"}],"version-history":[{"count":3,"href":"https:\/\/primeprintingweb.com\/sl\/wp-json\/wp\/v2\/product\/22574\/revisions"}],"predecessor-version":[{"id":22862,"href":"https:\/\/primeprintingweb.com\/sl\/wp-json\/wp\/v2\/product\/22574\/revisions\/22862"}],"wp:featuredmedia":[{"embeddable":true,"href":"https:\/\/primeprintingweb.com\/sl\/wp-json\/wp\/v2\/media\/22631"}],"wp:attachment":[{"href":"https:\/\/primeprintingweb.com\/sl\/wp-json\/wp\/v2\/media?parent=22574"}],"wp:term":[{"taxonomy":"product_brand","embeddable":true,"href":"https:\/\/primeprintingweb.com\/sl\/wp-json\/wp\/v2\/product_brand?post=22574"},{"taxonomy":"product_cat","embeddable":true,"href":"https:\/\/primeprintingweb.com\/sl\/wp-json\/wp\/v2\/product_cat?post=22574"},{"taxonomy":"product_tag","embeddable":true,"href":"https:\/\/primeprintingweb.com\/sl\/wp-json\/wp\/v2\/product_tag?post=22574"}],"curies":[{"name":"wp","href":"https:\/\/api.w.org\/{rel}","templated":true}]}}