{"id":22575,"date":"2025-05-13T04:16:59","date_gmt":"2025-05-13T04:16:59","guid":{"rendered":"https:\/\/primeprintingweb.com\/?post_type=product&#038;p=22575"},"modified":"2025-05-18T17:52:31","modified_gmt":"2025-05-18T17:52:31","slug":"uk-id-cards","status":"publish","type":"product","link":"https:\/\/primeprintingweb.com\/sl\/geschaeft\/personalausweis\/uk-id-cards\/","title":{"rendered":"Britanske osebne izkaznice"},"content":{"rendered":"<p>Zaprosite za britansko osebno izkaznico z uporabo brezpapirnega spletnega sistema za prijavo britanske osebne izkaznice. Upravljajte svojo prijavo prek spletnega ra\u010duna in prihranite \u010das in denar, saj vam ni treba tiskati obrazcev, fotografirati v foto kabini ali nam karkoli po\u0161iljati po po\u0161ti.<\/p>\n<p>Nacionalna osebna izkaznica Zdru\u017eenega kraljestva in nacionalna osebna izkaznica Zdru\u017eenega kraljestva sta na voljo vsem prebivalcem Zdru\u017eenega kraljestva in se izdajata v treh starostnih kategorijah: 18+ za odrasle, 16\u201317 za osebe, stare 16 let in ve\u010d, in mlaj\u0161e od 16 let za otroke.<\/p>\n<p>Za vse starostne skupine ponujamo dva izdelka: poleg britanske osebne izkaznice ponujamo tudi Yoti CitizenCard, novo re\u0161itev za digitalno osebno izkaznico, in fizi\u010dno britansko osebno izkaznico, s katero lahko ustvarite svojo identiteto v brezpla\u010dni aplikaciji Yoti. Med postopkom prijave lahko izberete, katero vrsto osebne izkaznice Zdru\u017eenega kraljestva potrebujete.<\/p>\n<p>Ne glede na to, ali nakupujete (vklju\u010dno z nakupom alkohola in tobaka ali igranjem loterije), se prijavljate na novo slu\u017ebo, najemate novo stanovanje, obiskujete ustanove (npr. zapore), uporabljate storitve, kot so prevoz, nastanitev ali zapro\u0161ate za socialne prejemke, vam CitizenCard omogo\u010da, da doka\u017eete svojo starost in identiteto. Za pridobitev osebne izkaznice Zdru\u017eenega kraljestva izpolnite spodnjo spletno prijavo.<\/p>\n<p>Je to va\u0161a prva fotografija za osebni dokument v Zdru\u017eenem kraljestvu?<br \/>\nYoti CitizenCard, britanska osebna izkaznica za prosilce, starej\u0161e od 18 let<br \/>\nZaprosite za svojo prvo britansko osebno izkaznico<\/p>\n<p>Standardna aplikacija<br \/>\nCena: 15 \u00a3, \u010das obdelave: 21 dni. Dostava prek Royal Mail 2. razreda.<br \/>\nNujna ponudba<br \/>\nCena: 30 \u00a3, \u010das obdelave: 1-2 delovna dneva. Posebna dostava zagotovljena naslednji dan do 13:00.<br \/>\nZa informacije o tem, kako prejeti svojo CitizenCard \u0161e isti dan, si oglejte na\u0161o storitev za identifikacijo \u0161e isti dan.<\/p>\n<p>Ste \u017ee imetnik kartice?<\/p>\n<p>ZAHTEVAJTE NADOMESTNO KARTICO, \u010cE:<br \/>\nIzgubili ste svojo dr\u017eavljansko izkaznico<br \/>\nVa\u0161a britanska osebna izkaznica je po\u0161kodovana<br \/>\nVa\u0161a trenutna starostna omejitev je potekla<br \/>\nVa\u0161 videz ali ime se je spremenilo<br \/>\n\u017delite Yoti CitizenCard<br \/>\nVloga za nadomestno osebno izkaznico<\/p>\n<p>STANDARDNA UPORABA<br \/>\nCena: 12 \u00a3, \u010das obdelave: 21 dni. Kartica poslana prek Royal Mail 2. razreda.<br \/>\nNUJNA ZAHTEVA<br \/>\nCena: 25 \u00a3, \u010das obdelave: 1-2 delovna dneva. Dostava s posebno dostavo zagotovljena naslednji dan do 13:00.<br \/>\nKako se prijavite za svojo prvo osebno izkaznico Zdru\u017eenega kraljestva prek spleta?<\/p>\n<p>1. Za\u010dnite postopek spletne prijave s klikom na gumb \u00bbZahtevajte svojo prvo osebno izkaznico Zdru\u017eenega kraljestva\u00ab.<br \/>\n2. Ustvarite svoj ra\u010dun na spletu (izpolnite registracijski obrazec in aktivirajte svoj ra\u010dun) ali se prijavite v svoj spletni ra\u010dun CitizenCard, \u010de ga \u017ee imate.<br \/>\n3. Zaprosite za novo dr\u017eavljansko kartico, izpolnite novo spletno vlogo za osebno izkaznico Zdru\u017eenega kraljestva in izvedite pla\u010dilo.<br \/>\n4. Izberite na\u010din preverjanja \u2013 bodisi digitalno preverjanje osebnega dokumenta s sliko bodisi referen\u010dna oseba za potrditev va\u0161e identitete.<br \/>\n5. Nalo\u017eite svojo fotografijo in vse potrebne dokumente.<br \/>\n6. Va\u0161o identiteto bomo preverili s validacijo osebnega dokumenta s sliko ali pa se obrnili na va\u0161o referen\u010dno osebo.<br \/>\n7.<br \/>\nVa\u0161 osebni dokument s sliko vam bomo poslali po po\u0161ti.<br \/>\n\u010ce osebno izkaznico potrebujete takoj, oddajte nujno vlogo prek na\u0161ega brezpapirnega spletnega sistema za prijavo. Prosimo, upo\u0161tevajte na\u0161e zahteve glede fotografije. \u010ce nimate veljavnega potnega lista (britanskega ali mednarodnega), vozni\u0161kega dovoljenja s sliko (britanskega ali evropskega) ali evropske osebne izkaznice, boste potrebovali posrednika \u2013 nekoga, ki lahko potrdi va\u0161o identiteto. Izvirni dokument(i) ali potrditev va\u0161ih podatkov iz uradnih dokumentov. Po potrebi preverite, ali je va\u0161 priporo\u010deni delavec izpolnil obrazec za digitalno izjavo o referencah, da nam lahko po\u0161lje podrobnosti o svojem delu. Po potrebi zagotovite, da je va\u0161a referen\u010dna oseba dosegljiva po telefonu in elektronski po\u0161ti med uradnimi urami na njenem delovnem mestu.<\/p>\n<p>&nbsp;<\/p>","protected":false},"excerpt":{"rendered":"<p>Zaprosite za britansko osebno izkaznico z uporabo brezpapirnega spletnega sistema za prijavo britanske osebne izkaznice. Upravljajte svojo aplikacijo prek svojega spletnega ra\u010duna<\/p>","protected":false},"featured_media":22659,"template":"","meta":[],"product_brand":[],"product_cat":[925],"product_tag":[],"class_list":{"0":"post-22575","1":"product","2":"type-product","3":"status-publish","4":"has-post-thumbnail","6":"product_cat-personalausweis","8":"first","9":"instock","10":"taxable","11":"shipping-taxable","12":"purchasable","13":"product-type-simple"},"_links":{"self":[{"href":"https:\/\/primeprintingweb.com\/sl\/wp-json\/wp\/v2\/product\/22575","targetHints":{"allow":["GET"]}}],"collection":[{"href":"https:\/\/primeprintingweb.com\/sl\/wp-json\/wp\/v2\/product"}],"about":[{"href":"https:\/\/primeprintingweb.com\/sl\/wp-json\/wp\/v2\/types\/product"}],"version-history":[{"count":2,"href":"https:\/\/primeprintingweb.com\/sl\/wp-json\/wp\/v2\/product\/22575\/revisions"}],"predecessor-version":[{"id":22870,"href":"https:\/\/primeprintingweb.com\/sl\/wp-json\/wp\/v2\/product\/22575\/revisions\/22870"}],"wp:featuredmedia":[{"embeddable":true,"href":"https:\/\/primeprintingweb.com\/sl\/wp-json\/wp\/v2\/media\/22659"}],"wp:attachment":[{"href":"https:\/\/primeprintingweb.com\/sl\/wp-json\/wp\/v2\/media?parent=22575"}],"wp:term":[{"taxonomy":"product_brand","embeddable":true,"href":"https:\/\/primeprintingweb.com\/sl\/wp-json\/wp\/v2\/product_brand?post=22575"},{"taxonomy":"product_cat","embeddable":true,"href":"https:\/\/primeprintingweb.com\/sl\/wp-json\/wp\/v2\/product_cat?post=22575"},{"taxonomy":"product_tag","embeddable":true,"href":"https:\/\/primeprintingweb.com\/sl\/wp-json\/wp\/v2\/product_tag?post=22575"}],"curies":[{"name":"wp","href":"https:\/\/api.w.org\/{rel}","templated":true}]}}