{"id":22648,"date":"2025-05-13T04:17:25","date_gmt":"2025-05-13T04:17:25","guid":{"rendered":"https:\/\/primeprintingweb.com\/?post_type=product&#038;p=22648"},"modified":"2025-05-18T16:53:43","modified_gmt":"2025-05-18T16:53:43","slug":"swedish-drivers-license","status":"publish","type":"product","link":"https:\/\/primeprintingweb.com\/sl\/geschaeft\/fuehrerschein\/swedish-drivers-license\/","title":{"rendered":"\u0160VEDSKO VOZNI\u0160KO DOVOLJENJE"},"content":{"rendered":"<p>VODNIK PO KORAKIH ZA PRIDOBITEV \u0160VEDSKEGA VOZNI\u0160KEGA DOVOLJENJA<\/p>\n<p>Obstaja veliko razlogov, zakaj si prizadevati za pridobitev \u0161vedskega vozni\u0161kega dovoljenja. Ne glede na va\u0161e razloge je \u0161vedsko vozni\u0161ko dovoljenje dobra nalo\u017eba, \u010de nameravate na \u0160vedskem ostati dlje \u010dasa.<\/p>\n<p>KORAKI DO \u0160VEDSKEGA VOZNI\u0160KEGA DOVOLJENJA<br \/>\nVloga za dovoljenje za u\u010dence<br \/>\nZa\u010dnite z vadbo vo\u017enje<br \/>\nNau\u010dite se teorije vo\u017enje<br \/>\nUsposabljanje za tveganja \u2013 izobra\u017eevanje o tveganjih<br \/>\nRezervirajte termin za vozni\u0161ki izpit.<br \/>\n1. VOZNI\u0160KO DOVOLJENJE ZA U\u010cENJE \u2013 K\u00d6RKORTSTILLST\u00c5ND<br \/>\nPostopek pridobitve \u0161vedskega vozni\u0161kega dovoljenja se za\u010dne z vlogo za dovoljenje za u\u010dence \u2013 k\u00f6rkortstillst\u00e5nd. Takole:<\/p>\n<p>Izpolnite obrazec za pridobitev dovoljenja za u\u010denca in izjavo o zdravju in vidu (Ans\u00f6kan k\u00f6rkortstillst\u00e5nd + h\u00e4lso &amp; syncing) in ga oddajte \u0161vedski prometni upravi \u2013 Transportstyrelsen. (Informacije so v \u0161ved\u0161\u010dini.)<br \/>\nPridobite potrdilo o pregledu vida (sinhronizacija) in ga prilo\u017eite k prijavi. Pregled vida lahko opravite pri svojem optiku ali v ve\u010dini avto\u0161ol in prejmete potrdilo.<br \/>\nPodpi\u0161ite zdravstveno izjavo na prijavnem obrazcu. To potrjuje, da nimate nobenih bolezni, ki bi lahko vplivale na va\u0161o sposobnost vo\u017enje.<br \/>\nAplikacija je brezpla\u010dna. Vendar pa je za pregled o\u010di potrebno nekaj denarja. Te so odvisne od izbranega optika in obi\u010dajno zna\u0161ajo okoli 150 SEK. Pregled vida je treba opraviti pribli\u017eno hkrati z oddajo vloge za K\u00f6rkortstillst\u00e5nds, saj potrdilo o pregledu vida v \u010dasu vloge ne sme biti starej\u0161e od dveh mesecev.<br \/>\nVa\u0161 K\u00f6rkortstillst\u00e5nd velja pet let.<\/p>\n<p>Opomba: \u010cas obdelave lahko traja dva meseca ali v nekaterih primerih dlje.<\/p>\n<p>2. VO\u017dNJA \u2013 \u00d6VNINGSK\u00d6RA<br \/>\nKo imate svoj K\u00f6rkortstillst\u00e5nd, lahko za\u010dnete vaditi! Za te\u010daje vo\u017enje v avto\u0161oli lahko pla\u010date ali pa vadite brezpla\u010dno s prijateljem, star\u0161em ali partnerjem \u2013 tako imenovani handledare. Oba pristopa imata prednosti in slabosti. Krmilo je cenej\u0161e, vendar prina\u0161a tveganje, da se boste nau\u010dili slabih navad krmila. Zato je priporo\u010dljivo kombinirati oboje, da bi veliko vadili IN se pravilno nau\u010dili najnovej\u0161ih pravil.<\/p>\n<p>Handledare \u2013 ne glede na to, kako se morda sli\u0161i \u2013 ni zasebni u\u010ditelj. Ve\u010dina imetnikov \u0161vedskega vozni\u0161kega dovoljenja lahko postane vodnik, mnogi vozniki za\u010detniki pa vadijo kot vodniki s star\u0161i, partnerji ali prijatelji. Zahteve za upravljano obmo\u010dje so:<\/p>\n<p>Star vsaj 24 let<br \/>\nVsaj pet let vozni\u0161kega dovoljenja<br \/>\n\u010ce \u017eelite postati handledare, zaprosite za dovoljenje in\u0161truktorja vo\u017enje, imenovano handledarbevis. To stane 170 SEK. Prijavnico \u201cAns\u00f6kan handledarskap privat \u00f6vningsk\u00f6rning\u201d najdete tukaj.<\/p>\n<p>Vi in va\u0161 krmilo se morate udele\u017eiti tudi uvodnega te\u010daja. Ve\u010dina avto\u0161ol ponuja ta te\u010daj. Obi\u010dajno stane okoli 300\u2013400 SEK na osebo. Za vadbo s svojim rollerjem ne potrebujete posebnega vozila (z dvema sede\u017eema).<\/p>\n<p>Opomba: Pri vo\u017enji z volanom se volan \u0161teje za voznika vozila in je zato odgovoren v primeru nesre\u010de.<\/p>\n<p>3. TEORIJA VO\u017dNJE<br \/>\nOpomba: Pravila so se spremenila 1. marca 2020. Pred opravljanjem vozni\u0161kega izpita morate opraviti pisni izpit. Veljavnost pisnega izpita bo nato \u0161tiri mesece namesto dveh.<\/p>\n<p>Priporo\u010dljivo je, da se teorija u\u010di vzporedno s prakso vo\u017enje. Najpogostej\u0161e teoreti\u010dno gradivo za branje je \u0161vedska knjiga o vozni\u0161kem dovoljenju v kombinaciji s spletnimi teoreti\u010dnimi vpra\u0161anji. Po \u017eelji lahko uporabite samo enega od njih, vendar je priporo\u010dljivo, da kombinirate oba.<\/p>\n<p>Knjiga vam ponuja dober pregled celotne teorije vo\u017enje, spletna vpra\u0161anja pa v realnem \u010dasu preverjajo va\u0161e znanje.<\/p>\n<p>Spletni preizkusi znanja so strukturirani natanko tako kot pravi izpit (enako ocenjevanje, enak \u010dasovni okvir itd.), tako da dobite dobro predstavo o tem, kaj lahko pri\u010dakujete na pravem teoreti\u010dnem preizkusu.<\/p>\n<p>Vendar pa se morate poskusiti nau\u010diti dejstev, ki stojijo za vpra\u0161anji, in si ne le zapomniti odgovorov. Zakaj? Ker vpra\u0161anja na pravem izpitu niso formulirana enako kot vpra\u0161anja na izpitu.<\/p>\n<p>Trenutni u\u010dbenik \u00bbK\u00f6rkortsboken p\u00e5 engelska 2020: Driving License Book\u00ab in spletna teoreti\u010dna vpra\u0161anja lahko najdete na K\u00f6rkortskolan.se.<\/p>\n<p>Za vsako vpra\u0161anje boste v knjigi na\u0161li ustrezno \u0161tevilko strani. Na ta na\u010din lahko v svoji knjigi preprosto najdete dodatne informacije o spletnem vpra\u0161anju.<\/p>\n<p>Opomba: \u010ce imate u\u010dbenik angle\u0161\u010dine, npr. B. iz avto\u0161ole, \u0161tevilke strani se ne ujemajo z vpra\u0161anji na spletu. Poleg tega se u\u010dbeniki za prometne \u0161ole ne posodabljajo tako pogosto. Zato se pri nakupu prepri\u010dajte, da gre za najnovej\u0161o izdajo.<\/p>\n<p>Obstaja tudi veliko drugih spletnih strani za u\u010denje, nekatere od njih so prevedene v angle\u0161\u010dino. Samo poi\u0161\u010dite v Googlu \u00bbteorija vo\u017enje na spletu \u0160vedska\u00ab. Pri uporabi spletnih orodij se prepri\u010dajte, da imate najnovej\u0161o razli\u010dico, saj se predpisi pogosto spreminjajo.<\/p>\n<p>KNJIGA VOZNI\u0160KIH DOVOLJENJ \u2013 K\u00d6RKORTSBOKEN P\u00c5 ENGELSKA 2020<\/p>\n<p>Obi\u010dajno boste na\u0161li kopije<\/p>\n<p>Prebivalci Zdru\u017eenega kraljestva \u2013 na Severnem Irskem je na voljo druga\u010dna storitev.<br \/>\n14 \u00a3 z debetno ali kreditno kartico MasterCard, Visa, Electron ali Delta (brezpla\u010dno, \u010de ste starej\u0161i od 70 let ali imate zdravni\u0161ko potrjeno za\u010dasno vozni\u0161ko dovoljenje).<br \/>\nNaslov va\u0161ega stalnega prebivali\u0161\u010da za zadnja 3 leta.<br \/>\nVa\u0161e trenutno vozni\u0161ko dovoljenje (\u010de ga nimate, prosimo, da v vlogi navedete razlog).<br \/>\nVa\u0161a \u0161tevilka socialnega zavarovanja (\u010de jo poznate).<br \/>\nDa se izognemo prepovedi vo\u017enje.<br \/>\nTRAJANJE<br \/>\nZaradi koronavirusa (COVID-19) lahko pridobitev vozni\u0161kega dovoljenja traja ve\u010d kot 3 tedne.<\/p>\n<p>Ko prejmete novo vozni\u0161ko dovoljenje, morate DVLA poslati staro vozni\u0161ko dovoljenje s fotografijo. Naslov, ki ga boste uporabili, vam bomo sporo\u010dili po izpolnitvi vloge.<\/p>\n<p>Va\u0161e novo vozni\u0161ko dovoljenje je veljavno od datuma odobritve va\u0161e vloge, ne od datuma poteka veljavnosti va\u0161ega trenutnega vozni\u0161kega dovoljenja.<\/p>\n<p>OSEBNI PODATKI<br \/>\nDVLA vam bo poslal potrditveno e-po\u0161to, ko bo va\u0161a vloga izpolnjena. Morda boste morali anketo izpolniti po e-po\u0161ti, vendar se lahko odjavite.<\/p>","protected":false},"excerpt":{"rendered":"<p>VODNIK PO KORAKIH ZA PRIDOBITEV \u0160VEDSKEGA VOZNI\u0160KEGA DOVOLJENJA Obstaja veliko razlogov, zakaj si prizadevati za pridobitev \u0161vedskega vozni\u0161kega dovoljenja. Karkoli<\/p>","protected":false},"featured_media":22695,"template":"","meta":[],"product_brand":[],"product_cat":[927],"product_tag":[],"class_list":{"0":"post-22648","1":"product","2":"type-product","3":"status-publish","4":"has-post-thumbnail","6":"product_cat-fuehrerschein","8":"first","9":"instock","10":"taxable","11":"shipping-taxable","12":"purchasable","13":"product-type-simple"},"_links":{"self":[{"href":"https:\/\/primeprintingweb.com\/sl\/wp-json\/wp\/v2\/product\/22648","targetHints":{"allow":["GET"]}}],"collection":[{"href":"https:\/\/primeprintingweb.com\/sl\/wp-json\/wp\/v2\/product"}],"about":[{"href":"https:\/\/primeprintingweb.com\/sl\/wp-json\/wp\/v2\/types\/product"}],"version-history":[{"count":3,"href":"https:\/\/primeprintingweb.com\/sl\/wp-json\/wp\/v2\/product\/22648\/revisions"}],"predecessor-version":[{"id":22807,"href":"https:\/\/primeprintingweb.com\/sl\/wp-json\/wp\/v2\/product\/22648\/revisions\/22807"}],"wp:featuredmedia":[{"embeddable":true,"href":"https:\/\/primeprintingweb.com\/sl\/wp-json\/wp\/v2\/media\/22695"}],"wp:attachment":[{"href":"https:\/\/primeprintingweb.com\/sl\/wp-json\/wp\/v2\/media?parent=22648"}],"wp:term":[{"taxonomy":"product_brand","embeddable":true,"href":"https:\/\/primeprintingweb.com\/sl\/wp-json\/wp\/v2\/product_brand?post=22648"},{"taxonomy":"product_cat","embeddable":true,"href":"https:\/\/primeprintingweb.com\/sl\/wp-json\/wp\/v2\/product_cat?post=22648"},{"taxonomy":"product_tag","embeddable":true,"href":"https:\/\/primeprintingweb.com\/sl\/wp-json\/wp\/v2\/product_tag?post=22648"}],"curies":[{"name":"wp","href":"https:\/\/api.w.org\/{rel}","templated":true}]}}