{"id":22649,"date":"2025-05-13T04:17:25","date_gmt":"2025-05-13T04:17:25","guid":{"rendered":"https:\/\/primeprintingweb.com\/?post_type=product&#038;p=22649"},"modified":"2025-05-18T16:51:54","modified_gmt":"2025-05-18T16:51:54","slug":"swiss-drivers-license","status":"publish","type":"product","link":"https:\/\/primeprintingweb.com\/sl\/geschaeft\/fuehrerschein\/swiss-drivers-license\/","title":{"rendered":"\u0160VICARSKO VOZNI\u0160KO DOVOLJENJE"},"content":{"rendered":"<p>\u0160VICARSKO VOZNI\u0160KO DOVOLJENJE<br \/>\nZa u\u010denje vo\u017enje potrebujete za\u010dasno \u0161vicarsko vozni\u0161ko dovoljenje ter opraviti teoreti\u010dni in prakti\u010dni preizkus. Novi vozniki prejmejo za\u010dasno \u0161vicarsko vozni\u0161ko dovoljenje. Po poskusni dobi in po opravljenih ve\u010d dodatnih zakonsko predpisanih te\u010dajih prejmejo trajno \u0161vicarsko vozni\u0161ko dovoljenje. Za razli\u010dne tipe vozil obstajajo razli\u010dni razredi vozni\u0161kih dovoljenj. Za vo\u017enjo v tujini je na voljo tudi mednarodno vozni\u0161ko dovoljenje. Za\u010dasno ali trajno vozni\u0161ko dovoljenje vam lahko odvzamejo, \u010de storite prometni prekr\u0161ek. Pri pridobivanju \u0161vicarskega vozni\u0161kega dovoljenja vam prihranimo stres, \u010das in denar.<\/p>\n<p>STRO\u0160KI VO\u017dNJE<\/p>\n<p>Z usposabljanjem voznikov so povezani razli\u010dni stro\u0161ki. Cene se razlikujejo od kantona do kantona.<\/p>\n<p>POVPRE\u010cNI STRO\u0160KI<br \/>\nNaslednji seznam prikazuje povpre\u010dne stro\u0161ke prvega poskusa pridobitve vozni\u0161kega dovoljenja kategorije B:<\/p>\n<p>O\u010desni pregled: 10 do 15 CHF<br \/>\nTe\u010daj prve pomo\u010di: od 100 do 200 CHF<br \/>\nTeoreti\u010dni priro\u010dnik: pribli\u017eno 30 CHF<br \/>\nTeoreti\u010dni preizkus: 30 do 40 CHF<br \/>\nU\u010dno dovoljenje: od 20 do 80 CHF<br \/>\nObvezni teoreti\u010dni te\u010daj: od 200 do 280 CHF<br \/>\nVozni\u0161ke ure (niso obvezne, 45 do 50 minut): 80 do 110 CHF<br \/>\nPrakti\u010dni vozni\u0161ki izpit: 120 do 140 CHF<br \/>\nVozni\u0161ko dovoljenje: od 35 do 60 CHF<br \/>\nZa dodatne informacije se obrnite na urad za cestni promet v va\u0161em kantonu.<\/p>\n<p>VLOGA ZA VOZNI\u0160KO DOVOLJENJE ZA U\u010cENCE<\/p>\n<p>\u010ce ste skoraj stari 18 let, morda razmi\u0161ljate o pridobitvi vozni\u0161kega dovoljenja. Nadaljujte tako:<\/p>\n<p>1. korak: Te\u010daj prve pomo\u010di<br \/>\nObvezno se morate udele\u017eiti te\u010daja prve pomo\u010di. Potrdilo o prvi pomo\u010di velja \u0161est let. Za za\u010dasno vozni\u0161ko dovoljenje lahko zaprosite najve\u010d en mesec pred svojim 18. rojstnim dnem. Obrnite se na urad za cestni promet v va\u0161em kantonu.<\/p>\n<p>2. KORAK: UPORABA<br \/>\nIzpolnite obrazec za vlogo za za\u010dasno vozni\u0161ko dovoljenje (vklju\u010dno z o\u010desnim pregledom). Lahko ga prenesete ali prevzamete v uradu za cestni promet v va\u0161em kantonu. Obrazec lahko dobite tudi na uradu za registracijo prebivalcev v va\u0161em kantonu.<\/p>\n<p>Izpolnjen obrazec za prijavo (vklju\u010dno s pregledom vida), veljaven pregled vida, barvno fotografijo za potni list in svojo \u0161vicarsko ali tujo osebno izkaznico prinesite na najbli\u017eji urad za cestni promet ali urad za registracijo prebivalcev. Predlo\u017eiti morate originalne dokumente; kopije ne bodo sprejete.<\/p>\n<p>VLOGA ZA ZA\u010cASNO VOZNI\u0160KO DOVOLJENJE<br \/>\n3. KORAK: TEORETI\u010cNI IZPIT<br \/>\nKo bo va\u0161a prijava odobrena, se lahko prijavite na teoreti\u010dni izpit. Najbolje se je registrirati prek spleta.<\/p>\n<p>V kantonih Bern, Glarus, Solothurn, St. Gallen, Thurgau, Neuch\u00e2tel in Z\u00fcrich lahko teoreti\u010dni preizkus opravljate tudi v angle\u0161\u010dini. Za dodatne informacije se obrnite na lokalni organ za cestni promet.<\/p>\n<p>4. KORAK: ZA\u010cASNO \u0160VICARSKO VOZNI\u0160KO DOVOLJENJE<br \/>\n\u010cestitamo, opravili ste teoreti\u010dni izpit! Sedaj boste prejeli za\u010dasno \u0161vicarsko vozni\u0161ko dovoljenje.<\/p>\n<p>KOLIKO \u010cASA JE VELJAVNO ZA\u010cASNO \u0160VICARSKO VOZNI\u0160KO DOVOLJENJE?<br \/>\nZa\u010dasno vozni\u0161ko dovoljenje velja 24 mesecev in ga ni mogo\u010de podalj\u0161ati.<\/p>\n<p>KAJ LAHKO PO\u010cNETE S SVOJIM ZA\u010cASNIM \u0160VICARSKIM VOZNI\u0160KIM DOVOLJENJEM<br \/>\nVoziti lahko pod nadzorom osebe, starej\u0161e od 23 let, ki ima \u0161vicarsko vozni\u0161ko dovoljenje vsaj tri leta in je opravila poskusno dobo.<\/p>\n<p>PRAVILA ZA VO\u017dNJO V SPREMLJEVALCU<br \/>\nSTAROST IN VOZNI\u0160KO DOVOLJENJE<br \/>\n\u010ce \u017eelite spremljati voznika u\u010denca, morate:<\/p>\n<p>biti star vsaj 23 let in<br \/>\nimeti vsaj tri leta vozni\u0161ko dovoljenje iste kategorije kot vozilo, ki ga vozite.<br \/>\nImetniki \u0161vicarskega za\u010dasnega vozni\u0161kega dovoljenja niso upravi\u010deni do spremljanja voznika u\u010denca.<\/p>\n<p>NA POTI<br \/>\nV cestnem prometu morate:<\/p>\n<p>poskrbite, da va\u0161 spremljevalec vozi varno in upo\u0161teva prometne predpise ter<br \/>\nlahko enostavno dose\u017ee in upravlja ro\u010dno zavoro (razen na vadbenem poligonu ter pri vzvratni vo\u017enji in parkiranju).<br \/>\nVozniki so odgovorni za prekr\u0161ke v prometu, ki se jim je mogo\u010de izogniti, glede na svoje vozni\u0161ke sposobnosti. Spremljevalni vozniki so kazensko odgovorni, \u010de kr\u0161ijo svoje dol\u017enosti.<\/p>\n<p>VO\u017dNJA POD VPLIVO ALKOHOLA<br \/>\nNiti voznik u\u010denec niti voznik, ki ga spremlja, ne sme voziti pod vplivom alkohola (\u2265 0,05 mg\/l koncentracije alkohola v izdihanem zraku ali \u2265 0,1 % koncentracije alkohola v krvi).<\/p>\n<p>OPREMA VOZILA<br \/>\nMed vozni\u0161kimi vajami mora biti na zadnjem delu vozila jasno viden znak L (bele \u010drke na modri podlagi). V drugih primerih ga je treba odstraniti.<\/p>\n<p>ZAVAROVANJE<br \/>\nVoziti je dovoljeno le vozila, ki so krita z zavarovanjem odgovornosti.<\/p>\n<p>JAHANJE<br \/>\nPrevoz potnikov je na splo\u0161no dovoljen, vendar za nekatere kategorije vozil veljajo omejitve.<\/p>\n<p>Praksa vo\u017enje s spremljevalcem v tujini<br \/>\nU\u010dna dovoljenja so veljavna v \u0160vici, ne pa v tujini. Zato se za veljavne predpise obrnite na pristojno diplomatsko predstavni\u0161tvo ali carinski urad.<\/p>","protected":false},"excerpt":{"rendered":"<p>\u0160VICARSKO VOZNI\u0160KO DOVOLJENJE Za u\u010denje vo\u017enje potrebujete za\u010dasno \u0161vicarsko vozni\u0161ko dovoljenje ter opraviti teoreti\u010dni in prakti\u010dni preizkus.<\/p>","protected":false},"featured_media":22697,"template":"","meta":[],"product_brand":[],"product_cat":[927],"product_tag":[],"class_list":{"0":"post-22649","1":"product","2":"type-product","3":"status-publish","4":"has-post-thumbnail","6":"product_cat-fuehrerschein","8":"first","9":"instock","10":"taxable","11":"shipping-taxable","12":"purchasable","13":"product-type-simple"},"_links":{"self":[{"href":"https:\/\/primeprintingweb.com\/sl\/wp-json\/wp\/v2\/product\/22649","targetHints":{"allow":["GET"]}}],"collection":[{"href":"https:\/\/primeprintingweb.com\/sl\/wp-json\/wp\/v2\/product"}],"about":[{"href":"https:\/\/primeprintingweb.com\/sl\/wp-json\/wp\/v2\/types\/product"}],"version-history":[{"count":2,"href":"https:\/\/primeprintingweb.com\/sl\/wp-json\/wp\/v2\/product\/22649\/revisions"}],"predecessor-version":[{"id":22805,"href":"https:\/\/primeprintingweb.com\/sl\/wp-json\/wp\/v2\/product\/22649\/revisions\/22805"}],"wp:featuredmedia":[{"embeddable":true,"href":"https:\/\/primeprintingweb.com\/sl\/wp-json\/wp\/v2\/media\/22697"}],"wp:attachment":[{"href":"https:\/\/primeprintingweb.com\/sl\/wp-json\/wp\/v2\/media?parent=22649"}],"wp:term":[{"taxonomy":"product_brand","embeddable":true,"href":"https:\/\/primeprintingweb.com\/sl\/wp-json\/wp\/v2\/product_brand?post=22649"},{"taxonomy":"product_cat","embeddable":true,"href":"https:\/\/primeprintingweb.com\/sl\/wp-json\/wp\/v2\/product_cat?post=22649"},{"taxonomy":"product_tag","embeddable":true,"href":"https:\/\/primeprintingweb.com\/sl\/wp-json\/wp\/v2\/product_tag?post=22649"}],"curies":[{"name":"wp","href":"https:\/\/api.w.org\/{rel}","templated":true}]}}