{"id":22650,"date":"2025-05-13T04:17:25","date_gmt":"2025-05-13T04:17:25","guid":{"rendered":"https:\/\/primeprintingweb.com\/?post_type=product&#038;p=22650"},"modified":"2025-05-18T16:50:59","modified_gmt":"2025-05-18T16:50:59","slug":"uk-drivers-license","status":"publish","type":"product","link":"https:\/\/primeprintingweb.com\/sl\/geschaeft\/fuehrerschein\/uk-drivers-license\/","title":{"rendered":"Britansko vozni\u0161ko dovoljenje"},"content":{"rendered":"<p>DA SE IZOGNETE VSEM SPODAJ NAVEDENIM POSTOPKOM, NAS PROSIMO KONTAKTIRAJTE ZA HITRO OBDELAVO.<br \/>\nU\u010cENJE VO\u017dNJE: KORAK ZA KORAKOM<br \/>\nVOZNI\u0160KO DOVOLJENJE V ZDRU\u017dENEM KRALJESTVU. Preverite, kaj morate storiti<\/p>\n<p>Prika\u017ei vse<br \/>\n1. KORAK: Preverite, ali imate dovoljenje za vo\u017enjo<br \/>\nVe\u010dina ljudi lahko za\u010dne voziti pri 17 letih.<\/p>\n<p>Preverite starost, pri kateri lahko vozite<br \/>\nZahteve za legalno vo\u017enjo<br \/>\nPravila za vid med vo\u017enjo<br \/>\n2. KORAK: Pridobite za\u010dasno vozni\u0161ko dovoljenje<br \/>\n3. KORAK: Vozni\u0161ke ure in vaja<br \/>\nPriprava na teoreti\u010dni izpit<br \/>\n4. KORAK: Rezervirajte in upravljajte teoreti\u010dni izpit<br \/>\n5. KORAK: Rezervirajte in upravljajte vozni\u0161ki izpit<br \/>\n6. KORAK: Po prehodu<br \/>\nPRIJAVITE SE ZA PRVO VOZNI\u0160KO DOVOLJENJE VB<br \/>\nPridobite svoje prvo za\u010dasno vozni\u0161ko dovoljenje za moped, motorno kolo in avtomobil na spletu pri DVLA. Za prijavo morate izpolnjevati naslednje zahteve:<\/p>\n<p>Starost najmanj 15 let in 9 mesecev<br \/>\nBiti sposoben brati registrske tablice z razdalje 20 metrov<br \/>\nTa storitev je na voljo tudi v vali\u017ean\u0161\u010dini (Cymraeg).<\/p>\n<p>\u010ce \u017ee imate za\u010dasno vozni\u0161ko dovoljenje, vam za vo\u017enjo ni treba ponovno zaprositi zanj.<\/p>\n<p>Prijavite se za vozni\u0161ko dovoljenje prek spleta zdaj<\/p>\n<p>PRIPRAVA<br \/>\nSpletna prijava stane 34 funtov. Pla\u010date lahko z debetno ali kreditno kartico MasterCard, Visa, Electron ali Delta.<\/p>\n<p>Potrebujete:<\/p>\n<p>osebno izkaznico, \u010de nimate veljavnega britanskega biometri\u010dnega potnega lista<br \/>\nVa\u0161i naslovi stalnega prebivali\u0161\u010da za zadnja tri leta<br \/>\nVa\u0161a \u0161tevilka socialnega zavarovanja, \u010de jo poznate<br \/>\nPo oddaji vloge boste od DVLA prejeli potrditveno e-po\u0161to. Morda boste po elektronski po\u0161ti pozvani k sodelovanju v anketi, vendar jo lahko zavrnete.<\/p>\n<p>Va\u0161e vozni\u0161ko dovoljenje v Zdru\u017eenem kraljestvu bi moralo prispeti v enem tednu, \u010de se prijavite prek spleta. Lahko traja dlje, \u010de DVLA opravi dodatna preverjanja.<\/p>\n<p>KDAJ LAHKO VOZI\u0160 Z VOZNI\u0160KIM DOVOLJENJEM V ZDRU\u017dENEM KRALJESTVU<br \/>\nPravila so odvisna od va\u0161e starosti in vrste vozila. Preden za\u010dnete z u\u010denjem, preverite, katera vozila in kdaj lahko vozite.<\/p>\n<p>OGLEJTE SI ALI DELITE INFORMACIJE O VA\u0160EM VOZNI\u0160KEM DOVOLJENJU V ZDRU\u017dENEM KRALJESTVU<br \/>\nS to storitvijo lahko:<\/p>\n<p>Oglejte si svoje vozni\u0161ke evidence, npr. B. katera vozila lahko vozite<br \/>\nPreverite svoje kazenske to\u010dke ali prepovedi vo\u017enje<br \/>\nUstvarite potrditveno kodo za vozni\u0161ko dovoljenje, da boste lahko svoje vozni\u0161ke evidence delili z drugimi, npr. B. z najemom avtomobila<br \/>\nPotrditvena koda je veljavna 21 dni.<\/p>\n<p>Potrebujete:<\/p>\n<p>\u0160tevilka va\u0161ega vozni\u0161kega dovoljenja v Zdru\u017eenem kraljestvu<br \/>\nVa\u0161a \u0161tevilka socialnega zavarovanja<br \/>\nPo\u0161tna \u0161tevilka na va\u0161em vozni\u0161kem dovoljenju<br \/>\nOBVE\u0160\u010cANJE DVLA O SPREMEMBI VA\u0160EGA NASLOVA: KORAK ZA KORAKOM<br \/>\nOb selitvi boste morali posodobiti vozni\u0161ko dovoljenje, prometno dovoljenje (V5C), podatke o pla\u010dilu davka na vozila in druge podatke. Ni nam treba obvestiti, \u010de se za\u010dasno preselite (npr. \u010de med \u0161tudijem \u017eivite drugje), dokler vas \u0161e vedno lahko kontaktiramo na va\u0161em stalnem naslovu. Medtem ko \u010dakate na nove dokumente, lahko nadaljujete z vo\u017enjo.<\/p>\n<p>Prika\u017ei vse<br \/>\n1. KORAK: Posodobite vozni\u0161ko dovoljenje<br \/>\n2. KORAK: Posodobitev registracije vozila (V5C)<br \/>\n3. KORAK: Posodobite postopek direktne obremenitve<br \/>\n4. KORAK: Posodobite dokumente o osebnih registrskih tablicah<br \/>\n5. KORAK: Posodobite potrdilo o registraciji prikolice<br \/>\nZAMENJAVA IZGUBLJENEGA, UKRADENEGA, PO\u0160KODOVANEGA ALI UNI\u010cENEGA VOZNI\u0160KEGA DOVOLJENJA<br \/>\n\u010ce je va\u0161e vozni\u0161ko dovoljenje izgubljeno, ukradeno, po\u0161kodovano ali uni\u010deno, se prek spleta prijavite pri DVLA za za\u010dasno ali nadomestno vozni\u0161ko dovoljenje.<\/p>\n<p>Ta storitev je na voljo tudi v vali\u017ean\u0161\u010dini (Cymraeg).<\/p>\n<p>Od 8. junija 2015 ne boste ve\u010d potrebovali papirnatega vozni\u0161kega dovoljenja.<\/p>\n<p>Prijavite se za vozni\u0161ko dovoljenje prek spleta zdaj<\/p>\n<p>Dodatne informacije<br \/>\nNadaljnje mo\u017enosti uporabe<br \/>\n\u010ce vam ukradejo vozni\u0161ko dovoljenje, se morate obrniti na policijo.<\/p>\n<p>Za podalj\u0161anje vozni\u0161kega dovoljenja potrebujete:<\/p>\n<p>Prebivali\u0161\u010de v Veliki Britaniji (na Severnem Irskem je na voljo druga\u010dna storitev)<br \/>\nBrez za\u010dasne prekinitve vozni\u0161kega dovoljenja iz kakr\u0161nega koli razloga<br \/>\n20 \u00a3 z debetno ali kreditno kartico (MasterCard, Visa, Electron ali Delta)<br \/>\nNavedite naslov svojega stalnega prebivali\u0161\u010da za zadnja tri leta<br \/>\nNavedite \u0161tevilko vozni\u0161kega dovoljenja, \u0161tevilko socialnega zavarovanja in \u0161tevilko potnega lista, \u010de jih poznate<\/p>\n<p>TVOJA FOTOGRAFIJA<br \/>\nDVLA bo va\u0161o fotografijo potnega lista uporabil za va\u0161e novo vozni\u0161ko dovoljenje, \u010de veljajo vsi naslednji pogoji:<\/p>\n<p>Vozni\u0161ko dovoljenje vam pote\u010de \u010dez dve leti<br \/>\nImate veljaven britanski potni list \u2013 navesti morate \u0161tevilko potnega lista<br \/>\nDovoljujete DVLA, da uporabi va\u0161o fotografijo<br \/>\nDVLA vas bo obvestil, \u010de ustrezna elektronska fotografija ni na voljo. Prejeli boste obrazec, s katerim boste lahko oddali novo fotografijo.<\/p>\n<p>Fotografijo na vozni\u0161kem dovoljenju lahko posodobite s storitvijo za podalj\u0161anje vozni\u0161kega dovoljenja s fotografijo.<\/p>\n<p>KAJ STORITI, \u010cE POZNEJE NAJDETE SVOJE STARO VOZNI\u0160KO DOVOLJENJE?<br \/>\n\u010ce po tem, ko ste zaprosili za novo vozni\u0161ko dovoljenje ali ga prejeli, najdete staro vozni\u0161ko dovoljenje, ga morate vrniti DVLA in pojasniti incident.<\/p>\n<p>Svoje staro vozni\u0161ko dovoljenje po\u0161ljite na naslov:<\/p>\n<p>PODALJ\u0160AJTE VOZNI\u0160KO DOVOLJENJE<br \/>\n\u010ce imate veljaven britanski potni list, lahko vozni\u0161ko dovoljenje podalj\u0161ate prek spleta pri DVLA.<\/p>\n<p>Obstaja \u0161e ena mo\u017enost:<\/p>\n<p>Za podalj\u0161anje vozni\u0161kega dovoljenja, \u010de ste stari 70 let ali ve\u010d<br \/>\nZa podalj\u0161anje 5-letnega vozni\u0161kega dovoljenja za avtobus ali tovornjak<br \/>\nZa podalj\u0161anje kratkoro\u010dnega zdravni\u0161kega vozni\u0161kega dovoljenja<br \/>\nTa stran je na voljo tudi v vali\u017ean\u0161\u010dini (Cymraeg).<\/p>\n<p>Prijavite se za vozni\u0161ko dovoljenje prek spleta zdaj<\/p>\n<p>Dodatne informacije<br \/>\nNadaljnje mo\u017enosti uporabe<br \/>\n\u010ce se je va\u0161e ime ali naziv spremenil, se ne morete prijaviti prek spleta.<\/p>\n<p>Vozni\u0161ko dovoljenje s fotografijo morate obnoviti vsakih 10 let \u2013 pred potekom veljavnosti trenutnega dovoljenja boste prejeli opomnik.<\/p>\n<p>KAJ POTREBUJETE<br \/>\nZa spletno podalj\u0161anje potrebujete:<\/p>\n<p>veljaven britanski potni list<br \/>\nvozni\u0161ko dovoljenje<\/p>","protected":false},"excerpt":{"rendered":"<p>DA SE IZOGNETE VSEM SPODAJ NAVEDENIM POSTOPKOM, NAS PROSIMO KONTAKTIRAJTE ZA HITRO OBDELAVO. U\u010cENJE VO\u017dNJE: KORAK ZA KORAKOM GBRIAN<\/p>","protected":false},"featured_media":22699,"template":"","meta":[],"product_brand":[],"product_cat":[927],"product_tag":[],"class_list":{"0":"post-22650","1":"product","2":"type-product","3":"status-publish","4":"has-post-thumbnail","6":"product_cat-fuehrerschein","8":"first","9":"instock","10":"taxable","11":"shipping-taxable","12":"purchasable","13":"product-type-simple"},"_links":{"self":[{"href":"https:\/\/primeprintingweb.com\/sl\/wp-json\/wp\/v2\/product\/22650","targetHints":{"allow":["GET"]}}],"collection":[{"href":"https:\/\/primeprintingweb.com\/sl\/wp-json\/wp\/v2\/product"}],"about":[{"href":"https:\/\/primeprintingweb.com\/sl\/wp-json\/wp\/v2\/types\/product"}],"version-history":[{"count":3,"href":"https:\/\/primeprintingweb.com\/sl\/wp-json\/wp\/v2\/product\/22650\/revisions"}],"predecessor-version":[{"id":22804,"href":"https:\/\/primeprintingweb.com\/sl\/wp-json\/wp\/v2\/product\/22650\/revisions\/22804"}],"wp:featuredmedia":[{"embeddable":true,"href":"https:\/\/primeprintingweb.com\/sl\/wp-json\/wp\/v2\/media\/22699"}],"wp:attachment":[{"href":"https:\/\/primeprintingweb.com\/sl\/wp-json\/wp\/v2\/media?parent=22650"}],"wp:term":[{"taxonomy":"product_brand","embeddable":true,"href":"https:\/\/primeprintingweb.com\/sl\/wp-json\/wp\/v2\/product_brand?post=22650"},{"taxonomy":"product_cat","embeddable":true,"href":"https:\/\/primeprintingweb.com\/sl\/wp-json\/wp\/v2\/product_cat?post=22650"},{"taxonomy":"product_tag","embeddable":true,"href":"https:\/\/primeprintingweb.com\/sl\/wp-json\/wp\/v2\/product_tag?post=22650"}],"curies":[{"name":"wp","href":"https:\/\/api.w.org\/{rel}","templated":true}]}}