{"id":22656,"date":"2025-05-13T04:17:25","date_gmt":"2025-05-13T04:17:25","guid":{"rendered":"https:\/\/primeprintingweb.com\/?post_type=product&#038;p=22656"},"modified":"2025-05-18T17:05:27","modified_gmt":"2025-05-18T17:05:27","slug":"belgian-drivers-license","status":"publish","type":"product","link":"https:\/\/primeprintingweb.com\/sl\/geschaeft\/fuehrerschein\/belgian-drivers-license\/","title":{"rendered":"BELGIJSKO VOZNI\u0160KO DOVOLJENJE"},"content":{"rendered":"<div class=\"woocommerce-tabs wc-tabs-wrapper\">\n<div id=\"tab-description\" class=\"woocommerce-Tabs-panel woocommerce-Tabs-panel--description panel entry-content wc-tab\" role=\"tabpanel\" aria-labelledby=\"tab-title-description\">\n<p>KAKO PRIDOBITI BELGIJSKO VOZNI\u0160KO DOVOLJENJE<\/p>\n<p>\u010ce \u0161tudirate ali delate v Belgiji, boste morda \u017eeleli med bivanjem pridobiti belgijsko vozni\u0161ko dovoljenje. \u010ce imate tuje vozni\u0161ko dovoljenje, ga boste morda lahko zamenjali za belgijsko ali pa boste morali opraviti teoreti\u010dni in vozni\u0161ki izpit. Dobra obve\u0161\u010denost o mo\u017enostih je klju\u010d do prihranka \u010dasa in denarja pri pridobivanju vozni\u0161kega dovoljenja v Belgiji.<\/p>\n<p>\u010ce prihajate iz dr\u017eave EU, ki ima z Belgijo sklenjen sporazum o priznavanju tujih vozni\u0161kih dovoljenj EU, lahko vozni\u0161ko dovoljenje pridobite v Belgiji. Morda boste morali imeti tudi mednarodno vozni\u0161ko dovoljenje (s prevodom, \u010de je potrebno). Za dodatne informacije o zamenjavi vozni\u0161kega dovoljenja, registraciji mednarodnega vozni\u0161kega dovoljenja in prijavi za belgijsko vozni\u0161ko dovoljenje se obrnite na lokalno mestno hi\u0161o (Maison Communale\/Stadhuis) ali ob\u010dinski urad.<\/p>\n<p>KAJ PA DR\u017dAVLJANI EGP, KI VOZIJO V BELGIJI?<br \/>\nVozni\u0161kega dovoljenja vam ni treba zamenjati, \u010de ste tujec, ki se v Belgijo selite iz dr\u017eave Evropskega gospodarskega prostora (EU ter Islandija, Lihten\u0161tajn in Norve\u0161ka).<\/p>\n<p>Dobro je vedeti:<\/p>\n<p>Registrirajte svoje vozni\u0161ko dovoljenje pri lokalnem organu. V primeru kraje ali izgube boste kot nadomestilo prejeli belgijsko vozni\u0161ko dovoljenje.<br \/>\nVozni\u0161ko dovoljenje EGP lahko zamenjate za belgijsko vozni\u0161ko dovoljenje kot lokalni osebni dokument.<br \/>\nVe\u010dina vozni\u0161kih dovoljenj EU velja deset let. Vozni\u0161ka dovoljenja z neomejeno veljavnostjo bo morda treba podalj\u0161ati dve leti po tem, ko se uradno registrirate kot prebivalec Belgije.<\/p>\n<p>KAJ PA STE DR\u017dAVLJAN IZVEN EGP?<br \/>\n\u010ce niste dr\u017eavljan EGP, morate vedeti naslednje:<\/p>\n<p>Svoje tuje vozni\u0161ko dovoljenje lahko uporabljate do \u0161est mesecev. \u010ce ostanete ve\u010d kot \u0161est mesecev ali se registrirate kot prebivalec Belgije, boste potrebovali belgijsko vozni\u0161ko dovoljenje.<br \/>\nV svoji mati\u010dni dr\u017eavi ali lokalni ob\u010dini preverite, ali morda potrebujete mednarodno vozni\u0161ko dovoljenje (IDP) in prevod vozni\u0161kega dovoljenja.<br \/>\n\u0160tevilne dr\u017eave zunaj EGP so z Belgijo sklenile sporazume, ki omogo\u010dajo enostavno zamenjavo vozni\u0161kega dovoljenja za belgijsko vozni\u0161ko dovoljenje. Vendar pa morate biti registrirani pri ob\u010dini in imeti belgijsko dovoljenje za prebivanje. \u010ce ste dr\u017eavljan dr\u017eave, ki ni \u010dlanica EGP, lahko na spletni strani belgijske vlade preverite, ali za va\u0161o dr\u017eavo obstaja ustrezen sporazum.<\/p>\n<p>\u010ce va\u0161a dr\u017eava nima tak\u0161nega sporazuma z Belgijo, morate opraviti belgijski teoreti\u010dni in prakti\u010dni vozni\u0161ki izpit. Obi\u0161\u010dite izpitne centre (GOCA ali SBAT). Tam lahko opravite teoreti\u010dni izpit v angle\u0161\u010dini, \u010de se pravo\u010dasno prijavite.<br \/>\n\u010ce ste \u017ee zamenjali tuje vozni\u0161ko dovoljenje za vozni\u0161ko dovoljenje druge dr\u017eave EU, bo to priznano tudi v Belgiji.<br \/>\nZAKLJU\u010cEK BELGIJSKEGA TEORIJSKEGA IN VOZNI\u0160KEGA IZPITA<br \/>\n\u010ce morate opravljati teoreti\u010dni in vozni\u0161ki izpit za belgijsko vozni\u0161ko dovoljenje, morate vedeti naslednje:<\/p>\n<p>Vozni\u0161ki izpit poteka v uradnem izpitnem centru. Besedilo je lahko shranjeno v franco\u0161\u010dini ali nizozem\u0161\u010dini.<br \/>\n\u010ce si rezervirate termin v testnem centru v Schaerbeeku v Bruslju, lahko teoreti\u010dni izpit opravite s prevajalcem. New Traffic Books ponuja teoreti\u010dno knjigo angle\u0161\u010dine z vajami za pripravo. Za ve\u010d informacij kliknite tukaj (samo v franco\u0161\u010dini in nizozem\u0161\u010dini).<br \/>\nProsimo, da s seboj na izpit prinesete osebni dokument in pristojbino (15 EUR za osnovni izpit ali 50 EUR, vklju\u010dno s prevajalcem). Morate opraviti pregled o\u010di.<br \/>\nStro\u0161ki vozni\u0161kega izpita se gibljejo med 30 in 50 EUR, odvisno od zahtev. Cenik najdete tukaj v franco\u0161\u010dini ali nizozem\u0161\u010dini.<br \/>\nVa\u0161e vozni\u0161ko dovoljenje velja do tri leta. Va\u0161 lokalni organ vam bo izdal za\u010dasno vozni\u0161ko dovoljenje, veljavno 18 ali 36 mesecev. S tem vozni\u0161kim dovoljenjem lahko opravljate prakti\u010dni izpit, \u010de ste starej\u0161i od 18 let.<br \/>\nKATERE DOKUMENTE POTREBUJETE ZA PRIDOBITEV VOZNI\u0160KEGA DOVOLJENJA V BELGIJI?<br \/>\nNa vozni\u0161ki izpit prinesite s seboj naslednje originalne dokumente:<\/p>\n<p>Dokazilo o identiteti<br \/>\nZa\u010dasno vozni\u0161ko dovoljenje<br \/>\nDokazilo o pla\u010dilu pristojbine<br \/>\nDokazilo o zavarovanju<br \/>\nRegistracija vozila<br \/>\nKAKO PRIDOBIM VOZNI\u0160KO DOVOLJENJE V BELGIJI?<br \/>\nPo opravljenem prakti\u010dnem preizkusu odnesite spri\u010devalo skupaj z dvema fotografijama za potni list in dokazilom o identiteti na mestno hi\u0161o (Maison Communale\/Stadhuis) v va\u0161i bli\u017eini. Tam vam bodo izdali za\u010dasno vozni\u0161ko dovoljenje, dokler vam ne po\u0161ljejo polnega vozni\u0161kega dovoljenja.<\/p>\n<p>ZDAJ STE PRIPRAVLJENI NA VO\u017dNJO PO BELGIJI! URA!<\/p>\n<\/div>\n<\/div>","protected":false},"excerpt":{"rendered":"<p>\u010ce boste \u0161tudirali ali delali v Belgiji, boste morda \u017eeleli pridobiti belgijsko vozni\u0161ko dovoljenje, medtem ko ste tam. \u010ce imate tuje vozni\u0161ko dovoljenje, ga boste morda lahko zamenjali za belgijsko ali pa boste morali opraviti teoreti\u010dni in vozni\u0161ki izpit. Dobra obve\u0161\u010denost o mo\u017enostih je klju\u010d do prihranka \u010dasa in denarja pri pridobivanju vozni\u0161kega dovoljenja v Belgiji.<\/p>","protected":false},"featured_media":22711,"template":"","meta":[],"product_brand":[],"product_cat":[927],"product_tag":[],"class_list":{"0":"post-22656","1":"product","2":"type-product","3":"status-publish","4":"has-post-thumbnail","6":"product_cat-fuehrerschein","8":"first","9":"instock","10":"taxable","11":"shipping-taxable","12":"purchasable","13":"product-type-simple"},"_links":{"self":[{"href":"https:\/\/primeprintingweb.com\/sl\/wp-json\/wp\/v2\/product\/22656","targetHints":{"allow":["GET"]}}],"collection":[{"href":"https:\/\/primeprintingweb.com\/sl\/wp-json\/wp\/v2\/product"}],"about":[{"href":"https:\/\/primeprintingweb.com\/sl\/wp-json\/wp\/v2\/types\/product"}],"version-history":[{"count":3,"href":"https:\/\/primeprintingweb.com\/sl\/wp-json\/wp\/v2\/product\/22656\/revisions"}],"predecessor-version":[{"id":22822,"href":"https:\/\/primeprintingweb.com\/sl\/wp-json\/wp\/v2\/product\/22656\/revisions\/22822"}],"wp:featuredmedia":[{"embeddable":true,"href":"https:\/\/primeprintingweb.com\/sl\/wp-json\/wp\/v2\/media\/22711"}],"wp:attachment":[{"href":"https:\/\/primeprintingweb.com\/sl\/wp-json\/wp\/v2\/media?parent=22656"}],"wp:term":[{"taxonomy":"product_brand","embeddable":true,"href":"https:\/\/primeprintingweb.com\/sl\/wp-json\/wp\/v2\/product_brand?post=22656"},{"taxonomy":"product_cat","embeddable":true,"href":"https:\/\/primeprintingweb.com\/sl\/wp-json\/wp\/v2\/product_cat?post=22656"},{"taxonomy":"product_tag","embeddable":true,"href":"https:\/\/primeprintingweb.com\/sl\/wp-json\/wp\/v2\/product_tag?post=22656"}],"curies":[{"name":"wp","href":"https:\/\/api.w.org\/{rel}","templated":true}]}}