{"id":22657,"date":"2025-05-13T04:17:25","date_gmt":"2025-05-13T04:17:25","guid":{"rendered":"https:\/\/primeprintingweb.com\/?post_type=product&#038;p=22657"},"modified":"2025-05-18T17:03:57","modified_gmt":"2025-05-18T17:03:57","slug":"austrian-drivers-license","status":"publish","type":"product","link":"https:\/\/primeprintingweb.com\/sl\/geschaeft\/fuehrerschein\/austrian-drivers-license\/","title":{"rendered":"AVSTRIJSKO VOZNI\u0160KO DOVOLJENJE"},"content":{"rendered":"<div class=\"woocommerce-tabs wc-tabs-wrapper\">\n<div id=\"tab-description\" class=\"woocommerce-Tabs-panel woocommerce-Tabs-panel--description panel entry-content wc-tab\" role=\"tabpanel\" aria-labelledby=\"tab-title-description\">\n<p>KAKO PRIDOBITI AVSTRIJSKO VOZNI\u0160KO DOVOLJENJE<\/p>\n<p>\u010ce \u017ee imate vozni\u0161ko dovoljenje, vendar ga niste pridobili v dr\u017eavi EU, ga lahko uporabljate na avstrijskih cestah. Vendar le v \u0161estih mesecih.<\/p>\n<p>ALGORITEM ZA PRIDOBITEV AVSTRIJSKEGA VOZNI\u0160KEGA DOVOLJENJA<br \/>\nZa pridobitev avstrijskega vozni\u0161kega dovoljenja morajo biti izpolnjeni dolo\u010deni pogoji:<\/p>\n<p>Najprej izberite avto\u0161olo. V Avstriji je veliko avto\u0161ol; Obiskovanje avto\u0161ole na kraju registracije ni obvezno. Po izbiri avto\u0161ole kandidat odda prijavo. Podatki, ki jih vsebuje, se vnesejo v register posebnih vozni\u0161kih dovoljenj. To pomeni, da vse formalnosti uredi avto\u0161ola sama.<\/p>\n<p>Vozni\u0161kega usposabljanja v avto\u0161oli ne morete za\u010deti, \u010de niste dopolnili zahtevane minimalne starosti vsaj \u0161est mesecev. Za najpogostej\u0161e vozni\u0161ko dovoljenje razreda B je ta starost 18 let. Zato se lahko v usposabljanje vpi\u0161e \u0161ele pri starosti 17,5 let.<\/p>\n<p>Izjema je poseben program usposabljanja L17, ki ga ponujajo skoraj vse avstrijske avto\u0161ole. Omogo\u010da vam pridobitev vozni\u0161kega dovoljenja v Avstriji pri 17 letih.<\/p>\n<p>Za razreda A in F je minimalna starost 24 let.<\/p>\n<p>Vendar pa avstrijsko vozni\u0161ko dovoljenje ni mogo\u010de pridobiti brez teoreti\u010dnega usposabljanja. To je mogo\u010de kombinirati s prakti\u010dnimi urami vo\u017enje.<\/p>\n<p>\u017de 15 let obstaja ve\u010dstopenjski sistem usposabljanja za vse, ki \u017eelijo pridobiti avstrijsko vozni\u0161ko dovoljenje. To pomeni, da morajo imetniki avstrijskega vozni\u0161kega dovoljenja opraviti tudi posebne te\u010daje za izbolj\u0161anje svojih vozni\u0161kih sposobnosti.<\/p>\n<p>TEORETI\u010cNE OSNOVE USPOSABLJANJA VOZNIKOV<br \/>\nTeoreti\u010dni del vozni\u0161kega usposabljanja v Avstriji obsega 32 ur. Udele\u017eenec se lahko nato sam odlo\u010di, kako intenzivno se \u017eeli u\u010diti teorije: dve uri dvakrat na teden osem tednov (standardni te\u010daj), \u0161tiri ure \u0161tirikrat na teden dva tedna (intenzivni te\u010daj) ali \u0161tiri ure dnevno osem dni (ekspresni te\u010daj).<\/p>\n<p>V vsaki od treh mo\u017enosti usposabljanja boste opravili zahtevanih 32 ur. Poleg tega je v avto\u0161oli za 40 evrov mogo\u010de kupiti tiskane materiale (knjige) in CD z vsemi vpra\u0161anji, situacijami in vajami teoreti\u010dnega preizkusa.<\/p>\n<p>Med teoreti\u010dnim te\u010dajem ali po njem je obvezen te\u010daj prve pomo\u010di. To je treba pla\u010dati posebej (55 evrov). Ta \u0161esturni te\u010daj bodo\u010demu vozniku nudi znanje o umetnem dihanju, zaprti masa\u017ei prsnega ko\u0161a itd.<\/p>\n<p>\u010ce oseba ne opravi izpita v enem letu in pol po prejemu potrdila o te\u010daju prve pomo\u010di, mora te\u010daj ponoviti.<\/p>\n<p>Potrebno je tudi zdravni\u0161ko potrdilo o zdravstvenem stanju (35 evrov, veljavno eno leto in pol).<\/p>\n<p>Po kon\u010danem teoreti\u010dnem pouku si kandidat za voznika izbere avto\u0161olo za opravljanje izpita. To je lahko katera koli \u0161ola. Pomembna je osebna izkaznica (brez nje pristop k izpitu ni mogo\u010d).<\/p>\n<p>Test se izvaja s pomo\u010djo ra\u010dunalni\u0161ke podpore v lo\u010denih kabinah. Vsebina izpita je enotna po vsej Avstriji. Teoreti\u010dni izpit je sestavljen iz modula z osnovnimi nalogami za vse razrede \u2013 te opravijo vsi brez izjeme \u2013 ter devetih nadaljnjih modulov za posamezne razrede (A, B, C, C1, D, D1, BE, E, F). Za pridobitev vozni\u0161kega dovoljenja kategorije B morate opraviti osnovni modul in modul kategorije B. \u010ce \u017ee imate vozni\u0161ko dovoljenje in \u017eelite pridobiti \u0161e en razred, vam po opravljenem teoreti\u010dnem preizkusu ni treba odgovarjati na vpra\u0161anja v osnovnem modulu.<\/p>\n<p>Za vsako vpra\u0161anje so mo\u017eni \u0161tirje odgovori: eden, dva, trije ali vsi \u0161tirje so lahko pravilni. Obstajajo lahka, srednje te\u017eka in te\u017eka vpra\u0161anja. \u010ce imate te\u017eave, lahko vpra\u0161anja presko\u010dite, saj se bodo nato pojavila na koncu.<\/p>\n<p>Za vsako glavno vpra\u0161anje sta ponujena eno ali dve dodatni vpra\u0161anji. Vendar pa se ti ne bodo prikazali, \u010de je na glavno vpra\u0161anje odgovorjeno napa\u010dno.<\/p>\n<p>Vsak modul vsebuje skupno 20 vpra\u0161anj. Celoten izpit je sestavljen iz 40 vpra\u0161anj. Na ta vpra\u0161anja je treba odgovoriti v pol ure.<\/p>\n<p>\u010ce kandidat dose\u017ee 80 od zahtevanih to\u010dk %, je izpit opravljen. Vsak modul se ocenjuje individualno.<\/p>\n<p>Prvi poskus je brezpla\u010den. Za vse ostale se pla\u010da pristojbina.<\/p>\n<p>Brez opravljenega osnovnega modula in modula izbrane kategorije kandidat ne bo pripu\u0161\u010den k prakti\u010dnemu vozni\u0161kemu izpitu.<\/p>\n<p>VOZNI\u0160KI IZPIT (PRAKTI\u010cNI DEL VOZNI\u0160KEGA USPOSABLJANJA)<br \/>\nPo opravljenem teoreti\u010dnem izpitu ve\u010dstopenjski sistem usposabljanja voznikov vklju\u010duje \u0161e tri stopnje:<\/p>\n<p>Za vozni\u0161ke razrede A1, A2 in A je potrebnih 12 ur prakti\u010dnih vozni\u0161kih izku\u0161enj. Za razred B je potrebnih 13 ur. Za razred F so potrebne 4 ure itd.<\/p>\n<p>Ena ura prakti\u010dne vo\u017enje ustreza 50 minutam vo\u017enje.<\/p>\n<p>V skladu z avstrijsko zakonodajo je v prvi fazi vozni\u0161kega usposabljanja potrebno naslednje:<\/p>\n<p>z in\u0161truktorjem vo\u017enje vsaj 6 ur. Pripravljalna faza poteka na poligonu\/avtodromu, kjer se voznik u\u010denec nau\u010di voziti vozilo. Osnovno usposabljanje poteka v mirnih obmo\u010djih z malo prometa.<\/p>\n<p>\u0160tevilo vozni\u0161kih ur za glavni del usposabljanja ni zakonsko urejeno in je odvisno od napredka in sposobnosti voznika, ki se u\u010di vozniti. Vendar pa bi moralo trajati vsaj eno uro, tudi \u010de imate dovolj vozni\u0161kih sposobnosti.<\/p>\n<p>Vsebina glavne faze prakti\u010dnega vozni\u0161kega usposabljanja:<\/p>\n<p>\u2013 Komentirana vo\u017enja;<\/p>\n<p>\u2013 ocena prometa, preudarna vo\u017enja;<\/p>\n<p>\u2013 menjava voznega pasu;<\/p>\n<p>\u2013 Vklju\u010ditev v hiter prometni tok;<\/p>\n<p>\u2013 Vo\u017enja skozi kri\u017ei\u0161\u010da;<\/p>\n<p>\u2013 Vo\u017enja v prometu;<\/p>\n<p>\u2013 Vo\u017enja v nasproti voze\u010dem prometu;<\/p>\n<p>\u2013 Vo\u017enja po nevarnih odsekih;<\/p>\n<p>\u2013 Var\u010dna vo\u017enja;<\/p>\n<p>\u2013 Vo\u017enja v hitrem prometnem toku;<\/p>\n<p>\u2013 Usposabljanje druge metode \u0161tetja \u2013 Dolo\u010danje popravljene hitrosti v razli\u010dnih pogojih vidljivosti z uporabo druge metode \u0161tetja;<\/p>\n<p>\u2013 Prehitevanje.<\/p>\n<p>Po uspe\u0161no zaklju\u010denem glavnem delu usposabljanja lahko za\u010dnete izbolj\u0161evati svoje vozni\u0161ke sposobnosti. Avstrijska zakonodaja za to zahteva vsaj 6 ur vo\u017enje:<\/p>\n<p>Po opravljenem teoreti\u010dnem preizkusu na ra\u010dunalniku in zaklju\u010denem prakti\u010dnem usposabljanju se lahko za\u010dne prakti\u010dni vozni\u0161ki izpit.<\/p>\n<p>Izpit poteka v zgodnjih jutranjih urah. Kandidat gre v avto\u0161olo, kjer ga pri\u010daka in\u0161truktor vo\u017enje, predstavnik vadbene skupine. Izpra\u0161evalec prispe \u010dez nekaj minut. Obi\u010dajno izpit opravlja ve\u010d \u0161tudentov drug za drugim. Za uspe\u0161no opravljanje izpita mora kandidat imeti potni list, sicer bo poslan domov.<\/p>\n<p>Prakti\u010dni izpit v Avstriji je sestavljen iz treh delov:<\/p>\n<p>1. Pregled vozila. Namen tega preizkusa je zagotoviti, da kandidat obvlada teorijo in je sposoben v praksi izvesti preizkus varnosti vozila. Izpra\u0161evalec \u0161tudentu postavlja vpra\u0161anja z naslednjega seznama tem (obravnavajo se vsaj tri teme):<\/p>\n<p>\u2013 Kolesa (preverjanje vi\u0161ine profila pnevmatik, uporaba zimskih in je\u017ekovskih pnevmatik);<\/p>\n<p>\u2013 Zavorni sistem (preverjanje nivoja zavorne teko\u010dine v hidravli\u010dnem rezervoarju, preverjanje zavornega sistema, preverjanje zra\u010dnosti zavornega pedala, preverjanje upora zavornega pedala, preverjanje tesnosti zavornega sistema, preverjanje oja\u010devalnika zavorne mo\u010di, preverjanje zavornih lu\u010di, preverjanje parkirne zavore);<\/p>\n<p>\u2013 Osvetlitev \u2013 Katere vrste lu\u010di so v vozilu (kratke in dolge lu\u010di, vzvratne lu\u010di, parkirne lu\u010di, varnostne utripalke, stranski smerniki, meglenke)? Vklopite in preverite;<\/p>\n<p>\u2013 opozorilni signali (utripajo\u010de lu\u010di, hupa, stranski smerniki, varnostne utripalke);<\/p>\n<p>\u2013 Krmilni mehanizem (hidravli\u010dni servo volan, pogonski jermen, elektromehanski servo volan, preizkus prostega teka, obraba sprednjih pnevmatik);<\/p>\n<p>\u2013 Zadostna vidljivost (brisalci vetrobranskega stekla, pranje vetrobranskega stekla, ventil za izpihovanje vetrobranskega stekla, ogrevanje zadnjega stekla);<\/p>\n<p>\u2013 Preverite nivo teko\u010din (olja, hladilne teko\u010dine, zavorne teko\u010dine, teko\u010dine za pranje vetrobranskega stekla);<\/p>\n<p>\u2013 Akumulator tlaka (delovanje, poli, nivo teko\u010dine);<\/p>\n<p>\u2013 Pogonski jermen (delovanje, stanje);<\/p>\n<p>\u2013 Preverjanje notranjosti (pravilno sedenje za volanom, nastavitev voznikovega sede\u017ea, vzglavnikov, ogledal, pripenjanje varnostnega pasu);<\/p>\n<p>\u2013 Megla (posebnosti pri vo\u017enji v megli, meglenke);<\/p>\n<p>\u2013 Motor vozila.<\/p>\n<p>2. Vadite na dirkali\u0161\u010du ali mirni cesti. Vsak kandidat mora opraviti dve nalogi: vzporedno parkiranje in vzvratno parkiranje. Stebri so obi\u010dajno postavljeni na zadostni razdalji, da je ta del preizkusa mogo\u010de opraviti brez te\u017eav. Bodite pozorni na ustrezne svetlobne signale. Pri parkiranju, izstopanju in zapu\u0161\u010danju vozila morate izpra\u0161evalcu z ustreznimi gibi glave pokazati, da opazujete vse udele\u017eence v prometu.<\/p>\n<p>3. Vo\u017enja po mestu ali avtocesti. Ko sedete in preden za\u017eenete motor, obvezno nastavite sede\u017e, vzvratno ogledalo, vzglavnike in volan ter si pripnite varnostni pas. Izpra\u0161evalec opazuje vedenje kandidata in v izpitnem poro\u010dilu zabele\u017ei napake. Kandidatu da navodila: \u00bbVedno vozite naravnost, razen \u010de vam je naro\u010deno druga\u010de\u00ab in \u00bbKo dobite navodila za zavijanje, poi\u0161\u010dite naslednjo mo\u017eno prilo\u017enost za zavijanje\u00ab. Nato, kot ponavadi: \u00bbZavijte desno, zavijte levo, zapeljite do ozna\u010denega mesta in parkirajte.\u00ab<\/p>\n<p>Najkraj\u0161i \u010das vo\u017enje na kandidata je 25 minut. Med potovanjem si izpra\u0161evalec dela zapiske v posebno poro\u010dilo o preizkusu. Drugi kandidat ves \u010das sedi na zadnjem sede\u017eu. Nato oba kandidata zamenjata mesti, prvi pa se lahko spomni le svojih uspe\u0161nih ali manj uspe\u0161nih manevrov.<\/p>\n<p>4. Razprava o do\u017eivetih situacijah. Na koncu vo\u017enje se lahko kandidat z izpra\u0161evalcem pogovori o svojih napakah in pojasni svoje vedenje. Revizor lahko po lastni presoji te napake ne ugotovi, \u010de meni, da je utemeljitev ustrezna. V revizijskem poro\u010dilu so kot teme za tak\u0161ne razprave izbrane naslednje situacije<\/p>\n<p>Razprava:<\/p>\n<p>\u2013 Izbira hitrosti;<\/p>\n<p>\u2013 Izbira voznega pasu;<\/p>\n<p>\u2013 Izbira razmika med vozili in pre\u010dnega odmika;<\/p>\n<p>\u2013 Vo\u017enja po avtocestah in hitrih cestah;<\/p>\n<p>\u2013 Prehitevanje;<\/p>\n<p>\u2013 Prepoznavanje nevarnih situacij;<\/p>\n<p>\u2013 Obrambne taktike, ekolo\u0161ka vo\u017enja;<\/p>\n<p>\u2013 Zaznavanje, analiza in napovedovanje cestnih in prometnih razmer.<\/p>\n<p>Prakti\u010dni izpit (vsi \u0161tirje deli) traja najmanj 40 minut.<\/p>\n<p>\u010ce opravite izpit, vam bo izdano za\u010dasno vozni\u0161ko dovoljenje (veljavno samo v Avstriji). Celotno avstrijsko vozni\u0161ko dovoljenje bo dostavljeno po po\u0161ti v nekaj tednih ali prej.<\/p>\n<p>Vendar pa je veljavnost vozni\u0161kega dovoljenja v Avstriji omejena na 15 let. Menijo, da je ta \u010das dovolj za posodobitev fotografije in izbolj\u0161anje za\u0161\u010dite dokumenta pred ponarejanjem.<\/p>\n<p>KAJ NAPREJ?<\/p>\n<p>Le prva stopnja vozni\u0161kega usposabljanja se v Avstriji kon\u010da s pridobitvijo vozni\u0161kega dovoljenja. Po 2\u20134 mesecih je potreben te\u010daj varne vo\u017enje (prvi te\u010daj) v avto\u0161oli, po 6\u201312 mesecih pa \u0161e en te\u010daj (drugi te\u010daj). Vsak te\u010daj varne vo\u017enje stane pribli\u017eno 110 evrov z avtomobilom avto\u0161ole ali 90 evrov samostojno.<\/p>\n<p>Med temi te\u010daji, 3\u20139 mesecev po pridobitvi vozni\u0161kega dovoljenja, je obvezen te\u010daj ekstremne vo\u017enje, ki mu sledi predavanje o psihologiji. Na posebej opremljeni dirkali\u0161\u010du udele\u017eenci vadijo zaviranje v sili z ABS-om, manevre v sili in stabilizacijo vozila v primeru zdrsa ter prehitevanje ovir v sili. Na lokacijo te\u010daja se boste pripeljali z lastnim avtomobilom ali z avtomobilom, ki si ga boste izposodili v avto\u0161oli.<\/p>\n<p>Te\u010daj ekstremne vo\u017enje (uradno trajanje: 8,5 ur) vklju\u010duje:<\/p>\n<p>\u2013 50 minut teorije;<\/p>\n<p>\u2013 5 ur prakti\u010dnega usposabljanja z odmorom za kosilo;<\/p>\n<p>\u2013 Ura in pol predavanja o cestnem prometu s psihologom.<\/p>\n<p>Ta te\u010daj stane 150 evrov.<\/p>\n<p>Druga (in zadnja) stopnja vozni\u0161kega usposabljanja v Avstriji torej obsega tri te\u010daje.<\/p>\n<p>\u010ce ne opravite druge faze, boste prejeli dva opozorila, nato pa vam bo avstrijsko vozni\u0161ko dovoljenje odvzeto.<\/p>\n<p>\u010ce \u017ee imate avstrijsko vozni\u0161ko dovoljenje, razmislite o pridobitvi mednarodnega. To vam daje pravico do potovanja zunaj EU. Registracija takega vozni\u0161kega dovoljenja poteka prek na\u0161e spletne strani. Vabimo vas, da hitro in enostavno brez formalnosti zaprosite za mednarodno vozni\u0161ko dovoljenje!<\/p>\n<\/div>\n<\/div>","protected":false},"excerpt":{"rendered":"<p>\u010ce \u017ee imate vozni\u0161ko dovoljenje, vendar ga niste pridobili v dr\u017eavi Evropske unije, ga lahko uporabljate na avstrijskih cestah. Ampak \u0161ele v \u0161estih mesecih.<\/p>","protected":false},"featured_media":22713,"template":"","meta":[],"product_brand":[],"product_cat":[927],"product_tag":[],"class_list":{"0":"post-22657","1":"product","2":"type-product","3":"status-publish","4":"has-post-thumbnail","6":"product_cat-fuehrerschein","8":"first","9":"instock","10":"taxable","11":"shipping-taxable","12":"purchasable","13":"product-type-simple"},"_links":{"self":[{"href":"https:\/\/primeprintingweb.com\/sl\/wp-json\/wp\/v2\/product\/22657","targetHints":{"allow":["GET"]}}],"collection":[{"href":"https:\/\/primeprintingweb.com\/sl\/wp-json\/wp\/v2\/product"}],"about":[{"href":"https:\/\/primeprintingweb.com\/sl\/wp-json\/wp\/v2\/types\/product"}],"version-history":[{"count":3,"href":"https:\/\/primeprintingweb.com\/sl\/wp-json\/wp\/v2\/product\/22657\/revisions"}],"predecessor-version":[{"id":22819,"href":"https:\/\/primeprintingweb.com\/sl\/wp-json\/wp\/v2\/product\/22657\/revisions\/22819"}],"wp:featuredmedia":[{"embeddable":true,"href":"https:\/\/primeprintingweb.com\/sl\/wp-json\/wp\/v2\/media\/22713"}],"wp:attachment":[{"href":"https:\/\/primeprintingweb.com\/sl\/wp-json\/wp\/v2\/media?parent=22657"}],"wp:term":[{"taxonomy":"product_brand","embeddable":true,"href":"https:\/\/primeprintingweb.com\/sl\/wp-json\/wp\/v2\/product_brand?post=22657"},{"taxonomy":"product_cat","embeddable":true,"href":"https:\/\/primeprintingweb.com\/sl\/wp-json\/wp\/v2\/product_cat?post=22657"},{"taxonomy":"product_tag","embeddable":true,"href":"https:\/\/primeprintingweb.com\/sl\/wp-json\/wp\/v2\/product_tag?post=22657"}],"curies":[{"name":"wp","href":"https:\/\/api.w.org\/{rel}","templated":true}]}}