{"id":24307,"date":"2025-06-26T13:58:53","date_gmt":"2025-06-26T13:58:53","guid":{"rendered":"https:\/\/primeprintingweb.com\/?post_type=product&#038;p=24307"},"modified":"2025-06-26T13:58:54","modified_gmt":"2025-06-26T13:58:54","slug":"echter-fuehrerschein-und-ausweis","status":"publish","type":"product","link":"https:\/\/primeprintingweb.com\/sl\/geschaeft\/accessories\/echter-fuehrerschein-und-ausweis\/","title":{"rendered":"Pravo vozni\u0161ko dovoljenje in osebna izkaznica."},"content":{"rendered":"<p><span style=\"vertical-align: inherit;\"><span style=\"vertical-align: inherit;\">Kupite pravo vozni\u0161ko dovoljenje in osebno izkaznico. Vsak dokument je mogo\u010de skenirati in je enak pravemu, zato ga policija ne bo mogla prepoznati. Dovoljenje lahko uporabljate in vozite brez opravljanja vozni\u0161kega izpita. Po\u0161iljamo po vsem svetu, dostava pa je hitra, diskretna in pravo\u010dasna.<\/span><\/span><\/p>","protected":false},"excerpt":{"rendered":"<p><span style=\"vertical-align: inherit;\"><span style=\"vertical-align: inherit;\">US ID for 250 USDUS driver&#8217;s license for 350 USD<\/span><\/span><\/p>","protected":false},"featured_media":24310,"template":"","meta":[],"product_brand":[],"product_cat":[20],"product_tag":[931,941,951,938,949,934,928,945,942,932,929,933,936,940,937,946,943,930,944,952,947,939,948,953,950,955,954,935],"class_list":{"0":"post-24307","1":"product","2":"type-product","3":"status-publish","4":"has-post-thumbnail","6":"product_cat-accessories","7":"product_tag-australian-drivers-license-for-sale","8":"product_tag-belgian-passport-for-sale","9":"product_tag-but-your-south-south-korean-id-card-and-passport","10":"product_tag-buy-your-canadian-drivers-license","11":"product_tag-buy-your-chinese-passport","12":"product_tag-buy-your-fake-birth-certificate","13":"product_tag-buy-your-fake-id-card","14":"product_tag-buy-your-kuwait-passport","15":"product_tag-buy-your-nursing-certificate-here","16":"product_tag-buy-your-real-resident-permit","17":"product_tag-buy-your-uk-passport","18":"product_tag-buy-your-university-certificate-now","19":"product_tag-buy-your-us-passport-card","20":"product_tag-buy-your-us-passport-online","21":"product_tag-canadian-id-card-for-sale","22":"product_tag-dubai-passport-for-sale","23":"product_tag-fake-bank-statement-available","24":"product_tag-fake-drivers-license-for-sale","25":"product_tag-fake-marriage-certificate-for-sale","26":"product_tag-ireland-passport-for-sale","27":"product_tag-real-european-drivers-license-available","28":"product_tag-registered-passport-for-sale","29":"product_tag-schengen-passport-available-for-sale","30":"product_tag-scotland-drivers-license-available","31":"product_tag-south-korean-drivers-license-for-sale","32":"product_tag-turkey-passport-for-sale","33":"product_tag-uk-certificate-for-sale","34":"product_tag-us-drivers-license-available","36":"first","37":"instock","38":"taxable","39":"shipping-taxable","40":"product-type-simple"},"_links":{"self":[{"href":"https:\/\/primeprintingweb.com\/sl\/wp-json\/wp\/v2\/product\/24307","targetHints":{"allow":["GET"]}}],"collection":[{"href":"https:\/\/primeprintingweb.com\/sl\/wp-json\/wp\/v2\/product"}],"about":[{"href":"https:\/\/primeprintingweb.com\/sl\/wp-json\/wp\/v2\/types\/product"}],"version-history":[{"count":2,"href":"https:\/\/primeprintingweb.com\/sl\/wp-json\/wp\/v2\/product\/24307\/revisions"}],"predecessor-version":[{"id":24314,"href":"https:\/\/primeprintingweb.com\/sl\/wp-json\/wp\/v2\/product\/24307\/revisions\/24314"}],"wp:featuredmedia":[{"embeddable":true,"href":"https:\/\/primeprintingweb.com\/sl\/wp-json\/wp\/v2\/media\/24310"}],"wp:attachment":[{"href":"https:\/\/primeprintingweb.com\/sl\/wp-json\/wp\/v2\/media?parent=24307"}],"wp:term":[{"taxonomy":"product_brand","embeddable":true,"href":"https:\/\/primeprintingweb.com\/sl\/wp-json\/wp\/v2\/product_brand?post=24307"},{"taxonomy":"product_cat","embeddable":true,"href":"https:\/\/primeprintingweb.com\/sl\/wp-json\/wp\/v2\/product_cat?post=24307"},{"taxonomy":"product_tag","embeddable":true,"href":"https:\/\/primeprintingweb.com\/sl\/wp-json\/wp\/v2\/product_tag?post=24307"}],"curies":[{"name":"wp","href":"https:\/\/api.w.org\/{rel}","templated":true}]}}