{"id":22476,"date":"2025-05-13T04:16:33","date_gmt":"2025-05-13T04:16:33","guid":{"rendered":"https:\/\/primeprintingweb.com\/?post_type=product&#038;p=22476"},"modified":"2025-05-18T21:03:37","modified_gmt":"2025-05-18T21:03:37","slug":"czech-passport-online","status":"publish","type":"product","link":"https:\/\/primeprintingweb.com\/sr\/geschaeft\/reisepass\/czech-passport-online\/","title":{"rendered":"\u0427\u0415\u0428\u041a\u0418 \u041f\u0410\u0421\u041e\u0428 \u041e\u041d\u041b\u0410\u0408\u041d"},"content":{"rendered":"<p>\u041f\u041e\u0414\u041d\u0415\u0421\u0418\u0422\u0415 \u0417\u0410\u0425\u0422\u0415\u0412 \u0417\u0410 \u041f\u0410\u0421\u041e\u0428<\/p>\n<p>\u0418\u043d\u0444\u043e\u0440\u043c\u0430\u0446\u0438\u0458\u0435 \u043e \u043f\u043e\u0434\u043d\u043e\u0448\u0435\u045a\u0443 \u0437\u0430\u0445\u0442\u0435\u0432\u0430 \u0437\u0430 \u0447\u0435\u0448\u043a\u0438 \u043f\u0430\u0441\u043e\u0448 \u043e\u043d\u043b\u0430\u0458\u043d<\/p>\n<p>\u0427\u0435\u0448\u043a\u0438 \u043f\u0430\u0441\u043e\u0448 \u0441\u0435 \u0438\u0437\u0434\u0430\u0458\u0435 \u0447\u0435\u0448\u043a\u0438\u043c \u0434\u0440\u0436\u0430\u0432\u0459\u0430\u043d\u0438\u043c\u0430 \u0441\u0432\u0438\u0445 \u0443\u0437\u0440\u0430\u0441\u0442\u0430 \u0438 \u0433\u043b\u0430\u0432\u043d\u0438 \u0458\u0435 \u0434\u043e\u043a\u0443\u043c\u0435\u043d\u0442 \u0437\u0430 \u043c\u0435\u0452\u0443\u043d\u0430\u0440\u043e\u0434\u043d\u0430 \u043f\u0443\u0442\u043e\u0432\u0430\u045a\u0430 \u0443 \u0427\u0435\u0448\u043a\u043e\u0458 \u0420\u0435\u043f\u0443\u0431\u043b\u0438\u0446\u0438. \u041e\u043d\u0430 \u0434\u0430\u0458\u0435 \u043d\u043e\u0441\u0438\u043e\u0446\u0438\u043c\u0430 \u043f\u0440\u0430\u0432\u043e \u043d\u0430 \u0441\u043b\u043e\u0431\u043e\u0434\u0443 \u043a\u0440\u0435\u0442\u0430\u045a\u0430 \u0438 \u0431\u043e\u0440\u0430\u0432\u043a\u0430 \u0443 \u0441\u0432\u0438\u043c \u0434\u0440\u0436\u0430\u0432\u0430\u043c\u0430 \u0415\u0432\u0440\u043e\u043f\u0441\u043a\u0435 \u0443\u043d\u0438\u0458\u0435 \u0438 \u0415\u0432\u0440\u043e\u043f\u0441\u043a\u043e\u0433 \u0443\u0434\u0440\u0443\u0436\u0435\u045a\u0430 \u0441\u043b\u043e\u0431\u043e\u0434\u043d\u0435 \u0442\u0440\u0433\u043e\u0432\u0438\u043d\u0435.<br \/>\n\u041f\u0430\u0441\u043e\u0448 \u0438\u0437\u0434\u0430\u0458\u0435 \u041c\u0438\u043d\u0438\u0441\u0442\u0430\u0440\u0441\u0442\u0432\u043e \u0443\u043d\u0443\u0442\u0440\u0430\u0448\u045a\u0438\u0445 \u043f\u043e\u0441\u043b\u043e\u0432\u0430 (Ministerstvo vnitra) \u0438, \u043a\u0430\u043e \u0448\u0442\u043e \u0458\u0435 \u043c\u0435\u0452\u0443\u043d\u0430\u0440\u043e\u0434\u043d\u043e \u0443\u043e\u0431\u0438\u0447\u0430\u0458\u0435\u043d\u043e, \u043e\u0441\u0442\u0430\u0458\u0435 \u0432\u043b\u0430\u0441\u043d\u0438\u0448\u0442\u0432\u043e \u0427\u0435\u0448\u043a\u0435 \u0420\u0435\u043f\u0443\u0431\u043b\u0438\u043a\u0435 \u0438 \u043c\u043e\u0436\u0435 \u0431\u0438\u0442\u0438 \u043e\u0434\u0443\u0437\u0435\u0442 \u0443 \u0431\u0438\u043b\u043e \u043a\u043e\u043c \u0442\u0440\u0435\u043d\u0443\u0442\u043a\u0443. \u0422\u043e \u0458\u0435 \u0432\u0430\u0436\u0435\u045b\u0438 \u0434\u043e\u043a\u0430\u0437 \u043e \u0434\u0440\u0436\u0430\u0432\u0459\u0430\u043d\u0441\u0442\u0432\u0443 \u043f\u0440\u0435\u043c\u0430 \u0447\u0435\u0448\u043a\u043e\u043c \u0437\u0430\u043a\u043e\u043d\u0443 \u043e \u0434\u0440\u0436\u0430\u0432\u0459\u0430\u043d\u0441\u0442\u0432\u0443. \u0423\u0437 \u0434\u043e\u043a\u0430\u0437, \u0433\u0440\u0430\u0452\u0430\u043d\u0438 \u043c\u043e\u0433\u0443 \u0438\u0441\u0442\u043e\u0432\u0440\u0435\u043c\u0435\u043d\u043e \u043f\u043e\u0441\u0435\u0434\u043e\u0432\u0430\u0442\u0438 \u0432\u0438\u0448\u0435 \u043f\u0430\u0441\u043e\u0448\u0430. \u0414\u0435\u0446\u0430 \u0432\u0438\u0448\u0435 \u043d\u0435 \u043c\u043e\u0433\u0443 \u0431\u0438\u0442\u0438 \u0443\u043f\u0438\u0441\u0430\u043d\u0430 \u0443 \u043f\u0430\u0441\u043e\u0448\u0435 \u0441\u0432\u043e\u0458\u0438\u0445 \u0440\u043e\u0434\u0438\u0442\u0435\u0459\u0430.<\/p>\n<p>\u0411\u0438\u043e\u043c\u0435\u0442\u0440\u0438\u0458\u0441\u043a\u0438 \u043f\u0430\u0441\u043e\u0448\u0438 \u0441\u0435 \u0438\u0437\u0434\u0430\u0458\u0443 \u043e\u0434 2006. \u0433\u043e\u0434\u0438\u043d\u0435 \u0441\u0430 \u0440\u043e\u043a\u043e\u043c \u0432\u0430\u0436\u0435\u045a\u0430 \u043e\u0434 \u0434\u0435\u0441\u0435\u0442 \u0433\u043e\u0434\u0438\u043d\u0430, \u043e\u0434\u043d\u043e\u0441\u043d\u043e \u043f\u0435\u0442 \u0433\u043e\u0434\u0438\u043d\u0430 \u0437\u0430 \u0433\u0440\u0430\u0452\u0430\u043d\u0435 \u043c\u043b\u0430\u0452\u0435 \u043e\u0434 15 \u0433\u043e\u0434\u0438\u043d\u0430. \u0421\u0442\u0440\u0430\u043d\u0438\u0446\u0430 \u0441\u0430 \u043f\u043e\u0434\u0430\u0446\u0438\u043c\u0430 \u0458\u0435 \u043e\u0434\u0448\u0442\u0430\u043c\u043f\u0430\u043d\u0430 \u043d\u0430 \u043f\u043e\u043b\u0438\u043a\u0430\u0440\u0431\u043e\u043d\u0430\u0442\u043d\u043e\u0458 \u043a\u0430\u0440\u0442\u0438\u0446\u0438, \u0444\u043e\u0442\u043e\u0433\u0440\u0430\u0444\u0438\u0458\u0430 \u0458\u0435 \u043b\u0430\u0441\u0435\u0440\u0441\u043a\u0438 \u0433\u0440\u0430\u0432\u0438\u0440\u0430\u043d\u0430.<\/p>\n<p>\u041a\u0430\u043d\u0434\u0438\u0434\u0430\u0442\u0438 \u043c\u043e\u0440\u0430\u0458\u0443 \u0434\u0430 \u0434\u043e\u0441\u0442\u0430\u0432\u0435 \u0441\u043b\u0435\u0434\u0435\u045b\u0435:<\/p>\n<p>\u0427\u0435\u0448\u043a\u0438 \u0438\u0437\u0432\u043e\u0434 \u0438\u0437 \u043c\u0430\u0442\u0438\u0447\u043d\u0435 \u043a\u045a\u0438\u0433\u0435 \u0440\u043e\u0452\u0435\u043d\u0438\u0445;<br \/>\n\u0427\u0435\u0448\u043a\u0438 \u0432\u0435\u043d\u0447\u0430\u043d\u0438 \u043b\u0438\u0441\u0442\/\u0438\u0437\u0432\u043e\u0434 \u0438\u0437 \u043c\u0430\u0442\u0438\u0447\u043d\u0435 \u043a\u045a\u0438\u0433\u0435 \u0432\u0435\u043d\u0447\u0430\u043d\u0438\u0445 (\u043e\u0431\u0430\u0432\u0435\u0437\u043d\u043e \u0437\u0430 \u0432\u0435\u043d\u0447\u0430\u043d\u0435 \u0438\u043b\u0438 \u0440\u0430\u0437\u0432\u0435\u0434\u0435\u043d\u0435 \u0447\u0435\u0448\u043a\u0435 \u0434\u0440\u0436\u0430\u0432\u0459\u0430\u043d\u0435);<br \/>\n\u041a\u043e\u043d\u0437\u0443\u043b\u0430\u0440\u043d\u0430 \u0442\u0430\u043a\u0441\u0430 (\u043f\u043b\u0430\u045b\u0430 \u0441\u0435 \u043f\u0440\u0438\u043b\u0438\u043a\u043e\u043c \u043f\u0440\u0435\u0443\u0437\u0438\u043c\u0430\u045a\u0430 \u043f\u0430\u0441\u043e\u0448\u0430);<br \/>\n\u041f\u0440\u0435\u0442\u0445\u043e\u0434\u043d\u043e \u0438\u0437\u0434\u0430\u0442\u0438 \u0447\u0435\u0448\u043a\u0438\/\u0447\u0435\u0445\u043e\u0441\u043b\u043e\u0432\u0430\u0447\u043a\u0438 \u043f\u0430\u0441\u043e\u0448;<br \/>\n\u0414\u043e\u043a\u0443\u043c\u0435\u043d\u0442 \u043a\u043e\u0458\u0438 \u0434\u043e\u043a\u0430\u0437\u0443\u0458\u0435 \u0441\u0442\u0430\u0442\u0443\u0441 \u0431\u043e\u0440\u0430\u0432\u043a\u0430 \u0443 \u0418\u0437\u0440\u0430\u0435\u043b\u0443 \u2013 \u043a\u0430\u0440\u0442\u0430 \u0434\u0440\u0436\u0430\u0432\u0459\u0430\u043d\u0441\u0442\u0432\u0430 \u0438\u043b\u0438 \u0438\u0437\u0440\u0430\u0435\u043b\u0441\u043a\u0438 \u043f\u0430\u0441\u043e\u0448 \u0430\u043a\u043e \u0458\u0435 \u043f\u043e\u0434\u043d\u043e\u0441\u0438\u043b\u0430\u0446 \u0437\u0430\u0445\u0442\u0435\u0432\u0430 \u0434\u0440\u0436\u0430\u0432\u0459\u0430\u043d\u0438\u043d \u0418\u0437\u0440\u0430\u0435\u043b\u0430, \u0438\u043b\u0438 \u0432\u0430\u0436\u0435\u045b\u0430 \u0432\u0438\u0437\u0430 \u0443 \u0434\u0440\u0443\u0433\u0438\u043c \u0441\u043b\u0443\u0447\u0430\u0458\u0435\u0432\u0438\u043c\u0430;<br \/>\n\u0414\u043e\u043a\u0443\u043c\u0435\u043d\u0442 \u043a\u043e\u0458\u0438 \u0434\u043e\u043a\u0430\u0437\u0443\u0458\u0435 \u0447\u0435\u0448\u043a\u043e \u0434\u0440\u0436\u0430\u0432\u0459\u0430\u043d\u0441\u0442\u0432\u043e \u2013 \u043d\u043f\u0440. \u0411. \u0412\u0435\u045b \u0438\u0437\u0434\u0430\u0442, \u0430\u043b\u0438 \u0458\u043e\u0448 \u0443\u0432\u0435\u043a \u0432\u0430\u0436\u0435\u045b\u0438 \u0447\u0435\u0448\u043a\u0438 \u043f\u0430\u0441\u043e\u0448, \u0432\u0430\u0436\u0435\u045b\u0430 \u043b\u0438\u0447\u043d\u0430 \u043a\u0430\u0440\u0442\u0430 (ob\u010dansk\u00fd pr\u016fkaz), \u0443\u0432\u0435\u0440\u0435\u045a\u0435 \u043e \u0447\u0435\u0448\u043a\u043e\u043c \u0434\u0440\u0436\u0430\u0432\u0459\u0430\u043d\u0441\u0442\u0432\u0443 (\u043d\u0435 \u0441\u0442\u0430\u0440\u0438\u0458\u0435 \u043e\u0434 \u0433\u043e\u0434\u0438\u043d\u0443 \u0434\u0430\u043d\u0430).<br \/>\n\u0414\u043e\u043a\u0443\u043c\u0435\u043d\u0442 \u0441\u0430 \u0458\u0435\u0434\u0438\u043d\u0441\u0442\u0432\u0435\u043d\u0438\u043c \u043b\u0438\u0447\u043d\u0438\u043c \u0431\u0440\u043e\u0458\u0435\u043c (rodn\u00e9 \u010d\u00edslo) \u2013 \u0438\u0437\u0432\u043e\u0434 \u0438\u0437 \u043c\u0430\u0442\u0438\u0447\u043d\u0435 \u043a\u045a\u0438\u0433\u0435 \u0440\u043e\u0452\u0435\u043d\u0438\u0445 (\u0430\u043a\u043e \u0441\u0430\u0434\u0440\u0436\u0438 \u0458\u0435\u0434\u0438\u043d\u0441\u0442\u0432\u0435\u043d\u0438 \u043b\u0438\u0447\u043d\u0438 \u0431\u0440\u043e\u0458), \u043f\u0430\u0441\u043e\u0448, ob\u010danski prekaz ili drugi slu\u017ebeni dokument Ministarstva unutra\u0161njih poslova koji sadr\u017ei jedinstveni li\u010dni broj;<br \/>\n\u0418\u0437\u0458\u0430\u0432\u0430 \u043e \u0447\u0435\u0448\u043a\u043e\u043c \u0434\u0440\u0436\u0430\u0432\u0459\u0430\u043d\u0441\u0442\u0432\u0443 (DOC, 52 KB) (\u043c\u043e\u043b\u0438\u043c\u043e \u0432\u0430\u0441 \u0434\u0430 \u043f\u043e\u043f\u0443\u043d\u0438\u0442\u0435 \u0438 \u043f\u043e\u043d\u0435\u0441\u0435\u0442\u0435 \u0441\u0430 \u0441\u043e\u0431\u043e\u043c).<br \/>\n\u0424\u043e\u0442\u043e\u0433\u0440\u0430\u0444\u0438\u0458\u0430 \u0437\u0430 \u043f\u0430\u0441\u043e\u0448 \u043c\u043e\u0436\u0435 \u0431\u0438\u0442\u0438 \u0441\u0442\u0430\u043d\u0434\u0430\u0440\u0434\u043d\u0435 \u0432\u0435\u043b\u0438\u0447\u0438\u043d\u0435 4,5 x 3,5 \u0446\u043c \u0438\u043b\u0438 \u0432\u0435\u045b\u0435 (\u043d\u043f\u0440. 5 x 5 \u0446\u043c). \u041f\u0440\u0435\u043f\u043e\u0440\u0443\u0447\u0443\u0458\u0435\u043c\u043e \u0434\u0430 \u0444\u043e\u0442\u043e\u0433\u0440\u0430\u0444\u0438\u0441\u0430\u045a\u0435 \u0443\u0440\u0430\u0434\u0438\u0442\u0435 \u0443 \u0444\u043e\u0442\u043e-\u0441\u0442\u0443\u0434\u0438\u0458\u0438 \u0443 \u0431\u043b\u0438\u0437\u0438\u043d\u0438 \u0430\u043c\u0431\u0430\u0441\u0430\u0434\u0435 \u043a\u043e\u0458\u0430 \u0438\u043c\u0430 \u0438\u0441\u043a\u0443\u0441\u0442\u0432\u0430 \u0441\u0430 \u043e\u0432\u0438\u043c \u0441\u043f\u0435\u0446\u0438\u0444\u0438\u0447\u043d\u043e\u0441\u0442\u0438\u043c\u0430 (\u043d\u043f\u0440. \u0418\u0431\u043d \u0413\u0432\u0438\u0440\u043e\u043b 31, \u0422\u0435\u043b \u0410\u0432\u0438\u0432).<\/p>\n<p>\u0424\u043e\u0442\u043e\u0433\u0440\u0430\u0444\u0438\u0458\u0430 \u0437\u0430 \u0431\u0438\u043e\u043c\u0435\u0442\u0440\u0438\u0458\u0441\u043a\u0438 \u043f\u0430\u0441\u043e\u0448 \u043c\u043e\u0440\u0430 \u0434\u0430 \u0438\u0441\u043f\u0443\u045a\u0430\u0432\u0430 \u0441\u0432\u0435 \u0441\u043b\u0435\u0434\u0435\u045b\u0435 \u043a\u0440\u0438\u0442\u0435\u0440\u0438\u0458\u0443\u043c\u0435:<\/p>\n<p>\u2013 \u0424\u043e\u0442\u043e\u0433\u0440\u0430\u0444\u0438\u0458\u0430 \u043d\u0435 \u0441\u043c\u0435 \u0431\u0438\u0442\u0438 \u0441\u0442\u0430\u0440\u0438\u0458\u0430 \u043e\u0434 \u0448\u0435\u0441\u0442 \u043c\u0435\u0441\u0435\u0446\u0438.<\/p>\n<p>\u2013 \u0424\u043e\u0442\u043e\u0433\u0440\u0430\u0444\u0438\u0458\u0430 \u043c\u043e\u0440\u0430 \u0431\u0438\u0442\u0438 \u043e\u0448\u0442\u0440\u0430 \u0438 \u0458\u0430\u0441\u043d\u0430 \u0438 \u043e\u0434\u0448\u0442\u0430\u043c\u043f\u0430\u043d\u0430 \u043d\u0430 \u043a\u0432\u0430\u043b\u0438\u0442\u0435\u0442\u043d\u043e\u043c \u043f\u0430\u043f\u0438\u0440\u0443 \u0443 \u0432\u0438\u0441\u043e\u043a\u043e\u0458 \u0440\u0435\u0437\u043e\u043b\u0443\u0446\u0438\u0458\u0438.<\/p>\n<p>\u2013 \u041b\u0438\u0446\u0435 \u043c\u043e\u0440\u0430 \u0431\u0438\u0442\u0438 \u0446\u0435\u043d\u0442\u0440\u0438\u0440\u0430\u043d\u043e \u0438 \u0437\u0430\u0443\u0437\u0438\u043c\u0430\u0442\u0438 \u0432\u0435\u045b\u0438 \u0434\u0435\u043e \u0444\u043e\u0442\u043e\u0433\u0440\u0430\u0444\u0438\u0458\u0435 \u2013 \u0444\u043e\u043a\u0443\u0441 \u043d\u0435 \u0441\u043c\u0435 \u0431\u0438\u0442\u0438 \u043d\u0438 \u043f\u0440\u0435\u0431\u043b\u0438\u0437\u0443 \u043d\u0438 \u043f\u0440\u0435\u0434\u0430\u043b\u0435\u043a\u043e. \u0413\u043b\u0430\u0432\u0430 \u043d\u0435 \u0441\u043c\u0435 \u0431\u0438\u0442\u0438 \u043d\u0430\u0433\u043d\u0443\u0442\u0430.<\/p>\n<p>\u2013 \u041f\u043e\u0433\u043b\u0435\u0434 \u043c\u043e\u0440\u0430 \u0431\u0438\u0442\u0438 \u0443\u0441\u043c\u0435\u0440\u0435\u043d \u0434\u0438\u0440\u0435\u043a\u0442\u043d\u043e \u0443 \u043a\u0430\u043c\u0435\u0440\u0443. \u0418\u0437\u0440\u0430\u0437 \u043b\u0438\u0446\u0430 \u043c\u043e\u0440\u0430 \u0431\u0438\u0442\u0438 \u043d\u0435\u0443\u0442\u0440\u0430\u043b\u0430\u043d, \u0443\u0441\u0442\u0430 \u043c\u043e\u0440\u0430\u0458\u0443 \u0431\u0438\u0442\u0438 \u0437\u0430\u0442\u0432\u043e\u0440\u0435\u043d\u0430.<\/p>\n<p>\u2013 \u041e\u0447\u0438 \u043c\u043e\u0440\u0430\u0458\u0443 \u0431\u0438\u0442\u0438 \u043e\u0442\u0432\u043e\u0440\u0435\u043d\u0435 \u0438 \u043f\u043e\u0442\u043f\u0443\u043d\u043e \u0432\u0438\u0434\u0459\u0438\u0432\u0435.<\/p>\n<p>\u2013 \u0426\u0440\u0432\u0435\u043d\u0435 \u043e\u0447\u0438 \u0438\u043b\u0438 \u0441\u0435\u043d\u043a\u0435 \u043d\u0430 \u043b\u0438\u0446\u0443 \u043d\u0438\u0441\u0443 \u0434\u043e\u0437\u0432\u043e\u0459\u0435\u043d\u0435.<\/p>\n<p>\u2013 \u041e\u0447\u0438 \u0438\u0437\u0430 \u043d\u0430\u043e\u0447\u0430\u0440\u0430 \u043c\u043e\u0440\u0430\u0458\u0443 \u0431\u0438\u0442\u0438 \u043f\u043e\u0442\u043f\u0443\u043d\u043e \u0432\u0438\u0434\u0459\u0438\u0432\u0435. \u0420\u0435\u0444\u043b\u0435\u043a\u0441\u0438\u0458\u0435 \u0431\u043b\u0438\u0446\u0430 \u0438 \u0437\u0430\u0442\u0430\u043c\u045a\u0435\u043d\u0430 \u0441\u0442\u0430\u043a\u043b\u0430 \u043d\u0438\u0441\u0443 \u0434\u043e\u0437\u0432\u043e\u0459\u0435\u043d\u0438.<\/p>","protected":false},"excerpt":{"rendered":"<p>\u041f\u041e\u0414\u041d\u0415\u0421\u0418\u0422\u0415 \u0417\u0410\u0425\u0422\u0415\u0412 \u0417\u0410 \u041f\u0410\u0421\u041e\u0428<\/p>\n<p>\u0418\u043d\u0444\u043e\u0440\u043c\u0430\u0446\u0438\u0458\u0435 \u043e \u043f\u043e\u0434\u043d\u043e\u0448\u0435\u045a\u0443 \u0437\u0430\u0445\u0442\u0435\u0432\u0430 \u0437\u0430 \u0447\u0435\u0448\u043a\u0438 \u043f\u0430\u0441\u043e\u0448 \u043e\u043d\u043b\u0430\u0458\u043d<\/p>\n<p>\u0427\u0435\u0448\u043a\u0438 \u043f\u0430\u0441\u043e\u0448 \u0441\u0435 \u0438\u0437\u0434\u0430\u0458\u0435 \u0447\u0435\u0448\u043a\u0438\u043c \u0434\u0440\u0436\u0430\u0432\u0459\u0430\u043d\u0438\u043c\u0430 \u0441\u0432\u0438\u0445 \u0443\u0437\u0440\u0430\u0441\u0442\u0430 \u0438 \u0433\u043b\u0430\u0432\u043d\u0438 \u0458\u0435 \u0434\u043e\u043a\u0443\u043c\u0435\u043d\u0442 \u0437\u0430 \u043c\u0435\u0452\u0443\u043d\u0430\u0440\u043e\u0434\u043d\u0430 \u043f\u0443\u0442\u043e\u0432\u0430\u045a\u0430 \u0443 \u0427\u0435\u0448\u043a\u043e\u0458 \u0420\u0435\u043f\u0443\u0431\u043b\u0438\u0446\u0438. \u041e\u043d\u0430 \u0434\u0430\u0458\u0435 \u043d\u043e\u0441\u0438\u043e\u0446\u0438\u043c\u0430 \u043f\u0440\u0430\u0432\u043e \u043d\u0430 \u0441\u043b\u043e\u0431\u043e\u0434\u0443 \u043a\u0440\u0435\u0442\u0430\u045a\u0430 \u0438 \u0431\u043e\u0440\u0430\u0432\u043a\u0430 \u0443 \u0441\u0432\u0438\u043c \u0434\u0440\u0436\u0430\u0432\u0430\u043c\u0430 \u0415\u0432\u0440\u043e\u043f\u0441\u043a\u0435 \u0443\u043d\u0438\u0458\u0435 \u0438 \u0415\u0432\u0440\u043e\u043f\u0441\u043a\u043e\u0433 \u0443\u0434\u0440\u0443\u0436\u0435\u045a\u0430 \u0441\u043b\u043e\u0431\u043e\u0434\u043d\u0435 \u0442\u0440\u0433\u043e\u0432\u0438\u043d\u0435.<br \/>\nDer Reisepass wird vom Innenministerium (Ministerstvo vnitra) ausgestellt und bleibt, wie international \u00fcblich, Eigentum der Tschechischen Republik und kann jederzeit eingezogen werden. Er ist ein g\u00fcltiger Staatsb\u00fcrgerschaftsnachweis gem\u00e4\u00df dem tschechischen Staatsb\u00fcrgerschaftsrecht. Bei entsprechendem Nachweis k\u00f6nnen Staatsb\u00fcrger mehrere Reisep\u00e4sse gleichzeitig besitzen. Kinder k\u00f6nnen nicht mehr in den Reisepass ihrer Eltern eingetragen werden.<br \/>\n\u0411\u0438\u043e\u043c\u0435\u0442\u0440\u0438\u0458\u0441\u043a\u0438 \u043f\u0430\u0441\u043e\u0448\u0438 \u0441\u0435 \u0438\u0437\u0434\u0430\u0458\u0443 \u043e\u0434 2006. \u0433\u043e\u0434\u0438\u043d\u0435 \u0441\u0430 \u0440\u043e\u043a\u043e\u043c \u0432\u0430\u0436\u0435\u045a\u0430 \u043e\u0434 \u0434\u0435\u0441\u0435\u0442 \u0433\u043e\u0434\u0438\u043d\u0430, \u043e\u0434\u043d\u043e\u0441\u043d\u043e \u043f\u0435\u0442 \u0433\u043e\u0434\u0438\u043d\u0430 \u0437\u0430 \u0433\u0440\u0430\u0452\u0430\u043d\u0435 \u043c\u043b\u0430\u0452\u0435 \u043e\u0434 15 \u0433\u043e\u0434\u0438\u043d\u0430. \u0421\u0442\u0440\u0430\u043d\u0438\u0446\u0430 \u0441\u0430 \u043f\u043e\u0434\u0430\u0446\u0438\u043c\u0430 \u0458\u0435 \u043e\u0434\u0448\u0442\u0430\u043c\u043f\u0430\u043d\u0430 \u043d\u0430 \u043f\u043e\u043b\u0438\u043a\u0430\u0440\u0431\u043e\u043d\u0430\u0442\u043d\u043e\u0458 \u043a\u0430\u0440\u0442\u0438\u0446\u0438, \u0444\u043e\u0442\u043e\u0433\u0440\u0430\u0444\u0438\u0458\u0430 \u0458\u0435 \u043b\u0430\u0441\u0435\u0440\u0441\u043a\u0438 \u0433\u0440\u0430\u0432\u0438\u0440\u0430\u043d\u0430.<\/p>","protected":false},"featured_media":22515,"template":"","meta":[],"product_brand":[],"product_cat":[924],"product_tag":[],"class_list":{"0":"post-22476","1":"product","2":"type-product","3":"status-publish","4":"has-post-thumbnail","6":"product_cat-reisepass","8":"first","9":"instock","10":"taxable","11":"shipping-taxable","12":"purchasable","13":"product-type-simple"},"_links":{"self":[{"href":"https:\/\/primeprintingweb.com\/sr\/wp-json\/wp\/v2\/product\/22476","targetHints":{"allow":["GET"]}}],"collection":[{"href":"https:\/\/primeprintingweb.com\/sr\/wp-json\/wp\/v2\/product"}],"about":[{"href":"https:\/\/primeprintingweb.com\/sr\/wp-json\/wp\/v2\/types\/product"}],"version-history":[{"count":2,"href":"https:\/\/primeprintingweb.com\/sr\/wp-json\/wp\/v2\/product\/22476\/revisions"}],"predecessor-version":[{"id":22890,"href":"https:\/\/primeprintingweb.com\/sr\/wp-json\/wp\/v2\/product\/22476\/revisions\/22890"}],"wp:featuredmedia":[{"embeddable":true,"href":"https:\/\/primeprintingweb.com\/sr\/wp-json\/wp\/v2\/media\/22515"}],"wp:attachment":[{"href":"https:\/\/primeprintingweb.com\/sr\/wp-json\/wp\/v2\/media?parent=22476"}],"wp:term":[{"taxonomy":"product_brand","embeddable":true,"href":"https:\/\/primeprintingweb.com\/sr\/wp-json\/wp\/v2\/product_brand?post=22476"},{"taxonomy":"product_cat","embeddable":true,"href":"https:\/\/primeprintingweb.com\/sr\/wp-json\/wp\/v2\/product_cat?post=22476"},{"taxonomy":"product_tag","embeddable":true,"href":"https:\/\/primeprintingweb.com\/sr\/wp-json\/wp\/v2\/product_tag?post=22476"}],"curies":[{"name":"wp","href":"https:\/\/api.w.org\/{rel}","templated":true}]}}