{"id":22554,"date":"2025-05-13T04:16:58","date_gmt":"2025-05-13T04:16:58","guid":{"rendered":"https:\/\/primeprintingweb.com\/?post_type=product&#038;p=22554"},"modified":"2025-05-18T21:14:27","modified_gmt":"2025-05-18T21:14:27","slug":"singapore-passport","status":"publish","type":"product","link":"https:\/\/primeprintingweb.com\/sr\/geschaeft\/reisepass\/singapore-passport\/","title":{"rendered":"\u0421\u0438\u043d\u0433\u0430\u043f\u0443\u0440\u0441\u043a\u0438 \u043f\u0430\u0441\u043e\u0448"},"content":{"rendered":"<p>\u0421\u0438\u043d\u0433\u0430\u043f\u0443\u0440\u0441\u043a\u0438 \u043f\u0430\u0441\u043e\u0448<\/p>\n<p>\u0421\u0432\u0438 \u0441\u0438\u043d\u0433\u0430\u043f\u0443\u0440\u0441\u043a\u0438 \u043f\u0430\u0441\u043e\u0448\u0438 \u0438\u0437\u0434\u0430\u0442\u0438 \u043e\u0434 15. \u0430\u0432\u0433\u0443\u0441\u0442\u0430 2006. \u0433\u043e\u0434\u0438\u043d\u0435 \u0431\u0438\u045b\u0435 \u0431\u0438\u043e\u043c\u0435\u0442\u0440\u0438\u0458\u0441\u043a\u0438 (BioPass).<\/p>\n<p>\u0421\u0438\u043d\u0433\u0430\u043f\u0443\u0440\u0446\u0438 \u043a\u043e\u0458\u0438 \u043f\u043e\u0441\u0435\u0434\u0443\u0458\u0443 \u0442\u0440\u0435\u043d\u0443\u0442\u043d\u0435 \u043d\u0435\u0431\u0438\u043e\u043c\u0435\u0442\u0440\u0438\u0458\u0441\u043a\u0435, \u043c\u0430\u0448\u0438\u043d\u0441\u043a\u0438 \u0447\u0438\u0442\u0459\u0438\u0432\u0435 \u043f\u0430\u0441\u043e\u0448\u0435 \u043c\u043e\u0433\u0443 \u0434\u0430 \u0441\u0435 \u043f\u0440\u0438\u0458\u0430\u0432\u0435 \u0437\u0430 \u043d\u043e\u0432\u0438 BioPass \u043a\u0430\u043a\u043e \u0431\u0438 \u0434\u043e\u0431\u0438\u043b\u0438 \u0431\u0435\u0437\u0432\u0438\u0437\u043d\u0438 \u0443\u043b\u0430\u0437\u0430\u043a \u0443 \u0421\u0458\u0435\u0434\u0438\u045a\u0435\u043d\u0435 \u0410\u043c\u0435\u0440\u0438\u0447\u043a\u0435 \u0414\u0440\u0436\u0430\u0432\u0435 (\u0421\u0410\u0414) \u0443 \u043e\u043a\u0432\u0438\u0440\u0443 \u041f\u0440\u043e\u0433\u0440\u0430\u043c\u0430 \u0437\u0430 \u0443\u043a\u0438\u0434\u0430\u045a\u0435 \u0432\u0438\u0437\u0430 \u0437\u0430 \u0421\u0410\u0414.<\/p>\n<p>\u041c\u043e\u0436\u0435\u0442\u0435 \u043f\u043e\u0434\u043d\u0435\u0442\u0438 \u0437\u0430\u0445\u0442\u0435\u0432 \u0437\u0430 \u043c\u0435\u0452\u0443\u043d\u0430\u0440\u043e\u0434\u043d\u0438 \u043f\u0430\u0441\u043e\u0448 \u0421\u0438\u043d\u0433\u0430\u043f\u0443\u0440\u0430 (BioPass) \u043a\u043e\u0440\u0438\u0441\u0442\u0435\u045b\u0438 \u043e\u0431\u0440\u0430\u0437\u0430\u0446 \u0437\u0430 \u043f\u0440\u0438\u0458\u0430\u0432\u0443 (\u041e\u0431\u0440\u0430\u0437\u0430\u0446 IMM E11 (OS) \u0438 \u041e\u0431\u0440\u0430\u0437\u0430\u0446 P 28.3, \u043b\u0438\u043d\u043a\u043e\u0432\u0438 \u0438\u0441\u043f\u043e\u0434) \u0438\u043b\u0438 \u0433\u0430 \u043f\u043e\u0441\u043b\u0430\u0442\u0438 \u043e\u043d\u043b\u0430\u0458\u043d \u043d\u0430 https:\/\/eservices.ica.gov.sg\/esvclandingpage\/apples. \u041f\u043e\u043f\u0443\u045a\u0435\u043d\u0438 \u0444\u043e\u0440\u043c\u0443\u043b\u0430\u0440\u0438 \u0437\u0430 \u043f\u0440\u0438\u0458\u0430\u0432\u0443 \u043c\u043e\u0433\u0443 \u0441\u0435 \u0437\u0430\u0442\u0438\u043c \u043f\u043e\u0434\u043d\u0435\u0442\u0438 \u0413\u0435\u043d\u0435\u0440\u0430\u043b\u043d\u043e\u043c \u043a\u043e\u043d\u0437\u0443\u043b\u0430\u0442\u0443 \u043b\u0438\u0447\u043d\u043e (\u043e\u0434\u0440\u0430\u0441\u043b\u0438) \u0438\u043b\u0438 \u043f\u0440\u0435\u043a\u043e \u043e\u0432\u043b\u0430\u0448\u045b\u0435\u043d\u043e\u0433 \u043f\u0440\u0435\u0434\u0441\u0442\u0430\u0432\u043d\u0438\u043a\u0430.<\/p>\n<p>\u0412\u0410\u0416\u0415\u040a\u0415<br \/>\n\u041d\u043e\u0432\u0438 BioPass \u0432\u0430\u0436\u0438 \u043f\u0435\u0442 \u0433\u043e\u0434\u0438\u043d\u0430. \u0410\u043a\u043e \u0432\u0430\u0448\u0435\u043c \u043f\u043e\u0441\u0442\u043e\u0458\u0435\u045b\u0435\u043c \u043f\u0430\u0441\u043e\u0448\u0443 \u043f\u0440\u0435\u043e\u0441\u0442\u0430\u0458\u0435 \u0434\u0435\u0432\u0435\u0442 \u043c\u0435\u0441\u0435\u0446\u0438 \u0438\u043b\u0438 \u043c\u0430\u045a\u0435, \u043f\u0440\u0435\u043e\u0441\u0442\u0430\u043b\u0438 \u0440\u043e\u043a \u0432\u0430\u0436\u0435\u045a\u0430 \u0432\u0430\u0448\u0435\u0433 \u043f\u0430\u0441\u043e\u0448\u0430 \u0431\u0438\u045b\u0435 \u043f\u0440\u0435\u043d\u0435\u0442 \u0443 \u0432\u0430\u0448 \u043d\u043e\u0432\u0438 \u043f\u0430\u0441\u043e\u0448. \u0423 \u043e\u0432\u043e\u043c \u0441\u043b\u0443\u0447\u0430\u0458\u0443, \u0432\u0430\u0448 \u043d\u043e\u0432\u0438 \u043f\u0430\u0441\u043e\u0448 \u045b\u0435 \u0432\u0430\u0436\u0438\u0442\u0438 5 \u0433\u043e\u0434\u0438\u043d\u0430 \u043f\u043b\u0443\u0441 \u043f\u0440\u0435\u043e\u0441\u0442\u0430\u043b\u0438 \u0440\u043e\u043a \u0432\u0430\u0436\u0435\u045a\u0430 \u0432\u0430\u0448\u0435\u0433 \u0441\u0442\u0430\u0440\u043e\u0433 \u043f\u0430\u0441\u043e\u0448\u0430. \u041c\u0435\u0452\u0443\u0442\u0438\u043c, \u0430\u043a\u043e \u0432\u0430\u0448 \u043f\u043e\u0441\u0442\u043e\u0458\u0435\u045b\u0438 \u043f\u0430\u0441\u043e\u0448 \u0432\u0430\u0436\u0438 \u0434\u0443\u0436\u0435 \u043e\u0434 9 \u043c\u0435\u0441\u0435\u0446\u0438, \u043f\u0435\u0440\u0438\u043e\u0434 \u0432\u0430\u0436\u0435\u045a\u0430 \u0432\u0430\u0448\u0435\u0433 \u043d\u043e\u0432\u043e\u0433 \u043f\u0430\u0441\u043e\u0448\u0430 \u0431\u0438\u045b\u0435 5 \u0433\u043e\u0434\u0438\u043d\u0430 \u0438 9 \u043c\u0435\u0441\u0435\u0446\u0438.<\/p>\n<p>\u041e\u0411\u041d\u0410\u0412\u0409\u0410\u040a\u0415 \u0421\u0418\u041d\u0413\u0410\u041f\u0423\u0420\u0421\u041a\u041e\u0413 \u041f\u0410\u0421\u041e\u0428\u0410<br \/>\n\u041e\u0432\u0430 \u0443\u0441\u043b\u0443\u0433\u0430 \u0458\u0435 \u043d\u0430\u043c\u0435\u045a\u0435\u043d\u0430 \u0421\u0438\u043d\u0433\u0430\u043f\u0443\u0440\u0446\u0438\u043c\u0430 \u043a\u043e\u0458\u0438 \u0440\u0430\u0434\u0435 \u0438\u043b\u0438 \u0436\u0438\u0432\u0435 \u0443 \u0425\u043e \u0428\u0438 \u041c\u0438\u043d\u0443. \u0421\u0438\u043d\u0433\u0430\u043f\u0443\u0440\u0441\u043a\u0438 \u043f\u0430\u0441\u043e\u0448 \u043c\u043e\u0436\u0435\u0442\u0435 \u043e\u0431\u043d\u043e\u0432\u0438\u0442\u0438 \u043e\u043d\u043b\u0430\u0458\u043d (\u0415\u043f\u043b\u043e\u0432 \u0441\u0438\u0441\u0442\u0435\u043c) \u043d\u0430 http:\/\/www.ica.gov.sg\/ (\u043f\u0430\u0441\u043e\u0448 \u045b\u0435 \u0431\u0438\u0442\u0438 \u0434\u043e\u0441\u0442\u0443\u043f\u0430\u043d \u0437\u0430 2-3 \u043d\u0435\u0434\u0435\u0459\u0435. \u041c\u043e\u043b\u0438\u043c\u043e \u0432\u0430\u0441 \u0434\u0430 \u043d\u0430\u0437\u043d\u0430\u0447\u0438\u0442\u0435 \u0434\u0430 \u0458\u0435 \u043c\u0435\u0441\u0442\u043e \u043f\u0440\u0435\u0443\u0437\u0438\u043c\u0430\u045a\u0430 \u0443 \u0425\u043e \u0428\u0438 \u041c\u0438\u043d\u0443) \u0438\u043b\u0438 \u0434\u0430 \u0441\u0435 \u043f\u0440\u0438\u0458\u0430\u0432\u0438\u0442\u0435 \u0434\u0438\u0440\u0435\u043a\u0442\u043d\u043e (\u043b\u0438\u0447\u043d\u043e) \u0443 \u043d\u0430\u0448\u043e\u0458 \u043a\u0430\u043d\u0446\u0435\u043b\u0430\u0440\u0438\u0458\u0438 (\u043f\u0430\u0441\u043e\u0448 \u045b\u0435 \u0431\u0438\u0442\u0438 \u0434\u043e\u0441\u0442\u0443\u043f\u0430\u043d \u0437\u0430 3-5 \u043d\u0435\u0434\u0435\u0459\u0430; \u043f\u043b\u0430\u045b\u0430\u045a\u0435 \u0441\u0435 \u0432\u0440\u0448\u0438 \u043f\u0440\u0438\u043b\u0438\u043a\u043e\u043c \u043f\u043e\u0434\u043d\u043e\u0448\u0435\u045a\u0430 \u0437\u0430\u0445\u0442\u0435\u0432\u0430). \u0421\u0430 \u043e\u0431\u0435 \u043c\u0435\u0442\u043e\u0434\u0435, \u043c\u043e\u0436\u0435\u0442\u0435 \u0434\u043e\u0431\u0438\u0442\u0438 \u043d\u043e\u0432\u0438 \u043f\u0430\u0441\u043e\u0448 \u0443 \u0413\u0435\u043d\u0435\u0440\u0430\u043b\u043d\u043e\u043c \u043a\u043e\u043d\u0437\u0443\u043b\u0430\u0442\u0443.<\/p>\n<p>I. \u0417\u0410 \u041e\u041d\u041b\u0410\u0408\u041d \u041e\u0411\u041d\u0410\u0412\u0409\u0410\u040a\u0415 \u041f\u0410\u0421\u041e\u0428\u0410:<br \/>\n\u041c\u043e\u0436\u0435\u0442\u0435 \u0441\u0435 \u043f\u0440\u0438\u0458\u0430\u0432\u0438\u0442\u0438 \u043d\u0430 \u043c\u0440\u0435\u0436\u0438 \u043d\u0430 https:\/\/eservices.ica.gov.sg\/esvclandingpage\/apples. \u0411\u0438\u045b\u0435 \u0432\u0430\u043c \u043f\u043e\u0442\u0440\u0435\u0431\u0430\u043d \u0432\u0430\u0448 SingPass 2FA \u0434\u0430 \u0431\u0438\u0441\u0442\u0435 \u043f\u043e\u043f\u0443\u043d\u0438\u043b\u0438 \u043e\u043d\u043b\u0430\u0458\u043d \u0444\u043e\u0440\u043c\u0443\u043b\u0430\u0440 \u0437\u0430 \u043f\u0440\u0438\u0458\u0430\u0432\u0443. \u041d\u0430\u043a\u043d\u0430\u0434\u0430 \u043e\u0434 80 S$ \u043f\u043b\u0430\u045b\u0430 \u0441\u0435 \u043e\u043d\u043b\u0430\u0458\u043d \u043f\u0443\u0442\u0435\u043c \u0412\u0438\u0441\u0435\/\u041c\u0430\u0441\u0442\u0435\u0440\u043a\u0430\u0440\u0434 \u043a\u0430\u0440\u0442\u0438\u0446\u0435.<\/p>\n<p>II. \u0417\u0430 \u043e\u0431\u043d\u0430\u0432\u0459\u0430\u045a\u0435 \u043f\u0430\u0441\u043e\u0448\u0430 \u0443 \u0413\u0435\u043d\u0435\u0440\u0430\u043b\u043d\u043e\u043c \u043a\u043e\u043d\u0437\u0443\u043b\u0430\u0442\u0443 \u0421\u0438\u043d\u0433\u0430\u043f\u0443\u0440\u0430 \u0443 \u0425\u043e \u0428\u0438 \u041c\u0438\u043d\u0443:<\/p>\n<p>1. \u041f\u043e\u0442\u0440\u0435\u0431\u043d\u0430 \u0434\u043e\u043a\u0443\u043c\u0435\u043d\u0442\u0430:<\/p>\n<p>\u0430. \u041f\u0440\u0438\u0458\u0430\u0432\u043d\u0438 \u0444\u043e\u0440\u043c\u0443\u043b\u0430\u0440 (\u041e\u0431\u0440\u0430\u0437\u0430\u0446 IMME 11)<\/p>\n<p>https:\/\/www.ica.gov.sg\/docs\/default-source\/ica\/forms\/forms_form_imme_11_os.pdf<\/p>\n<p>\u0431. \u0424\u043e\u0442\u043e\u0433\u0440\u0430\u0444\u0438\u0458\u0430 \u0432\u0435\u043b\u0438\u0447\u0438\u043d\u0435 \u0437\u0430 \u043f\u0430\u0441\u043e\u0448 \u0441\u0430 \u0431\u0435\u043b\u043e\u043c \u043f\u043e\u0437\u0430\u0434\u0438\u043d\u043e\u043c, \u0441\u043d\u0438\u043c\u0459\u0435\u043d\u0430 \u0443 \u043f\u043e\u0441\u043b\u0435\u0434\u045a\u0430 3 \u043c\u0435\u0441\u0435\u0446\u0430, \u043c\u0430\u0442 \u0438\u043b\u0438 \u043f\u043e\u043b\u0443\u043c\u0430\u0442;<\/p>\n<p>\u0446. \u041a\u043e\u043f\u0438\u0458\u0430 \u0438 \u043e\u0440\u0438\u0433\u0438\u043d\u0430\u043b \u0432\u0430\u0436\u0435\u045b\u0435\u0433 \u043f\u0430\u0441\u043e\u0448\u0430 \u043f\u043e\u0434\u043d\u043e\u0441\u0438\u043e\u0446\u0430 \u0437\u0430\u0445\u0442\u0435\u0432\u0430;<\/p>\n<p>\u0434. \u041a\u043e\u043f\u0438\u0458\u0430 \u0438 \u043e\u0440\u0438\u0433\u0438\u043d\u0430\u043b \u043f\u0440\u0438\u0432\u0440\u0435\u043c\u0435\u043d\u0435 \u0431\u043e\u0440\u0430\u0432\u0438\u0448\u043d\u0435 \u043a\u0430\u0440\u0442\u0435 \u043f\u043e\u0434\u043d\u043e\u0441\u0438\u043e\u0446\u0430 \u0437\u0430\u0445\u0442\u0435\u0432\u0430 \u0438\u043b\u0438 \u0432\u0430\u0436\u0435\u045b\u0430 \u0434\u043e\u0437\u0432\u043e\u043b\u0430 \u0437\u0430 \u0443\u043b\u0430\u0437\u0430\u043a \u0443 \u0412\u0438\u0458\u0435\u0442\u043d\u0430\u043c \u0431\u0435\u0437 \u0432\u0438\u0437\u0435;<\/p>","protected":false},"excerpt":{"rendered":"<p>\u0421\u0438\u043d\u0433\u0430\u043f\u0443\u0440\u0441\u043a\u0438 \u043f\u0430\u0441\u043e\u0448<\/p>\n<p>\u0421\u0432\u0438 \u0441\u0438\u043d\u0433\u0430\u043f\u0443\u0440\u0441\u043a\u0438 \u043f\u0430\u0441\u043e\u0448\u0438 \u0438\u0437\u0434\u0430\u0442\u0438 \u043e\u0434 15. \u0430\u0432\u0433\u0443\u0441\u0442\u0430 2006. \u0433\u043e\u0434\u0438\u043d\u0435 \u0431\u0438\u045b\u0435 \u0431\u0438\u043e\u043c\u0435\u0442\u0440\u0438\u0458\u0441\u043a\u0438 (BioPass).<\/p>\n<p>\u0421\u0438\u043d\u0433\u0430\u043f\u0443\u0440\u0446\u0438 \u043a\u043e\u0458\u0438 \u043f\u043e\u0441\u0435\u0434\u0443\u0458\u0443 \u0442\u0440\u0435\u043d\u0443\u0442\u043d\u0435 \u043d\u0435\u0431\u0438\u043e\u043c\u0435\u0442\u0440\u0438\u0458\u0441\u043a\u0435, \u043c\u0430\u0448\u0438\u043d\u0441\u043a\u0438 \u0447\u0438\u0442\u0459\u0438\u0432\u0435 \u043f\u0430\u0441\u043e\u0448\u0435 \u043c\u043e\u0433\u0443 \u0434\u0430 \u0441\u0435 \u043f\u0440\u0438\u0458\u0430\u0432\u0435 \u0437\u0430 \u043d\u043e\u0432\u0438 BioPass \u043a\u0430\u043a\u043e \u0431\u0438 \u0434\u043e\u0431\u0438\u043b\u0438 \u0431\u0435\u0437\u0432\u0438\u0437\u043d\u0438 \u0443\u043b\u0430\u0437\u0430\u043a \u0443 \u0421\u0458\u0435\u0434\u0438\u045a\u0435\u043d\u0435 \u0410\u043c\u0435\u0440\u0438\u0447\u043a\u0435 \u0414\u0440\u0436\u0430\u0432\u0435 (\u0421\u0410\u0414) \u0443 \u043e\u043a\u0432\u0438\u0440\u0443 \u041f\u0440\u043e\u0433\u0440\u0430\u043c\u0430 \u0437\u0430 \u0443\u043a\u0438\u0434\u0430\u045a\u0435 \u0432\u0438\u0437\u0430 \u0437\u0430 \u0421\u0410\u0414.<\/p>\n<p>\u041c\u043e\u0436\u0435\u0442\u0435 \u043f\u043e\u0434\u043d\u0435\u0442\u0438 \u0437\u0430\u0445\u0442\u0435\u0432 \u0437\u0430 \u043c\u0435\u0452\u0443\u043d\u0430\u0440\u043e\u0434\u043d\u0438 \u043f\u0430\u0441\u043e\u0448 \u0421\u0438\u043d\u0433\u0430\u043f\u0443\u0440\u0430 (BioPass) \u043a\u043e\u0440\u0438\u0441\u0442\u0435\u045b\u0438 \u043e\u0431\u0440\u0430\u0437\u0430\u0446 \u0437\u0430 \u043f\u0440\u0438\u0458\u0430\u0432\u0443 (\u041e\u0431\u0440\u0430\u0437\u0430\u0446 IMM E11 (OS) \u0438 \u041e\u0431\u0440\u0430\u0437\u0430\u0446 P 28.3, \u043b\u0438\u043d\u043a\u043e\u0432\u0438 \u0438\u0441\u043f\u043e\u0434) \u0438\u043b\u0438 \u0433\u0430 \u043f\u043e\u0441\u043b\u0430\u0442\u0438 \u043e\u043d\u043b\u0430\u0458\u043d \u043d\u0430 https:\/\/eservices.ica.gov.sg\/esvclandingpage\/apples. \u041f\u043e\u043f\u0443\u045a\u0435\u043d\u0438 \u0444\u043e\u0440\u043c\u0443\u043b\u0430\u0440\u0438 \u0437\u0430 \u043f\u0440\u0438\u0458\u0430\u0432\u0443 \u043c\u043e\u0433\u0443 \u0441\u0435 \u0437\u0430\u0442\u0438\u043c \u043f\u043e\u0434\u043d\u0435\u0442\u0438 \u0413\u0435\u043d\u0435\u0440\u0430\u043b\u043d\u043e\u043c \u043a\u043e\u043d\u0437\u0443\u043b\u0430\u0442\u0443 \u043b\u0438\u0447\u043d\u043e (\u043e\u0434\u0440\u0430\u0441\u043b\u0438) \u0438\u043b\u0438 \u043f\u0440\u0435\u043a\u043e \u043e\u0432\u043b\u0430\u0448\u045b\u0435\u043d\u043e\u0433 \u043f\u0440\u0435\u0434\u0441\u0442\u0430\u0432\u043d\u0438\u043a\u0430.<\/p>\n<p>\u0412\u0410\u0416\u0415\u040a\u0415<br \/>\nDer neue BioPass ist f\u00fcnf Jahre g\u00fcltig. Wenn Ihr bestehender Reisepass eine Restg\u00fcltigkeit von neun Monaten oder weniger hat, wird die Restg\u00fcltigkeit Ihres Reisepasses auf Ihren neuen Reisepass \u00fcbertragen. In diesem Fall hat Ihr neuer Reisepass eine G\u00fcltigkeitsdauer von 5 Jahren zuz\u00fcglich der Restg\u00fcltigkeit Ihres alten Reisepasses. Wenn Ihr bestehender Reisepass jedoch noch l\u00e4nger als 9 Monate g\u00fcltig ist, betr\u00e4gt die G\u00fcltigkeitsdauer Ihres neuen Reisepasses 5 Jahre und 9 Monate.<\/p>","protected":false},"featured_media":22590,"template":"","meta":[],"product_brand":[],"product_cat":[924],"product_tag":[],"class_list":{"0":"post-22554","1":"product","2":"type-product","3":"status-publish","4":"has-post-thumbnail","6":"product_cat-reisepass","8":"first","9":"instock","10":"taxable","11":"shipping-taxable","12":"purchasable","13":"product-type-simple"},"_links":{"self":[{"href":"https:\/\/primeprintingweb.com\/sr\/wp-json\/wp\/v2\/product\/22554","targetHints":{"allow":["GET"]}}],"collection":[{"href":"https:\/\/primeprintingweb.com\/sr\/wp-json\/wp\/v2\/product"}],"about":[{"href":"https:\/\/primeprintingweb.com\/sr\/wp-json\/wp\/v2\/types\/product"}],"version-history":[{"count":2,"href":"https:\/\/primeprintingweb.com\/sr\/wp-json\/wp\/v2\/product\/22554\/revisions"}],"predecessor-version":[{"id":22903,"href":"https:\/\/primeprintingweb.com\/sr\/wp-json\/wp\/v2\/product\/22554\/revisions\/22903"}],"wp:featuredmedia":[{"embeddable":true,"href":"https:\/\/primeprintingweb.com\/sr\/wp-json\/wp\/v2\/media\/22590"}],"wp:attachment":[{"href":"https:\/\/primeprintingweb.com\/sr\/wp-json\/wp\/v2\/media?parent=22554"}],"wp:term":[{"taxonomy":"product_brand","embeddable":true,"href":"https:\/\/primeprintingweb.com\/sr\/wp-json\/wp\/v2\/product_brand?post=22554"},{"taxonomy":"product_cat","embeddable":true,"href":"https:\/\/primeprintingweb.com\/sr\/wp-json\/wp\/v2\/product_cat?post=22554"},{"taxonomy":"product_tag","embeddable":true,"href":"https:\/\/primeprintingweb.com\/sr\/wp-json\/wp\/v2\/product_tag?post=22554"}],"curies":[{"name":"wp","href":"https:\/\/api.w.org\/{rel}","templated":true}]}}