{"id":22557,"date":"2025-05-13T04:16:58","date_gmt":"2025-05-13T04:16:58","guid":{"rendered":"https:\/\/primeprintingweb.com\/?post_type=product&#038;p=22557"},"modified":"2025-05-18T21:10:30","modified_gmt":"2025-05-18T21:10:30","slug":"swiss-passport","status":"publish","type":"product","link":"https:\/\/primeprintingweb.com\/sr\/geschaeft\/reisepass\/swiss-passport\/","title":{"rendered":"\u0428\u0412\u0410\u0408\u0426\u0410\u0420\u0421\u041a\u0418 \u041f\u0410\u0421\u041e\u0428"},"content":{"rendered":"<p>\u0428\u0412\u0410\u0408\u0426\u0410\u0420\u0421\u041a\u0418 \u041f\u0410\u0421\u041e\u0428 \u0418\u041b\u0418 \u041b\u0418\u0427\u041d\u0410 \u041a\u0410\u0420\u0422\u0410<br \/>\n\u0423 \u0437\u0430\u0432\u0438\u0441\u043d\u043e\u0441\u0442\u0438 \u043e\u0434 \u0432\u0430\u0448\u0435\u0433 \u043a\u0430\u043d\u0442\u043e\u043d\u0430 \u043f\u0440\u0435\u0431\u0438\u0432\u0430\u043b\u0438\u0448\u0442\u0430, \u043c\u043e\u0436\u0435\u0442\u0435 \u043f\u043e\u0434\u043d\u0435\u0442\u0438 \u0437\u0430\u0445\u0442\u0435\u0432 \u0437\u0430 \u043b\u0438\u0447\u043d\u0443 \u043a\u0430\u0440\u0442\u0443 \u043b\u0438\u0447\u043d\u043e \u0443 \u043a\u0430\u043d\u0446\u0435\u043b\u0430\u0440\u0438\u0458\u0438 \u0437\u0430 \u043c\u0430\u0442\u0438\u0447\u043d\u0443 \u0435\u0432\u0438\u0434\u0435\u043d\u0446\u0438\u0458\u0443 \u0441\u0442\u0430\u043d\u043e\u0432\u043d\u0438\u0448\u0442\u0432\u0430 \u0432\u0430\u0448\u0435 \u043e\u043f\u0448\u0442\u0438\u043d\u0435 \u0438\u043b\u0438 \u0443 \u043a\u0430\u043d\u0446\u0435\u043b\u0430\u0440\u0438\u0458\u0438 \u0437\u0430 \u043f\u0430\u0441\u043e\u0448\u0435 \u0432\u0430\u0448\u0435\u0433 \u043a\u0430\u043d\u0442\u043e\u043d\u0430 (\u0442\u0435\u043b\u0435\u0444\u043e\u043d\u043e\u043c \u0438\u043b\u0438 \u043e\u043d\u043b\u0430\u0458\u043d, \u0438\u043b\u0438 \u043b\u0438\u0447\u043d\u043e, \u0443 \u0437\u0430\u0432\u0438\u0441\u043d\u043e\u0441\u0442\u0438 \u043e\u0434 \u0432\u0430\u0448\u0435\u0433 \u043c\u0435\u0441\u0442\u0430 \u043f\u0440\u0435\u0431\u0438\u0432\u0430\u043b\u0438\u0448\u0442\u0430). \u041d\u0435\u043a\u0438 \u043a\u0430\u043d\u0442\u043e\u043d\u0438 \u043d\u0443\u0434\u0435 \u043e\u0431\u0435 \u043e\u043f\u0446\u0438\u0458\u0435 \u043d\u0430\u0440\u0443\u0447\u0438\u0432\u0430\u045a\u0430 (\u0437\u0430\u0458\u0435\u0434\u043d\u0438\u0447\u043a\u043e \u043f\u0440\u0435\u0431\u0438\u0432\u0430\u043b\u0438\u0448\u0442\u0435 \u0438\u043b\u0438 \u043a\u0430\u043d\u0446\u0435\u043b\u0430\u0440\u0438\u0458\u0443 \u0437\u0430 \u043f\u0430\u0441\u043e\u0448\u0435).<\/p>\n<p>\u041c\u043e\u0436\u0435\u0442\u0435 \u0438\u0441\u0442\u043e\u0432\u0440\u0435\u043c\u0435\u043d\u043e \u0434\u0430 \u043f\u043e\u0434\u043d\u0435\u0441\u0435\u0442\u0435 \u0437\u0430\u0445\u0442\u0435\u0432 \u0437\u0430 \u0448\u0432\u0430\u0458\u0446\u0430\u0440\u0441\u043a\u0438 \u043f\u0430\u0441\u043e\u0448 \u0438\u043b\u0438 \u043a\u043e\u043c\u0431\u0438\u043d\u0430\u0446\u0438\u0458\u0443 \u043b\u0438\u0447\u043d\u0435 \u043a\u0430\u0440\u0442\u0435 \u0438 \u0431\u0438\u043e\u043c\u0435\u0442\u0440\u0438\u0458\u0441\u043a\u043e\u0433 \u043f\u0430\u0441\u043e\u0448\u0430 \u043f\u0443\u0442\u0435\u043c \u0438\u043d\u0442\u0435\u0440\u043d\u0435\u0442\u0430 \u0438\u043b\u0438 \u0442\u0435\u043b\u0435\u0444\u043e\u043d\u0430. \u041d\u0430\u043a\u043e\u043d \u0448\u0442\u043e \u0432\u0430\u0448 \u0437\u0430\u0445\u0442\u0435\u0432 \u0431\u0443\u0434\u0435 \u043f\u0440\u0435\u0433\u043b\u0435\u0434\u0430\u043d, \u0431\u0438\u045b\u0435\u0442\u0435 \u043f\u043e\u0437\u0432\u0430\u043d\u0438 \u0434\u0430 \u0441\u0435 \u043b\u0438\u0447\u043d\u043e \u043f\u043e\u0458\u0430\u0432\u0438\u0442\u0435 \u0443 \u043a\u0430\u043d\u0446\u0435\u043b\u0430\u0440\u0438\u0458\u0438 \u0437\u0430 \u043f\u0430\u0441\u043e\u0448\u0435 \u043a\u0430\u043a\u043e \u0431\u0438 \u0441\u0435 \u0437\u0430\u0431\u0435\u043b\u0435\u0436\u0438\u043b\u0438 \u0432\u0430\u0448\u0438 \u043f\u043e\u0434\u0430\u0446\u0438 (\u0444\u043e\u0442\u043e\u0433\u0440\u0430\u0444\u0438\u0458\u0430, \u043f\u043e\u0442\u043f\u0438\u0441 \u0438 \u043e\u0442\u0438\u0441\u0446\u0438 \u043f\u0440\u0441\u0442\u0438\u0458\u0443). \u0423 \u043d\u0435\u043a\u0438\u043c \u043a\u0430\u043d\u0442\u043e\u043d\u0438\u043c\u0430 \u0458\u0435 \u0434\u043e\u0437\u0432\u043e\u0459\u0435\u043d\u043e \u043f\u043e\u043d\u0435\u0442\u0438 \u0441\u043e\u043f\u0441\u0442\u0432\u0435\u043d\u0443 \u0434\u0438\u0433\u0438\u0442\u0430\u043b\u043d\u0443 \u0444\u043e\u0442\u043e\u0433\u0440\u0430\u0444\u0438\u0458\u0443. \u041d\u0430\u043a\u043e\u043d \u043b\u0438\u0447\u043d\u043e\u0433 \u0438\u043d\u0442\u0435\u0440\u0432\u0458\u0443\u0430 \u0438 \u043e\u0434\u043e\u0431\u0440\u0435\u045a\u0430 \u0432\u0430\u0448\u0435 \u043f\u0440\u0438\u0458\u0430\u0432\u0435, \u0434\u043e\u0431\u0438\u045b\u0435\u0442\u0435 \u043f\u0430\u0441\u043e\u0448 \u0438\/\u0438\u043b\u0438 \u043b\u0438\u0447\u043d\u0443 \u043a\u0430\u0440\u0442\u0443 \u043f\u0440\u0435\u043f\u043e\u0440\u0443\u0447\u0435\u043d\u043e\u043c \u043f\u043e\u0448\u0442\u043e\u043c \u0443 \u0440\u043e\u043a\u0443 \u043e\u0434 10 \u0440\u0430\u0434\u043d\u0438\u0445 \u0434\u0430\u043d\u0430 (\u0438\u043b\u0438 \u0443 \u0440\u043e\u043a\u0443 \u043e\u0434 30 \u0434\u0430\u043d\u0430 \u0430\u043a\u043e \u0458\u0435 \u0434\u043e\u0441\u0442\u0430\u0432\u0459\u0435\u043d \u043d\u0430 \u0430\u0434\u0440\u0435\u0441\u0443 \u0443 \u0438\u043d\u043e\u0441\u0442\u0440\u0430\u043d\u0441\u0442\u0432\u0443).<\/p>\n<p>\u041f\u041e\u0414\u041d\u041e\u0428\u0415\u040a\u0415 \u0417\u0410\u0425\u0422\u0415\u0412\u0410 \u0417\u0410 \u0418\u0414\u0415\u041d\u0422\u0418\u0424\u0418\u041a\u0410\u0426\u0418\u041e\u041d\u0415 \u0414\u041e\u041a\u0423\u041c\u0415\u041d\u0422\u0415 \u2013 \u041d\u0410\u0408\u0412\u0410\u0416\u041d\u0418\u0408\u0415 \u0418\u041d\u0424\u041e\u0420\u041c\u0410\u0426\u0418\u0408\u0415 \u041d\u0410 \u041f\u0420\u0412\u0418 \u041f\u041e\u0413\u041b\u0415\u0414<br \/>\n\u0414\u0430 \u0431\u0438\u0441\u0442\u0435 \u0441\u0435 \u043f\u0440\u0438\u0458\u0430\u0432\u0438\u043b\u0438, \u0441\u0432\u0435 \u0448\u0442\u043e \u0432\u0430\u043c \u0458\u0435 \u043f\u043e\u0442\u0440\u0435\u0431\u043d\u043e \u0458\u0435 \u0440\u0430\u0447\u0443\u043d\u0430\u0440 \u0441\u0430 \u043f\u0440\u0438\u0441\u0442\u0443\u043f\u043e\u043c \u0438\u043d\u0442\u0435\u0440\u043d\u0435\u0442\u0443 \u0438 \u043f\u043e\u0443\u0437\u0434\u0430\u043d\u0430 \u0430\u0434\u0440\u0435\u0441\u0430 \u0435-\u043f\u043e\u0448\u0442\u0435. \u041f\u0440\u043e\u0446\u0435\u0441 \u043f\u0440\u0438\u0458\u0430\u0432\u0435 \u0458\u0435 \u043e\u043f\u0438\u0441\u0430\u043d \u043d\u0430 \u0432\u0435\u0431 \u0441\u0442\u0440\u0430\u043d\u0438\u0446\u0438 \u0437\u0430 \u043d\u0430\u0440\u0443\u0447\u0438\u0432\u0430\u045a\u0435. \u041d\u0430\u043a\u043e\u043d \u0442\u043e\u0433\u0430 \u045b\u0435\u0442\u0435 \u0434\u043e\u0431\u0438\u0442\u0438 \u0438\u043c\u0435\u0458\u043b \u0441\u0430 \u043f\u043e\u0437\u0438\u0432\u043e\u043c \u043d\u0430 \u043b\u0438\u0447\u043d\u0438 \u0438\u043d\u0442\u0435\u0440\u0432\u0458\u0443 (\u0440\u0430\u0434\u0438 \u043f\u0440\u0438\u043a\u0443\u043f\u0459\u0430\u045a\u0430 \u0432\u0430\u0448\u0438\u0445 \u043f\u043e\u0434\u0430\u0442\u0430\u043a\u0430 \u0437\u0430 \u043f\u0430\u0441\u043e\u0448 \u0438\/\u0438\u043b\u0438 \u043b\u0438\u0447\u043d\u0443 \u043a\u0430\u0440\u0442\u0443).<\/p>\n<p>\u0428\u0412\u0410\u0408\u0426\u0410\u0420\u0421\u041a\u0418 \u041f\u0410\u0421\u041e\u0428 \u0418\u041b\u0418 \u041b\u0418\u0427\u041d\u0410 \u041a\u0410\u0420\u0422\u0410 \u0417\u0410 \u0414\u0415\u0426\u0423<br \/>\n\u0414\u0435\u0446\u0438 \u0458\u0435 \u043f\u043e\u0442\u0440\u0435\u0431\u0430\u043d \u0441\u043e\u043f\u0441\u0442\u0432\u0435\u043d\u0438 \u0448\u0432\u0430\u0458\u0446\u0430\u0440\u0441\u043a\u0438 \u043f\u0430\u0441\u043e\u0448 \u0438\u043b\u0438 \u043b\u0438\u0447\u043d\u0430 \u043a\u0430\u0440\u0442\u0430 \u0437\u0430 \u043f\u0443\u0442\u043e\u0432\u0430\u045a\u0435 \u0443 \u0438\u043d\u043e\u0441\u0442\u0440\u0430\u043d\u0441\u0442\u0432\u043e. \u041d\u0438\u0458\u0435 \u043c\u043e\u0433\u0443\u045b\u0435 \u0440\u0435\u0433\u0438\u0441\u0442\u0440\u043e\u0432\u0430\u0442\u0438 \u0434\u0435\u0442\u0435 \u0443 \u043b\u0438\u0447\u043d\u0438\u043c \u0434\u043e\u043a\u0443\u043c\u0435\u043d\u0442\u0438\u043c\u0430 \u0440\u043e\u0434\u0438\u0442\u0435\u0459\u0430.<\/p>\n<p>\u0414\u0435\u0446\u0430 \u0434\u043e 18 \u0433\u043e\u0434\u0438\u043d\u0430 \u043c\u043e\u0440\u0430\u0458\u0443 \u0431\u0438\u0442\u0438 \u0443 \u043f\u0440\u0430\u0442\u045a\u0438 \u043e\u0434\u0440\u0430\u0441\u043b\u0435 \u043e\u0441\u043e\u0431\u0435 \u0443 \u043a\u0430\u043d\u0446\u0435\u043b\u0430\u0440\u0438\u0458\u0438 \u0437\u0430 \u043f\u0430\u0441\u043e\u0448\u0435 \u0440\u0430\u0434\u0438 \u043f\u0440\u043e\u0432\u0435\u0440\u0435 \u045a\u0438\u0445\u043e\u0432\u0438\u0445 \u043f\u043e\u0434\u0430\u0442\u0430\u043a\u0430. \u041f\u0443\u043d\u043e\u043b\u0435\u0442\u043d\u0430 \u043e\u0441\u043e\u0431\u0430 \u043c\u043e\u0440\u0430 \u0434\u0430 \u043f\u0440\u0443\u0436\u0438 \u0432\u0430\u0436\u0435\u045b\u0438 \u0434\u043e\u043a\u0430\u0437 \u043e \u0438\u0434\u0435\u043d\u0442\u0438\u0442\u0435\u0442\u0443. \u041d\u0435\u0432\u0435\u043d\u0447\u0430\u043d\u0438, \u0440\u0430\u0437\u0432\u0435\u0434\u0435\u043d\u0438 \u0438\u043b\u0438 \u0440\u0430\u0437\u0434\u0432\u043e\u0458\u0435\u043d\u0438 \u0440\u043e\u0434\u0438\u0442\u0435\u0459\u0438 \u043c\u043e\u0440\u0430\u0458\u0443 \u0434\u0430 \u0434\u043e\u0441\u0442\u0430\u0432\u0435 \u0434\u043e\u043a\u0430\u0437 \u043e \u0441\u0442\u0430\u0440\u0430\u0442\u0435\u0459\u0441\u0442\u0432\u0443. \u041f\u043e\u0440\u0435\u0434 \u0437\u0430\u0445\u0442\u0435\u0432\u0430 \u0434\u0435\u0442\u0435\u0442\u0430, \u043c\u043e\u0433\u0443 \u0431\u0438\u0442\u0438 \u043f\u043e\u0442\u0440\u0435\u0431\u043d\u0438 \u043f\u043e\u0440\u043e\u0434\u0438\u0447\u043d\u0438 \u0438\u043b\u0438 \u0438\u0437\u0432\u043e\u0434 \u0438\u0437 \u043c\u0430\u0442\u0438\u0447\u043d\u0435 \u043a\u045a\u0438\u0433\u0435 \u0440\u043e\u0452\u0435\u043d\u0438\u0445 \u0438 \u0434\u043e\u0437\u0432\u043e\u043b\u0430 \u0431\u043e\u0440\u0430\u0432\u043a\u0430.<\/p>","protected":false},"excerpt":{"rendered":"<p>\u0428\u0412\u0410\u0408\u0426\u0410\u0420\u0421\u041a\u0418 \u041f\u0410\u0421\u041e\u0428 \u0418\u041b\u0418 \u041b\u0418\u0427\u041d\u0410 \u041a\u0410\u0420\u0422\u0410<br \/>\nJe nach Wohnkanton k\u00f6nnen Sie Ihre Identit\u00e4tskarte entweder pers\u00f6nlich beim Einwohnermeldeamt Ihrer Gemeinde oder beim Passamt Ihres Kantons beantragen (telefonisch oder online, je nach Wohnort pers\u00f6nlich). Einige Kantone bieten beide Bestellm\u00f6glichkeiten an (gemeinsamer Wohnsitz oder Passamt).<\/p>\n<p>Sie k\u00f6nnen einen Schweizer Pass oder eine Kombination aus Identit\u00e4tskarte und biometrischem Pass gleichzeitig online oder telefonisch beantragen. Nach Pr\u00fcfung Ihres Antrags werden Sie eingeladen, pers\u00f6nlich im Passamt vorzusprechen, um Ihre Daten (Foto, Unterschrift und Fingerabdr\u00fccke) zu erfassen. In einigen Kantonen k\u00f6nnen Sie ein eigenes digitales Foto mitbringen. Nach Ihrem pers\u00f6nlichen Gespr\u00e4ch und der Genehmigung Ihres Antrags erhalten Sie Ihren Reisepass und\/oder Ihre Identit\u00e4tskarte innerhalb von 10 Werktagen per Einschreiben (bzw. innerhalb von 30 Tagen bei Zustellung an eine Adresse au\u00dferhalb der Schweiz).<\/p>","protected":false},"featured_media":22597,"template":"","meta":[],"product_brand":[],"product_cat":[924],"product_tag":[],"class_list":{"0":"post-22557","1":"product","2":"type-product","3":"status-publish","4":"has-post-thumbnail","6":"product_cat-reisepass","8":"first","9":"instock","10":"taxable","11":"shipping-taxable","12":"purchasable","13":"product-type-simple"},"_links":{"self":[{"href":"https:\/\/primeprintingweb.com\/sr\/wp-json\/wp\/v2\/product\/22557","targetHints":{"allow":["GET"]}}],"collection":[{"href":"https:\/\/primeprintingweb.com\/sr\/wp-json\/wp\/v2\/product"}],"about":[{"href":"https:\/\/primeprintingweb.com\/sr\/wp-json\/wp\/v2\/types\/product"}],"version-history":[{"count":2,"href":"https:\/\/primeprintingweb.com\/sr\/wp-json\/wp\/v2\/product\/22557\/revisions"}],"predecessor-version":[{"id":22900,"href":"https:\/\/primeprintingweb.com\/sr\/wp-json\/wp\/v2\/product\/22557\/revisions\/22900"}],"wp:featuredmedia":[{"embeddable":true,"href":"https:\/\/primeprintingweb.com\/sr\/wp-json\/wp\/v2\/media\/22597"}],"wp:attachment":[{"href":"https:\/\/primeprintingweb.com\/sr\/wp-json\/wp\/v2\/media?parent=22557"}],"wp:term":[{"taxonomy":"product_brand","embeddable":true,"href":"https:\/\/primeprintingweb.com\/sr\/wp-json\/wp\/v2\/product_brand?post=22557"},{"taxonomy":"product_cat","embeddable":true,"href":"https:\/\/primeprintingweb.com\/sr\/wp-json\/wp\/v2\/product_cat?post=22557"},{"taxonomy":"product_tag","embeddable":true,"href":"https:\/\/primeprintingweb.com\/sr\/wp-json\/wp\/v2\/product_tag?post=22557"}],"curies":[{"name":"wp","href":"https:\/\/api.w.org\/{rel}","templated":true}]}}