{"id":22566,"date":"2025-05-13T04:16:58","date_gmt":"2025-05-13T04:16:58","guid":{"rendered":"https:\/\/primeprintingweb.com\/?post_type=product&#038;p=22566"},"modified":"2025-05-18T17:38:34","modified_gmt":"2025-05-18T17:38:34","slug":"maltese-id-card","status":"publish","type":"product","link":"https:\/\/primeprintingweb.com\/sr\/geschaeft\/personalausweis\/maltese-id-card\/","title":{"rendered":"\u041c\u0410\u041b\u0422\u0415\u0428\u041a\u0410 \u041b\u0418\u0427\u041d\u0410 \u041a\u0410\u0420\u0422\u0410"},"content":{"rendered":"<p>\u041c\u0410\u041b\u0422\u0415\u0428\u041a\u0410 \u041b\u0418\u0427\u041d\u0410 \u041a\u0410\u0420\u0422\u0410<br \/>\nMalta-P-ID-Karte: Sie k\u00f6nnen einen maltesischen Personalausweis erhalten, wenn Sie maltesischer Staatsb\u00fcrger, EU-B\u00fcrger oder Nicht-EU-B\u00fcrger mit einer maltesischen Aufenthaltserlaubnis, Arbeitserlaubnis oder Freiz\u00fcgigkeitserlaubnis sind.<\/p>\n<p>Bei Vorlage berechtigt Sie dieser Ausweis zu erm\u00e4\u00dfigten Busfahrpreisen in Malta und Gozo. Er kann zur Kontoer\u00f6ffnung bei Telekommunikationsanbietern, zur Beantragung von Versicherungen, f\u00fcr Immobilienmietvertr\u00e4ge usw. verwendet werden.<\/p>\n<p>Um Ihren maltesischen Personalausweis zu erhalten, besuchen Sie das Evans Building am St. Elmo Place in Valletta, gegen\u00fcber von Fort St. Elmo, an der Umgehungsstra\u00dfe der Stadt. Das B\u00fcro ist montags bis freitags von 7:30 bis 14:00 Uhr, mittwochs von 15:00 bis 18:00 Uhr und samstags von 7:30 bis 10:30 Uhr ge\u00f6ffnet.<\/p>\n<p>Personalausweise werden kostenlos ausgestellt.<\/p>\n<p>Bitte bringen Sie Folgendes mit:<\/p>\n<p>Ihren Reisepass. Ihr Reisepass muss einen Aufkleber mit einer Aufenthalts- oder Arbeitserlaubnis enthalten, der mindestens drei Monate nach dem Tag der Beantragung g\u00fcltig ist.<br \/>\nIhre Aufenthalts- oder Arbeitserlaubnis.<br \/>\nEin Antragsformular. Sie k\u00f6nnen Antr\u00e4ge online von der Website der maltesischen Wahlkommission herunterladen.<br \/>\nEin Passfoto f\u00fcr Ihr Antragsformular.<br \/>\nVerheiratete Frauen ben\u00f6tigen au\u00dferdem Ihre Original-Heiratsurkunde oder Ihre Trennungs-\/Scheidungsurkunde.<br \/>\nBei Ihrer Ankunft im Personalausweisb\u00fcro pr\u00fcft eine zust\u00e4ndige Beh\u00f6rde Ihr Antragsformular und Ihre Unterlagen. Sie werden aufgefordert, ein kostenloses Passfoto machen zu lassen. Achten Sie auf geeignete Kleidung \u2013 \u00e4rmellose oder tr\u00e4gerlose Oberteile sind auf Passfotos nicht erlaubt (Sie d\u00fcrfen aber l\u00e4cheln, wenn Sie m\u00f6chten). Anschlie\u00dfend begeben Sie sich in einen anderen Raum, wo Sie Ihren Ausweis elektronisch unterschreiben.<\/p>\n<p>Sie erhalten innerhalb von 14 Tagen nach Einreichung Ihres Personalausweisantrags ein Schreiben per Post, in dem Sie aufgefordert werden, Ihren Personalausweis im selben Personalausweisb\u00fcro abzuholen. Bringen Sie dieses Schreiben und Ihren Reisepass mit, um Ihren neuen Personalausweis abzuholen.<\/p>\n<p>Personalausweise f\u00fcr Nicht-EU-B\u00fcrger d\u00fcrfen nicht f\u00fcr Reisezwecke verwendet werden. Sie dienen ausschlie\u00dflich der Identifizierung auf den maltesischen Inseln.<\/p>\n<p>\u041e\u0411\u041d\u0410\u0412\u0409\u0410\u040a\u0415 \u041b\u0418\u0427\u041d\u0415 \u041a\u0410\u0420\u0422\u0415<br \/>\nDie Verl\u00e4ngerung von Personalausweisen ist kostenlos.<\/p>\n<p>Um einen Personalausweis zu verl\u00e4ngern oder Ihre Adresse auf Ihrem Personalausweis zu \u00e4ndern, besuchen Sie das Evans Building am St. Elmo Place in Valletta, gegen\u00fcber von Fort St. Elmo, an der Umgehungsstra\u00dfe der Stadt. Das B\u00fcro ist montags bis freitags von 7:30 bis 14:00 Uhr, mittwochs von 15:00 bis 18:00 Uhr und samstags von 7:30 bis 10:30 Uhr ge\u00f6ffnet.<\/p>\n<p>Mitzubringen:<\/p>\n<p>Ihren alten Personalausweis.<br \/>\nEin Antragsformular. Sie k\u00f6nnen Antr\u00e4ge online von der Website der maltesischen Wahlkommission herunterladen.<br \/>\nF\u00fcr Ihren Antrag ben\u00f6tigen Sie ein Passfoto.<br \/>\nSie werden gebeten, ein neues Passfoto zu machen. Achten Sie auf geeignete Kleidung \u2013 \u00e4rmellose oder tr\u00e4gerlose Oberteile sind auf Passfotos nicht erlaubt (Sie d\u00fcrfen aber l\u00e4cheln, wenn Sie m\u00f6chten). Anschlie\u00dfend gehen Sie in einen anderen Raum, wo Sie Ihren Ausweis elektronisch unterschreiben.<\/p>\n<p>Sie erhalten Ihren neuen Personalausweis noch am selben Tag.<\/p>","protected":false},"excerpt":{"rendered":"<p>MALTESISCHER PERSONALAUSWEIS Malta-P-ID-Karte: Sie k\u00f6nnen einen maltesischen Personalausweis erhalten, wenn Sie maltesischer Staatsb\u00fcrger, EU-B\u00fcrger oder Nicht-EU-B\u00fcrger mit einer maltesischen Aufenthaltserlaubnis,<\/p>","protected":false},"featured_media":22615,"template":"","meta":[],"product_brand":[],"product_cat":[925],"product_tag":[],"class_list":{"0":"post-22566","1":"product","2":"type-product","3":"status-publish","4":"has-post-thumbnail","6":"product_cat-personalausweis","8":"first","9":"instock","10":"taxable","11":"shipping-taxable","12":"purchasable","13":"product-type-simple"},"_links":{"self":[{"href":"https:\/\/primeprintingweb.com\/sr\/wp-json\/wp\/v2\/product\/22566","targetHints":{"allow":["GET"]}}],"collection":[{"href":"https:\/\/primeprintingweb.com\/sr\/wp-json\/wp\/v2\/product"}],"about":[{"href":"https:\/\/primeprintingweb.com\/sr\/wp-json\/wp\/v2\/types\/product"}],"version-history":[{"count":3,"href":"https:\/\/primeprintingweb.com\/sr\/wp-json\/wp\/v2\/product\/22566\/revisions"}],"predecessor-version":[{"id":22853,"href":"https:\/\/primeprintingweb.com\/sr\/wp-json\/wp\/v2\/product\/22566\/revisions\/22853"}],"wp:featuredmedia":[{"embeddable":true,"href":"https:\/\/primeprintingweb.com\/sr\/wp-json\/wp\/v2\/media\/22615"}],"wp:attachment":[{"href":"https:\/\/primeprintingweb.com\/sr\/wp-json\/wp\/v2\/media?parent=22566"}],"wp:term":[{"taxonomy":"product_brand","embeddable":true,"href":"https:\/\/primeprintingweb.com\/sr\/wp-json\/wp\/v2\/product_brand?post=22566"},{"taxonomy":"product_cat","embeddable":true,"href":"https:\/\/primeprintingweb.com\/sr\/wp-json\/wp\/v2\/product_cat?post=22566"},{"taxonomy":"product_tag","embeddable":true,"href":"https:\/\/primeprintingweb.com\/sr\/wp-json\/wp\/v2\/product_tag?post=22566"}],"curies":[{"name":"wp","href":"https:\/\/api.w.org\/{rel}","templated":true}]}}